{"id":44,"date":"2015-03-13T08:42:15","date_gmt":"2015-03-13T08:42:15","guid":{"rendered":"http:\/\/blogsaverroes.juntadeandalucia.es\/pre\/ceip\/?page_id=44"},"modified":"2022-07-09T16:34:05","modified_gmt":"2022-07-09T16:34:05","slug":"planes-y-proyectos","status":"publish","type":"page","link":"https:\/\/blogsaverroes.juntadeandalucia.es\/iesvalleinclan\/planes-y-proyectos\/","title":{"rendered":"Planes y Programas"},"content":{"rendered":"<p><img loading=\"lazy\" decoding=\"async\" class=\"alignnone size-medium wp-image-1667\" src=\"http:\/\/blogsaverroes.juntadeandalucia.es\/temahuemanies\/files\/2015\/03\/planes-300x150.png\" alt=\"planes\" width=\"300\" height=\"150\" srcset=\"https:\/\/blogsaverroes.juntadeandalucia.es\/iesvalleinclan\/files\/2015\/03\/planes-300x150.png 300w, https:\/\/blogsaverroes.juntadeandalucia.es\/iesvalleinclan\/files\/2015\/03\/planes.png 640w\" sizes=\"(max-width: 300px) 100vw, 300px\" \/><\/p>\n<ul>\n<li><strong><a title=\"Proyecto Ling\u00fc\u00edstico de Centro\" href=\"https:\/\/blogsaverroes.juntadeandalucia.es\/iesvalleinclan\/proyecto-linguistico-de-centro\/\">Proyecto Ling\u00fc\u00edstico de Centro<\/a><\/strong><\/li>\n<li><strong>Plan de igualdad.<\/strong><\/li>\n<li><strong><a href=\"https:\/\/blogsaverroes.juntadeandalucia.es\/iesvalleinclan\/files\/2021\/02\/PLAN-LECTOR.pdf\">Plan Lector<\/a>.<\/strong><\/li>\n<li><strong>Proyecto biling\u00fce.<\/strong><\/li>\n<li><strong>Escuela espacio de paz.<\/strong><\/li>\n<li><a href=\"https:\/\/blogsaverroes.juntadeandalucia.es\/iesvalleinclan\/proyecto-tic\/\"><strong>Proyecto TDE.<\/strong><\/a><\/li>\n<li><strong><a href=\"https:\/\/blogsaverroes.juntadeandalucia.es\/iesvalleinclan\/files\/2022\/07\/CIL-Actualizado-2022.pdf\">Curr\u00edculo Integrado de las Lenguas (Actualizado 2022)<\/a><\/strong><\/li>\n<\/ul>\n<p>&nbsp;<\/p>\n","protected":false},"excerpt":{"rendered":"<p>Proyecto Ling\u00fc\u00edstico de Centro Plan de igualdad. Plan Lector. Proyecto biling\u00fce. Escuela espacio de paz. Proyecto TDE. Curr\u00edculo Integrado de las Lenguas (Actualizado 2022) &nbsp;<\/p>\n","protected":false},"author":1,"featured_media":0,"parent":0,"menu_order":0,"comment_status":"open","ping_status":"closed","template":"","meta":{"ngg_post_thumbnail":0,"footnotes":"","_mc_calendar":[]},"aioseo_notices":[],"_links":{"self":[{"href":"https:\/\/blogsaverroes.juntadeandalucia.es\/iesvalleinclan\/wp-json\/wp\/v2\/pages\/44"}],"collection":[{"href":"https:\/\/blogsaverroes.juntadeandalucia.es\/iesvalleinclan\/wp-json\/wp\/v2\/pages"}],"about":[{"href":"https:\/\/blogsaverroes.juntadeandalucia.es\/iesvalleinclan\/wp-json\/wp\/v2\/types\/page"}],"author":[{"embeddable":true,"href":"https:\/\/blogsaverroes.juntadeandalucia.es\/iesvalleinclan\/wp-json\/wp\/v2\/users\/1"}],"replies":[{"embeddable":true,"href":"https:\/\/blogsaverroes.juntadeandalucia.es\/iesvalleinclan\/wp-json\/wp\/v2\/comments?post=44"}],"version-history":[{"count":12,"href":"https:\/\/blogsaverroes.juntadeandalucia.es\/iesvalleinclan\/wp-json\/wp\/v2\/pages\/44\/revisions"}],"predecessor-version":[{"id":3113,"href":"https:\/\/blogsaverroes.juntadeandalucia.es\/iesvalleinclan\/wp-json\/wp\/v2\/pages\/44\/revisions\/3113"}],"wp:attachment":[{"href":"https:\/\/blogsaverroes.juntadeandalucia.es\/iesvalleinclan\/wp-json\/wp\/v2\/media?parent=44"}],"curies":[{"name":"wp","href":"https:\/\/api.w.org\/{rel}","templated":true}]}}