{"id":49,"date":"2015-03-13T08:47:05","date_gmt":"2015-03-13T08:47:05","guid":{"rendered":"http:\/\/blogsaverroes.juntadeandalucia.es\/pre\/ceip\/?page_id=49"},"modified":"2025-03-24T09:38:48","modified_gmt":"2025-03-24T09:38:48","slug":"proyecto-educativo","status":"publish","type":"page","link":"https:\/\/blogsaverroes.juntadeandalucia.es\/iesvalleinclan\/proyecto-educativo\/","title":{"rendered":"Objetivos de nuestro proyecto"},"content":{"rendered":"<p>El proyecto educativo del IES Ram\u00f3n del Valle-Incl\u00e1n se sustenta en los siguientes objetivos:<\/p>\n<ol style=\"list-style-type: lower-alpha\">\n<li>Participaci\u00f3n en planes y proyectos educativos. Desde su inicio este centro se ha caracterizado por un car\u00e1cter emprendedor,&nbsp; participando en diversos planes y proyectos educativos convocados por la Consejer\u00eda de Educaci\u00f3n, destacando fundamentalmente el Proyecto de&nbsp; Centros TIC, Centros Biling\u00fces, Plan de Apertura, Plan de Fomento de la Lectura y Bibliotecas y Proyecto Ling\u00fc\u00edstico de Centro.<\/li>\n<li>Viajes e intercambios culturales. En este instituto se han cuidado de forma especial las relaciones con profesorado y alumnado&nbsp; de otros pa\u00edses. Hemos recibido visitas de centros italianos, rumanos, suecos e ingleses y hemos acogido a profesorado de Letonia, Bulgaria, Estados Unidos, Canad\u00e1, Suecia y Gran Breta\u00f1a especialmente a trav\u00e9s del programa Comenius. En los \u00faltimos a\u00f1os hemos realizado intercambios intercambios con centros de Suecia, Alemania, Francia y Gran Breta\u00f1a tanto en 3\u00ba de la ESO como en 1\u00ba de Bachillerato as\u00ed como viajes culturales a Londres 4\u00ba de ESO que resultan muy enriquecedores para nuestro&nbsp; alumnado.<\/li>\n<li>Atenci\u00f3n al alumnado en su diversidad.&nbsp; Nuestro centro pretende responder al reto de atender a un alumnado cada vez m\u00e1s diverso y heterog\u00e9neo tanto por sus distintos intereses y opciones acad\u00e9micas y\/o profesionales como por&nbsp; el retraso global o parcial de la escolaridad, las dificultades de aprendizaje significativas en varias materias o las condiciones personales de discapacidad. En este sentido contamos con profesorado de apoyo y Programa Diversificaci\u00f3n Curricular en 3\u00ba y 4\u00ba de la ESO.<\/li>\n<li>Colaboraci\u00f3n estrecha con la familia. Entendiendo que la base de la educaci\u00f3n de cada persona ha de tener lugar en la familia, creemos que la colaboraci\u00f3n de nuestro centro con los padres y las madres es fundamental para nuestro alumnado.<\/li>\n<li>La contribuci\u00f3n a la formaci\u00f3n integral de la persona.&nbsp; La formaci\u00f3n recibida en la familia se pretende completar ofreciendo contenidos transversales que faciliten una adecuada integraci\u00f3n de nuestro alumnado en la sociedad actual.<\/li>\n<\/ol>\n","protected":false},"excerpt":{"rendered":"<p>El proyecto educativo del IES Ram\u00f3n del Valle-Incl\u00e1n se sustenta en los siguientes objetivos: Participaci\u00f3n en planes y proyectos educativos. Desde su inicio este centro se ha caracterizado por un car\u00e1cter emprendedor,&nbsp; participando en&#46;&#46;&#46;<\/p>\n","protected":false},"author":1,"featured_media":0,"parent":0,"menu_order":0,"comment_status":"open","ping_status":"open","template":"page-templates\/child-menu.php","meta":{"ngg_post_thumbnail":0,"footnotes":"","_mc_calendar":[]},"aioseo_notices":[],"_links":{"self":[{"href":"https:\/\/blogsaverroes.juntadeandalucia.es\/iesvalleinclan\/wp-json\/wp\/v2\/pages\/49"}],"collection":[{"href":"https:\/\/blogsaverroes.juntadeandalucia.es\/iesvalleinclan\/wp-json\/wp\/v2\/pages"}],"about":[{"href":"https:\/\/blogsaverroes.juntadeandalucia.es\/iesvalleinclan\/wp-json\/wp\/v2\/types\/page"}],"author":[{"embeddable":true,"href":"https:\/\/blogsaverroes.juntadeandalucia.es\/iesvalleinclan\/wp-json\/wp\/v2\/users\/1"}],"replies":[{"embeddable":true,"href":"https:\/\/blogsaverroes.juntadeandalucia.es\/iesvalleinclan\/wp-json\/wp\/v2\/comments?post=49"}],"version-history":[{"count":11,"href":"https:\/\/blogsaverroes.juntadeandalucia.es\/iesvalleinclan\/wp-json\/wp\/v2\/pages\/49\/revisions"}],"predecessor-version":[{"id":3720,"href":"https:\/\/blogsaverroes.juntadeandalucia.es\/iesvalleinclan\/wp-json\/wp\/v2\/pages\/49\/revisions\/3720"}],"wp:attachment":[{"href":"https:\/\/blogsaverroes.juntadeandalucia.es\/iesvalleinclan\/wp-json\/wp\/v2\/media?parent=49"}],"curies":[{"name":"wp","href":"https:\/\/api.w.org\/{rel}","templated":true}]}}