{"id":1692,"date":"2023-06-08T12:36:27","date_gmt":"2023-06-08T11:36:27","guid":{"rendered":"https:\/\/blogsaverroes.juntadeandalucia.es\/iesvcmarmolejo\/?page_id=1692"},"modified":"2023-11-29T13:23:29","modified_gmt":"2023-11-29T12:23:29","slug":"empleo","status":"publish","type":"page","link":"https:\/\/blogsaverroes.juntadeandalucia.es\/iesvcmarmolejo\/empleo\/","title":{"rendered":"Empleo"},"content":{"rendered":"[et_pb_section fb_built=&#8221;1&#8243; _builder_version=&#8221;4.14.5&#8243; _module_preset=&#8221;default&#8221; global_colors_info=&#8221;{}&#8221;][et_pb_row _builder_version=&#8221;4.14.5&#8243; _module_preset=&#8221;default&#8221; global_colors_info=&#8221;{}&#8221;][et_pb_column type=&#8221;4_4&#8243; _builder_version=&#8221;4.14.5&#8243; _module_preset=&#8221;default&#8221; global_colors_info=&#8221;{}&#8221;][et_pb_blurb _builder_version=&#8221;4.14.5&#8243; _module_preset=&#8221;default&#8221; header_letter_spacing=&#8221;12px&#8221; header_line_height=&#8221;1.3em&#8221; body_text_align=&#8221;center&#8221; body_font_size=&#8221;32px&#8221; body_letter_spacing=&#8221;10px&#8221; background_color=&#8221;#EDF000&#8243; text_orientation=&#8221;center&#8221; max_width=&#8221;100%&#8221; module_alignment=&#8221;center&#8221; custom_margin=&#8221;22px|22px||13px|false|false&#8221; custom_padding=&#8221;19px||14px||false|false&#8221; animation_style=&#8221;fold&#8221; animation_delay=&#8221;200ms&#8221; animation_starting_opacity=&#8221;7%&#8221; header_text_shadow_style=&#8221;preset1&#8243; header_text_shadow_blur_strength=&#8221;0.19em&#8221; border_radii=&#8221;on|7px|7px|7px|7px&#8221; border_width_all=&#8221;6px&#8221; box_shadow_style=&#8221;preset4&#8243; text_shadow_style=&#8221;preset1&#8243; text_shadow_horizontal_length=&#8221;0.18em&#8221; text_shadow_blur_strength=&#8221;0.46em&#8221; text_shadow_color=&#8221;#000000&#8243; global_colors_info=&#8221;{}&#8221;]\n<p><img loading=\"lazy\" decoding=\"async\" class=\"aligncenter size-full wp-image-1695\" src=\"https:\/\/blogsaverroes.juntadeandalucia.es\/iesvcmarmolejo\/files\/2023\/06\/IVC_Empleo.jpg\" alt=\"\" width=\"578\" height=\"260\" srcset=\"https:\/\/blogsaverroes.juntadeandalucia.es\/iesvcmarmolejo\/files\/2023\/06\/IVC_Empleo.jpg 578w, https:\/\/blogsaverroes.juntadeandalucia.es\/iesvcmarmolejo\/files\/2023\/06\/IVC_Empleo-480x216.jpg 480w\" sizes=\"(min-width: 0px) and (max-width: 480px) 480px, (min-width: 481px) 578px, 100vw\" \/><\/p>\n<p style=\"text-align: center\"><span style=\"font-size: 20pt\">Interesados llamar al tel\u00e9fono del I.E.S. :<\/span><\/p>\n<p style=\"text-align: center\"><span style=\"font-size: 20pt\"> 953 53 99 33<\/span><\/p>\n<p style=\"text-align: center\"><a href=\"https:\/\/www.juntadeandalucia.es\/averroes\/centros-tic\/23700293\/helvia\/sitio\/index.cgi?wid_seccion=37\" target=\"_blank\" rel=\"noopener noreferrer\"><span style=\"font-size: 26pt\"><span style=\"font-size: 20pt\">Enlace a plataforma Helvia<\/span><\/span><\/a><\/p>\n[\/et_pb_blurb][\/et_pb_column][\/et_pb_row][et_pb_row _builder_version=&#8221;4.14.5&#8243; _module_preset=&#8221;default&#8221; global_colors_info=&#8221;{}&#8221;][et_pb_column type=&#8221;4_4&#8243; _builder_version=&#8221;4.14.5&#8243; _module_preset=&#8221;default&#8221; global_colors_info=&#8221;{}&#8221;][et_pb_text _builder_version=&#8221;4.14.5&#8243; _module_preset=&#8221;default&#8221; text_font=&#8221;||||||||&#8221; text_text_color=&#8221;#000000&#8243; text_font_size=&#8221;18px&#8221; text_letter_spacing=&#8221;9px&#8221; text_line_height=&#8221;2.6em&#8221; use_background_color_gradient=&#8221;on&#8221; background_color_gradient_start=&#8221;#edf000&#8243; background_color_gradient_end=&#8221;#219e93&#8243; background_color_gradient_start_position=&#8221;8%&#8221; text_orientation=&#8221;justified&#8221; custom_margin=&#8221;13px|14px|14px|6px|false|false&#8221; hover_enabled=&#8221;0&#8243; text_text_shadow_style=&#8221;preset1&#8243; text_text_shadow_blur_strength=&#8221;0em&#8221; text_text_shadow_color=&#8221;#000000&#8243; box_shadow_style=&#8221;preset5&#8243; box_shadow_color=&#8221;#000000&#8243; global_colors_info=&#8221;{}&#8221; sticky_enabled=&#8221;0&#8243;]\n<p><span style=\"font-size: 26pt\">OFERTA PARA TRACTORISTA<\/span><\/p>\n<p><span style=\"font-size: 24pt\">Se busca con urgencia tractorista experimentado para 30 d\u00edas de campa\u00f1a de recolecci\u00f3n de aceituna.&nbsp;<\/span><\/p>\n<p><span style=\"font-size: 24pt\">Debe saber manejar vibrador con Paraguas.<\/span><\/p>\n<p style=\"text-align: center\">&nbsp;<\/p>\n<p>&nbsp;<\/p>\n[\/et_pb_text][et_pb_blurb _builder_version=&#8221;4.14.5&#8243; _module_preset=&#8221;default&#8221; background_color=&#8221;#EDF000&#8243; hover_enabled=&#8221;0&#8243; global_colors_info=&#8221;{}&#8221; sticky_enabled=&#8221;0&#8243;]\n<p style=\"text-align: center\"><strong><span style=\"font-size: 14pt\">OFERTA PUBLICA DE EMPLEO: &#8220;T\u00c9CNICO GRADO MEDIO EN JARDINERIA, PEX FORESTAL&#8221;<\/span><\/strong><\/p>\n<p style=\"text-align: center\">&nbsp;<br \/><iframe loading=\"lazy\" src=\"https:\/\/drive.google.com\/file\/d\/1zA3o871irZ2LEXcsA6dj205CLP86WhTX\/preview\" width=\"1000\" height=\"600\"><\/iframe><\/p>\n[\/et_pb_blurb][et_pb_blurb _builder_version=&#8221;4.14.5&#8243; _module_preset=&#8221;default&#8221; background_color=&#8221;#EDF000&#8243; global_colors_info=&#8221;{}&#8221;]\n<p style=\"text-align: center\"><strong><span style=\"font-size: 14pt\">OFERTA PUBLICA DE EMPLEO: &#8220;T\u00c9CNICO GRADO SUPERIOR EN PAISAJISMO EN \u00c1REAS AJARDINADAS. PEX FORESTAL&#8221;<\/span><\/strong><\/p>\n<p><iframe loading=\"lazy\" src=\"https:\/\/drive.google.com\/file\/d\/1z8ceLv3E_wT9m5eUVYO24vih14hzTsoU\/preview\" width=\"1000\" height=\"600\"><\/iframe><\/p>\n[\/et_pb_blurb][et_pb_text _builder_version=&#8221;4.14.5&#8243; _module_preset=&#8221;default&#8221; text_font=&#8221;||||||||&#8221; text_text_color=&#8221;#000000&#8243; text_font_size=&#8221;18px&#8221; text_letter_spacing=&#8221;9px&#8221; text_line_height=&#8221;2.6em&#8221; use_background_color_gradient=&#8221;on&#8221; background_color_gradient_start=&#8221;#edf000&#8243; background_color_gradient_end=&#8221;#219e93&#8243; background_color_gradient_start_position=&#8221;8%&#8221; text_orientation=&#8221;justified&#8221; custom_margin=&#8221;13px|14px|14px|6px|false|false&#8221; text_text_shadow_style=&#8221;preset1&#8243; text_text_shadow_blur_strength=&#8221;0em&#8221; text_text_shadow_color=&#8221;#000000&#8243; box_shadow_style=&#8221;preset5&#8243; box_shadow_color=&#8221;#000000&#8243; global_colors_info=&#8221;{}&#8221;]\n<p><span style=\"font-size: 26pt\">OFERTA 1<\/span><\/p>\n<p><del><span style=\"font-size: 20pt\">Explotaci\u00f3n de olivar ecol\u00f3gico (17 ha) situada entre Villa del R\u00edo-Carde\u00f1a necesita incorporar t\u00e9cnico para realizar labores de riego, fertirrigaci\u00f3n y dem\u00e1s tareas propias de la finca. Interesados llamar al 953 53 99 33.<\/span><\/del><\/p>\n<p style=\"text-align: center\"><span style=\"font-size: 28pt\">Oferta ya cubierta por un alumno del centro.<\/span><\/p>\n<p>&nbsp;<\/p>\n[\/et_pb_text][\/et_pb_column][\/et_pb_row][\/et_pb_section]\n","protected":false},"excerpt":{"rendered":"<p>Interesados llamar al tel\u00e9fono del I.E.S. : 953 53 99 33 Enlace a plataforma HelviaOFERTA PARA TRACTORISTA Se busca con urgencia tractorista experimentado para 30 d\u00edas de campa\u00f1a de recolecci\u00f3n de aceituna.&nbsp; Debe saber manejar vibrador con Paraguas. &nbsp; &nbsp;OFERTA PUBLICA DE EMPLEO: &#8220;T\u00c9CNICO GRADO MEDIO EN JARDINERIA, PEX FORESTAL&#8221; &nbsp;OFERTA PUBLICA DE EMPLEO: &#8220;T\u00c9CNICO [&hellip;]<\/p>\n","protected":false},"author":14440,"featured_media":0,"parent":0,"menu_order":0,"comment_status":"closed","ping_status":"closed","template":"","meta":{"_et_pb_use_builder":"on","_et_pb_old_content":"","_et_gb_content_width":"","ngg_post_thumbnail":0,"footnotes":""},"aioseo_notices":[],"_links":{"self":[{"href":"https:\/\/blogsaverroes.juntadeandalucia.es\/iesvcmarmolejo\/wp-json\/wp\/v2\/pages\/1692"}],"collection":[{"href":"https:\/\/blogsaverroes.juntadeandalucia.es\/iesvcmarmolejo\/wp-json\/wp\/v2\/pages"}],"about":[{"href":"https:\/\/blogsaverroes.juntadeandalucia.es\/iesvcmarmolejo\/wp-json\/wp\/v2\/types\/page"}],"author":[{"embeddable":true,"href":"https:\/\/blogsaverroes.juntadeandalucia.es\/iesvcmarmolejo\/wp-json\/wp\/v2\/users\/14440"}],"replies":[{"embeddable":true,"href":"https:\/\/blogsaverroes.juntadeandalucia.es\/iesvcmarmolejo\/wp-json\/wp\/v2\/comments?post=1692"}],"version-history":[{"count":23,"href":"https:\/\/blogsaverroes.juntadeandalucia.es\/iesvcmarmolejo\/wp-json\/wp\/v2\/pages\/1692\/revisions"}],"predecessor-version":[{"id":1843,"href":"https:\/\/blogsaverroes.juntadeandalucia.es\/iesvcmarmolejo\/wp-json\/wp\/v2\/pages\/1692\/revisions\/1843"}],"wp:attachment":[{"href":"https:\/\/blogsaverroes.juntadeandalucia.es\/iesvcmarmolejo\/wp-json\/wp\/v2\/media?parent=1692"}],"curies":[{"name":"wp","href":"https:\/\/api.w.org\/{rel}","templated":true}]}}