{"id":2093,"date":"2026-01-10T08:06:17","date_gmt":"2026-01-10T07:06:17","guid":{"rendered":"https:\/\/blogsaverroes.juntadeandalucia.es\/iesvcmarmolejo\/?page_id=2093"},"modified":"2026-01-10T08:06:17","modified_gmt":"2026-01-10T07:06:17","slug":"aula-ateca-agroteca","status":"publish","type":"page","link":"https:\/\/blogsaverroes.juntadeandalucia.es\/iesvcmarmolejo\/aula-ateca-agroteca\/","title":{"rendered":"Aula ATECA-AGROTECA"},"content":{"rendered":"[et_pb_section fb_built=&#8221;1&#8243; _builder_version=&#8221;4.24.2&#8243; _module_preset=&#8221;default&#8221; global_colors_info=&#8221;{}&#8221;][et_pb_row _builder_version=&#8221;4.24.2&#8243; _module_preset=&#8221;default&#8221; global_colors_info=&#8221;{}&#8221;][et_pb_column type=&#8221;4_4&#8243; _builder_version=&#8221;4.24.2&#8243; _module_preset=&#8221;default&#8221; global_colors_info=&#8221;{}&#8221;][et_pb_text _builder_version=&#8221;4.24.2&#8243; _module_preset=&#8221;default&#8221; global_colors_info=&#8221;{}&#8221;]\n<p><img loading=\"lazy\" decoding=\"async\" class=\"aligncenter size-full wp-image-2090\" src=\"https:\/\/blogsaverroes.juntadeandalucia.es\/iesvcmarmolejo\/files\/2026\/01\/AGROTECA.jpg\" alt=\"\" width=\"1920\" height=\"1080\" srcset=\"https:\/\/blogsaverroes.juntadeandalucia.es\/iesvcmarmolejo\/files\/2026\/01\/AGROTECA.jpg 1920w, https:\/\/blogsaverroes.juntadeandalucia.es\/iesvcmarmolejo\/files\/2026\/01\/AGROTECA-1280x720.jpg 1280w, https:\/\/blogsaverroes.juntadeandalucia.es\/iesvcmarmolejo\/files\/2026\/01\/AGROTECA-980x551.jpg 980w, https:\/\/blogsaverroes.juntadeandalucia.es\/iesvcmarmolejo\/files\/2026\/01\/AGROTECA-480x270.jpg 480w\" sizes=\"(min-width: 0px) and (max-width: 480px) 480px, (min-width: 481px) and (max-width: 980px) 980px, (min-width: 981px) and (max-width: 1280px) 1280px, (min-width: 1281px) 1920px, 100vw\" \/><\/p>\n[\/et_pb_text][et_pb_text _builder_version=&#8221;4.24.2&#8243; _module_preset=&#8221;default&#8221; hover_enabled=&#8221;0&#8243; global_colors_info=&#8221;{}&#8221; background_color=&#8221;#efe700&#8243; sticky_enabled=&#8221;0&#8243;]\n<p style=\"font-family: 'Times New Roman', Times, serif;font-size: 18pt;font-style: oblique;background-color: #ffff00;text-align: justify;padding: 15px;margin: 15px;border-style: double;list-style-type: square\"><span style=\"font-size: 18pt;background-color: #ffff00;font-family: 'book antiqua', palatino, serif\"><strong>El aula AGROTECA del IES Virgen de la Cabeza dispone de los siguientes espacios:<\/strong><\/span><\/p>\n<ul style=\"font-family: 'Times New Roman', Times, serif;font-size: 18pt;font-style: oblique;background-color: #ffff00;text-align: justify;padding: 15px;margin: 15px;border-style: double;list-style-type: square\">\n<li style=\"font-family: 'Times New Roman', Times, serif;font-size: 18pt;font-style: oblique;background-color: #ffff00;text-align: justify;padding: 15px;margin: 15px;border-style: double;list-style-type: square\">\n<p style=\"font-family: 'Times New Roman', Times, serif;font-size: 18pt;font-style: oblique;background-color: #ffff00;text-align: justify;padding: 15px;margin: 15px;border-style: double;list-style-type: square\"><span style=\"font-size: 18pt;font-family: 'book antiqua', palatino, serif\"><strong><span style=\"background-color: #ffff00\">Espacio Comparte<\/span>, dise\u00f1ado de forma que se favorezca la puesta en pr\u00e1ctica de habilidades comunicativas y el alumnado pueda exponer su proyecto o idea. <\/strong><\/span><\/p>\n<\/li>\n<li style=\"font-family: 'Times New Roman', Times, serif;font-size: 18pt;font-style: oblique;background-color: #ffff00;text-align: justify;padding: 15px;margin: 15px;border-style: double;list-style-type: square\">\n<p style=\"font-family: 'Times New Roman', Times, serif;font-size: 18pt;font-style: oblique;background-color: #ffff00;text-align: justify;padding: 15px;margin: 15px;border-style: double;list-style-type: square\"><span style=\"font-size: 18pt;font-family: 'book antiqua', palatino, serif\"><strong><span style=\"background-color: #ffff00\">Espacio Investigaci\u00f3n<\/span>, definir un espacio de exploraci\u00f3n e ideaci\u00f3n, donde el alumnado encuentre un espacio distendido, relajado, activador de la creatividad, facilitador de la generaci\u00f3n de ideas y respuesta a necesidades y\/o problemas.<\/strong><\/span><\/p>\n<\/li>\n<li style=\"font-family: 'Times New Roman', Times, serif;font-size: 18pt;font-style: oblique;background-color: #ffff00;text-align: justify;padding: 15px;margin: 15px;border-style: double;list-style-type: square\">\n<p style=\"font-family: 'Times New Roman', Times, serif;font-size: 18pt;font-style: oblique;background-color: #ffff00;text-align: justify;padding: 15px;margin: 15px;border-style: double;list-style-type: square\"><span style=\"font-size: 18pt;font-family: 'book antiqua', palatino, serif\"><strong><span style=\"background-color: #ffff00\"> Espacio Dise\u00f1o<\/span>, en el que el alumnado pueda desarrollar sus ideas y se genere un ambiente de trabajo para la creaci\u00f3n y colaboraci\u00f3n entre los distintos participantes, metodolog\u00eda colaborativa.<\/strong><\/span><\/p>\n<\/li>\n<li style=\"font-family: 'Times New Roman', Times, serif;font-size: 18pt;font-style: oblique;background-color: #ffff00;text-align: justify;padding: 15px;margin: 15px;border-style: double;list-style-type: square\">\n<p style=\"font-family: 'Times New Roman', Times, serif;font-size: 18pt;font-style: oblique;background-color: #ffff00;text-align: justify;padding: 15px;margin: 15px;border-style: double;list-style-type: square\"><span style=\"font-size: 18pt;font-family: 'book antiqua', palatino, serif\"><strong><span style=\"background-color: #ffff00\"> Espacio Fabricaci\u00f3n<\/span>, destinado a la consecuci\u00f3n de ideas y generaci\u00f3n de prototipos. Ser\u00e1n espacios multifuncionales, adaptados a la realidad actual cambiante y al uso de las metodolog\u00edas activas de dise\u00f1o tecnol\u00f3gico. En definitiva, un espacio flexible y reconfigurable, que est\u00e9 al servicio de las distintas metodolog\u00edas.<\/strong><\/span><\/p>\n<\/li>\n<\/ul>\n[\/et_pb_text][\/et_pb_column][\/et_pb_row][\/et_pb_section]\n","protected":false},"excerpt":{"rendered":"<p>El aula AGROTECA del IES Virgen de la Cabeza dispone de los siguientes espacios: Espacio Comparte, dise\u00f1ado de forma que se favorezca la puesta en pr\u00e1ctica de habilidades comunicativas y el alumnado pueda exponer su proyecto o idea. Espacio Investigaci\u00f3n, definir un espacio de exploraci\u00f3n e ideaci\u00f3n, donde el alumnado encuentre un espacio distendido, relajado, [&hellip;]<\/p>\n","protected":false},"author":14440,"featured_media":0,"parent":0,"menu_order":0,"comment_status":"closed","ping_status":"closed","template":"","meta":{"_et_pb_use_builder":"on","_et_pb_old_content":"","_et_gb_content_width":"","ngg_post_thumbnail":0,"footnotes":""},"aioseo_notices":[],"_links":{"self":[{"href":"https:\/\/blogsaverroes.juntadeandalucia.es\/iesvcmarmolejo\/wp-json\/wp\/v2\/pages\/2093"}],"collection":[{"href":"https:\/\/blogsaverroes.juntadeandalucia.es\/iesvcmarmolejo\/wp-json\/wp\/v2\/pages"}],"about":[{"href":"https:\/\/blogsaverroes.juntadeandalucia.es\/iesvcmarmolejo\/wp-json\/wp\/v2\/types\/page"}],"author":[{"embeddable":true,"href":"https:\/\/blogsaverroes.juntadeandalucia.es\/iesvcmarmolejo\/wp-json\/wp\/v2\/users\/14440"}],"replies":[{"embeddable":true,"href":"https:\/\/blogsaverroes.juntadeandalucia.es\/iesvcmarmolejo\/wp-json\/wp\/v2\/comments?post=2093"}],"version-history":[{"count":3,"href":"https:\/\/blogsaverroes.juntadeandalucia.es\/iesvcmarmolejo\/wp-json\/wp\/v2\/pages\/2093\/revisions"}],"predecessor-version":[{"id":2098,"href":"https:\/\/blogsaverroes.juntadeandalucia.es\/iesvcmarmolejo\/wp-json\/wp\/v2\/pages\/2093\/revisions\/2098"}],"wp:attachment":[{"href":"https:\/\/blogsaverroes.juntadeandalucia.es\/iesvcmarmolejo\/wp-json\/wp\/v2\/media?parent=2093"}],"curies":[{"name":"wp","href":"https:\/\/api.w.org\/{rel}","templated":true}]}}