{"id":1080,"date":"2022-02-03T19:26:18","date_gmt":"2022-02-03T18:26:18","guid":{"rendered":"https:\/\/blogsaverroes.juntadeandalucia.es\/iesvcn\/?page_id=1080"},"modified":"2025-02-11T12:58:10","modified_gmt":"2025-02-11T11:58:10","slug":"consejo-escolar","status":"publish","type":"page","link":"https:\/\/blogsaverroes.juntadeandalucia.es\/iesvcn\/consejo-escolar\/","title":{"rendered":"Consejo Escolar"},"content":{"rendered":"\t\t<div data-elementor-type=\"wp-page\" data-elementor-id=\"1080\" class=\"elementor elementor-1080\">\n\t\t\t\t\t\t<section class=\"elementor-section elementor-top-section elementor-element elementor-element-51808b2 elementor-section-boxed elementor-section-height-default elementor-section-height-default\" data-id=\"51808b2\" data-element_type=\"section\">\n\t\t\t\t\t\t<div class=\"elementor-container elementor-column-gap-default\">\n\t\t\t\t\t<div class=\"elementor-column elementor-col-100 elementor-top-column elementor-element elementor-element-ecc4006\" data-id=\"ecc4006\" data-element_type=\"column\">\n\t\t\t<div class=\"elementor-widget-wrap elementor-element-populated\">\n\t\t\t\t\t\t<div class=\"elementor-element elementor-element-82ea70a elementor-widget elementor-widget-heading\" data-id=\"82ea70a\" data-element_type=\"widget\" data-widget_type=\"heading.default\">\n\t\t\t\t<div class=\"elementor-widget-container\">\n\t\t\t\t\t<h2 class=\"elementor-heading-title elementor-size-default\">Componentes del Consejo Escolar<\/h2>\t\t\t\t<\/div>\n\t\t\t\t<\/div>\n\t\t\t\t\t<\/div>\n\t\t<\/div>\n\t\t\t\t\t<\/div>\n\t\t<\/section>\n\t\t\t\t<section class=\"elementor-section elementor-top-section elementor-element elementor-element-5865f7d elementor-section-boxed elementor-section-height-default elementor-section-height-default\" data-id=\"5865f7d\" data-element_type=\"section\">\n\t\t\t\t\t\t<div class=\"elementor-container elementor-column-gap-default\">\n\t\t\t\t\t<div class=\"elementor-column elementor-col-100 elementor-top-column elementor-element elementor-element-787055f\" data-id=\"787055f\" data-element_type=\"column\">\n\t\t\t<div class=\"elementor-widget-wrap elementor-element-populated\">\n\t\t\t\t\t\t<div class=\"elementor-element elementor-element-a8e5e5c elementor-widget elementor-widget-text-editor\" data-id=\"a8e5e5c\" data-element_type=\"widget\" data-widget_type=\"text-editor.default\">\n\t\t\t\t<div class=\"elementor-widget-container\">\n\t\t\t\t\t\t\t\t\t<table style=\"border-collapse: collapse;width: 100%;height: 528px\"><tbody><tr style=\"height: 24px\"><td style=\"width: 34.0816%;height: 24px\"><strong>SECTOR<\/strong><\/td><td style=\"width: 65.9184%;height: 24px\"><strong>MIEMBROS<\/strong><\/td><\/tr><tr style=\"height: 24px\"><td style=\"width: 34.0816%;height: 96px\" rowspan=\"4\">Equipo directivo<\/td><td style=\"width: 65.9184%;height: 24px\">Hermoso de Mendoza Salcedo, Fernando (DIRECTOR\/A)<\/td><\/tr><tr style=\"height: 24px\"><td style=\"width: 65.9184%;height: 24px\">Alonso Mu\u00f1oz, Mar\u00eda Ar\u00e1nzazu (JEFE\/A DE ESTUDIOS)<\/td><\/tr><tr style=\"height: 24px\"><td style=\"width: 65.9184%;height: 24px\">L\u00f3pez Cruz, Jos\u00e9 Luis (JEFE\/A DE ESTUDIOS SECCI\u00d3N ADULTOS)<\/td><\/tr><tr style=\"height: 24px\"><td style=\"width: 65.9184%;height: 24px\">Torrubia Jim\u00e9nez, Jes\u00fas (SECRETARIO\/A)<\/td><\/tr><tr style=\"height: 24px\"><td style=\"width: 34.0816%;height: 240px\" rowspan=\"9\">Profesorado<\/td><td style=\"width: 65.9184%;height: 24px\"><p>Alcaide Salamanca, Mar\u00eda Soledad<\/p><\/td><\/tr><tr style=\"height: 24px\"><td style=\"width: 65.9184%;height: 24px\"><p>C\u00f3rdoba Conde, Blanca<\/p><\/td><\/tr><tr style=\"height: 24px\"><td style=\"width: 65.9184%;height: 24px\"><p>Garc\u00eda Dorado, Rafael<\/p><\/td><\/tr><tr style=\"height: 24px\"><td style=\"width: 65.9184%;height: 24px\"><p>Garc\u00eda Jim\u00e9nez, Manuel<\/p><\/td><\/tr><tr style=\"height: 24px\"><td style=\"width: 65.9184%;height: 24px\"><p>Hinojosa Daza, Rosario<\/p><\/td><\/tr><tr style=\"height: 24px\"><td style=\"width: 65.9184%;height: 24px\"><p>Jim\u00e9nez Varo, Mar\u00eda Jes\u00fas<\/p><\/td><\/tr><tr style=\"height: 24px\"><td style=\"width: 65.9184%;height: 24px\"><p>Mar\u00edn Mar\u00edn, Mar\u00eda Josefa<\/p><\/td><\/tr><tr style=\"height: 24px\"><td style=\"width: 65.9184%;height: 24px\"><p>Moyano Rambla, Ana<\/p><\/td><\/tr><tr style=\"height: 24px\"><td style=\"width: 65.9184%;height: 24px\"><p>P\u00e9rez Zurera, Amparo<\/p><\/td><\/tr><tr style=\"height: 24px\"><td style=\"width: 34.0816%;height: 24px\" rowspan=\"5\">Madres \/ Padres \/ Tutores<\/td><td style=\"width: 65.9184%;height: 24px\"><p>Bonilla Urbano, Esperanza<\/p><\/td><\/tr><tr style=\"height: 24px\"><td style=\"width: 65.9184%;height: 24px\"><p>Cabezas Zurera, Mar\u00eda del Carmen<\/p><\/td><\/tr><tr style=\"height: 24px\"><td style=\"width: 65.9184%;height: 24px\"><p>Cruz Prieto, Daniel<\/p><\/td><\/tr><tr style=\"height: 24px\"><td style=\"width: 65.9184%;height: 24px\"><p>Leiva Sarmiento, Araceli<\/p><\/td><\/tr><tr style=\"height: 24px\"><td style=\"width: 65.9184%;height: 24px\"><p>P\u00e9rez Narv\u00e1ez, Jes\u00fas Evaristo<\/p><\/td><\/tr><tr style=\"height: 24px\"><td style=\"width: 34.0816%;height: 24px\" rowspan=\"5\">Alumnado<\/td><td style=\"width: 65.9184%;height: 24px\"><p>Bergillos Polo, Mar\u00eda<\/p><\/td><\/tr><tr style=\"height: 24px\"><td style=\"width: 65.9184%;height: 24px\"><p>Garc\u00eda Prieto, Francisco<\/p><\/td><\/tr><tr style=\"height: 24px\"><td style=\"width: 65.9184%;height: 24px\"><p>Garc\u00eda Trenas, In\u00e9s<\/p><\/td><\/tr><tr style=\"height: 24px\"><td style=\"width: 65.9184%;height: 24px\"><p>Palma Ortiz, Marta<\/p><\/td><\/tr><tr style=\"height: 24px\"><td style=\"width: 65.9184%;height: 24px\"><p>Romero P\u00e9rez, \u00c1lvaro<\/p><\/td><\/tr><tr style=\"height: 24px\"><td style=\"width: 34.0816%;height: 24px\"><p>Personal Adm\u00f3n. y Servicios<\/p><\/td><td style=\"width: 65.9184%;height: 24px\"><p>Sierra P\u00e9rez, Romario<\/p><\/td><\/tr><tr style=\"height: 24px\"><td style=\"width: 34.0816%;height: 24px\"><p>Ayuntamiento<\/p><\/td><td style=\"width: 65.9184%;height: 24px\"><p>Zurera Maestre, Mar\u00eda Carmen (CONCEJAL O REPRESENTANTE DEL AYUNTAMIENTO)<\/p><\/td><\/tr><tr style=\"height: 24px\"><td style=\"width: 34.0816%;height: 24px\"><p>Impulsor de medidas de Igualdad<\/p><\/td><td style=\"width: 65.9184%;height: 24px\"><p>Vaquero Aguilar, Pastora (IMPULSOR DE MEDIDAS PARA EL FOMENTO DE LA IGUALDAD ENTRE HOMBRES Y MUJERES)<\/p><\/td><\/tr><\/tbody><\/table>\t\t\t\t\t\t\t\t<\/div>\n\t\t\t\t<\/div>\n\t\t\t\t\t<\/div>\n\t\t<\/div>\n\t\t\t\t\t<\/div>\n\t\t<\/section>\n\t\t\t\t<section class=\"elementor-section elementor-top-section elementor-element elementor-element-8525df3 elementor-section-boxed elementor-section-height-default elementor-section-height-default\" data-id=\"8525df3\" data-element_type=\"section\">\n\t\t\t\t\t\t<div class=\"elementor-container elementor-column-gap-default\">\n\t\t\t\t\t<div class=\"elementor-column elementor-col-100 elementor-top-column elementor-element elementor-element-a69631b\" data-id=\"a69631b\" data-element_type=\"column\">\n\t\t\t<div class=\"elementor-widget-wrap elementor-element-populated\">\n\t\t\t\t\t\t<div class=\"elementor-element elementor-element-84ebf94 elementor-widget elementor-widget-image\" data-id=\"84ebf94\" data-element_type=\"widget\" data-widget_type=\"image.default\">\n\t\t\t\t<div class=\"elementor-widget-container\">\n\t\t\t\t\t\t\t\t\t\t\t\t\t\t\t<img fetchpriority=\"high\" decoding=\"async\" width=\"700\" height=\"990\" src=\"https:\/\/blogsaverroes.juntadeandalucia.es\/iesvcn\/files\/2022\/02\/Qu\u00e9-es-el-Consejo-Escolar-Infograf\u00eda-700x990-1.jpg\" class=\"attachment-full size-full wp-image-1082\" alt=\"\" srcset=\"https:\/\/blogsaverroes.juntadeandalucia.es\/iesvcn\/files\/2022\/02\/Qu\u00e9-es-el-Consejo-Escolar-Infograf\u00eda-700x990-1.jpg 700w, https:\/\/blogsaverroes.juntadeandalucia.es\/iesvcn\/files\/2022\/02\/Qu\u00e9-es-el-Consejo-Escolar-Infograf\u00eda-700x990-1-212x300.jpg 212w\" sizes=\"(max-width: 700px) 100vw, 700px\" \/>\t\t\t\t\t\t\t\t\t\t\t\t\t\t\t<\/div>\n\t\t\t\t<\/div>\n\t\t\t\t\t<\/div>\n\t\t<\/div>\n\t\t\t\t\t<\/div>\n\t\t<\/section>\n\t\t\t\t<\/div>\n\t\t","protected":false},"excerpt":{"rendered":"<p>Componentes del Consejo Escolar SECTOR MIEMBROS Equipo directivo Hermoso de Mendoza Salcedo, Fernando (DIRECTOR\/A) Alonso Mu\u00f1oz, Mar\u00eda Ar\u00e1nzazu (JEFE\/A DE ESTUDIOS) L\u00f3pez Cruz, Jos\u00e9 Luis (JEFE\/A DE ESTUDIOS SECCI\u00d3N ADULTOS) Torrubia Jim\u00e9nez, Jes\u00fas (SECRETARIO\/A) Profesorado Alcaide Salamanca, Mar\u00eda Soledad C\u00f3rdoba&#46;&#46;&#46;<\/p>\n","protected":false},"author":14415,"featured_media":0,"parent":0,"menu_order":0,"comment_status":"closed","ping_status":"closed","template":"","meta":{"ngg_post_thumbnail":0,"footnotes":""},"aioseo_notices":[],"_links":{"self":[{"href":"https:\/\/blogsaverroes.juntadeandalucia.es\/iesvcn\/wp-json\/wp\/v2\/pages\/1080"}],"collection":[{"href":"https:\/\/blogsaverroes.juntadeandalucia.es\/iesvcn\/wp-json\/wp\/v2\/pages"}],"about":[{"href":"https:\/\/blogsaverroes.juntadeandalucia.es\/iesvcn\/wp-json\/wp\/v2\/types\/page"}],"author":[{"embeddable":true,"href":"https:\/\/blogsaverroes.juntadeandalucia.es\/iesvcn\/wp-json\/wp\/v2\/users\/14415"}],"replies":[{"embeddable":true,"href":"https:\/\/blogsaverroes.juntadeandalucia.es\/iesvcn\/wp-json\/wp\/v2\/comments?post=1080"}],"version-history":[{"count":9,"href":"https:\/\/blogsaverroes.juntadeandalucia.es\/iesvcn\/wp-json\/wp\/v2\/pages\/1080\/revisions"}],"predecessor-version":[{"id":7067,"href":"https:\/\/blogsaverroes.juntadeandalucia.es\/iesvcn\/wp-json\/wp\/v2\/pages\/1080\/revisions\/7067"}],"wp:attachment":[{"href":"https:\/\/blogsaverroes.juntadeandalucia.es\/iesvcn\/wp-json\/wp\/v2\/media?parent=1080"}],"curies":[{"name":"wp","href":"https:\/\/api.w.org\/{rel}","templated":true}]}}