{"id":1179,"date":"2022-02-04T14:34:50","date_gmt":"2022-02-04T13:34:50","guid":{"rendered":"https:\/\/blogsaverroes.juntadeandalucia.es\/iesvcn\/?page_id=1179"},"modified":"2022-02-20T15:38:41","modified_gmt":"2022-02-20T14:38:41","slug":"ciclos-formativos-de-grado-medio-cfgm","status":"publish","type":"page","link":"https:\/\/blogsaverroes.juntadeandalucia.es\/iesvcn\/ciclos-formativos-de-grado-medio-cfgm\/","title":{"rendered":"Ciclos Formativos de Grado Medio (CFGM)"},"content":{"rendered":"\t\t<div data-elementor-type=\"wp-page\" data-elementor-id=\"1179\" class=\"elementor elementor-1179\">\n\t\t\t\t\t\t<section class=\"elementor-section elementor-top-section elementor-element elementor-element-79dd4a2 elementor-section-boxed elementor-section-height-default elementor-section-height-default\" data-id=\"79dd4a2\" data-element_type=\"section\">\n\t\t\t\t\t\t<div class=\"elementor-container elementor-column-gap-default\">\n\t\t\t\t\t<div class=\"elementor-column elementor-col-100 elementor-top-column elementor-element elementor-element-f722daf\" data-id=\"f722daf\" data-element_type=\"column\">\n\t\t\t<div class=\"elementor-widget-wrap elementor-element-populated\">\n\t\t\t\t\t\t<div class=\"elementor-element elementor-element-5e8c55a elementor-widget elementor-widget-heading\" data-id=\"5e8c55a\" data-element_type=\"widget\" data-widget_type=\"heading.default\">\n\t\t\t\t<div class=\"elementor-widget-container\">\n\t\t\t\t\t<h2 class=\"elementor-heading-title elementor-size-default\">FP Grado Medio (CFGM)<\/h2>\t\t\t\t<\/div>\n\t\t\t\t<\/div>\n\t\t\t\t\t<\/div>\n\t\t<\/div>\n\t\t\t\t\t<\/div>\n\t\t<\/section>\n\t\t\t\t<section class=\"elementor-section elementor-top-section elementor-element elementor-element-10aa3bf elementor-section-boxed elementor-section-height-default elementor-section-height-default\" data-id=\"10aa3bf\" data-element_type=\"section\">\n\t\t\t\t\t\t<div class=\"elementor-container elementor-column-gap-default\">\n\t\t\t\t\t<div class=\"elementor-column elementor-col-33 elementor-top-column elementor-element elementor-element-9c7c5b9\" data-id=\"9c7c5b9\" data-element_type=\"column\">\n\t\t\t<div class=\"elementor-widget-wrap elementor-element-populated\">\n\t\t\t\t\t\t<div class=\"elementor-element elementor-element-88471b2 elementor-position-top elementor-widget elementor-widget-image-box\" data-id=\"88471b2\" data-element_type=\"widget\" data-settings=\"{&quot;_animation&quot;:&quot;none&quot;}\" data-widget_type=\"image-box.default\">\n\t\t\t\t<div class=\"elementor-widget-container\">\n\t\t\t\t\t<div class=\"elementor-image-box-wrapper\"><figure class=\"elementor-image-box-img\"><a href=\"https:\/\/blogsaverroes.juntadeandalucia.es\/iesvcn\/cfgm-sistemas-microinformaticos-y-redes\/\" tabindex=\"-1\"><img decoding=\"async\" width=\"56\" height=\"44\" src=\"https:\/\/blogsaverroes.juntadeandalucia.es\/iesvcn\/files\/2022\/02\/smr.jpg\" class=\"elementor-animation-grow attachment-full size-full wp-image-1123\" alt=\"\" \/><\/a><\/figure><div class=\"elementor-image-box-content\"><h5 class=\"elementor-image-box-title\"><a href=\"https:\/\/blogsaverroes.juntadeandalucia.es\/iesvcn\/cfgm-sistemas-microinformaticos-y-redes\/\">CFGM Sistemas Microinform\u00e1ticos y Redes<\/a><\/h5><\/div><\/div>\t\t\t\t<\/div>\n\t\t\t\t<\/div>\n\t\t\t\t\t<\/div>\n\t\t<\/div>\n\t\t\t\t<div class=\"elementor-column elementor-col-33 elementor-top-column elementor-element elementor-element-d193aab\" data-id=\"d193aab\" data-element_type=\"column\">\n\t\t\t<div class=\"elementor-widget-wrap elementor-element-populated\">\n\t\t\t\t\t\t<div class=\"elementor-element elementor-element-5b81963 elementor-position-top elementor-widget elementor-widget-image-box\" data-id=\"5b81963\" data-element_type=\"widget\" data-widget_type=\"image-box.default\">\n\t\t\t\t<div class=\"elementor-widget-container\">\n\t\t\t\t\t<div class=\"elementor-image-box-wrapper\"><figure class=\"elementor-image-box-img\"><a href=\"https:\/\/blogsaverroes.juntadeandalucia.es\/iesvcn\/cfgm-gestion-administrativa\/\" tabindex=\"-1\"><img decoding=\"async\" width=\"56\" height=\"43\" src=\"https:\/\/blogsaverroes.juntadeandalucia.es\/iesvcn\/files\/2022\/02\/tga.jpg\" class=\"elementor-animation-grow attachment-full size-full wp-image-1134\" alt=\"\" \/><\/a><\/figure><div class=\"elementor-image-box-content\"><h5 class=\"elementor-image-box-title\"><a href=\"https:\/\/blogsaverroes.juntadeandalucia.es\/iesvcn\/cfgm-gestion-administrativa\/\">CFGM Gesti\u00f3n Administrativa<\/a><\/h5><\/div><\/div>\t\t\t\t<\/div>\n\t\t\t\t<\/div>\n\t\t\t\t\t<\/div>\n\t\t<\/div>\n\t\t\t\t<div class=\"elementor-column elementor-col-33 elementor-top-column elementor-element elementor-element-c9bc190\" data-id=\"c9bc190\" data-element_type=\"column\">\n\t\t\t<div class=\"elementor-widget-wrap elementor-element-populated\">\n\t\t\t\t\t\t<div class=\"elementor-element elementor-element-ccb33e3 elementor-position-top elementor-widget elementor-widget-image-box\" data-id=\"ccb33e3\" data-element_type=\"widget\" data-widget_type=\"image-box.default\">\n\t\t\t\t<div class=\"elementor-widget-container\">\n\t\t\t\t\t<div class=\"elementor-image-box-wrapper\"><figure class=\"elementor-image-box-img\"><a href=\"https:\/\/blogsaverroes.juntadeandalucia.es\/iesvcn\/cfgm-panaderia-reposteria-y-confiteria-fp-dual\/\" tabindex=\"-1\"><img decoding=\"async\" width=\"56\" height=\"44\" src=\"https:\/\/blogsaverroes.juntadeandalucia.es\/iesvcn\/files\/2022\/02\/PANADERIA.jpg\" class=\"elementor-animation-grow attachment-full size-full wp-image-1143\" alt=\"\" \/><\/a><\/figure><div class=\"elementor-image-box-content\"><h5 class=\"elementor-image-box-title\"><a href=\"https:\/\/blogsaverroes.juntadeandalucia.es\/iesvcn\/cfgm-panaderia-reposteria-y-confiteria-fp-dual\/\">CFGM Panader\u00eda, Reposter\u00eda y Confiter\u00eda (FP DUAL)<\/a><\/h5><\/div><\/div>\t\t\t\t<\/div>\n\t\t\t\t<\/div>\n\t\t\t\t\t<\/div>\n\t\t<\/div>\n\t\t\t\t\t<\/div>\n\t\t<\/section>\n\t\t\t\t<section class=\"elementor-section elementor-top-section elementor-element elementor-element-419316f elementor-section-boxed elementor-section-height-default elementor-section-height-default\" data-id=\"419316f\" data-element_type=\"section\">\n\t\t\t\t\t\t<div class=\"elementor-container elementor-column-gap-default\">\n\t\t\t\t\t<div class=\"elementor-column elementor-col-100 elementor-top-column elementor-element elementor-element-95a2a58\" data-id=\"95a2a58\" data-element_type=\"column\">\n\t\t\t<div class=\"elementor-widget-wrap\">\n\t\t\t\t\t\t\t<\/div>\n\t\t<\/div>\n\t\t\t\t\t<\/div>\n\t\t<\/section>\n\t\t\t\t<section class=\"elementor-section elementor-top-section elementor-element elementor-element-5f5407c elementor-section-boxed elementor-section-height-default elementor-section-height-default\" data-id=\"5f5407c\" data-element_type=\"section\">\n\t\t\t\t\t\t<div class=\"elementor-container elementor-column-gap-default\">\n\t\t\t\t\t<div class=\"elementor-column elementor-col-100 elementor-top-column elementor-element elementor-element-c59b796\" data-id=\"c59b796\" data-element_type=\"column\">\n\t\t\t<div class=\"elementor-widget-wrap elementor-element-populated\">\n\t\t\t\t\t\t<div class=\"elementor-element elementor-element-e45ed8f elementor-widget elementor-widget-heading\" data-id=\"e45ed8f\" data-element_type=\"widget\" data-widget_type=\"heading.default\">\n\t\t\t\t<div class=\"elementor-widget-container\">\n\t\t\t\t\t<h4 class=\"elementor-heading-title elementor-size-default\">\u00bfQu\u00e9 es un CFGM? \u00bfPara qu\u00e9 sirve?<\/h4>\t\t\t\t<\/div>\n\t\t\t\t<\/div>\n\t\t\t\t<div class=\"elementor-element elementor-element-2a4e89f elementor-widget elementor-widget-spacer\" data-id=\"2a4e89f\" data-element_type=\"widget\" data-widget_type=\"spacer.default\">\n\t\t\t\t<div class=\"elementor-widget-container\">\n\t\t\t\t\t\t\t<div class=\"elementor-spacer\">\n\t\t\t<div class=\"elementor-spacer-inner\"><\/div>\n\t\t<\/div>\n\t\t\t\t\t\t<\/div>\n\t\t\t\t<\/div>\n\t\t\t\t<div class=\"elementor-element elementor-element-96dd9d6 elementor-widget elementor-widget-text-editor\" data-id=\"96dd9d6\" data-element_type=\"widget\" data-widget_type=\"text-editor.default\">\n\t\t\t\t<div class=\"elementor-widget-container\">\n\t\t\t\t\t\t\t\t\t<p>Un ciclo formativo de grado medio me proporciona una formaci\u00f3n que me permitir\u00e1 desarrollar un trabajo de ejecuci\u00f3n de forma aut\u00f3noma donde utilizar\u00e9 instrumentos y t\u00e9cnicas aprendidos.<\/p><p>Los m\u00f3dulos profesionales se desarrollan en dos cursos. En segundo curso cursar\u00e9 el m\u00f3dulo profesional de Formaci\u00f3n en Centros de Trabajo (FCT) donde podr\u00e9 poner en pr\u00e1ctica los conocimientos que he adquirido en un entorno real.<\/p><p>La titulaci\u00f3n que obtendr\u00e9 es la de T\u00e9cnico o T\u00e9cnica de la profesi\u00f3n correspondiente al ciclo formativo cursado.<\/p>\t\t\t\t\t\t\t\t<\/div>\n\t\t\t\t<\/div>\n\t\t\t\t\t<\/div>\n\t\t<\/div>\n\t\t\t\t\t<\/div>\n\t\t<\/section>\n\t\t\t\t<section class=\"elementor-section elementor-top-section elementor-element elementor-element-ad8735b elementor-section-boxed elementor-section-height-default elementor-section-height-default\" data-id=\"ad8735b\" data-element_type=\"section\">\n\t\t\t\t\t\t<div class=\"elementor-container elementor-column-gap-default\">\n\t\t\t\t\t<div class=\"elementor-column elementor-col-100 elementor-top-column elementor-element elementor-element-bba8e30\" data-id=\"bba8e30\" data-element_type=\"column\">\n\t\t\t<div class=\"elementor-widget-wrap elementor-element-populated\">\n\t\t\t\t\t\t<div class=\"elementor-element elementor-element-b727ff4 elementor-widget elementor-widget-heading\" data-id=\"b727ff4\" data-element_type=\"widget\" data-widget_type=\"heading.default\">\n\t\t\t\t<div class=\"elementor-widget-container\">\n\t\t\t\t\t<h4 class=\"elementor-heading-title elementor-size-default\">Requisitos de acceso<\/h4>\t\t\t\t<\/div>\n\t\t\t\t<\/div>\n\t\t\t\t<div class=\"elementor-element elementor-element-30e4dc0 elementor-widget elementor-widget-text-editor\" data-id=\"30e4dc0\" data-element_type=\"widget\" data-widget_type=\"text-editor.default\">\n\t\t\t\t<div class=\"elementor-widget-container\">\n\t\t\t\t\t\t\t\t\t<p>Para acceder a los ciclos formativos de grado medio se requerir\u00e1 una de las siguientes condiciones:<\/p>\t\t\t\t\t\t\t\t<\/div>\n\t\t\t\t<\/div>\n\t\t\t\t<div class=\"elementor-element elementor-element-93f99b3 elementor-widget elementor-widget-text-editor\" data-id=\"93f99b3\" data-element_type=\"widget\" data-widget_type=\"text-editor.default\">\n\t\t\t\t<div class=\"elementor-widget-container\">\n\t\t\t\t\t\t\t\t\t<ul><li>Estar en posesi\u00f3n de, al menos, uno de los siguientes t\u00edtulos:<br \/>ESO, FPB.<\/li><li>Haber superado un curso de formaci\u00f3n espec\u00edfico preparatorio para el acceso a ciclos formativos de grado medio en centros p\u00fablicos o privados autorizados por la administraci\u00f3n educativa, tener diecisiete a\u00f1os como m\u00ednimo, cumplidos en el a\u00f1o de realizaci\u00f3n del curso.<\/li><li>Haber superado una prueba de acceso a ciclos formativos de grado medio y tener diecisiete a\u00f1os como m\u00ednimo, cumplidos en el a\u00f1o de realizaci\u00f3n de la prueba.<\/li><\/ul>\t\t\t\t\t\t\t\t<\/div>\n\t\t\t\t<\/div>\n\t\t\t\t\t<\/div>\n\t\t<\/div>\n\t\t\t\t\t<\/div>\n\t\t<\/section>\n\t\t\t\t<\/div>\n\t\t","protected":false},"excerpt":{"rendered":"<p>FP Grado Medio (CFGM) CFGM Sistemas Microinform\u00e1ticos y Redes CFGM Gesti\u00f3n Administrativa CFGM Panader\u00eda, Reposter\u00eda y Confiter\u00eda (FP DUAL) \u00bfQu\u00e9 es un CFGM? \u00bfPara qu\u00e9 sirve? Un ciclo formativo de grado medio me proporciona una formaci\u00f3n que me permitir\u00e1 desarrollar&#46;&#46;&#46;<\/p>\n","protected":false},"author":14415,"featured_media":0,"parent":0,"menu_order":0,"comment_status":"closed","ping_status":"closed","template":"","meta":{"ngg_post_thumbnail":0,"footnotes":""},"aioseo_notices":[],"_links":{"self":[{"href":"https:\/\/blogsaverroes.juntadeandalucia.es\/iesvcn\/wp-json\/wp\/v2\/pages\/1179"}],"collection":[{"href":"https:\/\/blogsaverroes.juntadeandalucia.es\/iesvcn\/wp-json\/wp\/v2\/pages"}],"about":[{"href":"https:\/\/blogsaverroes.juntadeandalucia.es\/iesvcn\/wp-json\/wp\/v2\/types\/page"}],"author":[{"embeddable":true,"href":"https:\/\/blogsaverroes.juntadeandalucia.es\/iesvcn\/wp-json\/wp\/v2\/users\/14415"}],"replies":[{"embeddable":true,"href":"https:\/\/blogsaverroes.juntadeandalucia.es\/iesvcn\/wp-json\/wp\/v2\/comments?post=1179"}],"version-history":[{"count":12,"href":"https:\/\/blogsaverroes.juntadeandalucia.es\/iesvcn\/wp-json\/wp\/v2\/pages\/1179\/revisions"}],"predecessor-version":[{"id":2594,"href":"https:\/\/blogsaverroes.juntadeandalucia.es\/iesvcn\/wp-json\/wp\/v2\/pages\/1179\/revisions\/2594"}],"wp:attachment":[{"href":"https:\/\/blogsaverroes.juntadeandalucia.es\/iesvcn\/wp-json\/wp\/v2\/media?parent=1179"}],"curies":[{"name":"wp","href":"https:\/\/api.w.org\/{rel}","templated":true}]}}