{"id":1318,"date":"2022-02-09T09:25:59","date_gmt":"2022-02-09T08:25:59","guid":{"rendered":"https:\/\/blogsaverroes.juntadeandalucia.es\/iesvcn\/?page_id=1318"},"modified":"2026-03-09T09:33:39","modified_gmt":"2026-03-09T08:33:39","slug":"matematicas","status":"publish","type":"page","link":"https:\/\/blogsaverroes.juntadeandalucia.es\/iesvcn\/matematicas\/","title":{"rendered":"Matem\u00e1ticas"},"content":{"rendered":"\t\t<div data-elementor-type=\"wp-page\" data-elementor-id=\"1318\" class=\"elementor elementor-1318\">\n\t\t\t\t\t\t<section class=\"elementor-section elementor-top-section elementor-element elementor-element-e615385 elementor-section-boxed elementor-section-height-default elementor-section-height-default\" data-id=\"e615385\" data-element_type=\"section\">\n\t\t\t\t\t\t<div class=\"elementor-container elementor-column-gap-default\">\n\t\t\t\t\t<div class=\"elementor-column elementor-col-100 elementor-top-column elementor-element elementor-element-9485c1c\" data-id=\"9485c1c\" data-element_type=\"column\">\n\t\t\t<div class=\"elementor-widget-wrap elementor-element-populated\">\n\t\t\t\t\t\t<div class=\"elementor-element elementor-element-80069ce elementor-widget elementor-widget-button\" data-id=\"80069ce\" data-element_type=\"widget\" data-widget_type=\"button.default\">\n\t\t\t\t<div class=\"elementor-widget-container\">\n\t\t\t\t\t\t\t\t\t<div class=\"elementor-button-wrapper\">\n\t\t\t\t\t<a class=\"elementor-button elementor-button-link elementor-size-sm\" href=\"https:\/\/blogsaverroes.juntadeandalucia.es\/iesvcn\/category\/departamento-de-matematicas\/\">\n\t\t\t\t\t\t<span class=\"elementor-button-content-wrapper\">\n\t\t\t\t\t\t\t\t\t<span class=\"elementor-button-text\">Noticias del Departamento de Matem\u00e1ticas<\/span>\n\t\t\t\t\t<\/span>\n\t\t\t\t\t<\/a>\n\t\t\t\t<\/div>\n\t\t\t\t\t\t\t\t<\/div>\n\t\t\t\t<\/div>\n\t\t\t\t\t<\/div>\n\t\t<\/div>\n\t\t\t\t\t<\/div>\n\t\t<\/section>\n\t\t\t\t<section class=\"elementor-section elementor-top-section elementor-element elementor-element-f5ebf44 elementor-section-boxed elementor-section-height-default elementor-section-height-default\" data-id=\"f5ebf44\" data-element_type=\"section\">\n\t\t\t\t\t\t<div class=\"elementor-container elementor-column-gap-default\">\n\t\t\t\t\t<div class=\"elementor-column elementor-col-100 elementor-top-column elementor-element elementor-element-25fa13c\" data-id=\"25fa13c\" data-element_type=\"column\">\n\t\t\t<div class=\"elementor-widget-wrap elementor-element-populated\">\n\t\t\t\t\t\t<div class=\"elementor-element elementor-element-ad368e1 elementor-widget elementor-widget-heading\" data-id=\"ad368e1\" data-element_type=\"widget\" data-widget_type=\"heading.default\">\n\t\t\t\t<div class=\"elementor-widget-container\">\n\t\t\t\t\t<h2 class=\"elementor-heading-title elementor-size-default\">Asignaturas<\/h2>\t\t\t\t<\/div>\n\t\t\t\t<\/div>\n\t\t\t\t<div class=\"elementor-element elementor-element-ff6ac6f elementor-widget elementor-widget-text-editor\" data-id=\"ff6ac6f\" data-element_type=\"widget\" data-widget_type=\"text-editor.default\">\n\t\t\t\t<div class=\"elementor-widget-container\">\n\t\t\t\t\t\t\t\t\t<p>Matem\u00e1ticas 1\u00ba, 2\u00ba y 3\u00ba ESO<br \/>Matem\u00e1ticas 4\u00ba ESO opci\u00f3n A<br \/>Matem\u00e1ticas 4\u00ba ESO opci\u00f3n B<br \/>\u00c1mbito Cient\u00edfico-Tecnol\u00f3gico 3\u00ba ESO<br \/>Matem\u00e1ticas I 1\u00ba Bachillerato<br \/>Matem\u00e1ticas Aplicadas Ciencias Sociales 1\u00ba Bachillerato<br \/>Matem\u00e1ticas II 2\u00ba Bachillerato<br \/>Matem\u00e1ticas Aplicadas Ciencias Sociales 2\u00ba Bachillerato<\/p>\t\t\t\t\t\t\t\t<\/div>\n\t\t\t\t<\/div>\n\t\t\t\t\t<\/div>\n\t\t<\/div>\n\t\t\t\t\t<\/div>\n\t\t<\/section>\n\t\t\t\t<section class=\"elementor-section elementor-top-section elementor-element elementor-element-246074d elementor-section-boxed elementor-section-height-default elementor-section-height-default\" data-id=\"246074d\" data-element_type=\"section\">\n\t\t\t\t\t\t<div class=\"elementor-container elementor-column-gap-default\">\n\t\t\t\t\t<div class=\"elementor-column elementor-col-100 elementor-top-column elementor-element elementor-element-11586ab\" data-id=\"11586ab\" data-element_type=\"column\">\n\t\t\t<div class=\"elementor-widget-wrap elementor-element-populated\">\n\t\t\t\t\t\t<div class=\"elementor-element elementor-element-560f65d elementor-widget elementor-widget-heading\" data-id=\"560f65d\" data-element_type=\"widget\" data-widget_type=\"heading.default\">\n\t\t\t\t<div class=\"elementor-widget-container\">\n\t\t\t\t\t<h2 class=\"elementor-heading-title elementor-size-default\">Libros de texto utilizados<\/h2>\t\t\t\t<\/div>\n\t\t\t\t<\/div>\n\t\t\t\t<div class=\"elementor-element elementor-element-dd1761c elementor-widget elementor-widget-text-editor\" data-id=\"dd1761c\" data-element_type=\"widget\" data-widget_type=\"text-editor.default\">\n\t\t\t\t<div class=\"elementor-widget-container\">\n\t\t\t\t\t\t\t\t\t<p>E.S.O.: Proyecto Construyendo Mundos. Editorial Grazalema Santillana.<br \/>Bachillerato:Proyecto Construyendo Mundos. Editorial Santillana.<\/p>\t\t\t\t\t\t\t\t<\/div>\n\t\t\t\t<\/div>\n\t\t\t\t\t<\/div>\n\t\t<\/div>\n\t\t\t\t\t<\/div>\n\t\t<\/section>\n\t\t\t\t<section class=\"elementor-section elementor-top-section elementor-element elementor-element-de72121 elementor-section-boxed elementor-section-height-default elementor-section-height-default\" data-id=\"de72121\" data-element_type=\"section\">\n\t\t\t\t\t\t<div class=\"elementor-container elementor-column-gap-default\">\n\t\t\t\t\t<div class=\"elementor-column elementor-col-100 elementor-top-column elementor-element elementor-element-ab12676\" data-id=\"ab12676\" data-element_type=\"column\">\n\t\t\t<div class=\"elementor-widget-wrap elementor-element-populated\">\n\t\t\t\t\t\t<div class=\"elementor-element elementor-element-72a3505 elementor-widget elementor-widget-heading\" data-id=\"72a3505\" data-element_type=\"widget\" data-widget_type=\"heading.default\">\n\t\t\t\t<div class=\"elementor-widget-container\">\n\t\t\t\t\t<h2 class=\"elementor-heading-title elementor-size-default\">Actividades destacables<\/h2>\t\t\t\t<\/div>\n\t\t\t\t<\/div>\n\t\t\t\t<div class=\"elementor-element elementor-element-0b48014 elementor-widget elementor-widget-text-editor\" data-id=\"0b48014\" data-element_type=\"widget\" data-widget_type=\"text-editor.default\">\n\t\t\t\t<div class=\"elementor-widget-container\">\n\t\t\t\t\t\t\t\t\t<p><a href=\"https:\/\/blogsaverroes.juntadeandalucia.es\/iesvcn\/visita-al-centro-nacional-de-aceleradores-en-sevilla\/\">https:\/\/blogsaverroes.juntadeandalucia.es\/iesvcn\/visita-al-centro-nacional-de-aceleradores-en-sevilla\/<\/a><\/p><p>\u00a0<\/p><p><a href=\"https:\/\/blogsaverroes.juntadeandalucia.es\/iesvcn\/una-ingeniera-en-nuestro-centro-laura-vida-zaragoza\/\">https:\/\/blogsaverroes.juntadeandalucia.es\/iesvcn\/una-ingeniera-en-nuestro-centro-laura-vida-zaragoza\/<\/a><\/p>\t\t\t\t\t\t\t\t<\/div>\n\t\t\t\t<\/div>\n\t\t\t\t\t<\/div>\n\t\t<\/div>\n\t\t\t\t\t<\/div>\n\t\t<\/section>\n\t\t\t\t<section class=\"elementor-section elementor-top-section elementor-element elementor-element-c2ceeed elementor-section-boxed elementor-section-height-default elementor-section-height-default\" data-id=\"c2ceeed\" data-element_type=\"section\">\n\t\t\t\t\t\t<div class=\"elementor-container elementor-column-gap-default\">\n\t\t\t\t\t<div class=\"elementor-column elementor-col-100 elementor-top-column elementor-element elementor-element-e9e9fa1\" data-id=\"e9e9fa1\" data-element_type=\"column\">\n\t\t\t<div class=\"elementor-widget-wrap elementor-element-populated\">\n\t\t\t\t\t\t<div class=\"elementor-element elementor-element-3185c75 elementor-widget elementor-widget-heading\" data-id=\"3185c75\" data-element_type=\"widget\" data-widget_type=\"heading.default\">\n\t\t\t\t<div class=\"elementor-widget-container\">\n\t\t\t\t\t<h2 class=\"elementor-heading-title elementor-size-default\">Enlaces de inter\u00e9s<\/h2>\t\t\t\t<\/div>\n\t\t\t\t<\/div>\n\t\t\t\t<div class=\"elementor-element elementor-element-e546948 elementor-widget elementor-widget-text-editor\" data-id=\"e546948\" data-element_type=\"widget\" data-widget_type=\"text-editor.default\">\n\t\t\t\t<div class=\"elementor-widget-container\">\n\t\t\t\t\t\t\t\t\t<p><a href=\"https:\/\/phet.colorado.edu\/en\/simulations\/filter?subjects=math-and-statistics&amp;type=html\">https:\/\/phet.colorado.edu\/en\/simulations\/filter?subjects=math-and-statistics&amp;type=html<\/a><\/p><p><a href=\"https:\/\/www.mathwarehouse.com\">https:\/\/www.mathwarehouse.com<\/a><\/p>\t\t\t\t\t\t\t\t<\/div>\n\t\t\t\t<\/div>\n\t\t\t\t\t<\/div>\n\t\t<\/div>\n\t\t\t\t\t<\/div>\n\t\t<\/section>\n\t\t\t\t<\/div>\n\t\t","protected":false},"excerpt":{"rendered":"<p>Noticias del Departamento de Matem\u00e1ticas Asignaturas Matem\u00e1ticas 1\u00ba, 2\u00ba y 3\u00ba ESOMatem\u00e1ticas 4\u00ba ESO opci\u00f3n AMatem\u00e1ticas 4\u00ba ESO opci\u00f3n B\u00c1mbito Cient\u00edfico-Tecnol\u00f3gico 3\u00ba ESOMatem\u00e1ticas I 1\u00ba BachilleratoMatem\u00e1ticas Aplicadas Ciencias Sociales 1\u00ba BachilleratoMatem\u00e1ticas II 2\u00ba BachilleratoMatem\u00e1ticas Aplicadas Ciencias Sociales 2\u00ba Bachillerato Libros&#46;&#46;&#46;<\/p>\n","protected":false},"author":14415,"featured_media":0,"parent":0,"menu_order":0,"comment_status":"closed","ping_status":"closed","template":"","meta":{"ngg_post_thumbnail":0,"footnotes":""},"aioseo_notices":[],"_links":{"self":[{"href":"https:\/\/blogsaverroes.juntadeandalucia.es\/iesvcn\/wp-json\/wp\/v2\/pages\/1318"}],"collection":[{"href":"https:\/\/blogsaverroes.juntadeandalucia.es\/iesvcn\/wp-json\/wp\/v2\/pages"}],"about":[{"href":"https:\/\/blogsaverroes.juntadeandalucia.es\/iesvcn\/wp-json\/wp\/v2\/types\/page"}],"author":[{"embeddable":true,"href":"https:\/\/blogsaverroes.juntadeandalucia.es\/iesvcn\/wp-json\/wp\/v2\/users\/14415"}],"replies":[{"embeddable":true,"href":"https:\/\/blogsaverroes.juntadeandalucia.es\/iesvcn\/wp-json\/wp\/v2\/comments?post=1318"}],"version-history":[{"count":4,"href":"https:\/\/blogsaverroes.juntadeandalucia.es\/iesvcn\/wp-json\/wp\/v2\/pages\/1318\/revisions"}],"predecessor-version":[{"id":8095,"href":"https:\/\/blogsaverroes.juntadeandalucia.es\/iesvcn\/wp-json\/wp\/v2\/pages\/1318\/revisions\/8095"}],"wp:attachment":[{"href":"https:\/\/blogsaverroes.juntadeandalucia.es\/iesvcn\/wp-json\/wp\/v2\/media?parent=1318"}],"curies":[{"name":"wp","href":"https:\/\/api.w.org\/{rel}","templated":true}]}}