{"id":1472,"date":"2022-02-10T20:54:13","date_gmt":"2022-02-10T19:54:13","guid":{"rendered":"https:\/\/blogsaverroes.juntadeandalucia.es\/iesvcn\/?page_id=1472"},"modified":"2022-02-10T21:16:35","modified_gmt":"2022-02-10T20:16:35","slug":"tecnicas-de-estudio","status":"publish","type":"page","link":"https:\/\/blogsaverroes.juntadeandalucia.es\/iesvcn\/tecnicas-de-estudio\/","title":{"rendered":"T\u00e9cnicas de estudio"},"content":{"rendered":"\t\t<div data-elementor-type=\"wp-page\" data-elementor-id=\"1472\" class=\"elementor elementor-1472\">\n\t\t\t\t\t\t<section class=\"elementor-section elementor-top-section elementor-element elementor-element-dcf5147 elementor-section-boxed elementor-section-height-default elementor-section-height-default\" data-id=\"dcf5147\" data-element_type=\"section\">\n\t\t\t\t\t\t<div class=\"elementor-container elementor-column-gap-default\">\n\t\t\t\t\t<div class=\"elementor-column elementor-col-100 elementor-top-column elementor-element elementor-element-f80eaa0\" data-id=\"f80eaa0\" data-element_type=\"column\">\n\t\t\t<div class=\"elementor-widget-wrap elementor-element-populated\">\n\t\t\t\t\t\t<div class=\"elementor-element elementor-element-da68f9f elementor-widget elementor-widget-heading\" data-id=\"da68f9f\" data-element_type=\"widget\" data-widget_type=\"heading.default\">\n\t\t\t\t<div class=\"elementor-widget-container\">\n\t\t\t\t\t<h2 class=\"elementor-heading-title elementor-size-default\">Breve gu\u00eda sobre t\u00e9cnicas de estudio<\/h2>\t\t\t\t<\/div>\n\t\t\t\t<\/div>\n\t\t\t\t\t<\/div>\n\t\t<\/div>\n\t\t\t\t\t<\/div>\n\t\t<\/section>\n\t\t\t\t<section class=\"elementor-section elementor-top-section elementor-element elementor-element-db03397 elementor-section-boxed elementor-section-height-default elementor-section-height-default\" data-id=\"db03397\" data-element_type=\"section\">\n\t\t\t\t\t\t<div class=\"elementor-container elementor-column-gap-default\">\n\t\t\t\t\t<div class=\"elementor-column elementor-col-100 elementor-top-column elementor-element elementor-element-a9d5fa9\" data-id=\"a9d5fa9\" data-element_type=\"column\">\n\t\t\t<div class=\"elementor-widget-wrap\">\n\t\t\t\t\t\t\t<\/div>\n\t\t<\/div>\n\t\t\t\t\t<\/div>\n\t\t<\/section>\n\t\t\t\t<section class=\"elementor-section elementor-top-section elementor-element elementor-element-6b1c909 elementor-section-boxed elementor-section-height-default elementor-section-height-default\" data-id=\"6b1c909\" data-element_type=\"section\">\n\t\t\t\t\t\t<div class=\"elementor-container elementor-column-gap-default\">\n\t\t\t\t\t<div class=\"elementor-column elementor-col-100 elementor-top-column elementor-element elementor-element-68ea97b\" data-id=\"68ea97b\" data-element_type=\"column\">\n\t\t\t<div class=\"elementor-widget-wrap elementor-element-populated\">\n\t\t\t\t\t\t<div class=\"elementor-element elementor-element-0920901 elementor-widget elementor-widget-text-editor\" data-id=\"0920901\" data-element_type=\"widget\" data-widget_type=\"text-editor.default\">\n\t\t\t\t<div class=\"elementor-widget-container\">\n\t\t\t\t\t\t\t\t\t<h6>Organizaci\u00f3n y planificaci\u00f3n el estudio<\/h6>\t\t\t\t\t\t\t\t<\/div>\n\t\t\t\t<\/div>\n\t\t\t\t<div class=\"elementor-element elementor-element-acbb459 elementor-widget elementor-widget-text-editor\" data-id=\"acbb459\" data-element_type=\"widget\" data-widget_type=\"text-editor.default\">\n\t\t\t\t<div class=\"elementor-widget-container\">\n\t\t\t\t\t\t\t\t\t<p>Debes procurar organizar bien tu tiempo y tus actividades tanto en clase como en casa:<\/p>\t\t\t\t\t\t\t\t<\/div>\n\t\t\t\t<\/div>\n\t\t\t\t<div class=\"elementor-element elementor-element-7b8fd1b elementor-widget elementor-widget-text-editor\" data-id=\"7b8fd1b\" data-element_type=\"widget\" data-widget_type=\"text-editor.default\">\n\t\t\t\t<div class=\"elementor-widget-container\">\n\t\t\t\t\t\t\t\t\t<ul><li>Organiza el tiempo de manera que lo distribuyas entre momentos dedicados al estudio, descanso, compa\u00f1eros&#8230;<\/li><li>Procura una distribuci\u00f3n adecuada entre el tiempo de las materias que tienes que estudiar.<\/li><li>Hazlo por ti mismo, con ayuda de tu padre y\/o madre y profesorado.<\/li><li>Haz un horario realista, que puedas cumplir.<\/li><li>Lleva un control del tiempo de estudio en la agenda.<\/li><\/ul>\t\t\t\t\t\t\t\t<\/div>\n\t\t\t\t<\/div>\n\t\t\t\t<div class=\"elementor-element elementor-element-5045490 elementor-widget elementor-widget-text-editor\" data-id=\"5045490\" data-element_type=\"widget\" data-widget_type=\"text-editor.default\">\n\t\t\t\t<div class=\"elementor-widget-container\">\n\t\t\t\t\t\t\t\t\t<p>El estudio ser\u00e1 m\u00e1s eficaz cuanto m\u00e1s provecho saques de las explicaciones del profesorado. Por eso en clase:<\/p>\t\t\t\t\t\t\t\t<\/div>\n\t\t\t\t<\/div>\n\t\t\t\t<div class=\"elementor-element elementor-element-55f354f elementor-widget elementor-widget-text-editor\" data-id=\"55f354f\" data-element_type=\"widget\" data-widget_type=\"text-editor.default\">\n\t\t\t\t<div class=\"elementor-widget-container\">\n\t\t\t\t\t\t\t\t\t<ul><li>Presta atenci\u00f3n para seguir las explicaciones del profesorado, tomando notas y apuntes cuando lo consideres necesario.<\/li><li>Adopta una postura correcta que evite los efectos del cansancio y ayude a mantener la atenci\u00f3n.<\/li><li>Presta m\u00e1s atenci\u00f3n al principio de las explicaciones, porque normalmente es cuando el profesorado da una visi\u00f3n general del tema y eso facilita la comprensi\u00f3n de lo que posteriormente desarrollar\u00e1s.<\/li><li>Lleva el material necesario y anota en esta agenda tanto los deberes diarios como los ex\u00e1menes o trabajos recomendados.<\/li><\/ul>\t\t\t\t\t\t\t\t<\/div>\n\t\t\t\t<\/div>\n\t\t\t\t<div class=\"elementor-element elementor-element-c1df158 elementor-widget elementor-widget-text-editor\" data-id=\"c1df158\" data-element_type=\"widget\" data-widget_type=\"text-editor.default\">\n\t\t\t\t<div class=\"elementor-widget-container\">\n\t\t\t\t\t\t\t\t\t<p>En casa, adem\u00e1s de seguir las advertencias y orientaciones que nos haya dado el profesor o profesora:<\/p>\t\t\t\t\t\t\t\t<\/div>\n\t\t\t\t<\/div>\n\t\t\t\t<div class=\"elementor-element elementor-element-ba5eae5 elementor-widget elementor-widget-text-editor\" data-id=\"ba5eae5\" data-element_type=\"widget\" data-widget_type=\"text-editor.default\">\n\t\t\t\t<div class=\"elementor-widget-container\">\n\t\t\t\t\t\t\t\t\t<ul><li>Consulta tu horario personal y mira lo que debes trabajar.<\/li><li>Haz los deberes que tienes marcados o dedica tiempo para el estudio de las materias. No olvides repasar lo explicado en clase ese d\u00eda, as\u00ed podr\u00e1s preguntar tus dudas y seguir las explicaciones al d\u00eda siguiente.<\/li><li>Examina lo que vas a estudiar: t\u00edtulo, apartados,&#8230; Haz una primera lectura para hacerte una idea general del contenido.<\/li><li>Lee detenidamente los p\u00e1rrafos: subraya, esquematiza y resume. Al final debe quedarte un esquema, resumen o mapa de todo el tema; rep\u00e1salo y apr\u00e9ndetelo.<\/li><\/ul>\t\t\t\t\t\t\t\t<\/div>\n\t\t\t\t<\/div>\n\t\t\t\t<div class=\"elementor-element elementor-element-170eb6c elementor-widget elementor-widget-image\" data-id=\"170eb6c\" data-element_type=\"widget\" data-widget_type=\"image.default\">\n\t\t\t\t<div class=\"elementor-widget-container\">\n\t\t\t\t\t\t\t\t\t\t\t\t\t\t\t<img fetchpriority=\"high\" decoding=\"async\" width=\"520\" height=\"245\" src=\"https:\/\/blogsaverroes.juntadeandalucia.es\/iesvcn\/files\/2022\/02\/school-work-g16ab4adac_1920-520x245.jpg\" class=\"attachment-thumb-medium size-thumb-medium wp-image-1482\" alt=\"\" srcset=\"https:\/\/blogsaverroes.juntadeandalucia.es\/iesvcn\/files\/2022\/02\/school-work-g16ab4adac_1920-520x245.jpg 520w, https:\/\/blogsaverroes.juntadeandalucia.es\/iesvcn\/files\/2022\/02\/school-work-g16ab4adac_1920-720x340.jpg 720w\" sizes=\"(max-width: 520px) 100vw, 520px\" \/>\t\t\t\t\t\t\t\t\t\t\t\t\t\t\t<\/div>\n\t\t\t\t<\/div>\n\t\t\t\t<div class=\"elementor-element elementor-element-1200b2d elementor-widget elementor-widget-text-editor\" data-id=\"1200b2d\" data-element_type=\"widget\" data-widget_type=\"text-editor.default\">\n\t\t\t\t<div class=\"elementor-widget-container\">\n\t\t\t\t\t\t\t\t\t<h6>Para los ex\u00e1menes o pruebas<\/h6>\t\t\t\t\t\t\t\t<\/div>\n\t\t\t\t<\/div>\n\t\t\t\t<div class=\"elementor-element elementor-element-f4b520b elementor-widget elementor-widget-text-editor\" data-id=\"f4b520b\" data-element_type=\"widget\" data-widget_type=\"text-editor.default\">\n\t\t\t\t<div class=\"elementor-widget-container\">\n\t\t\t\t\t\t\t\t\t<p>Te proponemos algunas ideas y actividades para que te enfrentes a ellos con buena disposici\u00f3n y obtengas los mejores resultados.<\/p>\t\t\t\t\t\t\t\t<\/div>\n\t\t\t\t<\/div>\n\t\t\t\t<div class=\"elementor-element elementor-element-8a3f9e1 elementor-widget elementor-widget-text-editor\" data-id=\"8a3f9e1\" data-element_type=\"widget\" data-widget_type=\"text-editor.default\">\n\t\t\t\t<div class=\"elementor-widget-container\">\n\t\t\t\t\t\t\t\t\t<h6>Antes del examen:<\/h6>\t\t\t\t\t\t\t\t<\/div>\n\t\t\t\t<\/div>\n\t\t\t\t<div class=\"elementor-element elementor-element-1808f68 elementor-widget elementor-widget-text-editor\" data-id=\"1808f68\" data-element_type=\"widget\" data-widget_type=\"text-editor.default\">\n\t\t\t\t<div class=\"elementor-widget-container\">\n\t\t\t\t\t\t\t\t\t<ul><li>Debes seguir una buena planificaci\u00f3n desde el principio del curso.<\/li><li>No dejes el estudio para el \u00faltimo d\u00eda. Distribuye los temas o puntos que has de estudiar hasta el d\u00eda anterior del examen. El tiempo que le dediques a cada uno depender\u00e1 de su dificultad.<\/li><li>El d\u00eda de antes:<\/li><li>Procura no estudiar materia nueva.<\/li><li>Repasa s\u00f3lo esquemas y res\u00famenes, recurriendo al libro s\u00f3lo para resolver dudas.<\/li><li>No restes horas al tiempo habitual de descanso.<\/li><li>Prep\u00e1rate mentalmente y recopila con atenci\u00f3n el material que vayas a necesitar en el examen. Te puede ayudar si visualizas la situaci\u00f3n del examen.<\/li><\/ul>\t\t\t\t\t\t\t\t<\/div>\n\t\t\t\t<\/div>\n\t\t\t\t<div class=\"elementor-element elementor-element-71f7edc elementor-widget elementor-widget-text-editor\" data-id=\"71f7edc\" data-element_type=\"widget\" data-widget_type=\"text-editor.default\">\n\t\t\t\t<div class=\"elementor-widget-container\">\n\t\t\t\t\t\t\t\t\t<h6>En el examen:<\/h6>\t\t\t\t\t\t\t\t<\/div>\n\t\t\t\t<\/div>\n\t\t\t\t<div class=\"elementor-element elementor-element-6b5fe80 elementor-widget elementor-widget-text-editor\" data-id=\"6b5fe80\" data-element_type=\"widget\" data-widget_type=\"text-editor.default\">\n\t\t\t\t<div class=\"elementor-widget-container\">\n\t\t\t\t\t\t\t\t\t<ul><li>Si est\u00e1s nervioso en el momento del examen, puedes hacer sencillos movimientos de relajaci\u00f3n y respiraci\u00f3n: realizando alguna respiraci\u00f3n profunda y lenta y contrayendo y relajando m\u00fasculos desde la cabeza, cuello, tronco, brazos y manos, piernas y pies.<\/li><li>Lee atentamente las instrucciones y no olvides escribir tus datos.<\/li><li>Pide aclaraci\u00f3n si no entiendes algo.<\/li><li>Al principio debes hacer una distribuci\u00f3n aproximada del tiempo que vas a dedicar a cada pregunta, dejando tiempo final para repasar lo escrito y corregir ortograf\u00eda, sintaxis, redacci\u00f3n,&#8230;<\/li><li>Es preferible contestar brevemente a todas las cuestiones que extenderse mucho en unas y dejar otras en blanco.<\/li><li>Contesta primero lo que mejor sabes.<\/li><li>Haz un esquema previo que te ayude a ordenar las ideas antes de acometer el desarrollo de la pregunta.<\/li><li>Procura una exposici\u00f3n ordenada, limpia y sin tachaduras; si te es posible utiliza un folio como borrador. \u00a1Cuida la ortograf\u00eda y la expresi\u00f3n!<\/li><\/ul>\t\t\t\t\t\t\t\t<\/div>\n\t\t\t\t<\/div>\n\t\t\t\t\t<\/div>\n\t\t<\/div>\n\t\t\t\t\t<\/div>\n\t\t<\/section>\n\t\t\t\t<\/div>\n\t\t","protected":false},"excerpt":{"rendered":"<p>Breve gu\u00eda sobre t\u00e9cnicas de estudio Organizaci\u00f3n y planificaci\u00f3n el estudio Debes procurar organizar bien tu tiempo y tus actividades tanto en clase como en casa: Organiza el tiempo de manera que lo distribuyas entre momentos dedicados al estudio, descanso,&#46;&#46;&#46;<\/p>\n","protected":false},"author":14415,"featured_media":0,"parent":0,"menu_order":0,"comment_status":"closed","ping_status":"closed","template":"","meta":{"ngg_post_thumbnail":0,"footnotes":""},"aioseo_notices":[],"_links":{"self":[{"href":"https:\/\/blogsaverroes.juntadeandalucia.es\/iesvcn\/wp-json\/wp\/v2\/pages\/1472"}],"collection":[{"href":"https:\/\/blogsaverroes.juntadeandalucia.es\/iesvcn\/wp-json\/wp\/v2\/pages"}],"about":[{"href":"https:\/\/blogsaverroes.juntadeandalucia.es\/iesvcn\/wp-json\/wp\/v2\/types\/page"}],"author":[{"embeddable":true,"href":"https:\/\/blogsaverroes.juntadeandalucia.es\/iesvcn\/wp-json\/wp\/v2\/users\/14415"}],"replies":[{"embeddable":true,"href":"https:\/\/blogsaverroes.juntadeandalucia.es\/iesvcn\/wp-json\/wp\/v2\/comments?post=1472"}],"version-history":[{"count":15,"href":"https:\/\/blogsaverroes.juntadeandalucia.es\/iesvcn\/wp-json\/wp\/v2\/pages\/1472\/revisions"}],"predecessor-version":[{"id":1488,"href":"https:\/\/blogsaverroes.juntadeandalucia.es\/iesvcn\/wp-json\/wp\/v2\/pages\/1472\/revisions\/1488"}],"wp:attachment":[{"href":"https:\/\/blogsaverroes.juntadeandalucia.es\/iesvcn\/wp-json\/wp\/v2\/media?parent=1472"}],"curies":[{"name":"wp","href":"https:\/\/api.w.org\/{rel}","templated":true}]}}