{"id":1924,"date":"2022-02-15T22:31:34","date_gmt":"2022-02-15T21:31:34","guid":{"rendered":"https:\/\/blogsaverroes.juntadeandalucia.es\/iesvcn\/?page_id=1924"},"modified":"2022-02-17T14:40:14","modified_gmt":"2022-02-17T13:40:14","slug":"problemas-acceso-pasen","status":"publish","type":"page","link":"https:\/\/blogsaverroes.juntadeandalucia.es\/iesvcn\/problemas-acceso-pasen\/","title":{"rendered":"Problemas acceso PASEN"},"content":{"rendered":"\t\t<div data-elementor-type=\"wp-page\" data-elementor-id=\"1924\" class=\"elementor elementor-1924\">\n\t\t\t\t\t\t<section class=\"elementor-section elementor-top-section elementor-element elementor-element-4790fa9 elementor-section-boxed elementor-section-height-default elementor-section-height-default\" data-id=\"4790fa9\" data-element_type=\"section\">\n\t\t\t\t\t\t<div class=\"elementor-container elementor-column-gap-default\">\n\t\t\t\t\t<div class=\"elementor-column elementor-col-100 elementor-top-column elementor-element elementor-element-ffe4c4c\" data-id=\"ffe4c4c\" data-element_type=\"column\">\n\t\t\t<div class=\"elementor-widget-wrap elementor-element-populated\">\n\t\t\t\t\t\t<div class=\"elementor-element elementor-element-bf9b640 elementor-tabs-view-horizontal elementor-widget elementor-widget-tabs\" data-id=\"bf9b640\" data-element_type=\"widget\" data-widget_type=\"tabs.default\">\n\t\t\t\t<div class=\"elementor-widget-container\">\n\t\t\t\t\t\t\t<div class=\"elementor-tabs\">\n\t\t\t<div class=\"elementor-tabs-wrapper\" role=\"tablist\" >\n\t\t\t\t\t\t\t\t\t<div id=\"elementor-tab-title-2001\" class=\"elementor-tab-title elementor-tab-desktop-title\" aria-selected=\"true\" data-tab=\"1\" role=\"tab\" tabindex=\"0\" aria-controls=\"elementor-tab-content-2001\" aria-expanded=\"false\">USUARIO INCORRECTO<\/div>\n\t\t\t\t\t\t\t\t\t<div id=\"elementor-tab-title-2002\" class=\"elementor-tab-title elementor-tab-desktop-title\" aria-selected=\"false\" data-tab=\"2\" role=\"tab\" tabindex=\"-1\" aria-controls=\"elementor-tab-content-2002\" aria-expanded=\"false\">USUARIO BLOQUEADO<\/div>\n\t\t\t\t\t\t\t<\/div>\n\t\t\t<div class=\"elementor-tabs-content-wrapper\" role=\"tablist\" aria-orientation=\"vertical\">\n\t\t\t\t\t\t\t\t\t<div class=\"elementor-tab-title elementor-tab-mobile-title\" aria-selected=\"true\" data-tab=\"1\" role=\"tab\" tabindex=\"0\" aria-controls=\"elementor-tab-content-2001\" aria-expanded=\"false\">USUARIO INCORRECTO<\/div>\n\t\t\t\t\t<div id=\"elementor-tab-content-2001\" class=\"elementor-tab-content elementor-clearfix\" data-tab=\"1\" role=\"tabpanel\" aria-labelledby=\"elementor-tab-title-2001\" tabindex=\"0\" hidden=\"false\"><p>Cerci\u00f3rate de que tus credenciales son correctas. De seguir dando error, introduce tu usuario IdEA y pulsa en &#8220;Olvid\u00f3 la contrase\u00f1a&#8221;? \u00c9sta ser\u00e1 enviada por SMS al tel\u00e9fono m\u00f3vil que facilitaste al centro.\u00a0<\/p><p>Si no te llega el SMS, d<span style=\"font-family: Roboto, sans-serif;font-size: 18px;font-style: normal;font-weight: 400\">ir\u00edgete a la Directiva del centro:<\/span><\/p><p style=\"font-style: normal;font-weight: 400;font-size: 18px;font-family: Roboto, sans-serif\">1. Puedes hacerlo m\u00e1s c\u00f3modamente desde otra cuenta de Pasen de la familia, a trav\u00e9s de una comunicaci\u00f3n, dirigida al Equipo Directivo, solicitando el reenv\u00edo de la clave, aportando los siguientes datos:<\/p><p style=\"font-style: normal;font-weight: 400;font-size: 18px;font-family: Roboto, sans-serif\">\u00a0 \u00a0 \u00a0 \u00a0 \u00a0 \u00a0 a) Nombre y apellidos del alumno\/a o del tutor\/a legal.\u00a0<\/p><p style=\"font-style: normal;font-weight: 400;font-size: 18px;font-family: Roboto, sans-serif\">\u00a0 \u00a0 \u00a0 \u00a0 \u00a0 \u00a0 b) Tel\u00e9fono m\u00f3vil donde quiere recibir la contrase\u00f1a.<\/p><p style=\"font-style: normal;font-weight: 400;font-size: 18px;font-family: Roboto, sans-serif\">2) O bien por tel\u00e9fono o acudiendo al Despacho de Direcci\u00f3n o Secretar\u00eda.<\/p><\/div>\n\t\t\t\t\t\t\t\t\t<div class=\"elementor-tab-title elementor-tab-mobile-title\" aria-selected=\"false\" data-tab=\"2\" role=\"tab\" tabindex=\"-1\" aria-controls=\"elementor-tab-content-2002\" aria-expanded=\"false\">USUARIO BLOQUEADO<\/div>\n\t\t\t\t\t<div id=\"elementor-tab-content-2002\" class=\"elementor-tab-content elementor-clearfix\" data-tab=\"2\" role=\"tabpanel\" aria-labelledby=\"elementor-tab-title-2002\" tabindex=\"0\" hidden=\"hidden\"><p style=\"font-style: normal;font-weight: 400;font-size: 18px;font-family: Roboto, sans-serif\">Dir\u00edgete a la Directiva del centro:<\/p><p style=\"font-style: normal;font-weight: 400;font-size: 18px;font-family: Roboto, sans-serif\">1. Puedes hacerlo m\u00e1s c\u00f3modamente desde otra cuenta de Pasen de la familia, a trav\u00e9s de una comunicaci\u00f3n, dirigida al Equipo Directivo, solicitando el reenv\u00edo de la clave, aportando los siguientes datos:<\/p><p style=\"font-style: normal;font-weight: 400;font-size: 18px;font-family: Roboto, sans-serif\">\u00a0 \u00a0 \u00a0 \u00a0 \u00a0 \u00a0 a) Nombre y apellidos del alumno\/a o del tutor\/a legal.\u00a0<\/p><p style=\"font-style: normal;font-weight: 400;font-size: 18px;font-family: Roboto, sans-serif\">\u00a0 \u00a0 \u00a0 \u00a0 \u00a0 \u00a0 b) Tel\u00e9fono m\u00f3vil donde quiere recibir la contrase\u00f1a.<\/p><p style=\"font-style: normal;font-weight: 400;font-size: 18px;font-family: Roboto, sans-serif\">2) O bien por tel\u00e9fono o acudiendo al Despacho de Direcci\u00f3n o Secretar\u00eda.<\/p><\/div>\n\t\t\t\t\t\t\t<\/div>\n\t\t<\/div>\n\t\t\t\t\t\t<\/div>\n\t\t\t\t<\/div>\n\t\t\t\t<div class=\"elementor-element elementor-element-e4f9727 elementor-widget elementor-widget-image\" data-id=\"e4f9727\" data-element_type=\"widget\" data-widget_type=\"image.default\">\n\t\t\t\t<div class=\"elementor-widget-container\">\n\t\t\t\t\t\t\t\t\t\t\t\t\t\t\t<img fetchpriority=\"high\" decoding=\"async\" width=\"181\" height=\"300\" src=\"https:\/\/blogsaverroes.juntadeandalucia.es\/iesvcn\/files\/2022\/02\/ipasen-app-password-181x300.jpg\" class=\"attachment-medium size-medium wp-image-1925\" alt=\"\" srcset=\"https:\/\/blogsaverroes.juntadeandalucia.es\/iesvcn\/files\/2022\/02\/ipasen-app-password-181x300.jpg 181w, https:\/\/blogsaverroes.juntadeandalucia.es\/iesvcn\/files\/2022\/02\/ipasen-app-password.jpg 619w\" sizes=\"(max-width: 181px) 100vw, 181px\" \/>\t\t\t\t\t\t\t\t\t\t\t\t\t\t\t<\/div>\n\t\t\t\t<\/div>\n\t\t\t\t\t<\/div>\n\t\t<\/div>\n\t\t\t\t\t<\/div>\n\t\t<\/section>\n\t\t\t\t<\/div>\n\t\t","protected":false},"excerpt":{"rendered":"<p>USUARIO INCORRECTO USUARIO BLOQUEADO USUARIO INCORRECTO Cerci\u00f3rate de que tus credenciales son correctas. De seguir dando error, introduce tu usuario IdEA y pulsa en &#8220;Olvid\u00f3 la contrase\u00f1a&#8221;? \u00c9sta ser\u00e1 enviada por SMS al tel\u00e9fono m\u00f3vil que facilitaste al centro.\u00a0 Si&#46;&#46;&#46;<\/p>\n","protected":false},"author":14454,"featured_media":0,"parent":0,"menu_order":0,"comment_status":"closed","ping_status":"closed","template":"","meta":{"ngg_post_thumbnail":0,"footnotes":""},"aioseo_notices":[],"_links":{"self":[{"href":"https:\/\/blogsaverroes.juntadeandalucia.es\/iesvcn\/wp-json\/wp\/v2\/pages\/1924"}],"collection":[{"href":"https:\/\/blogsaverroes.juntadeandalucia.es\/iesvcn\/wp-json\/wp\/v2\/pages"}],"about":[{"href":"https:\/\/blogsaverroes.juntadeandalucia.es\/iesvcn\/wp-json\/wp\/v2\/types\/page"}],"author":[{"embeddable":true,"href":"https:\/\/blogsaverroes.juntadeandalucia.es\/iesvcn\/wp-json\/wp\/v2\/users\/14454"}],"replies":[{"embeddable":true,"href":"https:\/\/blogsaverroes.juntadeandalucia.es\/iesvcn\/wp-json\/wp\/v2\/comments?post=1924"}],"version-history":[{"count":6,"href":"https:\/\/blogsaverroes.juntadeandalucia.es\/iesvcn\/wp-json\/wp\/v2\/pages\/1924\/revisions"}],"predecessor-version":[{"id":2319,"href":"https:\/\/blogsaverroes.juntadeandalucia.es\/iesvcn\/wp-json\/wp\/v2\/pages\/1924\/revisions\/2319"}],"wp:attachment":[{"href":"https:\/\/blogsaverroes.juntadeandalucia.es\/iesvcn\/wp-json\/wp\/v2\/media?parent=1924"}],"curies":[{"name":"wp","href":"https:\/\/api.w.org\/{rel}","templated":true}]}}