{"id":2321,"date":"2022-02-17T14:49:33","date_gmt":"2022-02-17T13:49:33","guid":{"rendered":"https:\/\/blogsaverroes.juntadeandalucia.es\/iesvcn\/?page_id=2321"},"modified":"2022-02-22T18:45:57","modified_gmt":"2022-02-22T17:45:57","slug":"ausencias-pasen","status":"publish","type":"page","link":"https:\/\/blogsaverroes.juntadeandalucia.es\/iesvcn\/ausencias-pasen\/","title":{"rendered":"Ausencias Pasen"},"content":{"rendered":"\t\t<div data-elementor-type=\"wp-page\" data-elementor-id=\"2321\" class=\"elementor elementor-2321\">\n\t\t\t\t\t\t<section class=\"elementor-section elementor-top-section elementor-element elementor-element-a429d51 elementor-section-boxed elementor-section-height-default elementor-section-height-default\" data-id=\"a429d51\" data-element_type=\"section\">\n\t\t\t\t\t\t<div class=\"elementor-container elementor-column-gap-default\">\n\t\t\t\t\t<div class=\"elementor-column elementor-col-100 elementor-top-column elementor-element elementor-element-12b59d8\" data-id=\"12b59d8\" data-element_type=\"column\">\n\t\t\t<div class=\"elementor-widget-wrap elementor-element-populated\">\n\t\t\t\t\t\t<section class=\"elementor-section elementor-inner-section elementor-element elementor-element-9e72685 elementor-section-boxed elementor-section-height-default elementor-section-height-default\" data-id=\"9e72685\" data-element_type=\"section\">\n\t\t\t\t\t\t<div class=\"elementor-container elementor-column-gap-default\">\n\t\t\t\t\t<div class=\"elementor-column elementor-col-50 elementor-inner-column elementor-element elementor-element-ef6f9ec\" data-id=\"ef6f9ec\" data-element_type=\"column\">\n\t\t\t<div class=\"elementor-widget-wrap elementor-element-populated\">\n\t\t\t\t\t\t<div class=\"elementor-element elementor-element-f759891 elementor-widget elementor-widget-image\" data-id=\"f759891\" data-element_type=\"widget\" data-widget_type=\"image.default\">\n\t\t\t\t<div class=\"elementor-widget-container\">\n\t\t\t\t\t\t\t\t\t\t\t\t\t\t\t<img decoding=\"async\" width=\"156\" height=\"300\" src=\"https:\/\/blogsaverroes.juntadeandalucia.es\/iesvcn\/files\/2022\/02\/1645013846460-1-156x300.jpg\" class=\"attachment-medium size-medium wp-image-2776\" alt=\"\" srcset=\"https:\/\/blogsaverroes.juntadeandalucia.es\/iesvcn\/files\/2022\/02\/1645013846460-1-156x300.jpg 156w, https:\/\/blogsaverroes.juntadeandalucia.es\/iesvcn\/files\/2022\/02\/1645013846460-1-533x1024.jpg 533w, https:\/\/blogsaverroes.juntadeandalucia.es\/iesvcn\/files\/2022\/02\/1645013846460-1-768x1475.jpg 768w, https:\/\/blogsaverroes.juntadeandalucia.es\/iesvcn\/files\/2022\/02\/1645013846460-1-800x1536.jpg 800w, https:\/\/blogsaverroes.juntadeandalucia.es\/iesvcn\/files\/2022\/02\/1645013846460-1-1066x2048.jpg 1066w, https:\/\/blogsaverroes.juntadeandalucia.es\/iesvcn\/files\/2022\/02\/1645013846460-1.jpg 1080w\" sizes=\"(max-width: 156px) 100vw, 156px\" \/>\t\t\t\t\t\t\t\t\t\t\t\t\t\t\t<\/div>\n\t\t\t\t<\/div>\n\t\t\t\t\t<\/div>\n\t\t<\/div>\n\t\t\t\t<div class=\"elementor-column elementor-col-50 elementor-inner-column elementor-element elementor-element-941563c\" data-id=\"941563c\" data-element_type=\"column\">\n\t\t\t<div class=\"elementor-widget-wrap elementor-element-populated\">\n\t\t\t\t\t\t<div class=\"elementor-element elementor-element-0af7a8d elementor-widget elementor-widget-text-editor\" data-id=\"0af7a8d\" data-element_type=\"widget\" data-widget_type=\"text-editor.default\">\n\t\t\t\t<div class=\"elementor-widget-container\">\n\t\t\t\t\t\t\t\t\t<p>Dentro del men\u00fa ALUMNADO, podr\u00e1 encontrar el apartado FALTAS DE ASISTENCIA, donde los tutores\/as legales podr\u00e1n comunicar una ausencia futura o justificar una ausencia tras haberse producido \u00e9sta y haber sido registrada por el profesor\/a correspondiente.<\/p>\t\t\t\t\t\t\t\t<\/div>\n\t\t\t\t<\/div>\n\t\t\t\t\t<\/div>\n\t\t<\/div>\n\t\t\t\t\t<\/div>\n\t\t<\/section>\n\t\t\t\t\t<\/div>\n\t\t<\/div>\n\t\t\t\t\t<\/div>\n\t\t<\/section>\n\t\t\t\t<section class=\"elementor-section elementor-top-section elementor-element elementor-element-653fc20 elementor-section-boxed elementor-section-height-default elementor-section-height-default\" data-id=\"653fc20\" data-element_type=\"section\">\n\t\t\t\t\t\t<div class=\"elementor-container elementor-column-gap-default\">\n\t\t\t\t\t<div class=\"elementor-column elementor-col-100 elementor-top-column elementor-element elementor-element-5fff89b\" data-id=\"5fff89b\" data-element_type=\"column\">\n\t\t\t<div class=\"elementor-widget-wrap elementor-element-populated\">\n\t\t\t\t\t\t<div class=\"elementor-element elementor-element-12e2085 elementor-widget elementor-widget-heading\" data-id=\"12e2085\" data-element_type=\"widget\" data-widget_type=\"heading.default\">\n\t\t\t\t<div class=\"elementor-widget-container\">\n\t\t\t\t\t<h2 class=\"elementor-heading-title elementor-size-default\">Comunicar una ausencia <\/h2>\t\t\t\t<\/div>\n\t\t\t\t<\/div>\n\t\t\t\t<section class=\"elementor-section elementor-inner-section elementor-element elementor-element-ebf568d elementor-section-boxed elementor-section-height-default elementor-section-height-default\" data-id=\"ebf568d\" data-element_type=\"section\">\n\t\t\t\t\t\t<div class=\"elementor-container elementor-column-gap-default\">\n\t\t\t\t\t<div class=\"elementor-column elementor-col-50 elementor-inner-column elementor-element elementor-element-4ce6200\" data-id=\"4ce6200\" data-element_type=\"column\">\n\t\t\t<div class=\"elementor-widget-wrap elementor-element-populated\">\n\t\t\t\t\t\t<div class=\"elementor-element elementor-element-bd2b977 elementor-widget elementor-widget-image\" data-id=\"bd2b977\" data-element_type=\"widget\" data-widget_type=\"image.default\">\n\t\t\t\t<div class=\"elementor-widget-container\">\n\t\t\t\t\t\t\t\t\t\t\t\t\t\t\t<img fetchpriority=\"high\" decoding=\"async\" width=\"243\" height=\"300\" src=\"https:\/\/blogsaverroes.juntadeandalucia.es\/iesvcn\/files\/2022\/02\/d-243x300.jpg\" class=\"attachment-medium size-medium wp-image-2790\" alt=\"\" srcset=\"https:\/\/blogsaverroes.juntadeandalucia.es\/iesvcn\/files\/2022\/02\/d-243x300.jpg 243w, https:\/\/blogsaverroes.juntadeandalucia.es\/iesvcn\/files\/2022\/02\/d.jpg 336w\" sizes=\"(max-width: 243px) 100vw, 243px\" \/>\t\t\t\t\t\t\t\t\t\t\t\t\t\t\t<\/div>\n\t\t\t\t<\/div>\n\t\t\t\t\t<\/div>\n\t\t<\/div>\n\t\t\t\t<div class=\"elementor-column elementor-col-50 elementor-inner-column elementor-element elementor-element-4e8e3dd\" data-id=\"4e8e3dd\" data-element_type=\"column\">\n\t\t\t<div class=\"elementor-widget-wrap elementor-element-populated\">\n\t\t\t\t\t\t<div class=\"elementor-element elementor-element-4130065 elementor-widget elementor-widget-text-editor\" data-id=\"4130065\" data-element_type=\"widget\" data-widget_type=\"text-editor.default\">\n\t\t\t\t<div class=\"elementor-widget-container\">\n\t\t\t\t\t\t\t\t\t<p><span style=\"font-family: Roboto, sans-serif;font-size: 18px;font-style: normal;font-weight: 400\">Si el alumno\/a va a faltar por alguna raz\u00f3n (cita m\u00e9dica, malestar o enfermedad&#8230;), los tutores legales pueden comunicarlo al profesorado previamente, r<\/span><span style=\"font-family: Roboto, sans-serif;font-size: 18px;font-style: normal;font-weight: 400\">ellenando los datos solicitados. De esta forma, los propios profesores de cada hora podr\u00e1n acceder a dicha comunicaci\u00f3n y podr\u00e1n poner la falta justificada directamente al pasar lista.<\/span><\/p>\t\t\t\t\t\t\t\t<\/div>\n\t\t\t\t<\/div>\n\t\t\t\t\t<\/div>\n\t\t<\/div>\n\t\t\t\t\t<\/div>\n\t\t<\/section>\n\t\t\t\t\t<\/div>\n\t\t<\/div>\n\t\t\t\t\t<\/div>\n\t\t<\/section>\n\t\t\t\t<section class=\"elementor-section elementor-top-section elementor-element elementor-element-5a5d918 elementor-section-boxed elementor-section-height-default elementor-section-height-default\" data-id=\"5a5d918\" data-element_type=\"section\">\n\t\t\t\t\t\t<div class=\"elementor-container elementor-column-gap-default\">\n\t\t\t\t\t<div class=\"elementor-column elementor-col-100 elementor-top-column elementor-element elementor-element-c4cd346\" data-id=\"c4cd346\" data-element_type=\"column\">\n\t\t\t<div class=\"elementor-widget-wrap elementor-element-populated\">\n\t\t\t\t\t\t<div class=\"elementor-element elementor-element-26fce77 elementor-widget elementor-widget-heading\" data-id=\"26fce77\" data-element_type=\"widget\" data-widget_type=\"heading.default\">\n\t\t\t\t<div class=\"elementor-widget-container\">\n\t\t\t\t\t<h2 class=\"elementor-heading-title elementor-size-default\">Justificar una falta al tutor\/a<\/h2>\t\t\t\t<\/div>\n\t\t\t\t<\/div>\n\t\t\t\t\t<\/div>\n\t\t<\/div>\n\t\t\t\t\t<\/div>\n\t\t<\/section>\n\t\t\t\t<section class=\"elementor-section elementor-top-section elementor-element elementor-element-d87c5d3 elementor-section-boxed elementor-section-height-default elementor-section-height-default\" data-id=\"d87c5d3\" data-element_type=\"section\">\n\t\t\t\t\t\t<div class=\"elementor-container elementor-column-gap-default\">\n\t\t\t\t\t<div class=\"elementor-column elementor-col-100 elementor-top-column elementor-element elementor-element-6a409b0\" data-id=\"6a409b0\" data-element_type=\"column\">\n\t\t\t<div class=\"elementor-widget-wrap elementor-element-populated\">\n\t\t\t\t\t\t<div class=\"elementor-element elementor-element-f7b8b88 elementor-widget elementor-widget-text-editor\" data-id=\"f7b8b88\" data-element_type=\"widget\" data-widget_type=\"text-editor.default\">\n\t\t\t\t<div class=\"elementor-widget-container\">\n\t\t\t\t\t\t\t\t\t<p><span style=\"font-family: Roboto, sans-serif;font-size: 18px;font-style: normal;font-weight: 400\">Si el alumno\/a ha faltado a una clase y \u00e9sta no se ha comunicado, el profesorado pondr\u00e1 la FALTA INJUSTIFICADA. Para justificar dicha falta al tutor\/a, se deber\u00e1 entrar en la pesta\u00f1a FALTAS DE ASISTENCIA y rellenar los datos solicitados. En caso de faltas recurrentes, se recomienda se adjunte documento justificativo del centro de salud o similar. Os recordamos que aunque el facultativo no est\u00e1 obligado a generar un comprobante de la visita m\u00e9dica, siempre pod\u00e9is solicitarlo en el mostrador de recepci\u00f3n tras la visita.&nbsp; &nbsp;<\/span><br><\/p>\t\t\t\t\t\t\t\t<\/div>\n\t\t\t\t<\/div>\n\t\t\t\t\t<\/div>\n\t\t<\/div>\n\t\t\t\t\t<\/div>\n\t\t<\/section>\n\t\t\t\t<\/div>\n\t\t","protected":false},"excerpt":{"rendered":"<p>Dentro del men\u00fa ALUMNADO, podr\u00e1 encontrar el apartado FALTAS DE ASISTENCIA, donde los tutores\/as legales podr\u00e1n comunicar una ausencia futura o justificar una ausencia tras haberse producido \u00e9sta y haber sido registrada por el profesor\/a correspondiente. Comunicar una ausencia Si&#46;&#46;&#46;<\/p>\n","protected":false},"author":14454,"featured_media":0,"parent":0,"menu_order":0,"comment_status":"closed","ping_status":"closed","template":"","meta":{"ngg_post_thumbnail":0,"footnotes":""},"aioseo_notices":[],"_links":{"self":[{"href":"https:\/\/blogsaverroes.juntadeandalucia.es\/iesvcn\/wp-json\/wp\/v2\/pages\/2321"}],"collection":[{"href":"https:\/\/blogsaverroes.juntadeandalucia.es\/iesvcn\/wp-json\/wp\/v2\/pages"}],"about":[{"href":"https:\/\/blogsaverroes.juntadeandalucia.es\/iesvcn\/wp-json\/wp\/v2\/types\/page"}],"author":[{"embeddable":true,"href":"https:\/\/blogsaverroes.juntadeandalucia.es\/iesvcn\/wp-json\/wp\/v2\/users\/14454"}],"replies":[{"embeddable":true,"href":"https:\/\/blogsaverroes.juntadeandalucia.es\/iesvcn\/wp-json\/wp\/v2\/comments?post=2321"}],"version-history":[{"count":12,"href":"https:\/\/blogsaverroes.juntadeandalucia.es\/iesvcn\/wp-json\/wp\/v2\/pages\/2321\/revisions"}],"predecessor-version":[{"id":2807,"href":"https:\/\/blogsaverroes.juntadeandalucia.es\/iesvcn\/wp-json\/wp\/v2\/pages\/2321\/revisions\/2807"}],"wp:attachment":[{"href":"https:\/\/blogsaverroes.juntadeandalucia.es\/iesvcn\/wp-json\/wp\/v2\/media?parent=2321"}],"curies":[{"name":"wp","href":"https:\/\/api.w.org\/{rel}","templated":true}]}}