{"id":2343,"date":"2022-02-17T20:34:08","date_gmt":"2022-02-17T19:34:08","guid":{"rendered":"https:\/\/blogsaverroes.juntadeandalucia.es\/iesvcn\/?page_id=2343"},"modified":"2022-02-17T21:25:31","modified_gmt":"2022-02-17T20:25:31","slug":"como-utilizar-moodle-centros","status":"publish","type":"page","link":"https:\/\/blogsaverroes.juntadeandalucia.es\/iesvcn\/como-utilizar-moodle-centros\/","title":{"rendered":"C\u00f3mo utilizar Moodle Centros"},"content":{"rendered":"\t\t<div data-elementor-type=\"wp-page\" data-elementor-id=\"2343\" class=\"elementor elementor-2343\">\n\t\t\t\t\t\t<section class=\"elementor-section elementor-top-section elementor-element elementor-element-175c444 elementor-section-boxed elementor-section-height-default elementor-section-height-default\" data-id=\"175c444\" data-element_type=\"section\">\n\t\t\t\t\t\t<div class=\"elementor-container elementor-column-gap-default\">\n\t\t\t\t\t<div class=\"elementor-column elementor-col-100 elementor-top-column elementor-element elementor-element-7ebc532\" data-id=\"7ebc532\" data-element_type=\"column\">\n\t\t\t<div class=\"elementor-widget-wrap elementor-element-populated\">\n\t\t\t\t\t\t<div class=\"elementor-element elementor-element-881031c elementor-widget elementor-widget-text-editor\" data-id=\"881031c\" data-element_type=\"widget\" data-widget_type=\"text-editor.default\">\n\t\t\t\t<div class=\"elementor-widget-container\">\n\t\t\t\t\t\t\t\t\t<p>Despu\u00e9s de acceder a <a href=\"https:\/\/educacionadistancia.juntadeandalucia.es\/centros\/cordoba\">Moodle Centros C\u00f3rdoba<\/a>\u00a0y acceder con tus credenciales IdEA, encontrar\u00e1s una pantalla parecida a la siguiente.<\/p>\t\t\t\t\t\t\t\t<\/div>\n\t\t\t\t<\/div>\n\t\t\t\t\t<\/div>\n\t\t<\/div>\n\t\t\t\t\t<\/div>\n\t\t<\/section>\n\t\t\t\t<section class=\"elementor-section elementor-top-section elementor-element elementor-element-24d8dba elementor-section-boxed elementor-section-height-default elementor-section-height-default\" data-id=\"24d8dba\" data-element_type=\"section\">\n\t\t\t\t\t\t<div class=\"elementor-container elementor-column-gap-default\">\n\t\t\t\t\t<div class=\"elementor-column elementor-col-100 elementor-top-column elementor-element elementor-element-6387f59\" data-id=\"6387f59\" data-element_type=\"column\">\n\t\t\t<div class=\"elementor-widget-wrap elementor-element-populated\">\n\t\t\t\t\t\t<div class=\"elementor-element elementor-element-ab67dbd elementor-widget elementor-widget-image\" data-id=\"ab67dbd\" data-element_type=\"widget\" data-widget_type=\"image.default\">\n\t\t\t\t<div class=\"elementor-widget-container\">\n\t\t\t\t\t\t\t\t\t\t\t\t\t\t\t<img fetchpriority=\"high\" decoding=\"async\" width=\"1024\" height=\"544\" src=\"https:\/\/blogsaverroes.juntadeandalucia.es\/iesvcn\/files\/2022\/02\/moodle2-1024x544.png\" class=\"attachment-large size-large wp-image-2345\" alt=\"\" srcset=\"https:\/\/blogsaverroes.juntadeandalucia.es\/iesvcn\/files\/2022\/02\/moodle2-1024x544.png 1024w, https:\/\/blogsaverroes.juntadeandalucia.es\/iesvcn\/files\/2022\/02\/moodle2-300x159.png 300w, https:\/\/blogsaverroes.juntadeandalucia.es\/iesvcn\/files\/2022\/02\/moodle2-768x408.png 768w, https:\/\/blogsaverroes.juntadeandalucia.es\/iesvcn\/files\/2022\/02\/moodle2.png 1422w\" sizes=\"(max-width: 1024px) 100vw, 1024px\" \/>\t\t\t\t\t\t\t\t\t\t\t\t\t\t\t<\/div>\n\t\t\t\t<\/div>\n\t\t\t\t\t<\/div>\n\t\t<\/div>\n\t\t\t\t\t<\/div>\n\t\t<\/section>\n\t\t\t\t<section class=\"elementor-section elementor-top-section elementor-element elementor-element-d0d9e6d elementor-section-boxed elementor-section-height-default elementor-section-height-default\" data-id=\"d0d9e6d\" data-element_type=\"section\">\n\t\t\t\t\t\t<div class=\"elementor-container elementor-column-gap-default\">\n\t\t\t\t\t<div class=\"elementor-column elementor-col-100 elementor-top-column elementor-element elementor-element-ddfc857\" data-id=\"ddfc857\" data-element_type=\"column\">\n\t\t\t<div class=\"elementor-widget-wrap elementor-element-populated\">\n\t\t\t\t\t\t<div class=\"elementor-element elementor-element-5296a4b elementor-widget elementor-widget-text-editor\" data-id=\"5296a4b\" data-element_type=\"widget\" data-widget_type=\"text-editor.default\">\n\t\t\t\t<div class=\"elementor-widget-container\">\n\t\t\t\t\t\t\t\t\t<p>Como puedes observar, la pantalla se divide en 3 secciones a modo de columnas, debajo de una barra superior donde tienes acceso a configuraciones y ajustes relacionados con tu perfil.<\/p><p>En el centro tienes el bloque principal, donde estar\u00e1s viendo los cursos en los que autom\u00e1ticamente te encuentras matriculado ya y desde donde puedes acceder al material que tu profesor\/a haya subido.<\/p><p>En la barra superior puedes realizar las siguientes acciones:<\/p>\t\t\t\t\t\t\t\t<\/div>\n\t\t\t\t<\/div>\n\t\t\t\t\t<\/div>\n\t\t<\/div>\n\t\t\t\t\t<\/div>\n\t\t<\/section>\n\t\t\t\t<section class=\"elementor-section elementor-top-section elementor-element elementor-element-8bf7a97 elementor-section-boxed elementor-section-height-default elementor-section-height-default\" data-id=\"8bf7a97\" data-element_type=\"section\">\n\t\t\t\t\t\t<div class=\"elementor-container elementor-column-gap-default\">\n\t\t\t\t\t<div class=\"elementor-column elementor-col-100 elementor-top-column elementor-element elementor-element-00b1c6c\" data-id=\"00b1c6c\" data-element_type=\"column\">\n\t\t\t<div class=\"elementor-widget-wrap elementor-element-populated\">\n\t\t\t\t\t\t<div class=\"elementor-element elementor-element-0dded10 elementor-widget elementor-widget-image\" data-id=\"0dded10\" data-element_type=\"widget\" data-widget_type=\"image.default\">\n\t\t\t\t<div class=\"elementor-widget-container\">\n\t\t\t\t\t\t\t\t\t\t\t\t\t\t\t<img decoding=\"async\" width=\"961\" height=\"381\" src=\"https:\/\/blogsaverroes.juntadeandalucia.es\/iesvcn\/files\/2022\/02\/moodle3.png\" class=\"attachment-large size-large wp-image-2346\" alt=\"\" srcset=\"https:\/\/blogsaverroes.juntadeandalucia.es\/iesvcn\/files\/2022\/02\/moodle3.png 961w, https:\/\/blogsaverroes.juntadeandalucia.es\/iesvcn\/files\/2022\/02\/moodle3-300x119.png 300w, https:\/\/blogsaverroes.juntadeandalucia.es\/iesvcn\/files\/2022\/02\/moodle3-768x304.png 768w\" sizes=\"(max-width: 961px) 100vw, 961px\" \/>\t\t\t\t\t\t\t\t\t\t\t\t\t\t\t<\/div>\n\t\t\t\t<\/div>\n\t\t\t\t\t<\/div>\n\t\t<\/div>\n\t\t\t\t\t<\/div>\n\t\t<\/section>\n\t\t\t\t<section class=\"elementor-section elementor-top-section elementor-element elementor-element-c11d078 elementor-section-boxed elementor-section-height-default elementor-section-height-default\" data-id=\"c11d078\" data-element_type=\"section\">\n\t\t\t\t\t\t<div class=\"elementor-container elementor-column-gap-default\">\n\t\t\t\t\t<div class=\"elementor-column elementor-col-100 elementor-top-column elementor-element elementor-element-a7e76bd\" data-id=\"a7e76bd\" data-element_type=\"column\">\n\t\t\t<div class=\"elementor-widget-wrap elementor-element-populated\">\n\t\t\t\t\t\t<div class=\"elementor-element elementor-element-22e5f68 elementor-widget elementor-widget-text-editor\" data-id=\"22e5f68\" data-element_type=\"widget\" data-widget_type=\"text-editor.default\">\n\t\t\t\t<div class=\"elementor-widget-container\">\n\t\t\t\t\t\t\t\t\t<p>Cualquier configuraci\u00f3n relativa a tu perfil de usuario, la puedes realizar clickando sobre el icono personal: editar el perfil, idiomas (espa\u00f1ol, ingl\u00e9s y franc\u00e9s), configurar el foro, el editor de texto, preferencias del calendario, ajustes de mensajer\u00eda, notificaciones, insignias, etc.<\/p>\t\t\t\t\t\t\t\t<\/div>\n\t\t\t\t<\/div>\n\t\t\t\t\t<\/div>\n\t\t<\/div>\n\t\t\t\t\t<\/div>\n\t\t<\/section>\n\t\t\t\t<section class=\"elementor-section elementor-top-section elementor-element elementor-element-eeb564d elementor-section-boxed elementor-section-height-default elementor-section-height-default\" data-id=\"eeb564d\" data-element_type=\"section\">\n\t\t\t\t\t\t<div class=\"elementor-container elementor-column-gap-default\">\n\t\t\t\t\t<div class=\"elementor-column elementor-col-100 elementor-top-column elementor-element elementor-element-7527197\" data-id=\"7527197\" data-element_type=\"column\">\n\t\t\t<div class=\"elementor-widget-wrap elementor-element-populated\">\n\t\t\t\t\t\t<div class=\"elementor-element elementor-element-1121991 elementor-widget elementor-widget-image\" data-id=\"1121991\" data-element_type=\"widget\" data-widget_type=\"image.default\">\n\t\t\t\t<div class=\"elementor-widget-container\">\n\t\t\t\t\t\t\t\t\t\t\t\t\t\t\t<img decoding=\"async\" width=\"1024\" height=\"334\" src=\"https:\/\/blogsaverroes.juntadeandalucia.es\/iesvcn\/files\/2022\/02\/moodle4-1024x334.png\" class=\"attachment-large size-large wp-image-2347\" alt=\"\" srcset=\"https:\/\/blogsaverroes.juntadeandalucia.es\/iesvcn\/files\/2022\/02\/moodle4-1024x334.png 1024w, https:\/\/blogsaverroes.juntadeandalucia.es\/iesvcn\/files\/2022\/02\/moodle4-300x98.png 300w, https:\/\/blogsaverroes.juntadeandalucia.es\/iesvcn\/files\/2022\/02\/moodle4-768x251.png 768w, https:\/\/blogsaverroes.juntadeandalucia.es\/iesvcn\/files\/2022\/02\/moodle4.png 1029w\" sizes=\"(max-width: 1024px) 100vw, 1024px\" \/>\t\t\t\t\t\t\t\t\t\t\t\t\t\t\t<\/div>\n\t\t\t\t<\/div>\n\t\t\t\t\t<\/div>\n\t\t<\/div>\n\t\t\t\t\t<\/div>\n\t\t<\/section>\n\t\t\t\t<section class=\"elementor-section elementor-top-section elementor-element elementor-element-5c6b34f elementor-section-boxed elementor-section-height-default elementor-section-height-default\" data-id=\"5c6b34f\" data-element_type=\"section\">\n\t\t\t\t\t\t<div class=\"elementor-container elementor-column-gap-default\">\n\t\t\t\t\t<div class=\"elementor-column elementor-col-100 elementor-top-column elementor-element elementor-element-dd654bb\" data-id=\"dd654bb\" data-element_type=\"column\">\n\t\t\t<div class=\"elementor-widget-wrap elementor-element-populated\">\n\t\t\t\t\t\t<div class=\"elementor-element elementor-element-9233902 elementor-widget elementor-widget-text-editor\" data-id=\"9233902\" data-element_type=\"widget\" data-widget_type=\"text-editor.default\">\n\t\t\t\t<div class=\"elementor-widget-container\">\n\t\t\t\t\t\t\t\t\t<p>Si cambias a la pesta\u00f1a detalles aun podr\u00e1s ver mucha m\u00e1s informaci\u00f3n de tu perfil de usuario.<\/p>\t\t\t\t\t\t\t\t<\/div>\n\t\t\t\t<\/div>\n\t\t\t\t\t<\/div>\n\t\t<\/div>\n\t\t\t\t\t<\/div>\n\t\t<\/section>\n\t\t\t\t<section class=\"elementor-section elementor-top-section elementor-element elementor-element-385bcae elementor-section-boxed elementor-section-height-default elementor-section-height-default\" data-id=\"385bcae\" data-element_type=\"section\">\n\t\t\t\t\t\t<div class=\"elementor-container elementor-column-gap-default\">\n\t\t\t\t\t<div class=\"elementor-column elementor-col-100 elementor-top-column elementor-element elementor-element-265e131\" data-id=\"265e131\" data-element_type=\"column\">\n\t\t\t<div class=\"elementor-widget-wrap elementor-element-populated\">\n\t\t\t\t\t\t<div class=\"elementor-element elementor-element-fca201c elementor-widget elementor-widget-image\" data-id=\"fca201c\" data-element_type=\"widget\" data-widget_type=\"image.default\">\n\t\t\t\t<div class=\"elementor-widget-container\">\n\t\t\t\t\t\t\t\t\t\t\t\t\t\t\t<img loading=\"lazy\" decoding=\"async\" width=\"1024\" height=\"443\" src=\"https:\/\/blogsaverroes.juntadeandalucia.es\/iesvcn\/files\/2022\/02\/moodle5-1024x443.png\" class=\"attachment-large size-large wp-image-2348\" alt=\"\" srcset=\"https:\/\/blogsaverroes.juntadeandalucia.es\/iesvcn\/files\/2022\/02\/moodle5-1024x443.png 1024w, https:\/\/blogsaverroes.juntadeandalucia.es\/iesvcn\/files\/2022\/02\/moodle5-300x130.png 300w, https:\/\/blogsaverroes.juntadeandalucia.es\/iesvcn\/files\/2022\/02\/moodle5-768x332.png 768w, https:\/\/blogsaverroes.juntadeandalucia.es\/iesvcn\/files\/2022\/02\/moodle5.png 1115w\" sizes=\"(max-width: 1024px) 100vw, 1024px\" \/>\t\t\t\t\t\t\t\t\t\t\t\t\t\t\t<\/div>\n\t\t\t\t<\/div>\n\t\t\t\t\t<\/div>\n\t\t<\/div>\n\t\t\t\t\t<\/div>\n\t\t<\/section>\n\t\t\t\t<section class=\"elementor-section elementor-top-section elementor-element elementor-element-f37e39b elementor-section-boxed elementor-section-height-default elementor-section-height-default\" data-id=\"f37e39b\" data-element_type=\"section\">\n\t\t\t\t\t\t<div class=\"elementor-container elementor-column-gap-default\">\n\t\t\t\t\t<div class=\"elementor-column elementor-col-100 elementor-top-column elementor-element elementor-element-30792d7\" data-id=\"30792d7\" data-element_type=\"column\">\n\t\t\t<div class=\"elementor-widget-wrap elementor-element-populated\">\n\t\t\t\t\t\t<div class=\"elementor-element elementor-element-53ea332 elementor-widget elementor-widget-text-editor\" data-id=\"53ea332\" data-element_type=\"widget\" data-widget_type=\"text-editor.default\">\n\t\t\t\t<div class=\"elementor-widget-container\">\n\t\t\t\t\t\t\t\t\t<p>Dentro de un curso o materia en la que te encuentras matriculado, vas a encontrar dispuesto de forma intuitiva todo el material, actividades y recursos que el profesorado haya preparado para esa asignatura.<\/p>\t\t\t\t\t\t\t\t<\/div>\n\t\t\t\t<\/div>\n\t\t\t\t\t<\/div>\n\t\t<\/div>\n\t\t\t\t\t<\/div>\n\t\t<\/section>\n\t\t\t\t<section class=\"elementor-section elementor-top-section elementor-element elementor-element-c736af4 elementor-section-boxed elementor-section-height-default elementor-section-height-default\" data-id=\"c736af4\" data-element_type=\"section\">\n\t\t\t\t\t\t<div class=\"elementor-container elementor-column-gap-default\">\n\t\t\t\t\t<div class=\"elementor-column elementor-col-100 elementor-top-column elementor-element elementor-element-cb1dc8b\" data-id=\"cb1dc8b\" data-element_type=\"column\">\n\t\t\t<div class=\"elementor-widget-wrap elementor-element-populated\">\n\t\t\t\t\t\t<div class=\"elementor-element elementor-element-7d4632e elementor-widget elementor-widget-image\" data-id=\"7d4632e\" data-element_type=\"widget\" data-widget_type=\"image.default\">\n\t\t\t\t<div class=\"elementor-widget-container\">\n\t\t\t\t\t\t\t\t\t\t\t\t\t\t\t<img loading=\"lazy\" decoding=\"async\" width=\"1024\" height=\"372\" src=\"https:\/\/blogsaverroes.juntadeandalucia.es\/iesvcn\/files\/2022\/02\/moodle6-1024x372.png\" class=\"attachment-large size-large wp-image-2349\" alt=\"\" srcset=\"https:\/\/blogsaverroes.juntadeandalucia.es\/iesvcn\/files\/2022\/02\/moodle6-1024x372.png 1024w, https:\/\/blogsaverroes.juntadeandalucia.es\/iesvcn\/files\/2022\/02\/moodle6-300x109.png 300w, https:\/\/blogsaverroes.juntadeandalucia.es\/iesvcn\/files\/2022\/02\/moodle6-768x279.png 768w, https:\/\/blogsaverroes.juntadeandalucia.es\/iesvcn\/files\/2022\/02\/moodle6.png 1075w\" sizes=\"(max-width: 1024px) 100vw, 1024px\" \/>\t\t\t\t\t\t\t\t\t\t\t\t\t\t\t<\/div>\n\t\t\t\t<\/div>\n\t\t\t\t\t<\/div>\n\t\t<\/div>\n\t\t\t\t\t<\/div>\n\t\t<\/section>\n\t\t\t\t<section class=\"elementor-section elementor-top-section elementor-element elementor-element-a461721 elementor-section-boxed elementor-section-height-default elementor-section-height-default\" data-id=\"a461721\" data-element_type=\"section\">\n\t\t\t\t\t\t<div class=\"elementor-container elementor-column-gap-default\">\n\t\t\t\t\t<div class=\"elementor-column elementor-col-100 elementor-top-column elementor-element elementor-element-3b38347\" data-id=\"3b38347\" data-element_type=\"column\">\n\t\t\t<div class=\"elementor-widget-wrap elementor-element-populated\">\n\t\t\t\t\t\t<div class=\"elementor-element elementor-element-3ddaf50 elementor-widget elementor-widget-text-editor\" data-id=\"3ddaf50\" data-element_type=\"widget\" data-widget_type=\"text-editor.default\">\n\t\t\t\t<div class=\"elementor-widget-container\">\n\t\t\t\t\t\t\t\t\t<p>En todos los cursos hay por defecto un Foro de Avisos, desde donde se envian todas las notificaciones importantes sobre una materia. Autom\u00e1ticamente estos mensaje llegar\u00e1n a tu correo electr\u00f3nico (<a href=\"https:\/\/blogsaverroes.juntadeandalucia.es\/iesvcn\/quiero-recibir-no-recibir-notificaciones-importantes-en-moodle-centros\/https:\/\/blogsaverroes.juntadeandalucia.es\/iesvcn\/quiero-recibir-no-recibir-notificaciones-importantes-en-moodle-centros\/https:\/\/blogsaverroes.juntadeandalucia.es\/iesvcn\/quiero-recibir-no-recibir-notificaciones-importantes-en-moodle-centros\/\" target=\"_blank\">si tienes las notificaciones activadas en tu perfil<\/a>). Este NO ES UN FORO DE DUDAS y no puedes escribir en \u00e9l. Para tal efecto, el profesor podr\u00e1 abrir uno espec\u00edfico.<\/p>\n<p>Otro elemento que encontrar\u00e1s siempre es una Sala de videoconferencias. En caso de que el profesor lo requiera, se trata de un espacio donde puedes seguir e intervenir en una videoconferencia remotamente.<\/p>\n<p>Existen otro tipo de recursos que encontrar\u00e1s en Moodle, como son los cuestionarios o las tareas desde donde puedes realizar ex\u00e1menes o subir tus propios archivos para hac\u00e9rselos llegar al profesorado.<\/p>\t\t\t\t\t\t\t\t<\/div>\n\t\t\t\t<\/div>\n\t\t\t\t\t<\/div>\n\t\t<\/div>\n\t\t\t\t\t<\/div>\n\t\t<\/section>\n\t\t\t\t<\/div>\n\t\t","protected":false},"excerpt":{"rendered":"<p>Despu\u00e9s de acceder a Moodle Centros C\u00f3rdoba\u00a0y acceder con tus credenciales IdEA, encontrar\u00e1s una pantalla parecida a la siguiente. Como puedes observar, la pantalla se divide en 3 secciones a modo de columnas, debajo de una barra superior donde tienes&#46;&#46;&#46;<\/p>\n","protected":false},"author":14415,"featured_media":0,"parent":0,"menu_order":0,"comment_status":"closed","ping_status":"closed","template":"","meta":{"ngg_post_thumbnail":0,"footnotes":""},"aioseo_notices":[],"_links":{"self":[{"href":"https:\/\/blogsaverroes.juntadeandalucia.es\/iesvcn\/wp-json\/wp\/v2\/pages\/2343"}],"collection":[{"href":"https:\/\/blogsaverroes.juntadeandalucia.es\/iesvcn\/wp-json\/wp\/v2\/pages"}],"about":[{"href":"https:\/\/blogsaverroes.juntadeandalucia.es\/iesvcn\/wp-json\/wp\/v2\/types\/page"}],"author":[{"embeddable":true,"href":"https:\/\/blogsaverroes.juntadeandalucia.es\/iesvcn\/wp-json\/wp\/v2\/users\/14415"}],"replies":[{"embeddable":true,"href":"https:\/\/blogsaverroes.juntadeandalucia.es\/iesvcn\/wp-json\/wp\/v2\/comments?post=2343"}],"version-history":[{"count":6,"href":"https:\/\/blogsaverroes.juntadeandalucia.es\/iesvcn\/wp-json\/wp\/v2\/pages\/2343\/revisions"}],"predecessor-version":[{"id":2385,"href":"https:\/\/blogsaverroes.juntadeandalucia.es\/iesvcn\/wp-json\/wp\/v2\/pages\/2343\/revisions\/2385"}],"wp:attachment":[{"href":"https:\/\/blogsaverroes.juntadeandalucia.es\/iesvcn\/wp-json\/wp\/v2\/media?parent=2343"}],"curies":[{"name":"wp","href":"https:\/\/api.w.org\/{rel}","templated":true}]}}