{"id":2567,"date":"2022-02-20T15:08:53","date_gmt":"2022-02-20T14:08:53","guid":{"rendered":"https:\/\/blogsaverroes.juntadeandalucia.es\/iesvcn\/?page_id=2567"},"modified":"2025-02-12T11:23:36","modified_gmt":"2025-02-12T10:23:36","slug":"ausencias-alumnado","status":"publish","type":"page","link":"https:\/\/blogsaverroes.juntadeandalucia.es\/iesvcn\/ausencias-alumnado\/","title":{"rendered":"Ausencias alumnado"},"content":{"rendered":"<h1><strong>Reglamento de Organizaci\u00f3n y Funcionamiento (ROF)<\/strong><\/h1>\n<p><strong>Cap\u00edtulo 3<\/strong><\/p>\n<p><strong>Se consideran <\/strong><strong>faltas injustificadas <\/strong>de asistencia o puntualidad de un alumno o alumna, las que no sean excusadas de forma escrita o a trav\u00e9s del sistema PASEN, por el alumnado (si es mayor de edad) o por sus padres, madres o representantes legales (si es menor de edad), en el plazo m\u00e1ximo de dos d\u00edas lectivos desde su reincorporaci\u00f3n al centro.<\/p>\n<p><strong>Queda a criterio del profesor o profesora la consideraci\u00f3n de <\/strong><strong>justificada o no justificada de la ausencia o retraso habidos, en funci\u00f3n de las <\/strong><strong>excusas y documentaci\u00f3n aportadas <\/strong>por el alumno o alumna y siempre que \u00e9stas no conculquen su reconocido derecho al estudio y educaci\u00f3n.<\/p>\n<p><strong>Para la comunicaci\u00f3n de ausencias previstas y\/o justificaci\u00f3n de las <\/strong><strong>faltas y retrasos las familias utilizar\u00e1n de forma preferente la aplicaci\u00f3n <\/strong><strong>iPasen, que permite adjuntar un archivo con la imagen del justificante m\u00e9dico <\/strong><strong>o similar. <\/strong>Adem\u00e1s, en conserjer\u00eda y en la p\u00e1gina web del instituto existe un <strong>documento de justificaci\u00f3n de faltas y retrasos <\/strong>que el alumno\/a podr\u00e1 pedir en caso necesario. Si se usa esta segunda v\u00eda, una vez cumplimentada la justificaci\u00f3n por sus padres o representantes legales, se proceder\u00e1 de la siguiente forma y seg\u00fan los casos<strong>:<\/strong><\/p>\n<ul>\n<li>El alumno\/a exhibir\u00e1 las excusas escritas aportadas a cada profesor\/a de las materias a las que ha faltado o que han sido objeto de retraso.<\/li>\n<li>Posteriormente el alumno\/a entregar\u00e1 esa documentaci\u00f3n al tutor o tutora del grupo al que pertenece para su conservaci\u00f3n y archivo.<\/li>\n<\/ul>\n<p>No se admitir\u00e1n justificaciones que no motiven suficientemente la ausencia o el retraso producido. Por ejemplo: quedarse dormido, estudiar hasta altas horas de la noche, preparaci\u00f3n de ex\u00e1menes, entrega de trabajos, etc.<\/p>\n","protected":false},"excerpt":{"rendered":"<p>Reglamento de Organizaci\u00f3n y Funcionamiento (ROF) Cap\u00edtulo 3 Se consideran faltas injustificadas de asistencia o puntualidad de un alumno o alumna, las que no sean excusadas de forma escrita o a trav\u00e9s del sistema PASEN, por el alumnado (si es&#46;&#46;&#46;<\/p>\n","protected":false},"author":14415,"featured_media":0,"parent":0,"menu_order":0,"comment_status":"closed","ping_status":"closed","template":"","meta":{"ngg_post_thumbnail":0,"footnotes":""},"aioseo_notices":[],"_links":{"self":[{"href":"https:\/\/blogsaverroes.juntadeandalucia.es\/iesvcn\/wp-json\/wp\/v2\/pages\/2567"}],"collection":[{"href":"https:\/\/blogsaverroes.juntadeandalucia.es\/iesvcn\/wp-json\/wp\/v2\/pages"}],"about":[{"href":"https:\/\/blogsaverroes.juntadeandalucia.es\/iesvcn\/wp-json\/wp\/v2\/types\/page"}],"author":[{"embeddable":true,"href":"https:\/\/blogsaverroes.juntadeandalucia.es\/iesvcn\/wp-json\/wp\/v2\/users\/14415"}],"replies":[{"embeddable":true,"href":"https:\/\/blogsaverroes.juntadeandalucia.es\/iesvcn\/wp-json\/wp\/v2\/comments?post=2567"}],"version-history":[{"count":2,"href":"https:\/\/blogsaverroes.juntadeandalucia.es\/iesvcn\/wp-json\/wp\/v2\/pages\/2567\/revisions"}],"predecessor-version":[{"id":7088,"href":"https:\/\/blogsaverroes.juntadeandalucia.es\/iesvcn\/wp-json\/wp\/v2\/pages\/2567\/revisions\/7088"}],"wp:attachment":[{"href":"https:\/\/blogsaverroes.juntadeandalucia.es\/iesvcn\/wp-json\/wp\/v2\/media?parent=2567"}],"curies":[{"name":"wp","href":"https:\/\/api.w.org\/{rel}","templated":true}]}}