{"id":2569,"date":"2022-02-20T15:09:11","date_gmt":"2022-02-20T14:09:11","guid":{"rendered":"https:\/\/blogsaverroes.juntadeandalucia.es\/iesvcn\/?page_id=2569"},"modified":"2025-02-12T11:25:42","modified_gmt":"2025-02-12T10:25:42","slug":"salidas-alumnado","status":"publish","type":"page","link":"https:\/\/blogsaverroes.juntadeandalucia.es\/iesvcn\/salidas-alumnado\/","title":{"rendered":"Salidas alumnado"},"content":{"rendered":"<h1><strong>Reglamento de Organizaci\u00f3n y Funcionamiento (ROF)<\/strong><\/h1>\n<p><strong>Cap\u00edtulo 3<\/strong><\/p>\n<p><strong>La presencia mayoritaria de alumnado menor de edad en el turno de <\/strong>ma\u00f1ana obliga a la instauraci\u00f3n de medidas adicionales de control de entrada y salida. Es por ello que <strong>durante el turno de ma\u00f1ana, el centro est\u00e1 cerrado<\/strong>, excepto en la media hora de recreo, en la que hay una salida y entrada controlada del alumnado mayor de edad.<\/p>\n<p>En este punto es necesario mencionar que el tel\u00e9fono del centro situado en Conserjer\u00eda s\u00f3lo podr\u00e1 ser utilizado por el alumnado en caso de enfermedad (y consiguiente salida anticipada) o asunto personal de especial relevancia. Para ello, el alumnado <strong>deber\u00e1 pedir permiso a cualquier miembro del Equipo Directivo.<\/strong><\/p>\n<p>El alumnado de las ense\u00f1anzas de Bachillerato y Ciclos Formativos que s\u00f3lo cursen parte de las materias, por tenerlas superadas de cursos anteriores, <strong>ver\u00e1n <\/strong><strong>reflejada esta circunstancia en el carn\u00e9 de estudiante para acceder y salir del <\/strong><strong>Instituto<\/strong>, debiendo contar adem\u00e1s con una autorizaci\u00f3n de sus padres.<\/p>\n<p>Como norma general, la salida del centro durante el horario escolar sin autorizaci\u00f3n, desobedeciendo las normas e indicaciones del profesorado, Jefatura de Estudios o Direcci\u00f3n ser\u00e1 considerada como una conducta contraria para la convivencia y ser\u00e1 sancionada de acuerdo con el Reglamento de Organizaci\u00f3n de los Centros.<\/p>\n<p><strong>Las salidas anticipadas del instituto s\u00f3lo podr\u00e1n realizarse mediante la <\/strong><strong>recogida del alumno por parte de su padre, madre o tutor\/a o persona autorizada <\/strong><strong>por \u00e9stos.<\/strong> De dicha salida quedar\u00e1 constancia en el documento de \u201csalidas del centro\u201d que se encuentra en consejer\u00eda. El alumnado mayor de edad s\u00ed podr\u00e1 salir del centro siempre que ello suponga la finalizaci\u00f3n de su jornada lectiva por ausencia del profesor\/a.<\/p>\n<p>En referencia a lo reflejado en el p\u00e1rrafo anterior, ser\u00e1 el profesorado de guardia quien, una vez comprobado que efectivamente no tienen clases posteriormente, acompa\u00f1en a los alumnos del grupo a la puerta de salida del instituto. Posteriormente reflejar\u00e1 tal circunstancia en el parte de guardia, para conocimiento y efectos oportunos de Jefatura de Estudios.<\/p>\n","protected":false},"excerpt":{"rendered":"<p>Reglamento de Organizaci\u00f3n y Funcionamiento (ROF) Cap\u00edtulo 3 La presencia mayoritaria de alumnado menor de edad en el turno de ma\u00f1ana obliga a la instauraci\u00f3n de medidas adicionales de control de entrada y salida. Es por ello que durante el&#46;&#46;&#46;<\/p>\n","protected":false},"author":14415,"featured_media":0,"parent":0,"menu_order":0,"comment_status":"closed","ping_status":"closed","template":"","meta":{"ngg_post_thumbnail":0,"footnotes":""},"aioseo_notices":[],"_links":{"self":[{"href":"https:\/\/blogsaverroes.juntadeandalucia.es\/iesvcn\/wp-json\/wp\/v2\/pages\/2569"}],"collection":[{"href":"https:\/\/blogsaverroes.juntadeandalucia.es\/iesvcn\/wp-json\/wp\/v2\/pages"}],"about":[{"href":"https:\/\/blogsaverroes.juntadeandalucia.es\/iesvcn\/wp-json\/wp\/v2\/types\/page"}],"author":[{"embeddable":true,"href":"https:\/\/blogsaverroes.juntadeandalucia.es\/iesvcn\/wp-json\/wp\/v2\/users\/14415"}],"replies":[{"embeddable":true,"href":"https:\/\/blogsaverroes.juntadeandalucia.es\/iesvcn\/wp-json\/wp\/v2\/comments?post=2569"}],"version-history":[{"count":3,"href":"https:\/\/blogsaverroes.juntadeandalucia.es\/iesvcn\/wp-json\/wp\/v2\/pages\/2569\/revisions"}],"predecessor-version":[{"id":7090,"href":"https:\/\/blogsaverroes.juntadeandalucia.es\/iesvcn\/wp-json\/wp\/v2\/pages\/2569\/revisions\/7090"}],"wp:attachment":[{"href":"https:\/\/blogsaverroes.juntadeandalucia.es\/iesvcn\/wp-json\/wp\/v2\/media?parent=2569"}],"curies":[{"name":"wp","href":"https:\/\/api.w.org\/{rel}","templated":true}]}}