{"id":2813,"date":"2022-02-22T18:50:51","date_gmt":"2022-02-22T17:50:51","guid":{"rendered":"https:\/\/blogsaverroes.juntadeandalucia.es\/iesvcn\/?page_id=2813"},"modified":"2022-02-22T19:18:20","modified_gmt":"2022-02-22T18:18:20","slug":"comunicaciones-pasen","status":"publish","type":"page","link":"https:\/\/blogsaverroes.juntadeandalucia.es\/iesvcn\/comunicaciones-pasen\/","title":{"rendered":"Comunicaciones PASEN"},"content":{"rendered":"\t\t<div data-elementor-type=\"wp-page\" data-elementor-id=\"2813\" class=\"elementor elementor-2813\">\n\t\t\t\t\t\t<section class=\"elementor-section elementor-top-section elementor-element elementor-element-5e81294 elementor-section-boxed elementor-section-height-default elementor-section-height-default\" data-id=\"5e81294\" data-element_type=\"section\">\n\t\t\t\t\t\t<div class=\"elementor-container elementor-column-gap-default\">\n\t\t\t\t\t<div class=\"elementor-column elementor-col-100 elementor-top-column elementor-element elementor-element-7a54103\" data-id=\"7a54103\" data-element_type=\"column\">\n\t\t\t<div class=\"elementor-widget-wrap\">\n\t\t\t\t\t\t\t<\/div>\n\t\t<\/div>\n\t\t\t\t\t<\/div>\n\t\t<\/section>\n\t\t\t\t<section class=\"elementor-section elementor-top-section elementor-element elementor-element-2816fab elementor-section-boxed elementor-section-height-default elementor-section-height-default\" data-id=\"2816fab\" data-element_type=\"section\">\n\t\t\t\t\t\t<div class=\"elementor-container elementor-column-gap-default\">\n\t\t\t\t\t<div class=\"elementor-column elementor-col-100 elementor-top-column elementor-element elementor-element-4feb52e\" data-id=\"4feb52e\" data-element_type=\"column\">\n\t\t\t<div class=\"elementor-widget-wrap elementor-element-populated\">\n\t\t\t\t\t\t<div class=\"elementor-element elementor-element-f9ed7b3 elementor-widget elementor-widget-text-editor\" data-id=\"f9ed7b3\" data-element_type=\"widget\" data-widget_type=\"text-editor.default\">\n\t\t\t\t<div class=\"elementor-widget-container\">\n\t\t\t\t\t\t\t\t\t<p style=\"font-style: normal;font-weight: 400;font-size: 18px;font-family: Roboto, sans-serif\">Las COMUNICACIONES DE Pasen permiten la comunicaci\u00f3n directa entre los miembros de la comunidad educativa. As\u00ed, tutores legales y alumnado podr\u00e1n recibir y enviar, por mensajer\u00eda interna, comunicaciones. \u00c9stas podr\u00e1n dirigirse a:<\/p><p style=\"font-style: normal;font-weight: 400;font-size: 18px;font-family: Roboto, sans-serif\">1. El Equipo Docente (Los profesores\/as del alumno\/a)<\/p><p style=\"font-style: normal;font-weight: 400;font-size: 18px;font-family: Roboto, sans-serif\">2. El Tutor\/a del curso del alumno\/a.<\/p><p style=\"font-style: normal;font-weight: 400;font-size: 18px;font-family: Roboto, sans-serif\">3. El Equipo Directivo (Direcci\u00f3n, Vicedirecci\u00f3n, Jefatura de Estudios o Secretar\u00eda)<\/p>\t\t\t\t\t\t\t\t<\/div>\n\t\t\t\t<\/div>\n\t\t\t\t\t<\/div>\n\t\t<\/div>\n\t\t\t\t\t<\/div>\n\t\t<\/section>\n\t\t\t\t<section class=\"elementor-section elementor-top-section elementor-element elementor-element-c709a8e elementor-section-boxed elementor-section-height-default elementor-section-height-default\" data-id=\"c709a8e\" data-element_type=\"section\">\n\t\t\t\t\t\t<div class=\"elementor-container elementor-column-gap-default\">\n\t\t\t\t\t<div class=\"elementor-column elementor-col-100 elementor-top-column elementor-element elementor-element-0caa646\" data-id=\"0caa646\" data-element_type=\"column\">\n\t\t\t<div class=\"elementor-widget-wrap elementor-element-populated\">\n\t\t\t\t\t\t<section class=\"elementor-section elementor-inner-section elementor-element elementor-element-d6b0023 elementor-section-boxed elementor-section-height-default elementor-section-height-default\" data-id=\"d6b0023\" data-element_type=\"section\">\n\t\t\t\t\t\t<div class=\"elementor-container elementor-column-gap-default\">\n\t\t\t\t\t<div class=\"elementor-column elementor-col-50 elementor-inner-column elementor-element elementor-element-4369513\" data-id=\"4369513\" data-element_type=\"column\">\n\t\t\t<div class=\"elementor-widget-wrap elementor-element-populated\">\n\t\t\t\t\t\t<div class=\"elementor-element elementor-element-542c38c elementor-widget elementor-widget-image\" data-id=\"542c38c\" data-element_type=\"widget\" data-widget_type=\"image.default\">\n\t\t\t\t<div class=\"elementor-widget-container\">\n\t\t\t\t\t\t\t\t\t\t\t\t\t\t\t<img fetchpriority=\"high\" decoding=\"async\" width=\"348\" height=\"402\" src=\"https:\/\/blogsaverroes.juntadeandalucia.es\/iesvcn\/files\/2022\/02\/j.jpg\" class=\"attachment-large size-large wp-image-2823\" alt=\"\" srcset=\"https:\/\/blogsaverroes.juntadeandalucia.es\/iesvcn\/files\/2022\/02\/j.jpg 348w, https:\/\/blogsaverroes.juntadeandalucia.es\/iesvcn\/files\/2022\/02\/j-260x300.jpg 260w\" sizes=\"(max-width: 348px) 100vw, 348px\" \/>\t\t\t\t\t\t\t\t\t\t\t\t\t\t\t<\/div>\n\t\t\t\t<\/div>\n\t\t\t\t\t<\/div>\n\t\t<\/div>\n\t\t\t\t<div class=\"elementor-column elementor-col-50 elementor-inner-column elementor-element elementor-element-73023fc\" data-id=\"73023fc\" data-element_type=\"column\">\n\t\t\t<div class=\"elementor-widget-wrap elementor-element-populated\">\n\t\t\t\t\t\t<div class=\"elementor-element elementor-element-40cf6e6 elementor-widget elementor-widget-image\" data-id=\"40cf6e6\" data-element_type=\"widget\" data-widget_type=\"image.default\">\n\t\t\t\t<div class=\"elementor-widget-container\">\n\t\t\t\t\t\t\t\t\t\t\t\t\t\t\t<img decoding=\"async\" width=\"256\" height=\"408\" src=\"https:\/\/blogsaverroes.juntadeandalucia.es\/iesvcn\/files\/2022\/02\/k.jpg\" class=\"attachment-large size-large wp-image-2824\" alt=\"\" srcset=\"https:\/\/blogsaverroes.juntadeandalucia.es\/iesvcn\/files\/2022\/02\/k.jpg 256w, https:\/\/blogsaverroes.juntadeandalucia.es\/iesvcn\/files\/2022\/02\/k-188x300.jpg 188w\" sizes=\"(max-width: 256px) 100vw, 256px\" \/>\t\t\t\t\t\t\t\t\t\t\t\t\t\t\t<\/div>\n\t\t\t\t<\/div>\n\t\t\t\t\t<\/div>\n\t\t<\/div>\n\t\t\t\t\t<\/div>\n\t\t<\/section>\n\t\t\t\t\t<\/div>\n\t\t<\/div>\n\t\t\t\t\t<\/div>\n\t\t<\/section>\n\t\t\t\t<section class=\"elementor-section elementor-top-section elementor-element elementor-element-7fc6c63 elementor-section-boxed elementor-section-height-default elementor-section-height-default\" data-id=\"7fc6c63\" data-element_type=\"section\">\n\t\t\t\t\t\t<div class=\"elementor-container elementor-column-gap-default\">\n\t\t\t\t\t<div class=\"elementor-column elementor-col-100 elementor-top-column elementor-element elementor-element-c5cd019\" data-id=\"c5cd019\" data-element_type=\"column\">\n\t\t\t<div class=\"elementor-widget-wrap elementor-element-populated\">\n\t\t\t\t\t\t<div class=\"elementor-element elementor-element-afc67a2 elementor-widget elementor-widget-text-editor\" data-id=\"afc67a2\" data-element_type=\"widget\" data-widget_type=\"text-editor.default\">\n\t\t\t\t<div class=\"elementor-widget-container\">\n\t\t\t\t\t\t\t\t\t<p>Para mandar una comunicaci\u00f3n por Pasen, pulsa en el icono que muestra la foto, en la esquina superior derecha del men\u00fa INICIO, pulsa en NUEVO MENSAJE. Selecciona el\/los destinatarios, incluye un asunto y el cuerpo de mensaje. Si lo deseas, puedes adjuntar un archivo desde tu dispositivo. Finalmente, pulsa ENVIAR.\u00a0<\/p><p>SE RUEGA INDICAR EL NOMBRE, APELLIDOS Y CURSO DEL ALUMNO\/A del que se trata, ya que no sale por defecto.<\/p>\t\t\t\t\t\t\t\t<\/div>\n\t\t\t\t<\/div>\n\t\t\t\t\t<\/div>\n\t\t<\/div>\n\t\t\t\t\t<\/div>\n\t\t<\/section>\n\t\t\t\t<\/div>\n\t\t","protected":false},"excerpt":{"rendered":"<p>Las COMUNICACIONES DE Pasen permiten la comunicaci\u00f3n directa entre los miembros de la comunidad educativa. As\u00ed, tutores legales y alumnado podr\u00e1n recibir y enviar, por mensajer\u00eda interna, comunicaciones. \u00c9stas podr\u00e1n dirigirse a: 1. El Equipo Docente (Los profesores\/as del alumno\/a)&#46;&#46;&#46;<\/p>\n","protected":false},"author":14454,"featured_media":0,"parent":0,"menu_order":0,"comment_status":"closed","ping_status":"closed","template":"","meta":{"ngg_post_thumbnail":0,"footnotes":""},"aioseo_notices":[],"_links":{"self":[{"href":"https:\/\/blogsaverroes.juntadeandalucia.es\/iesvcn\/wp-json\/wp\/v2\/pages\/2813"}],"collection":[{"href":"https:\/\/blogsaverroes.juntadeandalucia.es\/iesvcn\/wp-json\/wp\/v2\/pages"}],"about":[{"href":"https:\/\/blogsaverroes.juntadeandalucia.es\/iesvcn\/wp-json\/wp\/v2\/types\/page"}],"author":[{"embeddable":true,"href":"https:\/\/blogsaverroes.juntadeandalucia.es\/iesvcn\/wp-json\/wp\/v2\/users\/14454"}],"replies":[{"embeddable":true,"href":"https:\/\/blogsaverroes.juntadeandalucia.es\/iesvcn\/wp-json\/wp\/v2\/comments?post=2813"}],"version-history":[{"count":9,"href":"https:\/\/blogsaverroes.juntadeandalucia.es\/iesvcn\/wp-json\/wp\/v2\/pages\/2813\/revisions"}],"predecessor-version":[{"id":2830,"href":"https:\/\/blogsaverroes.juntadeandalucia.es\/iesvcn\/wp-json\/wp\/v2\/pages\/2813\/revisions\/2830"}],"wp:attachment":[{"href":"https:\/\/blogsaverroes.juntadeandalucia.es\/iesvcn\/wp-json\/wp\/v2\/media?parent=2813"}],"curies":[{"name":"wp","href":"https:\/\/api.w.org\/{rel}","templated":true}]}}