{"id":1024,"date":"2020-03-11T17:42:42","date_gmt":"2020-03-11T16:42:42","guid":{"rendered":"https:\/\/blogsaverroes.juntadeandalucia.es\/iesvegadeatarfe\/?page_id=1024"},"modified":"2025-05-07T10:49:34","modified_gmt":"2025-05-07T08:49:34","slug":"1024-2","status":"publish","type":"page","link":"https:\/\/blogsaverroes.juntadeandalucia.es\/iesvegadeatarfe\/1024-2\/","title":{"rendered":"AMPA &#8211; Composici\u00f3n y bienvenida"},"content":{"rendered":"<p><span style=\"color: #ff6600;font-size: 24pt\">INSCRIPCI\u00d3N&nbsp;<\/span><\/p>\n<p><span style=\"font-size: 18pt;color: #eb1717\"><a style=\"color: #2e64fe\" href=\"https:\/\/blogsaverroes.juntadeandalucia.es\/iesvegadeatarfe\/files\/2022\/09\/AMPA-Hoja-de-inscripci\u00f3n-del-IES-Vega.pdf\" target=\"_blank\" rel=\"noopener noreferrer\">Hoja de Inscripci\u00f3n<\/a><\/span><\/p>\n<p><span style=\"font-size: 14pt\">El ingreso o transferencia (de 15\u20ac por Familia, independientemente del n\u00famero de hijos escolarizados) se debe realizar en la cuenta que la AMPA tiene en CAJA RURAL GRANADA ES83 3023 0062 6266 7024 8001. <\/span><span style=\"font-size: 14pt\">Tambi\u00e9n puedes hacer transferencia electr\u00f3nica de la cuota o entregarla personalmente a la Junta Directiva y haremos el tr\u00e1mite por ti.<\/span><\/p>\n<p>&nbsp;<\/p>\n<p><span style=\"color: #ff6600;font-size: 24pt\">JUNTA DIRECTIVA DE LA AMPA<\/span><\/p>\n<p><span style=\"font-size: 14pt\">PRESIDENTA: Marta G\u00f3mer Barrera<\/span><\/p>\n<p><span style=\"font-size: 14pt\">VICEPRESIDENTA: Francisca \u00c1vila Garc\u00e9s<\/span><\/p>\n<p><span style=\"font-size: 14pt\">SECRETARIA: Remedios Rodr\u00edguez Rodr\u00edguez<\/span><\/p>\n<p><span style=\"font-size: 14pt\">TESORERA: Francisca \u00c1vila Garc\u00e9s<\/span><\/p>\n<p><span style=\"font-size: 14pt\">VOCAL:<\/span><\/p>\n<p>&nbsp;<\/p>\n<p><span style=\"color: #3366ff;font-size: 24pt\"><span style=\"color: #ff6600\">LA AMPA INFORMA<\/span>&nbsp;<\/span><\/p>\n<p><span style=\"font-size: 18pt\">Estimados padres y madres:<\/span><\/p>\n<p><span style=\"font-size: 14pt\">Desde la AMPA del IES \u201cVega de Atarfe\u201d os damos la bienvenida al nuevo curso escolar y os invitamos como padres, madres y tutores legales a participar para hacer entre todos un mejor Instituto para la educaci\u00f3n de nuestros hijos.<\/span><\/p>\n<p><span style=\"font-size: 14pt\">Nos gustar\u00eda contar con tus ideas, con tus cr\u00edticas constructivas, con tu colaboraci\u00f3n y apoyo econ\u00f3mico.<\/span><\/p>\n<p><span style=\"font-size: 18pt\">\u00bfQu\u00e9 hace la AMPA?<\/span><\/p>\n<ul>\n<li style=\"list-style-type: none\">\n<ul>\n<li><span style=\"font-size: 14pt\">La AMPA est\u00e1 formada por una Junta Directiva y los Socios. Esta Junta Directiva se constituy\u00f3 hace a\u00f1os con las personas que desearon implicarse de una forma m\u00e1s activa en la vida del Instituto, invitaci\u00f3n que est\u00e1 abierta para tod@s.<\/span><\/li>\n<\/ul>\n<\/li>\n<\/ul>\n<ul>\n<li><span style=\"font-size: 14pt\">La asociaci\u00f3n de padres y madres somos el cauce fundamental para favorecer la participaci\u00f3n de las familias en el Instituto.<\/span><\/li>\n<li><span style=\"font-size: 14pt\">La junta directiva aporta iniciativas al Instituto, transmite las inquietudes de los padres al equipo directivo del centro y vela por que los servicios del Instituto se presten con calidad.<\/span><\/li>\n<li><span style=\"font-size: 14pt\">Tambi\u00e9n apoya a los padres en sus relaciones con el Instituto y colabora econ\u00f3micamente -en la medida de sus recursos- con diferentes proyectos y actividades del Centro.<\/span><\/li>\n<li><span style=\"font-size: 14pt\">Nos proponemos servir como un canal adicional de comunicaci\u00f3n entre las familias y todas las partes que formamos la comunidad educativa, propiciando la mejor colaboraci\u00f3n posible para que la educaci\u00f3n de nuestros hij@s sea integral y de calidad.<\/span><\/li>\n<li><span style=\"font-size: 14pt\">El alumnado que pertenezca al AMPA durante cuatro a\u00f1os consecutivos recibir\u00e1 una gratificaci\u00f3n con motivo de su graduaci\u00f3n en ESO.<\/span><\/li>\n<\/ul>\n<p>&nbsp;<br \/>\n<span style=\"font-size: 18pt\">\u00bfC\u00f3mo contactar con la AMPA?<\/span><\/p>\n<p><span style=\"font-size: 14pt\">Tenemos un espacio dedicado a la AMPA en el Centro, con un buz\u00f3n y pr\u00f3ximamente un tabl\u00f3n de anuncios. Tambi\u00e9n puedes contactar por correo electr\u00f3nico en:<\/span><\/p>\n<p style=\"text-align: center\"><span style=\"font-size: 18pt;color: #ff6600\">dicemar@hotmail.es<\/span><\/p>\n<p><span style=\"font-size: 14pt\">Puedes facilitarnos tu direcci\u00f3n electr\u00f3nica o tel\u00e9fono para incluirte en las informaciones peri\u00f3dicas sobre reuniones, actividades y novedades que surjan en el Centro.<\/span><\/p>\n<p>&nbsp;<\/p>\n<p><span style=\"color: #ff6600;font-size: 24pt\">DATOS B\u00c1SICOS DE CONTACTO&nbsp;<\/span><\/p>\n<p><span style=\"font-size: 14pt\">Tambi\u00e9n puedes asociarte a la AMPA<\/span><\/p>\n<p><span style=\"font-size: 14pt\">Para pertenecer a la AMPA solo tienes que solicitarlo a trav\u00e9s de la hoja de inscripci\u00f3n que te facilitamos con esta carta y pagar la cuota anual de socio, que para este curso es de 15 euros por familia. Esta peque\u00f1a cuota anual permite que la asociaci\u00f3n pueda mantenerse y pueda mejorar la programaci\u00f3n de actividades. Por eso os pedimos a todos que os asoci\u00e9is. Cuantos m\u00e1s padres y madres participemos y nos impliquemos de forma activa, mayor peso tendremos en la defensa de los intereses educativos de nuestros hijos.<\/span><\/p>\n<p><span style=\"font-size: 14pt\">Para hacerlo deb\u00e9is facilitarnos diligenciado el formulario a continuaci\u00f3n y depositarlo en el buz\u00f3n de la AMPA o enviarnos los mismos datos a trav\u00e9s del correo electr\u00f3nico dicemar@hotmail.es<\/span><\/p>\n<p>&nbsp;<\/p>\n<p style=\"text-align: center\"><span style=\"font-size: 30pt;color: #eb3434\">\u00a1\u00a1\u00a1Te esperamos!!!<\/span><\/p>\n<p>&nbsp;<\/p>\n<p style=\"text-align: center\">&nbsp;<br \/>\n<a href=\"https:\/\/blogsaverroes.juntadeandalucia.es\/iesvegadeatarfe\/ampa\/\"><span style=\"color: #339966;font-size: 60pt\">Actividades<\/span><\/a><\/p>\n","protected":false},"excerpt":{"rendered":"<p>INSCRIPCI\u00d3N&nbsp; Hoja de Inscripci\u00f3n El ingreso o transferencia (de 15\u20ac por Familia, independientemente del n\u00famero de hijos escolarizados) se debe realizar en la cuenta que la AMPA tiene en CAJA RURAL GRANADA ES83 3023 0062 6266 7024 8001. Tambi\u00e9n puedes hacer transferencia electr\u00f3nica de la cuota o entregarla personalmente a la Junta Directiva y haremos &hellip; <\/p>\n<p><a class=\"more-link btn\" href=\"https:\/\/blogsaverroes.juntadeandalucia.es\/iesvegadeatarfe\/1024-2\/\">Seguir leyendo<\/a><\/p>\n","protected":false},"author":7647,"featured_media":0,"parent":0,"menu_order":0,"comment_status":"closed","ping_status":"closed","template":"","meta":{"ngg_post_thumbnail":0,"footnotes":""},"aioseo_notices":[],"_links":{"self":[{"href":"https:\/\/blogsaverroes.juntadeandalucia.es\/iesvegadeatarfe\/wp-json\/wp\/v2\/pages\/1024"}],"collection":[{"href":"https:\/\/blogsaverroes.juntadeandalucia.es\/iesvegadeatarfe\/wp-json\/wp\/v2\/pages"}],"about":[{"href":"https:\/\/blogsaverroes.juntadeandalucia.es\/iesvegadeatarfe\/wp-json\/wp\/v2\/types\/page"}],"author":[{"embeddable":true,"href":"https:\/\/blogsaverroes.juntadeandalucia.es\/iesvegadeatarfe\/wp-json\/wp\/v2\/users\/7647"}],"replies":[{"embeddable":true,"href":"https:\/\/blogsaverroes.juntadeandalucia.es\/iesvegadeatarfe\/wp-json\/wp\/v2\/comments?post=1024"}],"version-history":[{"count":24,"href":"https:\/\/blogsaverroes.juntadeandalucia.es\/iesvegadeatarfe\/wp-json\/wp\/v2\/pages\/1024\/revisions"}],"predecessor-version":[{"id":6271,"href":"https:\/\/blogsaverroes.juntadeandalucia.es\/iesvegadeatarfe\/wp-json\/wp\/v2\/pages\/1024\/revisions\/6271"}],"wp:attachment":[{"href":"https:\/\/blogsaverroes.juntadeandalucia.es\/iesvegadeatarfe\/wp-json\/wp\/v2\/media?parent=1024"}],"curies":[{"name":"wp","href":"https:\/\/api.w.org\/{rel}","templated":true}]}}