{"id":1226,"date":"2020-04-08T08:44:47","date_gmt":"2020-04-08T06:44:47","guid":{"rendered":"https:\/\/blogsaverroes.juntadeandalucia.es\/iesvegadeatarfe\/?page_id=1226"},"modified":"2025-04-26T19:26:21","modified_gmt":"2025-04-26T17:26:21","slug":"conocenos","status":"publish","type":"page","link":"https:\/\/blogsaverroes.juntadeandalucia.es\/iesvegadeatarfe\/conocenos\/","title":{"rendered":"Con\u00f3cenos"},"content":{"rendered":"<p><span style=\"font-size: 30pt;color: #ffc800\"><span style=\"color: #ffb700\">Con\u00f3cenos \/ <\/span><a href=\"https:\/\/blogsaverroes.juntadeandalucia.es\/iesvaetwinning\/who-are-we\/\">About us<\/a><\/span><\/p>\n<p><span style=\"font-size: 14pt\">El IES Vega de Atarfe cuenta con m\u00e1s de 1000 alumnos y alumnas de 19 nacionalidades diferentes y una plantilla de m\u00e1s de 70 profesores. Esta diversidad cultural lo hace destacar en su forma de atender la multiculturalidad y la inclusi\u00f3n en las aulas, la resoluci\u00f3n de conflictos, la atenci\u00f3n a la igualdad de oportunidades y participaci\u00f3n, propiciando la educaci\u00f3n y la convivencia en su sentido m\u00e1s universal.<\/span><\/p>\n<p><span style=\"color: #ffb700;font-size: 30pt\">\u00bfQu\u00e9 ense\u00f1amos?<\/span><\/p>\n<p><img loading=\"lazy\" decoding=\"async\" class=\"alignnone wp-image-5704 size-large\" src=\"https:\/\/blogsaverroes.juntadeandalucia.es\/iesvegadeatarfe\/files\/2024\/05\/Oferta-educativa-IESVA-1024x573.png\" alt=\"\" width=\"944\" height=\"528\" srcset=\"https:\/\/blogsaverroes.juntadeandalucia.es\/iesvegadeatarfe\/files\/2024\/05\/Oferta-educativa-IESVA-1024x573.png 1024w, https:\/\/blogsaverroes.juntadeandalucia.es\/iesvegadeatarfe\/files\/2024\/05\/Oferta-educativa-IESVA-300x168.png 300w, https:\/\/blogsaverroes.juntadeandalucia.es\/iesvegadeatarfe\/files\/2024\/05\/Oferta-educativa-IESVA-768x430.png 768w, https:\/\/blogsaverroes.juntadeandalucia.es\/iesvegadeatarfe\/files\/2024\/05\/Oferta-educativa-IESVA-700x393.png 700w, https:\/\/blogsaverroes.juntadeandalucia.es\/iesvegadeatarfe\/files\/2024\/05\/Oferta-educativa-IESVA-332x186.png 332w, https:\/\/blogsaverroes.juntadeandalucia.es\/iesvegadeatarfe\/files\/2024\/05\/Oferta-educativa-IESVA.png 1112w\" sizes=\"(max-width: 944px) 100vw, 944px\" \/><\/p>\n<p><span style=\"color: #ffb700;font-size: 30pt\">Historia<\/span><\/p>\n<p><span style=\"font-size: 14pt\">El centro,<span style=\"color: #ffb700\"> fundado el 1 de octubre de 1982<\/span>, comenz\u00f3 una nueva etapa en 2006 con una clara apuesta por la calidad de la ense\u00f1anza y la atenci\u00f3n a las necesidades educativas y formativas de nuestro alumnado. Ese mismo a\u00f1o se convirti\u00f3 en centro biling\u00fce en ingl\u00e9s, lo que junto al Plan de Compensaci\u00f3n Educativa que adopt\u00f3 en 2003, adapta la oferta educativa a las necesidades de todos los j\u00f3venes y familias de la localidad.<\/span><\/p>\n<table border=\"0\" align=\"center\">\n<tbody>\n<tr>\n<td width=\"50%\"><img loading=\"lazy\" decoding=\"async\" class=\"aligncenter wp-image-1084\" src=\"https:\/\/blogsaverroes.juntadeandalucia.es\/iesvegadeatarfe\/files\/2020\/04\/IES-en-1982-M\u00e1quina-de-escribir-300x197.jpg\" alt=\"\" width=\"193\" height=\"122\"><\/td>\n<td width=\"50%\"><img loading=\"lazy\" decoding=\"async\" class=\"aligncenter wp-image-1084\" src=\"https:\/\/blogsaverroes.juntadeandalucia.es\/iesvegadeatarfe\/files\/2020\/04\/IES-en-1982-Equipos-de-comunicaci\u00f3n.jpg\" alt=\"\" width=\"193\" height=\"122\"><\/td>\n<\/tr>\n<\/tbody>\n<\/table>\n<p><span style=\"font-size: 14pt\">Las l\u00edneas seguidas desde la direcci\u00f3n del centro son la excelencia en la educaci\u00f3n para ofrecer a nuestro alumnado la calidad de ense\u00f1anza necesaria para enfrentarse a los retos de su futuro con \u00e9xito. Para ello atendemos a sus distintas capacidades entendiendo el aprendizaje desde un punto de vista competencial y acad\u00e9mico pero tambi\u00e9n afectivo, social y cultural. Esto se lleva a cabo gracias a la implicaci\u00f3n de todos los participantes de la comunidad escolar, profesorado, familias, profesionales del centro, autoridades educativas y de la localidad y de las distintas entidades locales en diversos sectores.<\/span><\/p>\n<p><span style=\"font-size: 14pt\">Para lograr este desarrollo integral como personas ofrecemos una variedad de proyectos, iniciativas, programas y actividades que contribuyen a la transversalidad de la educaci\u00f3n de nuestros estudiantes y que muestra el grado de implicaci\u00f3n de nuestro profesorado.<\/span><\/p>\n<p><span style=\"font-size: 30pt;color: #ffb700\">Planes y proyectos<\/span><\/p>\n<ul>\n<li><span style=\"font-size: 14pt\"><span style=\"color: #ffb700;font-size: 18pt\">Biling\u00fcismo<\/span> desde 1\u00ba ESO, en las asignaturas de los Departamentos de F\u00edsica y Qu\u00edmica, Biolog\u00eda y Geolog\u00eda, Educaci\u00f3n F\u00edsica y M\u00fasica.<\/span><\/li>\n<li><span style=\"font-size: 14pt\"><span style=\"color: #ffb700;font-size: 18pt\">Plan de compensaci\u00f3n educativa<\/span>, para evitar el desfase educativo de alumnado en situaci\u00f3n de desventaja socioeducativa, facilitar la integraci\u00f3n escolar y evitar el absentismo y el abandono prematuro del sistema educativo.<\/span><\/li>\n<li><span style=\"font-size: 14pt\"><span style=\"color: #ffb700;font-size: 18pt\">Plan de igualdad <\/span>de g\u00e9nero en educaci\u00f3n, para colaborar a eliminar los obst\u00e1culos que se interponen a la igualdad real y al acceso al \u00e1mbito de lo p\u00fablico con planteamientos cooperativos que configuran los pilares b\u00e1sicos de una sociedad igualitaria y justa.<\/span><\/li>\n<li><span style=\"font-size: 14pt\"><span style=\"color: #ffb700;font-size: 18pt\">Proyecto Centros TIC y Escuela TIC 2.0<\/span>, que favorecen la integraci\u00f3n de las nuevas tecnolog\u00edas y el uso de recursos digitales como pizarras digitales y ordenadores, fomentando la Seguridad en Internet y el cambio metodol\u00f3gico para la mejora de la competencia digital b\u00e1sica en el alumnado.<\/span><\/li>\n<li><span style=\"font-size: 14pt\"><span style=\"color: #ffb700;font-size: 18pt\">Plan de Salud Laboral y Prevenci\u00f3n de Riesgos Laborales<\/span>, para implantar la cultura preventiva en toda la comunidad escolar.<\/span><\/li>\n<li><span style=\"font-size: 14pt\"><span style=\"color: #ffb700;font-size: 18pt\">Transformaci\u00f3n Digital <\/span>Educativa para el desarrollo de la competencia digital y la transformaci\u00f3n del centro en una organizaci\u00f3n digitalmente competente, favoreciendo el uso de medios digitales y colaborando con el medioambiente al reducir el uso de papel.<\/span><\/li>\n<li><span style=\"font-size: 14pt\">Programas para la innovaci\u00f3n: <span style=\"color: #ffb700;font-size: 18pt\">Forma joven<\/span> e <span style=\"color: #ffb700;font-size: 18pt\">Innicia <\/span>para la promoci\u00f3n de h\u00e1bitos de vida saludable.<\/span><\/li>\n<li><span style=\"font-size: 14pt\"><span style=\"color: #ffb700;font-size: 18pt\">Proyecto PIISA <\/span>para la iniciaci\u00f3n a la investigaci\u00f3n y la innovaci\u00f3n en colaboraci\u00f3n con la UGR.<\/span><\/li>\n<li><span style=\"font-size: 14pt\"><span style=\"color: #ffb700;font-size: 18pt\">Plan de Lectura y Biblioteca <\/span>para el fomento de pr\u00e1cticas lectoras y habilidades intelectuales y fomentar el uso de la biblioteca escolar como un recurso de apoyo para el aprendizaje permanente.<\/span><\/li>\n<\/ul>\n<p><span style=\"font-size: 30pt;color: #ffb700\">Actividades complementarias y extraescolares<\/span><\/p>\n<p><span style=\"font-size: 14pt\">Actividades de \u00edndole curricular, social, cultural y l\u00fadica, siempre con un marcado acento formativo, para contribuir al desarrollo integral de nuestro alumnado y favorecer la puesta en valor de sus logros y capacidades:<\/span><\/p>\n<ul>\n<li><span style=\"font-size: 14pt\">Visitas, participaci\u00f3n y actuaciones culturales<\/span><\/li>\n<li><span style=\"font-size: 14pt\">Visitas a empresas en ciclos formativos<\/span><\/li>\n<li><span style=\"font-size: 14pt\">Actividades y participaci\u00f3n en eventos deportivos<\/span><\/li>\n<li><span style=\"font-size: 14pt\">Participaci\u00f3n en eventos y actividades de divulgaci\u00f3n de las \u00e1reas STEM (Ciencias, Tecnolog\u00eda, Ingenier\u00eda y Matem\u00e1ticas) como la Feria de la Ciencia de la localidad, el Encuentro Matem\u00e1tico Sierra Arana, la Feria de la Tecnolog\u00eda en M\u00e1laga, Lego League<\/span><\/li>\n<li><span style=\"font-size: 14pt\">Actividades de orientaci\u00f3n profesional<\/span><\/li>\n<li><span style=\"font-size: 14pt\">Semana cultural y del Libro<\/span><\/li>\n<li><span style=\"font-size: 14pt\">Actos de Graduaci\u00f3n para Bachillerato y Ciclos Formativos y 4\u00ba ESO y 2\u00ba FPB.<\/span><\/li>\n<li><span style=\"font-size: 14pt\">Viaje de Estudios<\/span><\/li>\n<\/ul>\n<p>&nbsp;<\/p>\n<p><span style=\"font-size: 30pt;color: #ffb700\">Internacionalizaci\u00f3n del centro<\/span><\/p>\n<p><span style=\"font-size: 14pt\">Desde el curso 2016\/17 el centro es m\u00e1s consciente de la necesidad de integrarse, junto a otros centros europeos, en un entorno m\u00e1s global y menos local, trabajando una dimensi\u00f3n europea de la educaci\u00f3n que ofrezca a nuestro alumnado la posibilidad de ampliar horizontes en cuanto a la mejora en su formaci\u00f3n en idiomas, su desarrollo personal y social en contacto con j\u00f3venes de su edad de otros pa\u00edses y el conocimiento cultural de geograf\u00eda, idiomas, costumbres y cultura de pa\u00edses de nuestro entorno.<\/span><\/p>\n<p><span style=\"font-size: 18pt;color: #ffb700\">eTwinning<\/span><\/p>\n<p><span style=\"font-size: 14pt\">Esta internacionalizaci\u00f3n del centro se ha llevado a cabo mediante numerosos proyectos internacionales a trav\u00e9s de la plataforma docente eTwinning. Estos proyectos virtuales se plantean con un centro socio de cualquier pa\u00eds europeo para trabajar, mediante actividades y herramientas colaborativas, cualquier asignatura o aspecto del curr\u00edculo. Fomentan la competencia ling\u00fc\u00edstica, al realizarse en ingl\u00e9s y franc\u00e9s, y la competencia digital al utilizar una plataforma online, la autoconfianza del alumnado y la toma de conciencia de su propio aprendizaje, a la vez que colabora e interact\u00faa con sus compa\u00f1eros y con estudiantes de otros pa\u00edses.<\/span><\/p>\n<p><span style=\"font-size: 14pt\">Nuestro centro tiene el reconocimiento de ser Centro eTwinning en su primera convocatoria, sus proyectos han conseguido el m\u00e1ximo reconocimiento nacional y europeo con 13 Sellos de Calidad Nacional y 11 Sellos de Calidad Europeos y cuenta con una profesora Embajadora eTwinning que obtuvo el Premio Nacional eTwinning 2108 (categor\u00eda de 12-19 a\u00f1os)<\/span><\/p>\n<p><span style=\"color: #ffb700;font-size: 18pt\">Erasmus+<\/span><\/p>\n<p><span style=\"font-size: 14pt\">En 2019 el centro ha conseguido dos importantes logros. Por un lado la Carta ECHE de Educaci\u00f3n Superior, que permitir\u00e1 a nuestro alumnado de Grado Superior hacer las pr\u00e1cticas o realizar un periodo de aprendizaje en otro pa\u00eds europeo y por otro la concesi\u00f3n del primer proyecto Erasmus+ \u201cIESVA, mejor con Europa\u201d para movilidades de tres profesoras por motivos de formaci\u00f3n.<\/span><\/p>\n<p><span style=\"font-size: 14pt\">Nuestro plan de desarrollo Europeo se centra en la mejora de las necesidades formativas del profesorado en metodolog\u00edas activas e innovadoras, especialmente en \u00e1reas STEM, en la mejora de programaci\u00f3n y evaluaci\u00f3n competencial y en la formaci\u00f3n en nuevas tecnolog\u00edas y herramientas digitales para el aprendizaje basado en proyectos.<\/span><\/p>\n<p><span style=\"color: #ffb700;font-size: 30pt\">Reconocimientos<\/span><\/p>\n<p><span style=\"font-size: 14pt\">Durante estos a\u00f1os la implicaci\u00f3n de los profesionales del centro y del alumnado y sus familias ha resultado en la concesi\u00f3n de distinciones y reconocimientos, que, gracias a la voluntad y la dedicaci\u00f3n de quienes han participado, enorgullecen a nuestra comunidad escolar.<\/span><\/p>\n<p><span style=\"font-size: 14pt\">Todo ello refuerza el objetivo de este equipo directivo de luchar por la calidad y la excelencia de la ense\u00f1anza, de la equidad e inclusi\u00f3n en el centro y reforzar el clima de trabajo tanto del profesorado como del alumnado para facilitar esos logros y hacer de nuestra instituci\u00f3n una escuela din\u00e1mica, abierta al cambio y conectada con el resto de Europa.<\/span><\/p>\n<ul>\n<li><span style=\"font-size: 14pt\">Premio en la modalidad de prevenci\u00f3n del abandono escolar, del Ayuntamiento de Atarfe (2016)<\/span><\/li>\n<li><span style=\"font-size: 14pt\">Centro promotor de Convivencia positiva, de la Consejer\u00eda de Educaci\u00f3n<\/span><\/li>\n<li><span style=\"font-size: 14pt\">Participaci\u00f3n en el Proyecto Iniciaci\u00f3n a la Investigaci\u00f3n e Innovaci\u00f3n en Secundaria en Andaluc\u00eda (PIIISA)<\/span><\/li>\n<li><span style=\"font-size: 14pt\">Participaci\u00f3n en Andaluc\u00eda Profundiza (2018-2019)<\/span><\/li>\n<li><span style=\"font-size: 14pt\">Participaci\u00f3n en el Programa de Educaci\u00f3n Financiera de la Comisi\u00f3n Nacional del Mercado de Valores y el Banco de Espa\u00f1a (2017-2021)<\/span><\/li>\n<li><span style=\"font-size: 14pt\">eTwinning School, desde 2017<\/span><\/li>\n<li><span style=\"font-size: 14pt\">Premio Nacional eTwinning 2018 con el proyecto \u2018Lo que escond\u00eda mi espejo \/ Ce que cachait mon miroir\u2019<\/span><\/li>\n<li><span style=\"font-size: 14pt\">Premio Nacional eTwinning 2021 con el proyecto \u2018Women with conscience and science. Marie Curie. Looking for eTwinnio&#8217;<\/span><\/li>\n<\/ul>\n","protected":false},"excerpt":{"rendered":"<p>Con\u00f3cenos \/ About us El IES Vega de Atarfe cuenta con m\u00e1s de 1000 alumnos y alumnas de 19 nacionalidades diferentes y una plantilla de m\u00e1s de 70 profesores. Esta diversidad cultural lo hace destacar en su forma de atender la multiculturalidad y la inclusi\u00f3n en las aulas, la resoluci\u00f3n de conflictos, la atenci\u00f3n a &hellip; <\/p>\n<p><a class=\"more-link btn\" href=\"https:\/\/blogsaverroes.juntadeandalucia.es\/iesvegadeatarfe\/conocenos\/\">Seguir leyendo<\/a><\/p>\n","protected":false},"author":7647,"featured_media":0,"parent":0,"menu_order":0,"comment_status":"closed","ping_status":"closed","template":"","meta":{"ngg_post_thumbnail":0,"footnotes":""},"aioseo_notices":[],"_links":{"self":[{"href":"https:\/\/blogsaverroes.juntadeandalucia.es\/iesvegadeatarfe\/wp-json\/wp\/v2\/pages\/1226"}],"collection":[{"href":"https:\/\/blogsaverroes.juntadeandalucia.es\/iesvegadeatarfe\/wp-json\/wp\/v2\/pages"}],"about":[{"href":"https:\/\/blogsaverroes.juntadeandalucia.es\/iesvegadeatarfe\/wp-json\/wp\/v2\/types\/page"}],"author":[{"embeddable":true,"href":"https:\/\/blogsaverroes.juntadeandalucia.es\/iesvegadeatarfe\/wp-json\/wp\/v2\/users\/7647"}],"replies":[{"embeddable":true,"href":"https:\/\/blogsaverroes.juntadeandalucia.es\/iesvegadeatarfe\/wp-json\/wp\/v2\/comments?post=1226"}],"version-history":[{"count":23,"href":"https:\/\/blogsaverroes.juntadeandalucia.es\/iesvegadeatarfe\/wp-json\/wp\/v2\/pages\/1226\/revisions"}],"predecessor-version":[{"id":6155,"href":"https:\/\/blogsaverroes.juntadeandalucia.es\/iesvegadeatarfe\/wp-json\/wp\/v2\/pages\/1226\/revisions\/6155"}],"wp:attachment":[{"href":"https:\/\/blogsaverroes.juntadeandalucia.es\/iesvegadeatarfe\/wp-json\/wp\/v2\/media?parent=1226"}],"curies":[{"name":"wp","href":"https:\/\/api.w.org\/{rel}","templated":true}]}}