{"id":1310,"date":"2020-04-15T19:30:49","date_gmt":"2020-04-15T17:30:49","guid":{"rendered":"https:\/\/blogsaverroes.juntadeandalucia.es\/iesvegadeatarfe\/?page_id=1310"},"modified":"2025-04-28T08:52:13","modified_gmt":"2025-04-28T06:52:13","slug":"recursosdemoodlecentros","status":"publish","type":"page","link":"https:\/\/blogsaverroes.juntadeandalucia.es\/iesvegadeatarfe\/recursosdemoodlecentros\/","title":{"rendered":"Recursos Moodle Centros"},"content":{"rendered":"<p><img loading=\"lazy\" decoding=\"async\" class=\"aligncenter wp-image-1384\" src=\"https:\/\/blogsaverroes.juntadeandalucia.es\/iesvegadeatarfe\/files\/2020\/05\/Moodle-Centros.png\" alt=\"\" width=\"300\" height=\"122\" srcset=\"https:\/\/blogsaverroes.juntadeandalucia.es\/iesvegadeatarfe\/files\/2020\/05\/Moodle-Centros.png 353w, https:\/\/blogsaverroes.juntadeandalucia.es\/iesvegadeatarfe\/files\/2020\/05\/Moodle-Centros-300x122.png 300w, https:\/\/blogsaverroes.juntadeandalucia.es\/iesvegadeatarfe\/files\/2020\/05\/Moodle-Centros-24x10.png 24w, https:\/\/blogsaverroes.juntadeandalucia.es\/iesvegadeatarfe\/files\/2020\/05\/Moodle-Centros-36x15.png 36w, https:\/\/blogsaverroes.juntadeandalucia.es\/iesvegadeatarfe\/files\/2020\/05\/Moodle-Centros-48x19.png 48w\" sizes=\"(max-width: 300px) 100vw, 300px\" \/><\/p>\n<p style=\"font-size: 24pt;color: #ff0000;text-align: center\"><span style=\"color: #6b0303\">Gu\u00eda B\u00e1sica de Moodle Centros para docentes<\/span><br \/>\n<a href=\"https:\/\/edea.juntadeandalucia.es\/bancorecursos\/file\/c45ea16a-740d-4f4d-84ca-3f4cc4966e21\/2\/Guia_basica_Moodle_Centros23-24.Rol_Docente.zip\/index.html\" target=\"_blank\" rel=\"noopener noreferrer\"><img loading=\"lazy\" decoding=\"async\" class=\"aligncenter wp-image-3067 size-medium\" src=\"https:\/\/blogsaverroes.juntadeandalucia.es\/iesvegadeatarfe\/files\/2023\/09\/Portada-Gu\u00eda-de-Moodle-del-docente.png\" alt=\"\" width=\"300\" height=\"106\"><\/a><\/p>\n<table border=\"10\" align=\"center\">\n<tbody>\n<tr>\n<td width=\"25%\"><a href=\"https:\/\/www.juntadeandalucia.es\/educacion\/eaprendizaje\/moodle-centros\/\" target=\"_blank\" rel=\"noopener noreferrer\"><img loading=\"lazy\" decoding=\"async\" class=\"aligncenter wp-image-3061\" title=\"Profesorado\" src=\"https:\/\/blogsaverroes.juntadeandalucia.es\/iesvegadeatarfe\/files\/2020\/09\/Profesorado.png\" alt=\"Profesorado\" width=\"150\" height=\"138\" srcset=\"https:\/\/blogsaverroes.juntadeandalucia.es\/iesvegadeatarfe\/files\/2020\/09\/Profesorado.png 150w, https:\/\/blogsaverroes.juntadeandalucia.es\/iesvegadeatarfe\/files\/2020\/09\/Profesorado-24x22.png 24w, https:\/\/blogsaverroes.juntadeandalucia.es\/iesvegadeatarfe\/files\/2020\/09\/Profesorado-36x33.png 36w, https:\/\/blogsaverroes.juntadeandalucia.es\/iesvegadeatarfe\/files\/2020\/09\/Profesorado-48x44.png 48w\" sizes=\"(max-width: 150px) 100vw, 150px\" \/>Manuales<\/a><\/td>\n<td width=\"25%\"><a href=\"https:\/\/www.juntadeandalucia.es\/educacion\/eaprendizaje\/moodle-centros\/\" target=\"_blank\" rel=\"noopener noreferrer\"><img loading=\"lazy\" decoding=\"async\" class=\"aligncenter wp-image-3064 size-medium\" src=\"https:\/\/blogsaverroes.juntadeandalucia.es\/iesvegadeatarfe\/files\/2021\/11\/Moodle.png\" alt=\"\" width=\"300\" height=\"106\">Trabajando con Moodle<\/a><\/td>\n<td width=\"25%\"><a href=\"https:\/\/www.juntadeandalucia.es\/educacion\/portals\/web\/transformacion-digital-educativa\/moodle_faq\" target=\"_blank\" rel=\"noopener noreferrer\"><img loading=\"lazy\" decoding=\"async\" class=\"aligncenter wp-image-3064 size-medium\" src=\"https:\/\/blogsaverroes.juntadeandalucia.es\/iesvegadeatarfe\/files\/2021\/11\/Moodle-Preguntas-frecuentes.png\" alt=\"\" width=\"300\" height=\"106\">Preguntas frecuentes (FAQ)<\/a><\/td>\n<td width=\"25%\"><a href=\"https:\/\/www.juntadeandalucia.es\/educacion\/portals\/web\/transformacion-digital-educativa\/moodle_canal_videos\/\" target=\"_blank\" rel=\"noopener noreferrer\"><img loading=\"lazy\" decoding=\"async\" class=\"aligncenter wp-image-3067 size-medium\" src=\"https:\/\/blogsaverroes.juntadeandalucia.es\/iesvegadeatarfe\/files\/2021\/11\/Moodle-V\u00eddeos.png\" alt=\"\" width=\"300\" height=\"106\">Canal V\u00eddeos<\/a><\/td>\n<\/tr>\n<\/tbody>\n<\/table>\n<p style=\"font-size: 24pt;color: #ff0000;text-align: center\"><span style=\"color: #6b0303\">Modificar mi perfil<\/span><br \/>\n<a href=\"https:\/\/blogsaverroes.juntadeandalucia.es\/iesvegadeatarfe\/files\/2023\/09\/Modificar-perfil-en-Moodle-Centros.pdf\" target=\"_blank\" rel=\"noopener noreferrer\"><img loading=\"lazy\" decoding=\"async\" class=\"aligncenter wp-image-3067 size-medium\" src=\"https:\/\/blogsaverroes.juntadeandalucia.es\/iesvegadeatarfe\/files\/2021\/11\/Moodle-V\u00eddeos.png\" alt=\"\" width=\"300\" height=\"106\"><\/a><\/p>\n","protected":false},"excerpt":{"rendered":"<p>Gu\u00eda B\u00e1sica de Moodle Centros para docentes Manuales Trabajando con Moodle Preguntas frecuentes (FAQ) Canal V\u00eddeos Modificar mi perfil<\/p>\n","protected":false},"author":7647,"featured_media":0,"parent":0,"menu_order":0,"comment_status":"closed","ping_status":"closed","template":"","meta":{"ngg_post_thumbnail":0,"footnotes":""},"aioseo_notices":[],"_links":{"self":[{"href":"https:\/\/blogsaverroes.juntadeandalucia.es\/iesvegadeatarfe\/wp-json\/wp\/v2\/pages\/1310"}],"collection":[{"href":"https:\/\/blogsaverroes.juntadeandalucia.es\/iesvegadeatarfe\/wp-json\/wp\/v2\/pages"}],"about":[{"href":"https:\/\/blogsaverroes.juntadeandalucia.es\/iesvegadeatarfe\/wp-json\/wp\/v2\/types\/page"}],"author":[{"embeddable":true,"href":"https:\/\/blogsaverroes.juntadeandalucia.es\/iesvegadeatarfe\/wp-json\/wp\/v2\/users\/7647"}],"replies":[{"embeddable":true,"href":"https:\/\/blogsaverroes.juntadeandalucia.es\/iesvegadeatarfe\/wp-json\/wp\/v2\/comments?post=1310"}],"version-history":[{"count":29,"href":"https:\/\/blogsaverroes.juntadeandalucia.es\/iesvegadeatarfe\/wp-json\/wp\/v2\/pages\/1310\/revisions"}],"predecessor-version":[{"id":6248,"href":"https:\/\/blogsaverroes.juntadeandalucia.es\/iesvegadeatarfe\/wp-json\/wp\/v2\/pages\/1310\/revisions\/6248"}],"wp:attachment":[{"href":"https:\/\/blogsaverroes.juntadeandalucia.es\/iesvegadeatarfe\/wp-json\/wp\/v2\/media?parent=1310"}],"curies":[{"name":"wp","href":"https:\/\/api.w.org\/{rel}","templated":true}]}}