{"id":18,"date":"2019-09-18T10:50:40","date_gmt":"2019-09-18T08:50:40","guid":{"rendered":"https:\/\/blogsaverroes.juntadeandalucia.es\/iesvegadeatarfe\/?page_id=18"},"modified":"2024-06-07T20:14:01","modified_gmt":"2024-06-07T18:14:01","slug":"inicio","status":"publish","type":"page","link":"https:\/\/blogsaverroes.juntadeandalucia.es\/iesvegadeatarfe\/inicio\/","title":{"rendered":"Contacto"},"content":{"rendered":"<div style=\"text-align: center\">&nbsp;<\/div>\n<div style=\"text-align: center\"><span style=\"font-size: 24pt;color: #960000\">I.E.S. Vega de Atarfe<\/span><\/div>\n<div style=\"text-align: center\"><span style=\"font-size: 14pt\">Avda. Diputaci\u00f3n s\/n<\/span><\/div>\n<div style=\"text-align: center\"><span style=\"font-size: 14pt\">18230 &#8211; Atarfe (Granada)<\/span><\/div>\n<div style=\"text-align: center\"><span style=\"color: #960000\">____________________________________________<\/span><\/div>\n<div>&nbsp;<\/div>\n<div style=\"text-align: center\"><span style=\"color: #960000;font-size: 24pt\">Tel\u00e9fonos:<\/span><\/div>\n<div style=\"text-align: center\"><span class=\"titulo2\"><span style=\"font-size: 14pt\">Conserjer\u00eda: <strong>958-893937<\/strong><\/span><\/span><\/div>\n<div style=\"text-align: center\"><span class=\"titulo2\" style=\"font-size: 14pt\">Administraci\u00f3n y fax: <strong>958893943<\/strong><\/span><\/div>\n<div style=\"text-align: center\"><span style=\"color: #960000\">____________________________________________<\/span><\/div>\n<div>&nbsp;<\/div>\n<div style=\"text-align: center\"><span style=\"color: #960000;font-size: 24pt\">Para contactar con nosotros&#8230;<\/span><\/div>\n<div>&nbsp;<\/div>\n<div style=\"text-align: center\">\n<div class=\"wpcf7 no-js\" id=\"wpcf7-f1229-o1\" lang=\"es-ES\" dir=\"ltr\">\n<div class=\"screen-reader-response\"><p role=\"status\" aria-live=\"polite\" aria-atomic=\"true\"><\/p> <ul><\/ul><\/div>\n<form action=\"\/iesvegadeatarfe\/wp-json\/wp\/v2\/pages\/18#wpcf7-f1229-o1\" method=\"post\" class=\"wpcf7-form init\" aria-label=\"Formulario de contacto\" novalidate=\"novalidate\" data-status=\"init\">\n<div style=\"display: none;\">\n<input type=\"hidden\" name=\"_wpcf7\" value=\"1229\" \/>\n<input type=\"hidden\" name=\"_wpcf7_version\" value=\"5.9.8\" \/>\n<input type=\"hidden\" name=\"_wpcf7_locale\" value=\"es_ES\" \/>\n<input type=\"hidden\" name=\"_wpcf7_unit_tag\" value=\"wpcf7-f1229-o1\" \/>\n<input type=\"hidden\" name=\"_wpcf7_container_post\" value=\"0\" \/>\n<input type=\"hidden\" name=\"_wpcf7_posted_data_hash\" value=\"\" \/>\n<\/div>\n<p><label> Nombre (requerido)<br \/>\n<span class=\"wpcf7-form-control-wrap\" data-name=\"your-name\"><input size=\"40\" maxlength=\"400\" class=\"wpcf7-form-control wpcf7-text wpcf7-validates-as-required\" aria-required=\"true\" aria-invalid=\"false\" value=\"\" type=\"text\" name=\"your-name\" \/><\/span> <\/label>\n<\/p>\n<p><label> Tu correo electr\u00f3nico (requerido)<br \/>\n<span class=\"wpcf7-form-control-wrap\" data-name=\"your-email\"><input size=\"40\" maxlength=\"400\" class=\"wpcf7-form-control wpcf7-email wpcf7-validates-as-required wpcf7-text wpcf7-validates-as-email\" aria-required=\"true\" aria-invalid=\"false\" value=\"\" type=\"email\" name=\"your-email\" \/><\/span> <\/label>\n<\/p>\n<p><label> Asunto<br \/>\n<span class=\"wpcf7-form-control-wrap\" data-name=\"your-subject\"><input size=\"40\" maxlength=\"400\" class=\"wpcf7-form-control wpcf7-text\" aria-invalid=\"false\" value=\"\" type=\"text\" name=\"your-subject\" \/><\/span> <\/label>\n<\/p>\n<p><label> Mensaje<br \/>\n<span class=\"wpcf7-form-control-wrap\" data-name=\"your-message\"><textarea cols=\"40\" rows=\"10\" maxlength=\"2000\" class=\"wpcf7-form-control wpcf7-textarea\" aria-invalid=\"false\" name=\"your-message\"><\/textarea><\/span> <\/label>\n<\/p>\n<p><input class=\"wpcf7-form-control wpcf7-submit has-spinner\" type=\"submit\" value=\"Enviar\" \/>\n<\/p><div class=\"wpcf7-response-output\" aria-hidden=\"true\"><\/div>\n<\/form>\n<\/div>\n<\/div>\n<div style=\"text-align: center\">&nbsp;<\/div>\n<div style=\"text-align: center\"><span style=\"color: #960000\">____________________________________________<\/span><\/div>\n<div style=\"text-align: center\">&nbsp;<\/div>\n<div style=\"text-align: center\">\n<div style=\"text-align: center\"><iframe loading=\"lazy\" src=\"https:\/\/www.google.com\/maps\/embed?pb=!1m18!1m12!1m3!1d3177.2793520906343!2d-3.6927499489088755!3d37.2173428797659!2m3!1f0!2f0!3f0!3m2!1i1024!2i768!4f13.1!3m3!1m2!1s0xd71fe3e8a4dd98d%3A0x4371b72f212ac87b!2sInstituto%20de%20Educaci%C3%B3n%20Secundaria%20IES%20Vega%20de%20Atarfe!5e0!3m2!1ses!2ses!4v1585762998522!5m2!1ses!2ses\" width=\"600\" height=\"450\" frameborder=\"0\"><\/iframe><\/div>\n<div>&nbsp;<\/div>\n<p>&lt;<\/p>\n<\/div>\n","protected":false},"excerpt":{"rendered":"<p>&nbsp; I.E.S. Vega de Atarfe Avda. Diputaci\u00f3n s\/n 18230 &#8211; Atarfe (Granada) ____________________________________________ &nbsp; Tel\u00e9fonos: Conserjer\u00eda: 958-893937 Administraci\u00f3n y fax: 958893943 ____________________________________________ &nbsp; Para contactar con nosotros&#8230; &nbsp; &nbsp; ____________________________________________ &nbsp; &nbsp; &lt;<\/p>\n","protected":false},"author":7647,"featured_media":0,"parent":0,"menu_order":0,"comment_status":"closed","ping_status":"closed","template":"","meta":{"ngg_post_thumbnail":0,"footnotes":""},"aioseo_notices":[],"_links":{"self":[{"href":"https:\/\/blogsaverroes.juntadeandalucia.es\/iesvegadeatarfe\/wp-json\/wp\/v2\/pages\/18"}],"collection":[{"href":"https:\/\/blogsaverroes.juntadeandalucia.es\/iesvegadeatarfe\/wp-json\/wp\/v2\/pages"}],"about":[{"href":"https:\/\/blogsaverroes.juntadeandalucia.es\/iesvegadeatarfe\/wp-json\/wp\/v2\/types\/page"}],"author":[{"embeddable":true,"href":"https:\/\/blogsaverroes.juntadeandalucia.es\/iesvegadeatarfe\/wp-json\/wp\/v2\/users\/7647"}],"replies":[{"embeddable":true,"href":"https:\/\/blogsaverroes.juntadeandalucia.es\/iesvegadeatarfe\/wp-json\/wp\/v2\/comments?post=18"}],"version-history":[{"count":36,"href":"https:\/\/blogsaverroes.juntadeandalucia.es\/iesvegadeatarfe\/wp-json\/wp\/v2\/pages\/18\/revisions"}],"predecessor-version":[{"id":5733,"href":"https:\/\/blogsaverroes.juntadeandalucia.es\/iesvegadeatarfe\/wp-json\/wp\/v2\/pages\/18\/revisions\/5733"}],"wp:attachment":[{"href":"https:\/\/blogsaverroes.juntadeandalucia.es\/iesvegadeatarfe\/wp-json\/wp\/v2\/media?parent=18"}],"curies":[{"name":"wp","href":"https:\/\/api.w.org\/{rel}","templated":true}]}}