{"id":1928,"date":"2020-05-19T08:13:17","date_gmt":"2020-05-19T06:13:17","guid":{"rendered":"https:\/\/blogsaverroes.juntadeandalucia.es\/iesvegadeatarfe\/?page_id=1928"},"modified":"2024-06-07T20:17:22","modified_gmt":"2024-06-07T18:17:22","slug":"d-formalizar-matricula-espa-2","status":"publish","type":"page","link":"https:\/\/blogsaverroes.juntadeandalucia.es\/iesvegadeatarfe\/d-formalizar-matricula-espa-2\/","title":{"rendered":"D.- Formalizar Matr\u00edcula &#8211; ESPA"},"content":{"rendered":"<p><span style=\"font-size: 30pt\">1.- <span style=\"font-size: 24pt\">Fotocopia del<\/span> <span style=\"color: #229b18\">DNI<\/span> <span style=\"font-size: 24pt\">del\/a alumno\/a.<\/span><\/span><\/p>\n<p>&nbsp;<\/p>\n<p><span style=\"font-size: 30pt\">2.- <span style=\"color: #229b18\">Certificado<\/span> <span style=\"font-size: 24pt\">de estudios<\/span><\/span><\/p>\n<p>&nbsp;<\/p>\n<p><span style=\"font-size: 30pt\">3.- <span style=\"color: #229b18\">Impreso Oficial de Matr\u00edcula<\/span> <span style=\"font-size: 24pt\">(por duplicado): <\/span><a style=\"color: #2e64fe\" href=\"https:\/\/www.juntadeandalucia.es\/educacion\/portals\/delegate\/content\/d70f2633-0489-46e6-9d1e-2927458e5801\/Impreso%20matriculaci%C3%B3n%20ESO%20modalidades%20presencial%20y%20semipresencial\" target=\"_blank\" rel=\"noopener noreferrer\">Anexo III<\/a><\/span><\/p>\n<p>&nbsp;<\/p>\n<p><span style=\"font-size: 30pt\">4.- <span style=\"color: #229b18\">Seguro escolar<\/span><span style=\"font-size: 24pt\">(solo para menores de 28 a\u00f1os): <\/span><\/span><\/p>\n<p><a href=\"https:\/\/blogsaverroes.juntadeandalucia.es\/iesvegadeatarfe\/files\/2022\/06\/Matr\u00edcula-Seguro-Escolar.pdf\" target=\"_blank\" rel=\"noopener noreferrer\"><span style=\"font-size: 24pt;color: #2e64fe\">Informaci\u00f3n<\/span><\/a><\/p>\n<p><a href=\"https:\/\/www.juntadeandalucia.es\/educacion\/secretariavirtual\/seguroEscolar\/pagoSeguroEscolar\/\" target=\"_blank\" rel=\"noopener noreferrer\"><span style=\"font-size: 24pt;color: #2e64fe\">Pago del Seguro Escolar <\/span><\/a><span style=\"font-size: 18pt;color: #333333\"> por Internet<\/span><\/p>\n","protected":false},"excerpt":{"rendered":"<p>1.- Fotocopia del DNI del\/a alumno\/a. &nbsp; 2.- Certificado de estudios &nbsp; 3.- Impreso Oficial de Matr\u00edcula (por duplicado): Anexo III &nbsp; 4.- Seguro escolar(solo para menores de 28 a\u00f1os): Informaci\u00f3n Pago del Seguro Escolar por Internet<\/p>\n","protected":false},"author":7647,"featured_media":0,"parent":0,"menu_order":0,"comment_status":"closed","ping_status":"closed","template":"","meta":{"ngg_post_thumbnail":0,"footnotes":""},"aioseo_notices":[],"_links":{"self":[{"href":"https:\/\/blogsaverroes.juntadeandalucia.es\/iesvegadeatarfe\/wp-json\/wp\/v2\/pages\/1928"}],"collection":[{"href":"https:\/\/blogsaverroes.juntadeandalucia.es\/iesvegadeatarfe\/wp-json\/wp\/v2\/pages"}],"about":[{"href":"https:\/\/blogsaverroes.juntadeandalucia.es\/iesvegadeatarfe\/wp-json\/wp\/v2\/types\/page"}],"author":[{"embeddable":true,"href":"https:\/\/blogsaverroes.juntadeandalucia.es\/iesvegadeatarfe\/wp-json\/wp\/v2\/users\/7647"}],"replies":[{"embeddable":true,"href":"https:\/\/blogsaverroes.juntadeandalucia.es\/iesvegadeatarfe\/wp-json\/wp\/v2\/comments?post=1928"}],"version-history":[{"count":12,"href":"https:\/\/blogsaverroes.juntadeandalucia.es\/iesvegadeatarfe\/wp-json\/wp\/v2\/pages\/1928\/revisions"}],"predecessor-version":[{"id":5734,"href":"https:\/\/blogsaverroes.juntadeandalucia.es\/iesvegadeatarfe\/wp-json\/wp\/v2\/pages\/1928\/revisions\/5734"}],"wp:attachment":[{"href":"https:\/\/blogsaverroes.juntadeandalucia.es\/iesvegadeatarfe\/wp-json\/wp\/v2\/media?parent=1928"}],"curies":[{"name":"wp","href":"https:\/\/api.w.org\/{rel}","templated":true}]}}