{"id":2003,"date":"2020-05-20T12:19:01","date_gmt":"2020-05-20T10:19:01","guid":{"rendered":"https:\/\/blogsaverroes.juntadeandalucia.es\/iesvegadeatarfe\/?page_id=2003"},"modified":"2025-10-01T10:20:25","modified_gmt":"2025-10-01T08:20:25","slug":"organos-de-gobierno-y-coordinacion-2","status":"publish","type":"page","link":"https:\/\/blogsaverroes.juntadeandalucia.es\/iesvegadeatarfe\/organos-de-gobierno-y-coordinacion-2\/","title":{"rendered":"\u00d3rganos de Gobierno, Coordinaci\u00f3n y Participaci\u00f3n en el Centro"},"content":{"rendered":"<p data-wp-editing=\"1\"><img loading=\"lazy\" decoding=\"async\" class=\"aligncenter wp-image-6449 size-full\" src=\"https:\/\/blogsaverroes.juntadeandalucia.es\/iesvegadeatarfe\/files\/2025\/09\/Imagen1.png\" alt=\"\" width=\"793\" height=\"336\" srcset=\"https:\/\/blogsaverroes.juntadeandalucia.es\/iesvegadeatarfe\/files\/2025\/09\/Imagen1.png 793w, https:\/\/blogsaverroes.juntadeandalucia.es\/iesvegadeatarfe\/files\/2025\/09\/Imagen1-300x127.png 300w, https:\/\/blogsaverroes.juntadeandalucia.es\/iesvegadeatarfe\/files\/2025\/09\/Imagen1-768x325.png 768w\" sizes=\"(max-width: 793px) 100vw, 793px\" \/><br \/>\n<img loading=\"lazy\" decoding=\"async\" class=\"aligncenter wp-image-6451 size-full\" src=\"https:\/\/blogsaverroes.juntadeandalucia.es\/iesvegadeatarfe\/files\/2025\/09\/Imagen2.png\" alt=\"\" width=\"778\" height=\"388\" srcset=\"https:\/\/blogsaverroes.juntadeandalucia.es\/iesvegadeatarfe\/files\/2025\/09\/Imagen2.png 778w, https:\/\/blogsaverroes.juntadeandalucia.es\/iesvegadeatarfe\/files\/2025\/09\/Imagen2-300x150.png 300w, https:\/\/blogsaverroes.juntadeandalucia.es\/iesvegadeatarfe\/files\/2025\/09\/Imagen2-768x383.png 768w, https:\/\/blogsaverroes.juntadeandalucia.es\/iesvegadeatarfe\/files\/2025\/09\/Imagen2-472x236.png 472w\" sizes=\"(max-width: 778px) 100vw, 778px\" \/><\/p>\n<p data-wp-editing=\"1\"><img loading=\"lazy\" decoding=\"async\" class=\"aligncenter wp-image-6454 size-full\" src=\"https:\/\/blogsaverroes.juntadeandalucia.es\/iesvegadeatarfe\/files\/2025\/09\/Imagen3.png\" alt=\"\" width=\"781\" height=\"234\" srcset=\"https:\/\/blogsaverroes.juntadeandalucia.es\/iesvegadeatarfe\/files\/2025\/09\/Imagen3.png 781w, https:\/\/blogsaverroes.juntadeandalucia.es\/iesvegadeatarfe\/files\/2025\/09\/Imagen3-300x90.png 300w, https:\/\/blogsaverroes.juntadeandalucia.es\/iesvegadeatarfe\/files\/2025\/09\/Imagen3-768x230.png 768w\" sizes=\"(max-width: 781px) 100vw, 781px\" \/><\/p>\n<p data-wp-editing=\"1\">&nbsp;<\/p>\n<p data-wp-editing=\"1\"><img loading=\"lazy\" decoding=\"async\" class=\"aligncenter wp-image-6456 size-full\" src=\"https:\/\/blogsaverroes.juntadeandalucia.es\/iesvegadeatarfe\/files\/2025\/09\/DEPARTAMENTOS-3.jpg\" alt=\"\" width=\"1386\" height=\"1763\" srcset=\"https:\/\/blogsaverroes.juntadeandalucia.es\/iesvegadeatarfe\/files\/2025\/09\/DEPARTAMENTOS-3.jpg 1386w, https:\/\/blogsaverroes.juntadeandalucia.es\/iesvegadeatarfe\/files\/2025\/09\/DEPARTAMENTOS-3-236x300.jpg 236w, https:\/\/blogsaverroes.juntadeandalucia.es\/iesvegadeatarfe\/files\/2025\/09\/DEPARTAMENTOS-3-805x1024.jpg 805w, https:\/\/blogsaverroes.juntadeandalucia.es\/iesvegadeatarfe\/files\/2025\/09\/DEPARTAMENTOS-3-768x977.jpg 768w, https:\/\/blogsaverroes.juntadeandalucia.es\/iesvegadeatarfe\/files\/2025\/09\/DEPARTAMENTOS-3-1208x1536.jpg 1208w, https:\/\/blogsaverroes.juntadeandalucia.es\/iesvegadeatarfe\/files\/2025\/09\/DEPARTAMENTOS-3-944x1201.jpg 944w\" sizes=\"(max-width: 1386px) 100vw, 1386px\" \/><br \/>\n<img loading=\"lazy\" decoding=\"async\" class=\"aligncenter wp-image-6459\" src=\"https:\/\/blogsaverroes.juntadeandalucia.es\/iesvegadeatarfe\/files\/2025\/09\/TUTORIAS-2-1.jpg\" alt=\"\" width=\"762\" height=\"1032\" srcset=\"https:\/\/blogsaverroes.juntadeandalucia.es\/iesvegadeatarfe\/files\/2025\/09\/TUTORIAS-2-1.jpg 1360w, https:\/\/blogsaverroes.juntadeandalucia.es\/iesvegadeatarfe\/files\/2025\/09\/TUTORIAS-2-1-221x300.jpg 221w, https:\/\/blogsaverroes.juntadeandalucia.es\/iesvegadeatarfe\/files\/2025\/09\/TUTORIAS-2-1-756x1024.jpg 756w, https:\/\/blogsaverroes.juntadeandalucia.es\/iesvegadeatarfe\/files\/2025\/09\/TUTORIAS-2-1-768x1040.jpg 768w, https:\/\/blogsaverroes.juntadeandalucia.es\/iesvegadeatarfe\/files\/2025\/09\/TUTORIAS-2-1-1134x1536.jpg 1134w, https:\/\/blogsaverroes.juntadeandalucia.es\/iesvegadeatarfe\/files\/2025\/09\/TUTORIAS-2-1-944x1279.jpg 944w\" sizes=\"(max-width: 762px) 100vw, 762px\" \/><br \/>\n<img loading=\"lazy\" decoding=\"async\" class=\"aligncenter wp-image-6461 size-full\" src=\"https:\/\/blogsaverroes.juntadeandalucia.es\/iesvegadeatarfe\/files\/2025\/09\/PARTICIPACION-2.jpg\" alt=\"\" width=\"1476\" height=\"1763\" srcset=\"https:\/\/blogsaverroes.juntadeandalucia.es\/iesvegadeatarfe\/files\/2025\/09\/PARTICIPACION-2.jpg 1476w, https:\/\/blogsaverroes.juntadeandalucia.es\/iesvegadeatarfe\/files\/2025\/09\/PARTICIPACION-2-251x300.jpg 251w, https:\/\/blogsaverroes.juntadeandalucia.es\/iesvegadeatarfe\/files\/2025\/09\/PARTICIPACION-2-857x1024.jpg 857w, https:\/\/blogsaverroes.juntadeandalucia.es\/iesvegadeatarfe\/files\/2025\/09\/PARTICIPACION-2-768x917.jpg 768w, https:\/\/blogsaverroes.juntadeandalucia.es\/iesvegadeatarfe\/files\/2025\/09\/PARTICIPACION-2-1286x1536.jpg 1286w, https:\/\/blogsaverroes.juntadeandalucia.es\/iesvegadeatarfe\/files\/2025\/09\/PARTICIPACION-2-944x1128.jpg 944w\" sizes=\"(max-width: 1476px) 100vw, 1476px\" \/><br \/>\n<img loading=\"lazy\" decoding=\"async\" class=\"aligncenter wp-image-6463 size-full\" src=\"https:\/\/blogsaverroes.juntadeandalucia.es\/iesvegadeatarfe\/files\/2025\/09\/WEBS-DEL-CENTRO-1.jpg\" alt=\"\" width=\"1464\" height=\"1088\" srcset=\"https:\/\/blogsaverroes.juntadeandalucia.es\/iesvegadeatarfe\/files\/2025\/09\/WEBS-DEL-CENTRO-1.jpg 1464w, https:\/\/blogsaverroes.juntadeandalucia.es\/iesvegadeatarfe\/files\/2025\/09\/WEBS-DEL-CENTRO-1-300x223.jpg 300w, https:\/\/blogsaverroes.juntadeandalucia.es\/iesvegadeatarfe\/files\/2025\/09\/WEBS-DEL-CENTRO-1-1024x761.jpg 1024w, https:\/\/blogsaverroes.juntadeandalucia.es\/iesvegadeatarfe\/files\/2025\/09\/WEBS-DEL-CENTRO-1-768x571.jpg 768w, https:\/\/blogsaverroes.juntadeandalucia.es\/iesvegadeatarfe\/files\/2025\/09\/WEBS-DEL-CENTRO-1-944x702.jpg 944w\" sizes=\"(max-width: 1464px) 100vw, 1464px\" \/><br \/>\n<img loading=\"lazy\" decoding=\"async\" class=\"alignnone wp-image-3198 size-full\" src=\"https:\/\/blogsaverroes.juntadeandalucia.es\/iesvegadeatarfe\/files\/2024\/09\/OGP-Personal-no-docento-24-25.png\" alt=\"\" width=\"1864\" height=\"250\"><\/p>\n","protected":false},"excerpt":{"rendered":"<p>&nbsp;<\/p>\n","protected":false},"author":7647,"featured_media":0,"parent":0,"menu_order":0,"comment_status":"closed","ping_status":"closed","template":"","meta":{"ngg_post_thumbnail":0,"footnotes":""},"aioseo_notices":[],"_links":{"self":[{"href":"https:\/\/blogsaverroes.juntadeandalucia.es\/iesvegadeatarfe\/wp-json\/wp\/v2\/pages\/2003"}],"collection":[{"href":"https:\/\/blogsaverroes.juntadeandalucia.es\/iesvegadeatarfe\/wp-json\/wp\/v2\/pages"}],"about":[{"href":"https:\/\/blogsaverroes.juntadeandalucia.es\/iesvegadeatarfe\/wp-json\/wp\/v2\/types\/page"}],"author":[{"embeddable":true,"href":"https:\/\/blogsaverroes.juntadeandalucia.es\/iesvegadeatarfe\/wp-json\/wp\/v2\/users\/7647"}],"replies":[{"embeddable":true,"href":"https:\/\/blogsaverroes.juntadeandalucia.es\/iesvegadeatarfe\/wp-json\/wp\/v2\/comments?post=2003"}],"version-history":[{"count":67,"href":"https:\/\/blogsaverroes.juntadeandalucia.es\/iesvegadeatarfe\/wp-json\/wp\/v2\/pages\/2003\/revisions"}],"predecessor-version":[{"id":6466,"href":"https:\/\/blogsaverroes.juntadeandalucia.es\/iesvegadeatarfe\/wp-json\/wp\/v2\/pages\/2003\/revisions\/6466"}],"wp:attachment":[{"href":"https:\/\/blogsaverroes.juntadeandalucia.es\/iesvegadeatarfe\/wp-json\/wp\/v2\/media?parent=2003"}],"curies":[{"name":"wp","href":"https:\/\/api.w.org\/{rel}","templated":true}]}}