{"id":2452,"date":"2020-06-03T20:15:03","date_gmt":"2020-06-03T18:15:03","guid":{"rendered":"https:\/\/blogsaverroes.juntadeandalucia.es\/iesvegadeatarfe\/?page_id=2452"},"modified":"2025-07-03T09:27:43","modified_gmt":"2025-07-03T07:27:43","slug":"tutoriales-para-rellenar-impresos","status":"publish","type":"page","link":"https:\/\/blogsaverroes.juntadeandalucia.es\/iesvegadeatarfe\/tutoriales-para-rellenar-impresos\/","title":{"rendered":"Tutoriales para tr\u00e1mites electr\u00f3nicos"},"content":{"rendered":"<table border=\"0\" align=\"center\">\n<tbody>\n<tr>\n<td style=\"text-align: center\" width=\"33%\"><span style=\"font-size: 18pt;color: #333333\">Mediante la <\/span><a href=\"https:\/\/www.juntadeandalucia.es\/educacion\/secretariavirtual\/accesoTramite\/462\/\" target=\"_blank\" rel=\"noopener noreferrer\"><span style=\"font-size: 18pt;color: #2e64fe\">Secretar\u00eda Virtual de los Centros Educativos <\/span><\/a><span style=\"font-size: 18pt;color: #333333\"> podr\u00e1 realizar cualquier gesti\u00f3n sin necesidad de desplazarse al Centro<\/span><\/td>\n<td width=\"33%\"><img loading=\"lazy\" decoding=\"async\" class=\"aligncenter wp-image-2072\" src=\"https:\/\/blogsaverroes.juntadeandalucia.es\/iesvegadeatarfe\/files\/2020\/06\/Tr\u00e1mites-telem\u00e1ticos.png\" alt=\"\" width=\"250\" height=\"231\"><\/td>\n<td width=\"33%\">\n<p style=\"text-align: center\"><span style=\"font-size: 14pt\">Para poder realizar estos tr\u00e1mites es necesario tener<\/span><\/p>\n<ul>\n<li style=\"text-align: left\"><span style=\"font-size: 14pt\">&#8216;Certificado Digital&#8217;<\/span><\/li>\n<li style=\"text-align: left\"><span style=\"font-size: 14pt\">&#8216;Autenticaci\u00f3n Cl@ve&#8217; o<\/span><\/li>\n<li style=\"text-align: left\"><span style=\"font-size: 14pt\">Clave \u00abiANDE\u00bb<\/span><\/li>\n<\/ul>\n<\/td>\n<\/tr>\n<\/tbody>\n<\/table>\n<p><span style=\"font-size: 24pt;color: #ff00ff\">1.- Clave &#8216;iANDE&#8217;<\/span><\/p>\n<ul style=\"list-style-type: square\">\n<li><span style=\"font-size: 18pt;color: #333333\">Est\u00e1 disponible a trav\u00e9s de iPasen, en &#8216;Comunicaciones&#8217;<\/span><\/li>\n<li><span style=\"font-size: 18pt;color: #333333\">Puede solicitarse en la Jefatura de Estudios<\/span><\/li>\n<li><span style=\"font-size: 18pt;color: #333333\">Registro de usuario en la Secretar\u00eda Virtual para <\/span><a href=\"https:\/\/www.juntadeandalucia.es\/educacion\/secretariavirtual\/autenticacion\/registroUsuarioIANDE\/\" target=\"_blank\" rel=\"noopener noreferrer\"><span style=\"font-size: 18pt;color: #2e64fe\">otros procedimientos &#8211; Clave iANDE<\/span><\/a><\/li>\n<li><span style=\"font-size: 18pt\">V\u00eddeo tutorial sobre <span style=\"color: #2e64fe\"><a style=\"color: #2e64fe\" href=\"https:\/\/youtu.be\/pWBeQL7f1qk?feature=shared\" target=\"_blank\" rel=\"noopener\">Clave iANDE<\/a><\/span><\/span><\/li>\n<\/ul>\n<p>&nbsp;<\/p>\n<p><span style=\"font-size: 24pt;color: #ff00ff\">2.- C\u00f3mo formalizar la matr\u00edcula electr\u00f3nica<\/span><\/p>\n<p><span style=\"font-size: 18pt;color: #333333\">V\u00eddeo tutorial sobre matriculaci\u00f3n en&nbsp;<\/span><a href=\"https:\/\/youtu.be\/Chqx-8D5yms\" target=\"_blank\" rel=\"noopener\"><span style=\"font-size: 18pt;color: #2e64fe\"> ESO, <\/span><span style=\"font-size: 18pt\"><span style=\"color: #333333\">&nbsp;<\/span><\/span><span style=\"font-size: 18pt;color: #2e64fe\">Bachillerato y <\/span><\/a><span style=\"font-size: 18pt;color: #2e64fe\">Ciclos Formativos<\/span><\/p>\n<p>&nbsp;<\/p>\n<p><span style=\"font-size: 24pt;color: #ff00ff\">3.- C\u00f3mo acceder al registro electr\u00f3nico en Centros<\/span><\/p>\n<p><span style=\"font-size: 18pt;color: #333333\">Proceso de presentaci\u00f3n de documentaci\u00f3n en el <\/span><a href=\"https:\/\/blogsaverroes.juntadeandalucia.es\/iesvegadeatarfe\/files\/2025\/04\/Tutorial-Registro-electronico-en-centros-2025.pdf\" target=\"_blank\" rel=\"noopener\"><span style=\"font-size: 18pt;color: #2e64fe\"> Registro Electr\u00f3nico de Centros<\/span><\/a><\/p>\n<p>&nbsp;<\/p>\n<p><span style=\"font-size: 24pt;color: #ff00ff\">4.- C\u00f3mo firmar un PDF con certificado digital<\/span><\/p>\n<p><span style=\"font-size: 18pt;color: #333333\">Indicaciones para <\/span><a href=\"https:\/\/www.googleadservices.com\/pagead\/aclk?sa=L&amp;ai=DChcSEwiApfCompONAxXXtmgJHRCoMtcYABABGgJ3Zg&amp;ae=2&amp;aspm=1&amp;co=1&amp;ase=5&amp;gclid=CjwKCAjwiezABhBZEiwAEbTPGHMdCYApEMsUOlZdoQIBOiP6ORhIIbe52VLBK6JP2tuCx3F_33hcWRoCMGcQAvD_BwE&amp;ohost=www.google.com&amp;cid=CAESeuD28qpHzI6N3Nh9R1VPoyiltaPyQ_T0Bqd-SVt2oQH0eohfzwiIPazLccr5XZ-4U9mS18jzpS38H75l05wY7Y-uvX2n9M6gPWe0_WtyGx-pu_K9Voq7WNccq4J_xIRuX70hv2aFi2aSaopgHIe0zY-aOsSs35vJ3rd5&amp;sig=AOD64_3rskoN4U7s98egp8UEYywAv0-GRQ&amp;q&amp;adurl&amp;ved=2ahUKEwjSu-mompONAxXuK_sDHQtfG1YQ0Qx6BAhfEAE\" target=\"_blank\" rel=\"noopener noreferrer\"><span style=\"font-size: 18pt;color: #2e64fe\"> firmar un PDF<\/span><\/a><\/p>\n<p>&nbsp;<\/p>\n<p><span style=\"font-size: 24pt;color: #ff00ff\">5.- C\u00f3mo solicitar la &#8216;Autenticaci\u00f3n Cl@ve&#8217;<\/span><\/p>\n<p><span style=\"font-size: 18pt;color: #ba0fba\">5.1.- Registrarse<\/span><\/p>\n<p><span style=\"font-size: 18pt;color: #333333\">Seguir las indicaciones para obtener la <\/span><a href=\"https:\/\/clave.gob.es\/clave_Home\/PIN24H\/Obtencion-clave-pin.html\" target=\"_blank\" rel=\"noopener noreferrer\"><span style=\"font-size: 18pt;color: #2e64fe\">Autenticaci\u00f3n Cl@ve<\/span><\/a><\/p>\n<p><span style=\"font-size: 18pt;color: #ba0fba\">5.2.- Descargar la App Cl@ve PIN <\/span><\/p>\n<p><span style=\"font-size: 18pt\">Debemos descargar la App &#8216;Cl@ve PIN&#8217; en el m\u00f3vil y seguir las instrucciones para registrarnos<\/span><br \/>\n<span style=\"font-size: 14pt\">(Necesitamos tener a mano el DNI y su fecha de validez)<\/span><\/p>\n<p>&nbsp;<\/p>\n<p><span style=\"font-size: 24pt;color: #ff00ff\">6.- C\u00f3mo solicitar Certificado Digital<\/span><\/p>\n<p><span style=\"font-size: 18pt;color: #333333\">Seguir los pasos indicados en la Fabrica Nacional de Moneda y Timbre (FNMT)para el <\/span><a href=\"https:\/\/www.sede.fnmt.gob.es\/certificados\" target=\"_blank\" rel=\"noopener noreferrer\"><span style=\"font-size: 18pt;color: #2e64fe\"> Certificado Digital<\/span><\/a><\/p>\n","protected":false},"excerpt":{"rendered":"<p>Mediante la Secretar\u00eda Virtual de los Centros Educativos podr\u00e1 realizar cualquier gesti\u00f3n sin necesidad de desplazarse al Centro Para poder realizar estos tr\u00e1mites es necesario tener &#8216;Certificado Digital&#8217; &#8216;Autenticaci\u00f3n Cl@ve&#8217; o Clave \u00abiANDE\u00bb 1.- Clave &#8216;iANDE&#8217; Est\u00e1 disponible a trav\u00e9s de iPasen, en &#8216;Comunicaciones&#8217; Puede solicitarse en la Jefatura de Estudios Registro de usuario en &hellip; <\/p>\n<p><a class=\"more-link btn\" href=\"https:\/\/blogsaverroes.juntadeandalucia.es\/iesvegadeatarfe\/tutoriales-para-rellenar-impresos\/\">Seguir leyendo<\/a><\/p>\n","protected":false},"author":7647,"featured_media":0,"parent":0,"menu_order":0,"comment_status":"closed","ping_status":"closed","template":"","meta":{"ngg_post_thumbnail":0,"footnotes":""},"aioseo_notices":[],"_links":{"self":[{"href":"https:\/\/blogsaverroes.juntadeandalucia.es\/iesvegadeatarfe\/wp-json\/wp\/v2\/pages\/2452"}],"collection":[{"href":"https:\/\/blogsaverroes.juntadeandalucia.es\/iesvegadeatarfe\/wp-json\/wp\/v2\/pages"}],"about":[{"href":"https:\/\/blogsaverroes.juntadeandalucia.es\/iesvegadeatarfe\/wp-json\/wp\/v2\/types\/page"}],"author":[{"embeddable":true,"href":"https:\/\/blogsaverroes.juntadeandalucia.es\/iesvegadeatarfe\/wp-json\/wp\/v2\/users\/7647"}],"replies":[{"embeddable":true,"href":"https:\/\/blogsaverroes.juntadeandalucia.es\/iesvegadeatarfe\/wp-json\/wp\/v2\/comments?post=2452"}],"version-history":[{"count":70,"href":"https:\/\/blogsaverroes.juntadeandalucia.es\/iesvegadeatarfe\/wp-json\/wp\/v2\/pages\/2452\/revisions"}],"predecessor-version":[{"id":6360,"href":"https:\/\/blogsaverroes.juntadeandalucia.es\/iesvegadeatarfe\/wp-json\/wp\/v2\/pages\/2452\/revisions\/6360"}],"wp:attachment":[{"href":"https:\/\/blogsaverroes.juntadeandalucia.es\/iesvegadeatarfe\/wp-json\/wp\/v2\/media?parent=2452"}],"curies":[{"name":"wp","href":"https:\/\/api.w.org\/{rel}","templated":true}]}}