{"id":2475,"date":"2020-06-04T07:43:47","date_gmt":"2020-06-04T05:43:47","guid":{"rendered":"https:\/\/blogsaverroes.juntadeandalucia.es\/iesvegadeatarfe\/?page_id=2475"},"modified":"2025-07-16T13:28:50","modified_gmt":"2025-07-16T11:28:50","slug":"c-formalizar-matricula","status":"publish","type":"page","link":"https:\/\/blogsaverroes.juntadeandalucia.es\/iesvegadeatarfe\/c-formalizar-matricula\/","title":{"rendered":"C.- Formalizar Matr\u00edcula"},"content":{"rendered":"<table style=\"height: 77px;width: 105.2%;border-collapse: collapse;background-color: #f7dd19\">\n<tbody>\n<tr>\n<td style=\"width: 100%;text-align: center\"><span style=\"font-size: 18pt\">El pago del seguro escolar es obligatorio desde 3\u00ba ESO hasta los 28 a\u00f1os<\/span><\/td>\n<\/tr>\n<\/tbody>\n<\/table>\n<p style=\"text-align: center\"><span style=\"font-size: 18pt;color: #29a329\">Todo el alumnado que no haya incluido su D.N.I. en matr\u00edculas anteriores debe incorporarlo en \u00e9sta<\/span><\/p>\n<p><span style=\"font-size: 30pt;color: #ff0000\">Solo para el alumnado nuevo<\/span><\/p>\n<ul style=\"list-style-type: square\">\n<li><span style=\"font-size: 18pt;color: #d70138\">DNI del alumno <\/span><span style=\"font-size: 14pt\"> o p\u00e1gina del libro de familia en la que aparece<\/span> (<em>solo si no se utiliza &#8216;Sobre electr\u00f3nico<\/em>&#8216;)<\/li>\n<li><span style=\"font-size: 18pt;color: #d70138\">DNI del padre y de la madre, o tutores legales<\/span><span style=\"font-size: 14pt\"> &#8211; Para menores de edad<\/span> (<em>solo si no se utiliza &#8216;Sobre electr\u00f3nico&#8217;<\/em>)<\/li>\n<li><span style=\"font-size: 18pt;color: #d70138\">Certificado de Estudios original <\/span><span style=\"font-size: 14pt\"> &#8211; Solo ESO y BACHILLERATO (turno de ma\u00f1ana y Adultos)<\/span><span style=\"font-size: 12pt\"> (<em>Excepto el alumnado de 1\u00ba de ESO procedente del &#8216;C.E.I.P. Jim\u00e9nez Rueda&#8217; &#8216;C.E.I.P Atalaya&#8217; y C.E.I.P. Fernando de los R\u00edos<\/em>)<\/span><\/li>\n<\/ul>\n<p style=\"text-align: center\">&nbsp;<\/p>\n<p><span style=\"font-size: 30pt;color: #ff0000\">1.- Sobre Electr\u00f3nico ESO y Bachillerato<\/span><span style=\"font-size: 18pt;color: #333333\">&nbsp;<a href=\"https:\/\/youtu.be\/Chqx-8D5yms\" target=\"_blank\" rel=\"noopener\">Ver v\u00eddeo<\/a><\/span><\/p>\n<ul style=\"list-style-type: square\">\n<li style=\"font-size: 18pt;color: #333333\"><span style=\"color: #575454\">Seguir el itinerario de la &#8216;Hoja de optativas&#8217; de nuestro centro y adjuntar el &#8216;Compromiso de libros de texto&#8217;<\/span><\/li>\n<li style=\"font-size: 18pt\"><span style=\"font-size: 18pt;color: #575454\">Nombrar personas autorizadas para recogida del centro en caso de ser menor de edad, distintas del padre\/madre<\/span><\/li>\n<\/ul>\n<table style=\"width: 100%;border-collapse: collapse;border-color: #371ff0;background-color: #ded9d9;border-style: solid\">\n<tbody>\n<tr>\n<td style=\"width: 50%\"><a href=\"https:\/\/www.juntadeandalucia.es\/educacion\/secretariavirtual\/accesoTramite\/413\/\" target=\"_blank\" rel=\"noopener noreferrer\"><img loading=\"lazy\" decoding=\"async\" class=\"alignnone wp-image-1084 aligncenter\" src=\"https:\/\/blogsaverroes.juntadeandalucia.es\/iesvegadeatarfe\/files\/2021\/07\/B-Formalizar-matr\u00edcula-ESO-Sobre-electr\u00f3nico.png\" alt=\"\" width=\"207\" height=\"128\"><\/a><\/td>\n<td style=\"width: 50%\"><a href=\"https:\/\/www.juntadeandalucia.es\/educacion\/secretariavirtual\/accesoTramite\/486\/\" target=\"_blank\" rel=\"noopener noreferrer\"><img loading=\"lazy\" decoding=\"async\" class=\"wp-image-1084 aligncenter\" src=\"https:\/\/blogsaverroes.juntadeandalucia.es\/iesvegadeatarfe\/files\/2021\/07\/B-Formalizar-matr\u00edcula-Bachillerato-Sobre-electr\u00f3nico.png\" alt=\"\" width=\"212\" height=\"131\"><\/a><\/td>\n<\/tr>\n<\/tbody>\n<\/table>\n<p>&nbsp;<br \/>\n<span style=\"font-size: 30pt;color: #ff0000\">2.- Secretar\u00eda Virtual Formaci\u00f3n Profesional y Ense\u00f1anza de Adultos<\/span><span style=\"font-size: 18pt;color: #333333\"> &nbsp;<\/span><\/p>\n<ul style=\"list-style-type: square\">\n<li style=\"font-size: 18pt\"><span style=\"font-size: 18pt;color: #575454\">Picar en la pesta\u00f1a correspondiente dentro de &#8216;Secretar\u00eda Virtual&#8217;.<\/span><\/li>\n<li style=\"font-size: 18pt\"><span style=\"font-size: 18pt;color: #575454\">Nombrar personas autorizadas para recogida del centro en caso de ser menor de edad, distintas del padre\/madre<\/span><\/li>\n<\/ul>\n<table style=\"width: 100%;border-collapse: collapse;border-color: #371ff0;background-color: #ded9d9;border-style: solid\">\n<tbody>\n<tr>\n<td style=\"width: 33%\"><a href=\"https:\/\/www.juntadeandalucia.es\/educacion\/secretariavirtual\/solicitudes\/\" target=\"_blank\" rel=\"noopener noreferrer\"><img loading=\"lazy\" decoding=\"async\" class=\"wp-image-1084 aligncenter\" src=\"https:\/\/blogsaverroes.juntadeandalucia.es\/iesvegadeatarfe\/files\/2021\/07\/B-Formalizar-matr\u00edcula-Formaci\u00f3n-Profesional-Secretar\u00eda-Virutal.png\" alt=\"\" width=\"188\" height=\"115\"><\/a><\/td>\n<td style=\"width: 33%\"><a href=\"https:\/\/www.juntadeandalucia.es\/educacion\/secretariavirtual\/accesoTramite\/228\/\" target=\"_blank\" rel=\"noopener noreferrer\"><img loading=\"lazy\" decoding=\"async\" class=\"wp-image-1084 aligncenter\" src=\"https:\/\/blogsaverroes.juntadeandalucia.es\/iesvegadeatarfe\/files\/2021\/07\/B-Formalizar-matr\u00edcula-BASP-Secretar\u00eda-Virutal.png\" alt=\"\" width=\"185\" height=\"112\"><\/a><\/td>\n<td style=\"width: 33%\"><a href=\"https:\/\/www.juntadeandalucia.es\/educacion\/secretariavirtual\/accesoTramite\/227\/\" target=\"_blank\" rel=\"noopener noreferrer\"><img loading=\"lazy\" decoding=\"async\" class=\"wp-image-1084 aligncenter\" src=\"https:\/\/blogsaverroes.juntadeandalucia.es\/iesvegadeatarfe\/files\/2021\/07\/B-Formalizar-matr\u00edcula-ESPA-Secretar\u00eda-Virutal.png\" alt=\"\" width=\"183\" height=\"113\"><\/a><\/td>\n<\/tr>\n<\/tbody>\n<\/table>\n<p>&nbsp;<br \/>\n<span style=\"font-size: 30pt;color: #ff0000\">3.- Matr\u00edcula Presencial<\/span><\/p>\n<p style=\"font-size: 18pt\">Presentar TODOS los documentos indicados cumplimentados e impresos<\/p>\n<p style=\"font-size: 18pt\">Para evitar la p\u00e9rdida de informaci\u00f3n, es aconsejable descargar todos los documentos en el dispositivo con el que estemos trabajando, rellenarlos y &#8216;guardar como&#8230;&#8217; antes de imprimirlos<\/p>\n<p><span style=\"font-size: 24pt;color: #d70138\">3.1.- Impreso oficial de matr\u00edcula:<\/span><br \/>\n&nbsp;<br \/>\n<span style=\"font-size: 18pt\">En ESO:<\/span><\/p>\n<ul style=\"list-style-type: square\">\n<li><a href=\"https:\/\/blogsaverroes.juntadeandalucia.es\/iesvegadeatarfe\/files\/2024\/06\/Matricula-Anexo-VII.pdf\" target=\"_blank\" rel=\"noopener\"><span style=\"font-size: 18pt;color: #2e64fe\"> Anexo VII<\/span><\/a><\/li>\n<li><a href=\"https:\/\/blogsaverroes.juntadeandalucia.es\/iesvegadeatarfe\/files\/2024\/06\/Matricula-Cuestionario-Fondo-Social-Europeo.pdf\" target=\"_blank\" rel=\"noopener\"><span style=\"font-size: 18pt;color: #2e64fe\">Anexo FSE<\/span><\/a><\/li>\n<\/ul>\n<p>&nbsp;<br \/>\n<span style=\"font-size: 18pt\">En Bachillerato (Turno de ma\u00f1ana):<\/span><\/p>\n<ul style=\"list-style-type: square\">\n<li><a href=\"https:\/\/blogsaverroes.juntadeandalucia.es\/iesvegadeatarfe\/files\/2024\/06\/Matricula-Anexo-VIII.pdf\" target=\"_blank\" rel=\"noopener\"><span style=\"font-size: 18pt;color: #2e64fe\"> Anexo VIII<\/span><\/a><\/li>\n<li><a href=\"https:\/\/blogsaverroes.juntadeandalucia.es\/iesvegadeatarfe\/files\/2024\/06\/Matricula-Cuestionario-Fondo-Social-Europeo.pdf\" target=\"_blank\" rel=\"noopener\"><span style=\"font-size: 18pt;color: #2e64fe\">Anexo FSE<\/span><\/a><\/li>\n<\/ul>\n<p>&nbsp;<br \/>\n<span style=\"font-size: 18pt\">En Bachillerato Adultos:<\/span><\/p>\n<ul style=\"list-style-type: square\">\n<li><a href=\"https:\/\/blogsaverroes.juntadeandalucia.es\/iesvegadeatarfe\/files\/2024\/07\/Matricula-Anexo-matricula-adultos.pdf\" target=\"_blank\" rel=\"noopener\"><span style=\"font-size: 18pt;color: #2e64fe\"> Anexo de Matr\u00edcula<\/span><\/a><\/li>\n<\/ul>\n<p>&nbsp;<br \/>\n<span style=\"font-size: 18pt\">En Formaci\u00f3n Profesional:<\/span><\/p>\n<p><span style=\"font-size: 18pt\"><a href=\"https:\/\/www.juntadeandalucia.es\/educacion\/secretariavirtual\/solicitudes\/?redirect=\/educacion\/portales\/web\/escolarizacion\/formacion-profesional\" target=\"_blank\" rel=\"noopener\"><span style=\"color: #2e64fe\"><span style=\"font-size: 18pt\">Portal de escolarizaci\u00f3n de FP<\/span><\/span><\/a><\/span><\/p>\n<ul style=\"list-style-type: square\">\n<li style=\"list-style-type: none\">\n<ul style=\"list-style-type: square\">\n<li><a href=\"https:\/\/www.juntadeandalucia.es\/educacion\/portals\/delegate\/content\/9511fb26-6a04-4299-8add-58ff7963fa54\/Matr%C3%ADcula%20-%20Alumnado%20repetidor%20o%20que%20promociona%20en%20FP%20B%C3%A1sica\" target=\"_blank\" rel=\"noopener noreferrer\"><span style=\"font-size: 18pt;color: #2e64fe\">Anexo XXIX<\/span><\/a><\/li>\n<li><a href=\"https:\/\/blogsaverroes.juntadeandalucia.es\/iesvegadeatarfe\/files\/2020\/06\/Anexo-CCIV-Reserva-FPB.pdf\" target=\"_blank\" rel=\"noopener noreferrer\"><span style=\"font-size: 18pt;color: #2e64fe\">Anexo XXIV<\/span><\/a><span style=\"font-size: 14pt;color: #333333\"> (CFGB) impreso de &#8216;Solicitud de reserva de puesto escolar&#8217;<\/span><\/li>\n<li><a href=\"https:\/\/blogsaverroes.juntadeandalucia.es\/iesvegadeatarfe\/files\/2020\/06\/Anexo-V.pdf\" target=\"_blank\" rel=\"noopener noreferrer\"><span style=\"font-size: 18pt;color: #2e64fe\">Anexo V<\/span><\/a><span style=\"font-size: 14pt;color: #333333\"> (Curso completo y repetidores)<\/span><\/li>\n<li><a href=\"https:\/\/blogsaverroes.juntadeandalucia.es\/iesvegadeatarfe\/files\/2020\/06\/Anexo-VI.pdf\" target=\"_blank\" rel=\"noopener noreferrer\"><span style=\"font-size: 18pt;color: #2e64fe\">Anexo VI<\/span><\/a><span style=\"font-size: 14pt;color: #333333\"> (M\u00f3dulos de oferta parcial y m\u00f3dulos sueltos)<\/span><\/li>\n<li><a href=\"https:\/\/blogsaverroes.juntadeandalucia.es\/iesvegadeatarfe\/files\/2020\/06\/Anexo-IV-Admisi\u00f3n-en-2\u00ba-curso-CF.pdf\" target=\"_blank\" rel=\"noopener noreferrer\"><span style=\"font-size: 18pt;color: #2e64fe\">Anexo IV<\/span><\/a><span style=\"font-size: 14pt;color: #333333\"> (Solicitud de admisi\u00f3n en 2\u00ba curso)<\/span><\/li>\n<li><a href=\"https:\/\/blogsaverroes.juntadeandalucia.es\/iesvegadeatarfe\/files\/2024\/06\/Matricula-Cuestionario-Fondo-Social-Europeo.pdf\" target=\"_blank\" rel=\"noopener\"><span style=\"font-size: 18pt;color: #2e64fe\">Anexo FSE<\/span><\/a><\/li>\n<\/ul>\n<\/li>\n<\/ul>\n<p>&nbsp;<\/p>\n<p><span style=\"font-size: 18pt;color: #333333\">En Bachillerato de adultos:<\/span><\/p>\n<p><a href=\"https:\/\/www.juntadeandalucia.es\/educacion\/secretariavirtual\/accesoTramite\/228\/\" target=\"_blank\" rel=\"noopener noreferrer\"><span style=\"font-size: 18pt;color: #2e64fe\">Portal de escolarizaci\u00f3n de Bachillerato de adultos<\/span><\/a><span style=\"font-size: 14pt;color: #333333\"> (Impreso de matr\u00edcula)<\/span><br \/>\n&nbsp;<\/p>\n<p><span style=\"font-size: 24pt;color: #d70138\">3.2.- Seguro Escolar<\/span><br \/>\n&nbsp;<br \/>\n<a href=\"https:\/\/blogsaverroes.juntadeandalucia.es\/iesvegadeatarfe\/files\/2023\/05\/Matr\u00edcula-Seguro-Escolar.pdf\" target=\"_blank\" rel=\"noopener noreferrer\"><span style=\"font-size: 18pt;color: #2e64fe\">Informaci\u00f3n<\/span><\/a><span style=\"font-size: 18pt;color: #333333\"> general sobre Seguro Escolar y pago a trav\u00e9s de Internet<\/span><\/p>\n<p><a href=\"https:\/\/www.juntadeandalucia.es\/educacion\/secretariavirtual\/seguroEscolar\/pagoSeguroEscolar\/\" target=\"_blank\" rel=\"noopener noreferrer\"><span style=\"font-size: 18pt;color: #2e64fe\">Pago del Seguro Escolar <\/span><\/a><span style=\"font-size: 18pt;color: #333333\"> por Internet<\/span><br \/>\n&nbsp;<\/p>\n<p><span style=\"font-size: 24pt;color: #d70138\">3.3.- Elecci\u00f3n de Optativas en ESO y Bachillerato<\/span><br \/>\n&nbsp;<br \/>\n<a href=\"https:\/\/blogsaverroes.juntadeandalucia.es\/iesvegadeatarfe\/files\/2023\/06\/Matricula-Optativas-1-ESO-2023.pdf\" target=\"_blank\" rel=\"noopener noreferrer\"><span style=\"font-size: 18pt;color: #2e64fe\">Optativas de 1\u00ba de ESO<\/span><\/a><\/p>\n<p><a href=\"https:\/\/blogsaverroes.juntadeandalucia.es\/iesvegadeatarfe\/files\/2023\/06\/Matricula-Optativas-2-ESO-2023.pdf\" target=\"_blank\" rel=\"noopener noreferrer\"><span style=\"font-size: 18pt;color: #2e64fe\">Optativas de 2\u00ba de ESO<\/span><\/a><\/p>\n<p><a href=\"https:\/\/blogsaverroes.juntadeandalucia.es\/iesvegadeatarfe\/files\/2023\/06\/Matricula-Optativas-3-ESO-2023.pdf\" target=\"_blank\" rel=\"noopener noreferrer\"><span style=\"font-size: 18pt;color: #2e64fe\">Optativas de 3\u00ba de ESO<\/span><\/a><\/p>\n<p><a href=\"https:\/\/blogsaverroes.juntadeandalucia.es\/iesvegadeatarfe\/files\/2023\/06\/Matricula-Optativas-4-ESO-2023.pdf\" target=\"_blank\" rel=\"noopener noreferrer\"><span style=\"font-size: 18pt;color: #2e64fe\">Optativas de 4\u00ba de ESO<\/span><\/a><\/p>\n<p><a href=\"https:\/\/blogsaverroes.juntadeandalucia.es\/iesvegadeatarfe\/files\/2025\/06\/Matricula-Optativas-1-Bachillerato-2025-26.pdf\" target=\"_blank\" rel=\"noopener\"><span style=\"font-size: 18pt;color: #2e64fe\">Optativas de 1\u00ba de Bachillerato <\/span><\/a><span style=\"font-size: 14pt;color: #333333\">(Turno de ma\u00f1ana)<\/span><\/p>\n<p><a href=\"https:\/\/blogsaverroes.juntadeandalucia.es\/iesvegadeatarfe\/files\/2025\/06\/Matricula-Optativas-2-Bachillerato-2025-26-.pdf\" target=\"_blank\" rel=\"noopener\"><span style=\"font-size: 18pt;color: #2e64fe\">Optativas de 2\u00ba de Bachillerato <\/span><\/a><span style=\"font-size: 14pt;color: #333333\">(Turno de ma\u00f1ana)<\/span><\/p>\n<p><a href=\"https:\/\/blogsaverroes.juntadeandalucia.es\/iesvegadeatarfe\/files\/2025\/07\/Matricula-Optativas-1-BASP-2025-26.pdf\" target=\"_blank\" rel=\"noopener noreferrer\"><span style=\"font-size: 18pt;color: #2e64fe\">Optativas de 1\u00ba de Bachillerato de adultos <span style=\"font-size: 14pt;color: #333333\">(Turno de tarde)<\/span><\/span><\/a><\/p>\n<p><a href=\"https:\/\/blogsaverroes.juntadeandalucia.es\/iesvegadeatarfe\/files\/2025\/07\/Matricula-Optativas-2-BASP-2025-26.pdf\" target=\"_blank\" rel=\"noopener noreferrer\"><span style=\"font-size: 18pt;color: #2e64fe\">Optativas de 2\u00ba de Bachillerato de adultos <span style=\"font-size: 14pt;color: #333333\">(Turno de tarde)<\/span><\/span><\/a><br \/>\n&nbsp;<\/p>\n<p><span style=\"font-size: 24pt;color: #d70138\">3.4.- Libros de Texto Gratuitos<\/span><br \/>\n&nbsp;<br \/>\n<span style=\"font-size: 18pt\">Cumplimiento de las Normas de Uso y Conservaci\u00f3n de los Libros de Texto Gratuitos &#8211; Solo para ESO<\/span><\/p>\n<p><a href=\"https:\/\/blogsaverroes.juntadeandalucia.es\/iesvegadeatarfe\/files\/2023\/06\/Compromiso_Libros_Texto_1_ESO.pdf\" target=\"_blank\" rel=\"noopener noreferrer\"><span style=\"font-size: 18pt;color: #2e64fe\">Compromiso de 1\u00ba de ESO<\/span><\/a><\/p>\n<p><a href=\"https:\/\/blogsaverroes.juntadeandalucia.es\/iesvegadeatarfe\/files\/2023\/06\/Compromiso_Libros_Texto_2_ESO.pdf\" target=\"_blank\" rel=\"noopener noreferrer\"><span style=\"font-size: 18pt;color: #2e64fe\">Compromiso de 2\u00ba de ESO<\/span><\/a><\/p>\n<p><a href=\"https:\/\/blogsaverroes.juntadeandalucia.es\/iesvegadeatarfe\/files\/2023\/06\/Compromiso_Libros_Texto_3_ESO.pdf\" target=\"_blank\" rel=\"noopener noreferrer\"><span style=\"font-size: 18pt;color: #2e64fe\">Compromiso de 3\u00ba de ESO<\/span><\/a><\/p>\n<p><a href=\"https:\/\/blogsaverroes.juntadeandalucia.es\/iesvegadeatarfe\/files\/2023\/06\/Compromiso_Libros_Texto_4_ESO.pdf\" target=\"_blank\" rel=\"noopener noreferrer\"><span style=\"font-size: 18pt;color: #2e64fe\">Compromiso de 4\u00ba de ESO<\/span><\/a><br \/>\n&nbsp;<\/p>\n<p><span style=\"font-size: 24pt;color: #d70138\">3.5.- Religi\u00f3n o su Alternativa<\/span><br \/>\n&nbsp;<br \/>\n<span style=\"font-size: 18pt;color: #333333\">ESO y BACHILLERATO (Turno de ma\u00f1ana): <\/span><a href=\"https:\/\/blogsaverroes.juntadeandalucia.es\/iesvegadeatarfe\/files\/2024\/06\/Matricula-Anexo-Religion-PTEV.pdf\" target=\"_blank\" rel=\"noopener\"><span style=\"font-size: 18pt;color: #2e64fe\">Impreso de Religi\u00f3n o su Alternativa<\/span><\/a><br \/>\n&nbsp;<\/p>\n<p><span style=\"font-size: 24pt;color: #d70138\">3.6.- Datos personales y autorizaciones<\/span><br \/>\n&nbsp;<br \/>\n<a href=\"https:\/\/blogsaverroes.juntadeandalucia.es\/iesvegadeatarfe\/files\/2024\/06\/Matricula-Datos-Personales-y-Autorizaciones.pdf\" target=\"_blank\" rel=\"noopener\"><span style=\"font-size: 18pt;color: #2e64fe\">Impreso de Datos personales<\/span><\/a><\/p>\n<p><a href=\"https:\/\/blogsaverroes.juntadeandalucia.es\/iesvegadeatarfe\/files\/2024\/06\/Matricula-Anexo-Proteccion-de-datos.pdf\" target=\"_blank\" rel=\"noopener noreferrer\"><span style=\"font-size: 18pt;color: #2e64fe\">Anexo de Protecci\u00f3n de datos<\/span><\/a><br \/>\n&nbsp;<\/p>\n<p><span style=\"font-size: 24pt;color: #d70138\">3.7.- Fotograf\u00eda<\/span><\/p>\n<ul style=\"list-style-type: square\">\n<li><span style=\"font-size: 14pt\">Para matr\u00edcula electr\u00f3nica: presentar fotograf\u00eda digitalizada tipo DNI con fondo blanco&nbsp;<\/span><\/li>\n<li><span style=\"font-size: 14pt\">Para matr\u00edcula presencial: presentar el Anexo de Protecci\u00f3n de Datos&nbsp;<\/span><\/li>\n<li><span style=\"font-size: 14pt\">En caso de no autorizar el uso de im\u00e1genes se deber\u00e1n aportar 4 fotograf\u00edas tipo carn\u00e9<\/span><\/li>\n<\/ul>\n<p>&nbsp;<br \/>\n<span style=\"font-size: 24pt;color: #d70138\">3.8.- Transporte escolar<\/span><br \/>\n&nbsp;<br \/>\n<span style=\"font-size: 18pt;color: #333333\">Solo para alumnado con Transporte Escolar: <\/span><a href=\"https:\/\/blogsaverroes.juntadeandalucia.es\/iesvegadeatarfe\/files\/2023\/06\/Matricula-Transporte-Escolar.pdf\" target=\"_blank\" rel=\"noopener noreferrer\"><span style=\"font-size: 18pt;color: #2e64fe\">Impreso de Solicitud<\/span><\/a><\/p>\n<p><span style=\"font-size: 14pt\">(Paradas autorizadas: &#8216;Cortijo de las Monjas&#8217; y &#8216;Sierra Elvira&#8217;)<\/span><br \/>\n&nbsp;<\/p>\n<p><span style=\"font-size: 24pt;color: #d70138\">3.9.- AMPA<\/span><br \/>\n&nbsp;<br \/>\n<span style=\"font-size: 18pt;color: #333333\">Para conocer nuestro AMPA puede visitar <\/span><a href=\"https:\/\/blogsaverroes.juntadeandalucia.es\/iesvegadeatarfe\/1024-2\/\"><span style=\"font-size: 18pt;color: #2e64fe\">nuestra pesta\u00f1a <\/span><\/a><\/p>\n<p><span style=\"font-size: 18pt;color: #333333\">En el Impreso de <\/span><a href=\"https:\/\/blogsaverroes.juntadeandalucia.es\/iesvegadeatarfe\/files\/2020\/07\/Matr\u00edcula-Informaci\u00f3n-del-AMPA.pdf\" target=\"_blank\" rel=\"noopener noreferrer\"><span style=\"font-size: 18pt;color: #2e64fe\">Informaci\u00f3n del AMPA <\/span><\/a><span style=\"font-size: 18pt;color: #333333\">tiene los datos que necesita para hacerse socio<\/span><\/p>\n<p><span style=\"font-size: 18pt;color: #333333\">Solo necesita rellenar la <\/span><a href=\"https:\/\/blogsaverroes.juntadeandalucia.es\/iesvegadeatarfe\/files\/2020\/05\/AMPA-Impreso-de-Inscripci\u00f3n-2.pdf\" target=\"_blank\" rel=\"noopener noreferrer\"><span style=\"font-size: 18pt;color: #2e64fe\">&#8216;Hoja de Inscripci\u00f3n&#8217; <\/span><\/a><span style=\"font-size: 18pt;color: #333333\">y entregarla junto a la matr\u00edcula<\/span><\/p>\n","protected":false},"excerpt":{"rendered":"<p>El pago del seguro escolar es obligatorio desde 3\u00ba ESO hasta los 28 a\u00f1os Todo el alumnado que no haya incluido su D.N.I. en matr\u00edculas anteriores debe incorporarlo en \u00e9sta Solo para el alumnado nuevo DNI del alumno o p\u00e1gina del libro de familia en la que aparece (solo si no se utiliza &#8216;Sobre electr\u00f3nico&#8216;) &hellip; <\/p>\n<p><a class=\"more-link btn\" href=\"https:\/\/blogsaverroes.juntadeandalucia.es\/iesvegadeatarfe\/c-formalizar-matricula\/\">Seguir leyendo<\/a><\/p>\n","protected":false},"author":7647,"featured_media":0,"parent":0,"menu_order":0,"comment_status":"closed","ping_status":"closed","template":"","meta":{"ngg_post_thumbnail":0,"footnotes":""},"aioseo_notices":[],"_links":{"self":[{"href":"https:\/\/blogsaverroes.juntadeandalucia.es\/iesvegadeatarfe\/wp-json\/wp\/v2\/pages\/2475"}],"collection":[{"href":"https:\/\/blogsaverroes.juntadeandalucia.es\/iesvegadeatarfe\/wp-json\/wp\/v2\/pages"}],"about":[{"href":"https:\/\/blogsaverroes.juntadeandalucia.es\/iesvegadeatarfe\/wp-json\/wp\/v2\/types\/page"}],"author":[{"embeddable":true,"href":"https:\/\/blogsaverroes.juntadeandalucia.es\/iesvegadeatarfe\/wp-json\/wp\/v2\/users\/7647"}],"replies":[{"embeddable":true,"href":"https:\/\/blogsaverroes.juntadeandalucia.es\/iesvegadeatarfe\/wp-json\/wp\/v2\/comments?post=2475"}],"version-history":[{"count":230,"href":"https:\/\/blogsaverroes.juntadeandalucia.es\/iesvegadeatarfe\/wp-json\/wp\/v2\/pages\/2475\/revisions"}],"predecessor-version":[{"id":6374,"href":"https:\/\/blogsaverroes.juntadeandalucia.es\/iesvegadeatarfe\/wp-json\/wp\/v2\/pages\/2475\/revisions\/6374"}],"wp:attachment":[{"href":"https:\/\/blogsaverroes.juntadeandalucia.es\/iesvegadeatarfe\/wp-json\/wp\/v2\/media?parent=2475"}],"curies":[{"name":"wp","href":"https:\/\/api.w.org\/{rel}","templated":true}]}}