{"id":365,"date":"2020-02-05T09:10:10","date_gmt":"2020-02-05T08:10:10","guid":{"rendered":"https:\/\/blogsaverroes.juntadeandalucia.es\/iesvegadeatarfe\/?page_id=365"},"modified":"2025-06-23T12:58:57","modified_gmt":"2025-06-23T10:58:57","slug":"horario-de-secretaria","status":"publish","type":"page","link":"https:\/\/blogsaverroes.juntadeandalucia.es\/iesvegadeatarfe\/horario-de-secretaria\/","title":{"rendered":"Horario de Secretar\u00eda"},"content":{"rendered":"<table border=\"0\" align=\"center\">\n<tbody>\n<tr>\n<td width=\"50%\"><span style=\"font-size: 8pt\">&nbsp;<\/span><br \/>\n<img loading=\"lazy\" decoding=\"async\" class=\"aligncenter wp-image-1440\" src=\"https:\/\/blogsaverroes.juntadeandalucia.es\/iesvegadeatarfe\/files\/2020\/05\/Secretar\u00eda-278x300.png\" alt=\"\" width=\"375\" height=\"404\" srcset=\"https:\/\/blogsaverroes.juntadeandalucia.es\/iesvegadeatarfe\/files\/2020\/05\/Secretar\u00eda-278x300.png 278w, https:\/\/blogsaverroes.juntadeandalucia.es\/iesvegadeatarfe\/files\/2020\/05\/Secretar\u00eda-768x828.png 768w, https:\/\/blogsaverroes.juntadeandalucia.es\/iesvegadeatarfe\/files\/2020\/05\/Secretar\u00eda-22x24.png 22w, https:\/\/blogsaverroes.juntadeandalucia.es\/iesvegadeatarfe\/files\/2020\/05\/Secretar\u00eda-33x36.png 33w, https:\/\/blogsaverroes.juntadeandalucia.es\/iesvegadeatarfe\/files\/2020\/05\/Secretar\u00eda-45x48.png 45w, https:\/\/blogsaverroes.juntadeandalucia.es\/iesvegadeatarfe\/files\/2020\/05\/Secretar\u00eda.png 805w\" sizes=\"(max-width: 375px) 100vw, 375px\" \/><\/td>\n<td width=\"50%\">&nbsp;<br \/>\n&nbsp;<\/p>\n<p style=\"font-size: 14pt\">Atenci\u00f3n presencial:<\/p>\n<p style=\"font-size: 14pt\"><span style=\"font-size: 18pt;color: #339966\"> de 9:00 a 11:00 <\/span><\/p>\n<p style=\"font-size: 14pt\"><span style=\"font-size: 18pt;color: #339966\">y de 11:30 a 13:30<\/span><\/p>\n<p>&nbsp;<\/p>\n<p style=\"font-size: 14pt\">Tambi\u00e9n puede realizar todos sus tr\u00e1mites administrativos a trav\u00e9s de la<br \/>\n<a href=\"https:\/\/www.juntadeandalucia.es\/educacion\/secretariavirtual\/accesoTramite\/462\/\" target=\"_blank\" rel=\"noopener noreferrer\"><span style=\"font-size: 24pt;color: #339966\">Secretar\u00eda Virtual <\/span><\/a><br \/>\n<span style=\"font-size: 14pt\">de los Centros Educativos<\/span><\/p>\n<p>&nbsp;<\/td>\n<\/tr>\n<\/tbody>\n<\/table>\n<p style=\"text-align: center\"><span style=\"font-size: 14pt;color: #339966\">Acceso a la <\/span><a href=\"https:\/\/www.juntadeandalucia.es\/educacion\/secretariavirtual\/accesoTramite\/462\/\" target=\"_blank\" rel=\"noopener noreferrer\"><span style=\"font-size: 18pt;color: #2e64fe\">&#8216;Secretar\u00eda Virtual&#8217; <\/span><\/a><span style=\"font-size: 14pt;color: #339966\">de los Centros Educativos<\/span><br \/>\n<a href=\"https:\/\/www.juntadeandalucia.es\/educacion\/secretariavirtual\/accesoTramite\/462\/\" target=\"_blank\" rel=\"noopener noreferrer\"><img loading=\"lazy\" decoding=\"async\" class=\"aligncenter wp-image-1756 size-full\" src=\"https:\/\/blogsaverroes.juntadeandalucia.es\/iesvegadeatarfe\/files\/2020\/05\/secretaria.png\" alt=\"\" width=\"472\" height=\"107\" srcset=\"https:\/\/blogsaverroes.juntadeandalucia.es\/iesvegadeatarfe\/files\/2020\/05\/secretaria.png 472w, https:\/\/blogsaverroes.juntadeandalucia.es\/iesvegadeatarfe\/files\/2020\/05\/secretaria-300x68.png 300w, https:\/\/blogsaverroes.juntadeandalucia.es\/iesvegadeatarfe\/files\/2020\/05\/secretaria-332x75.png 332w, https:\/\/blogsaverroes.juntadeandalucia.es\/iesvegadeatarfe\/files\/2020\/05\/secretaria-24x5.png 24w, https:\/\/blogsaverroes.juntadeandalucia.es\/iesvegadeatarfe\/files\/2020\/05\/secretaria-36x8.png 36w, https:\/\/blogsaverroes.juntadeandalucia.es\/iesvegadeatarfe\/files\/2020\/05\/secretaria-48x11.png 48w\" sizes=\"(max-width: 472px) 100vw, 472px\" \/><\/a><\/p>\n<p style=\"text-align: center\"><span style=\"font-size: 24pt\"><a style=\"color: #2e64fe\" href=\"https:\/\/blogsaverroes.juntadeandalucia.es\/iesvegadeatarfe\/tutoriales-para-rellenar-impresos\/\" target=\"_blank\" rel=\"noopener\">Tutoriales para tr\u00e1mites electr\u00f3nicos<\/a><\/span><\/p>\n<p style=\"text-align: center\"><span style=\"font-size: 14pt\">Tambi\u00e9n puede solicitar informaci\u00f3n en el Centro de Atenci\u00f3n a Usuarios de la Comunidad Educativa (<span style=\"font-size: 18pt;color: #339966\"><a style=\"color: #2e64fe;font-size: 18pt\" href=\"https:\/\/www.juntadeandalucia.es\/educacion\/portals\/web\/educacion-permanente\/contacto\" target=\"_blank\" rel=\"noopener noreferrer\">CAUCE<\/a><\/span>) o en los tel\u00e9fonos:&nbsp;<\/span><br \/>\n<span style=\"font-size: 18pt;text-align: center\">955 40 56 19<br \/>\n900 84 80 00 (tel\u00e9fono gratuito)<\/span><\/p>\n<p>&nbsp;<\/p>\n<p style=\"text-align: center\"><span style=\"color: #339966;font-size: 14pt\">Podr\u00e1 utilizar el tel\u00e9fono o correo electr\u00f3nico de esta administraci\u00f3n para resolver sus dudas al realizar alguno de los tr\u00e1mites.<\/span><\/p>\n<table border=\"0\" align=\"center\">\n<tbody>\n<tr>\n<td style=\"text-align: center\" width=\"50%\">\n<p style=\"font-size: 24pt;color: #339966;text-align: center\">Tel\u00e9fono de contacto:<br \/>\n<span style=\"font-size: 14pt;color: #454343\">Tel\u00e9fono y Fax:<br \/>\nFax: 958 89 39 43<\/span><\/p>\n<\/td>\n<td width=\"50%\">\n<p style=\"font-size: 24pt;color: #339966;text-align: center\">Correo electr\u00f3nico:<br \/>\n<span style=\"font-size: 14pt;color: #000000\">18009407.administracion.edu@juntadeandalucia.es<\/span><\/p>\n<\/td>\n<\/tr>\n<\/tbody>\n<\/table>\n","protected":false},"excerpt":{"rendered":"<p>&nbsp; &nbsp; &nbsp; Atenci\u00f3n presencial: de 9:00 a 11:00 y de 11:30 a 13:30 &nbsp; Tambi\u00e9n puede realizar todos sus tr\u00e1mites administrativos a trav\u00e9s de la Secretar\u00eda Virtual de los Centros Educativos &nbsp; Acceso a la &#8216;Secretar\u00eda Virtual&#8217; de los Centros Educativos Tutoriales para tr\u00e1mites electr\u00f3nicos Tambi\u00e9n puede solicitar informaci\u00f3n en el Centro de Atenci\u00f3n &hellip; <\/p>\n<p><a class=\"more-link btn\" href=\"https:\/\/blogsaverroes.juntadeandalucia.es\/iesvegadeatarfe\/horario-de-secretaria\/\">Seguir leyendo<\/a><\/p>\n","protected":false},"author":7647,"featured_media":0,"parent":0,"menu_order":0,"comment_status":"closed","ping_status":"closed","template":"","meta":{"ngg_post_thumbnail":0,"footnotes":""},"aioseo_notices":[],"_links":{"self":[{"href":"https:\/\/blogsaverroes.juntadeandalucia.es\/iesvegadeatarfe\/wp-json\/wp\/v2\/pages\/365"}],"collection":[{"href":"https:\/\/blogsaverroes.juntadeandalucia.es\/iesvegadeatarfe\/wp-json\/wp\/v2\/pages"}],"about":[{"href":"https:\/\/blogsaverroes.juntadeandalucia.es\/iesvegadeatarfe\/wp-json\/wp\/v2\/types\/page"}],"author":[{"embeddable":true,"href":"https:\/\/blogsaverroes.juntadeandalucia.es\/iesvegadeatarfe\/wp-json\/wp\/v2\/users\/7647"}],"replies":[{"embeddable":true,"href":"https:\/\/blogsaverroes.juntadeandalucia.es\/iesvegadeatarfe\/wp-json\/wp\/v2\/comments?post=365"}],"version-history":[{"count":68,"href":"https:\/\/blogsaverroes.juntadeandalucia.es\/iesvegadeatarfe\/wp-json\/wp\/v2\/pages\/365\/revisions"}],"predecessor-version":[{"id":6306,"href":"https:\/\/blogsaverroes.juntadeandalucia.es\/iesvegadeatarfe\/wp-json\/wp\/v2\/pages\/365\/revisions\/6306"}],"wp:attachment":[{"href":"https:\/\/blogsaverroes.juntadeandalucia.es\/iesvegadeatarfe\/wp-json\/wp\/v2\/media?parent=365"}],"curies":[{"name":"wp","href":"https:\/\/api.w.org\/{rel}","templated":true}]}}