{"id":371,"date":"2020-02-05T09:43:14","date_gmt":"2020-02-05T08:43:14","guid":{"rendered":"https:\/\/blogsaverroes.juntadeandalucia.es\/iesvegadeatarfe\/?page_id=371"},"modified":"2025-04-26T21:58:11","modified_gmt":"2025-04-26T19:58:11","slug":"becas-y-ayudas","status":"publish","type":"page","link":"https:\/\/blogsaverroes.juntadeandalucia.es\/iesvegadeatarfe\/becas-y-ayudas\/","title":{"rendered":"Becas y Ayudas"},"content":{"rendered":"<p><span style=\"font-size: 18pt;color: #666699\">Becas del <span style=\"color: #008000\"><a style=\"color: #2e64fe\" href=\"https:\/\/www.becaseducacion.gob.es\/portada.html\" target=\"_blank\" rel=\"noopener noreferrer\">Ministerio de Educaci\u00f3n<\/a><\/span><\/span><\/p>\n<p><span style=\"font-size: 18pt;color: #666699\">MEC &#8211; <span style=\"color: #008000\"><a style=\"color: #2e64fe\" href=\"https:\/\/sede.educacion.gob.es\/sede\/login\/inicio.jjsp?idConvocatoria=1400\" target=\"_blank\" rel=\"noopener noreferrer\">Sede Electr\u00f3nica<\/a><\/span><\/span><\/p>\n<p><span style=\"font-size: 18pt;color: #666699\">Becas de la <span style=\"color: #2e64fe\"><a style=\"color: #2e64fe\" href=\"https:\/\/www.juntadeandalucia.es\/educacion\/portals\/web\/becas-y-ayudas\" target=\"_blank\" rel=\"noopener noreferrer\">Junta de Andaluc\u00eda<\/a><\/span><\/span><\/p>\n<p><span style=\"font-size: 18pt;color: #666699\">Becas de la <span style=\"color: #008000\"><a style=\"color: #2e64fe\" href=\"https:\/\/ve.ugr.es\/servicios\/becas\" target=\"_blank\" rel=\"noopener noreferrer\">Universidad de Granada<\/a><\/span><\/span><\/p>\n<p><a style=\"font-size: 18pt;color: #2e64fe\" href=\"https:\/\/blogsaverroes.juntadeandalucia.es\/iesvegadeatarfe\/files\/2021\/10\/Becas-Registro-de-n\u00famero-de-cuenta.pdf\" target=\"_blank\" rel=\"noopener noreferrer\">Registro del n\u00famero de cuenta<\/a><\/p>\n<p><span style=\"font-size: 18pt;color: #666699\">Resumen explicativo de <span style=\"color: #008000\"><a style=\"color: #2e64fe\" href=\"https:\/\/blogsaverroes.juntadeandalucia.es\/iesvegadeatarfe\/becas-para-el-alumnado\/\" target=\"_blank\" rel=\"noopener noreferrer\">BECAS<\/a><\/span><\/span><\/p>\n<p><a href=\"https:\/\/view.genially.com\/62305871d9b0bf001099bec9\" target=\"_blank\" rel=\"noopener noreferrer\"><img loading=\"lazy\" decoding=\"async\" class=\"aligncenter wp-image-2072\" src=\"https:\/\/blogsaverroes.juntadeandalucia.es\/iesvegadeatarfe\/files\/2025\/04\/Infografia-de-Becas.png\" alt=\"\" width=\"700\" height=\"532\"><\/a><\/p>\n<p><a href=\"https:\/\/youtu.be\/yC4ywawwYyc\" target=\"_blank\" rel=\"noopener noreferrer\"><iframe loading=\"lazy\" src=\"https:\/\/view.genial.ly\/5fb1427d72da7f14532e16f2\" width=\"800px\" height=\"675px\" frameborder=\"0\" scrolling=\"yes\"><\/iframe><\/a><\/p>\n","protected":false},"excerpt":{"rendered":"<p>Becas del Ministerio de Educaci\u00f3n MEC &#8211; Sede Electr\u00f3nica Becas de la Junta de Andaluc\u00eda Becas de la Universidad de Granada Registro del n\u00famero de cuenta Resumen explicativo de BECAS<\/p>\n","protected":false},"author":7647,"featured_media":0,"parent":0,"menu_order":0,"comment_status":"closed","ping_status":"closed","template":"","meta":{"ngg_post_thumbnail":0,"footnotes":""},"aioseo_notices":[],"_links":{"self":[{"href":"https:\/\/blogsaverroes.juntadeandalucia.es\/iesvegadeatarfe\/wp-json\/wp\/v2\/pages\/371"}],"collection":[{"href":"https:\/\/blogsaverroes.juntadeandalucia.es\/iesvegadeatarfe\/wp-json\/wp\/v2\/pages"}],"about":[{"href":"https:\/\/blogsaverroes.juntadeandalucia.es\/iesvegadeatarfe\/wp-json\/wp\/v2\/types\/page"}],"author":[{"embeddable":true,"href":"https:\/\/blogsaverroes.juntadeandalucia.es\/iesvegadeatarfe\/wp-json\/wp\/v2\/users\/7647"}],"replies":[{"embeddable":true,"href":"https:\/\/blogsaverroes.juntadeandalucia.es\/iesvegadeatarfe\/wp-json\/wp\/v2\/comments?post=371"}],"version-history":[{"count":16,"href":"https:\/\/blogsaverroes.juntadeandalucia.es\/iesvegadeatarfe\/wp-json\/wp\/v2\/pages\/371\/revisions"}],"predecessor-version":[{"id":6176,"href":"https:\/\/blogsaverroes.juntadeandalucia.es\/iesvegadeatarfe\/wp-json\/wp\/v2\/pages\/371\/revisions\/6176"}],"wp:attachment":[{"href":"https:\/\/blogsaverroes.juntadeandalucia.es\/iesvegadeatarfe\/wp-json\/wp\/v2\/media?parent=371"}],"curies":[{"name":"wp","href":"https:\/\/api.w.org\/{rel}","templated":true}]}}