{"id":3928,"date":"2021-07-05T11:24:37","date_gmt":"2021-07-05T09:24:37","guid":{"rendered":"https:\/\/blogsaverroes.juntadeandalucia.es\/iesvegadeatarfe\/?page_id=3928"},"modified":"2024-06-07T22:29:02","modified_gmt":"2024-06-07T20:29:02","slug":"ipasen","status":"publish","type":"page","link":"https:\/\/blogsaverroes.juntadeandalucia.es\/iesvegadeatarfe\/ipasen\/","title":{"rendered":"iPasen"},"content":{"rendered":"<p style=\"text-align: center\"><span style=\"font-size: 28pt\">Credenciales en iPasen<\/span><\/p>\n<p><span style=\"font-size: 18pt\">Cada tutor o tutora legal tiene una cuenta en la plataforma iPasen para la gestionar la informaci\u00f3n personal y acad\u00e9mica de sus hijos o hijas. Adem\u00e1s, cada alumno o alumna matriculado en un centro p\u00fablico de la Junta de Andaluc\u00eda tiene una cuenta en la plataforma iPasen (independiente de la de sus padres o hermanos\/as)<\/span><\/p>\n<p><span style=\"font-size: 18pt\">Para poder interactuar con las plataformas de la Junta de Andaluc\u00eda es imprescindible que cada alumno\/a tenga habilitada su cuenta de iPasen. Si a\u00fan no tiene, las credenciales de iPasen debe descargar la aplicaci\u00f3n en alg\u00fan dispositivo (PC, port\u00e1til, m\u00f3vil o tableta) y registrarse como alumnado matriculado con su NIF, m\u00f3vil suministrado al Centro (debe coincidir con el que tiene el alumno\/a en su ficha de S\u00e9neca) y su fecha de nacimiento. Cada alumno\/a debe realizar su registro en iPasen para generar su contrase\u00f1a. La contrase\u00f1a generada caduca a los pocos d\u00edas, por eso es muy importante cambiarla, desde la misma aplicaci\u00f3n Pasen, por otra contrase\u00f1a que sea robusta y f\u00e1cil de recordar lo antes posible.<\/span><\/p>\n<p><span style=\"font-size: 18pt\">Unas 24 horas despu\u00e9s de tener acceso a iPasen, cada alumno\/a podr\u00e1 acceder a las otras plataformas proporcionadas por la Junta de Andaluc\u00eda (cuenta de correo &#8216;xxx@g.educaand.es&#8217; y plataforma Moodle Centro) con las mismas credenciales (usuario y contrase\u00f1a) de iPasen. Es MUY IMPORTANTE tener esto claro, los datos de acceso a la cuenta de correo &#8216;xxxg.educaand.es&#8217; o a la plataforma Moodle son los mismos que los datos de acceso a iPasen. NUNCA se deben modificar ni el usuario ni la contrase\u00f1a en el correo &#8216;xxxg.educaand.es&#8217; ni en la plataforma Moodle, esto debe hacerse siempre en la plataforma iPasen.<\/span><\/p>\n<p><span style=\"font-size: 18pt\">Antes de entrar en Moodle Centros, los alumnos\/as deben comprobar que sus datos de iPasen son correctos, para poder identificar posibles problemas. Si no entran en iPasen es un problema de acceso de la activaci\u00f3n en S\u00e9neca que deben solucionar con la mediaci\u00f3n del tutor del instituto.<\/span><\/p>\n<p style=\"text-align: center\"><a href=\"https:\/\/www.canva.com\/design\/DAFNI65uXlM\/e4tnUZSUB6aQ2YbNbBKzjw\/view?utm_content=DAFNI65uXlM&amp;utm_campaign=designshare&amp;utm_medium=link&amp;utm_source=publishsharelink\" target=\"_blank\" rel=\"noopener noreferrer\"><img loading=\"lazy\" decoding=\"async\" class=\"alignnone wp-image-3176\" src=\"https:\/\/blogsaverroes.juntadeandalucia.es\/iesvegadeatarfe\/files\/2022\/09\/iPasen.png\" alt=\"\" width=\"300\" height=\"483\"><\/a><\/p>\n<p style=\"text-align: center\">&nbsp;<span style=\"color: #b50707\">_______________________________<\/span><\/p>\n<p style=\"text-align: center\"><a href=\"https:\/\/view.genial.ly\/5f60f7173c6c490cee94b467\/presentation-ipasenalumnos\" target=\"_blank\" rel=\"noopener noreferrer\"><img loading=\"lazy\" decoding=\"async\" class=\"alignnone wp-image-3176\" src=\"https:\/\/blogsaverroes.juntadeandalucia.es\/iesvegadeatarfe\/files\/2021\/06\/iPasen-Alumnado.png\" alt=\"\" width=\"300\" height=\"483\"><\/a><\/p>\n<p style=\"text-align: center\">&nbsp;<span style=\"color: #b50707\">_______________________________<\/span><\/p>\n<p style=\"text-align: center\"><span style=\"color: #ff9900\"><a style=\"color: #2e64fe\" href=\"https:\/\/blogsaverroes.juntadeandalucia.es\/iesvegadeatarfe\/problemas-con-las-credenciales-de-pasen\/\"><span style=\"font-size: 28pt\">\u00bfProblemas con iPASEN?<\/span><\/a><\/span><\/p>\n<p style=\"text-align: center\">&nbsp;<span style=\"color: #b50707\">_______________________________<\/span><\/p>\n<p style=\"text-align: center\"><span style=\"color: #ff9900\"><a style=\"color: #2e64fe\" href=\"https:\/\/blogsaverroes.juntadeandalucia.es\/iesvegadeatarfe\/files\/2022\/11\/Darse-de-alta-en-Pasen.pdf\" target=\"_blank\" rel=\"noopener noreferrer\"><span style=\"font-size: 28pt\">Darse de alta en iPASEN<\/span><\/a><\/span><\/p>\n<p style=\"text-align: center\">&nbsp;<span style=\"color: #b50707\">_______________________________<\/span><\/p>\n<p style=\"text-align: center\"><span style=\"color: #ff9900\"><a style=\"color: #2e64fe\" href=\"https:\/\/blogsaverroes.juntadeandalucia.es\/iesvegadeatarfe\/files\/2020\/09\/Familias-Manual-PASEN-Padres.pdf\" target=\"_blank\" rel=\"noopener noreferrer\"><span style=\"font-size: 28pt\">Manual iPasen para los tutores legales<\/span><\/a><\/span><\/p>\n<p style=\"text-align: center\"><a href=\"https:\/\/view.genial.ly\/5f77306473991b0cf572d780\" target=\"_blank\" rel=\"noopener noreferrer\"><img loading=\"lazy\" decoding=\"async\" class=\"alignnone size-medium wp-image-3936\" src=\"https:\/\/blogsaverroes.juntadeandalucia.es\/iesvegadeatarfe\/files\/2021\/07\/Familias-Tutorial-iPasen-para-las-familias-1.png\" alt=\"\" width=\"300\" height=\"169\"><\/a><\/p>\n<p style=\"text-align: center\">&nbsp;<span style=\"color: #b50707\">_______________________________<\/span><\/p>\n<p style=\"text-align: center\"><span style=\"color: #ff9900\"><a style=\"color: #2e64fe\" href=\"https:\/\/www.juntadeandalucia.es\/educacion\/portals\/documents\/14988\/179880\/Manual+Pasen+Alumnado\/0f20e14d-710b-4946-b203-da6aee30023f\" target=\"_blank\" rel=\"noopener noreferrer\"><span style=\"font-size: 28pt\">Manual iPasen para el alumnado<\/span><\/a><\/span><\/p>\n<p style=\"text-align: center\">&nbsp;<span style=\"color: #b50707\">_______________________________<\/span><\/p>\n","protected":false},"excerpt":{"rendered":"<p>Credenciales en iPasen Cada tutor o tutora legal tiene una cuenta en la plataforma iPasen para la gestionar la informaci\u00f3n personal y acad\u00e9mica de sus hijos o hijas. Adem\u00e1s, cada alumno o alumna matriculado en un centro p\u00fablico de la Junta de Andaluc\u00eda tiene una cuenta en la plataforma iPasen (independiente de la de sus &hellip; <\/p>\n<p><a class=\"more-link btn\" href=\"https:\/\/blogsaverroes.juntadeandalucia.es\/iesvegadeatarfe\/ipasen\/\">Seguir leyendo<\/a><\/p>\n","protected":false},"author":7646,"featured_media":0,"parent":0,"menu_order":0,"comment_status":"closed","ping_status":"closed","template":"","meta":{"ngg_post_thumbnail":0,"footnotes":""},"aioseo_notices":[],"_links":{"self":[{"href":"https:\/\/blogsaverroes.juntadeandalucia.es\/iesvegadeatarfe\/wp-json\/wp\/v2\/pages\/3928"}],"collection":[{"href":"https:\/\/blogsaverroes.juntadeandalucia.es\/iesvegadeatarfe\/wp-json\/wp\/v2\/pages"}],"about":[{"href":"https:\/\/blogsaverroes.juntadeandalucia.es\/iesvegadeatarfe\/wp-json\/wp\/v2\/types\/page"}],"author":[{"embeddable":true,"href":"https:\/\/blogsaverroes.juntadeandalucia.es\/iesvegadeatarfe\/wp-json\/wp\/v2\/users\/7646"}],"replies":[{"embeddable":true,"href":"https:\/\/blogsaverroes.juntadeandalucia.es\/iesvegadeatarfe\/wp-json\/wp\/v2\/comments?post=3928"}],"version-history":[{"count":14,"href":"https:\/\/blogsaverroes.juntadeandalucia.es\/iesvegadeatarfe\/wp-json\/wp\/v2\/pages\/3928\/revisions"}],"predecessor-version":[{"id":5069,"href":"https:\/\/blogsaverroes.juntadeandalucia.es\/iesvegadeatarfe\/wp-json\/wp\/v2\/pages\/3928\/revisions\/5069"}],"wp:attachment":[{"href":"https:\/\/blogsaverroes.juntadeandalucia.es\/iesvegadeatarfe\/wp-json\/wp\/v2\/media?parent=3928"}],"curies":[{"name":"wp","href":"https:\/\/api.w.org\/{rel}","templated":true}]}}