{"id":689,"date":"2020-02-23T08:25:30","date_gmt":"2020-02-23T07:25:30","guid":{"rendered":"https:\/\/blogsaverroes.juntadeandalucia.es\/iesvegadeatarfe\/?page_id=689"},"modified":"2025-04-27T08:09:57","modified_gmt":"2025-04-27T06:09:57","slug":"e-informacion-general","status":"publish","type":"page","link":"https:\/\/blogsaverroes.juntadeandalucia.es\/iesvegadeatarfe\/e-informacion-general\/","title":{"rendered":"B.- Informaci\u00f3n general"},"content":{"rendered":"<p><span style=\"font-size: 30pt;color: #8f32ed\"><img loading=\"lazy\" decoding=\"async\" class=\"aligncenter wp-image-2768\" src=\"https:\/\/blogsaverroes.juntadeandalucia.es\/iesvegadeatarfe\/files\/2021\/07\/A-Informaci\u00f3n-de-matr\u00edcula-Imagen.png\" alt=\"\" width=\"350\" height=\"182\">&nbsp;<\/span><br \/>\n<span style=\"font-size: 30pt;color: #7401df\">1.- Pasos a seguir para la matriculaci\u00f3n<\/span><\/p>\n<p><span style=\"font-size: 24pt;color: #cc99ff\">1.1.- \u00bfEn qu\u00e9 curso debemos presentar la matr\u00edcula?<\/span><\/p>\n<p><span style=\"font-size: 18pt\">Alumnado de <span style=\"color: #a564ff\">ESO<\/span>:<\/span><\/p>\n<ul style=\"list-style-type: square\">\n<li><span style=\"font-size: 14pt\">Si tu resultado de promoci\u00f3n es &#8216;Promociona&#8217; debes presentar matr\u00edcula en el curso siguiente al que acabas de terminar.<\/span><\/li>\n<li><span style=\"font-size: 14pt\">Si tu resultado de promoci\u00f3n es &#8216;Repite&#8217; debes presentar matr\u00edcula en el mismo curso.<\/span><\/li>\n<\/ul>\n<p>&nbsp;<\/p>\n<p><span style=\"font-size: 18pt\">Alumnado de <span style=\"color: #a564ff\">Bachillerato<\/span>:<\/span><\/p>\n<ul style=\"list-style-type: square\">\n<li><span style=\"font-size: 14pt\">Si has cursado 1\u00ba de bachillerato y tu resultado de promoci\u00f3n es &#8216;Promociona&#8217; debes presentar matr\u00edcula en 2\u00ba de bachillerato.<\/span><\/li>\n<li><span style=\"font-size: 14pt\">Si has cursado 1\u00ba de bachillerato y tu resultado de promoci\u00f3n es &#8216;Repite&#8217; con tres o menos asignaturas pendientes para septiembre debes presentar matr\u00edcula en 2\u00ba de bachillerato.<\/span><\/li>\n<li><span style=\"font-size: 14pt\">Si te han quedado cuatro o m\u00e1s asignaturas para septiembre, debes presentar matr\u00edcula en el mismo curso que acabas de terminar.<\/span><\/li>\n<li><span style=\"font-size: 14pt\">Si has cursado 2\u00ba de Bachillerato y no has titulado en junio, debes presentar matr\u00edcula para las asignaturas suspensas&nbsp; y aquellas en las que quieras subir nota.<\/span><\/li>\n<\/ul>\n<p>&nbsp;<\/p>\n<p><span style=\"font-size: 18pt\">Si eres alumnado de <span style=\"color: #a564ff\">Ciclos formativos<\/span>:<\/span><\/p>\n<ul style=\"list-style-type: square\">\n<li><span style=\"font-size: 14pt\">Si eres alumno de primero y suspendes un m\u00f3dulo o m\u00e1s, tienes que presentar <strong>matr\u00edcula en primero<\/strong>. En septiembre podr\u00e1s solicitar ampliaci\u00f3n de matr\u00edcula a m\u00f3dulos de segundo, siempre que no coincidan en el horario, no sobrepasen las 30 horas semanales y no sean m\u00f3dulos excluyentes<\/span><\/li>\n<li><span style=\"font-size: 14pt\"><a href=\"https:\/\/blogsaverroes.juntadeandalucia.es\/orientacioniesvega\/calendario-ciclos-formativos\/\" target=\"_blank\" rel=\"noopener noreferrer\"><span style=\"font-size: 14pt;color: #2e64fe\">M\u00e1s informaci\u00f3n (web del departamento de Orientaci\u00f3n)<\/span><\/a><\/span><\/li>\n<\/ul>\n<p>&nbsp;<\/p>\n<p><span style=\"font-size: 18pt\">Si eres alumnado de <span style=\"color: #a564ff\">CFGB<\/span>:<\/span><\/p>\n<ul style=\"list-style-type: square\">\n<li><span style=\"font-size: 14pt\">Si has cursado 1\u00ba CFGB y promocionas o repites curso, debes presentar matr\u00edcula en la fecha que establezca la Junta de Andaluc\u00eda.<\/span><\/li>\n<li><span style=\"font-size: 14pt\">Si accedes por primera vez a CFGB, debes presentar solicitud de admisi\u00f3n y esperar al plazo de matr\u00edcula<\/span><\/li>\n<li><span style=\"font-size: 14pt\"><a href=\"https:\/\/blogsaverroes.juntadeandalucia.es\/orientacioniesvega\/planes-de-estudios-de-los-ciclos-formativos\/\" target=\"_blank\" rel=\"noopener noreferrer\"><span style=\"font-size: 14pt;color: #2e64fe\">M\u00e1s informaci\u00f3n (web del departamento del Orientaci\u00f3n)<\/span><\/a><\/span><\/li>\n<\/ul>\n<p>&nbsp;<\/p>\n<p><span style=\"font-size: 24pt;color: #cc99ff\">1.2.- Informaci\u00f3n o Documentos necesarios<\/span><br \/>\n&nbsp;<br \/>\n<span style=\"font-size: 18pt\">El alumnado <span style=\"color: #a564ff\">nuevo en el Centro<\/span> deber\u00e1 incluir<\/span><\/p>\n<ul style=\"list-style-type: square\">\n<li><span style=\"font-size: 14pt\">Fotocopia del DNI alumnado (obligatorio a partir de 14 a\u00f1os y solo para matr\u00edcula presencial)<\/span><\/li>\n<li><span style=\"font-size: 14pt\">Fotocopia del DNI de los responsable legales (solo menores de edad que presenten matr\u00edcula presencial)<\/span><\/li>\n<li><span style=\"font-size: 14pt\">Certificado de Estudios original (solo alumnado procedente de centros no adscritos)<\/span><\/li>\n<\/ul>\n<p>&nbsp;<br \/>\n<span style=\"font-size: 18pt\"><span style=\"color: #a564ff\">TODO el alumnado<\/span> deber\u00e1 incluir<\/span><\/p>\n<ul style=\"list-style-type: square\">\n<li><span style=\"font-size: 14pt\">Anexo de Matr\u00edcula correspondiente<\/span><\/li>\n<li><span style=\"font-size: 14pt\">Justificante del pago del Seguro escolar (a partir de 3\u00ba de ESO y menores de 28 a\u00f1os)<\/span><\/li>\n<li><span style=\"font-size: 14pt\">Hoja de optativas (solo ESO y Bachillerato)<\/span><\/li>\n<li><span style=\"font-size: 14pt\">Compromiso \u2018Libros de texto\u2019 (solo ESO)<\/span><\/li>\n<li><span style=\"font-size: 14pt\">Impreso de Religi\u00f3n o su alternativa (solo ESO y Bachillerato Turno de ma\u00f1ana)<\/span><\/li>\n<li><span style=\"font-size: 14pt\">Autorizaciones (Im\u00e1genes y Personas Autorizadas)<\/span><\/li>\n<li><span style=\"font-size: 14pt\">Fotograf\u00eda digitalizada tipo DNI con fondo blanco para matr\u00edcula electr\u00f3nica o&nbsp; Autorizaci\u00f3n del uso de im\u00e1genes. En caso de no autorizar el uso de im\u00e1genes deber\u00e1n aportar 4 fotograf\u00edas tipo carn\u00e9<\/span><\/li>\n<li><span style=\"font-size: 14pt\">Transporte escolar (si procede)<\/span><\/li>\n<li><span style=\"font-size: 14pt\">AMPA (opcional)<\/span><\/li>\n<li><span style=\"font-size: 14pt\">Anexo Fondo Social Europeo (solo Ciclos Formativos)<\/span><\/li>\n<\/ul>\n<p>&nbsp;<br \/>\n<span style=\"font-size: 30pt;color: #7401df\">2.- Manuales de ayuda<\/span><\/p>\n<p><span style=\"font-size: 18pt\">Para saber utilizar las herramientas electr\u00f3nicas relacionadas con la matriculaci\u00f3n se pueden consultar los documentos facilitados en la p\u00e1gina <a href=\"https:\/\/blogsaverroes.juntadeandalucia.es\/iesvegadeatarfe\/tutoriales-para-rellenar-impresos\/\"><span style=\"font-size: 18pt;color: #2e64fe\">Tutoriales para tr\u00e1mites electr\u00f3nicos<\/span><\/a><\/span><\/p>\n","protected":false},"excerpt":{"rendered":"<p>&nbsp; 1.- Pasos a seguir para la matriculaci\u00f3n 1.1.- \u00bfEn qu\u00e9 curso debemos presentar la matr\u00edcula? Alumnado de ESO: Si tu resultado de promoci\u00f3n es &#8216;Promociona&#8217; debes presentar matr\u00edcula en el curso siguiente al que acabas de terminar. Si tu resultado de promoci\u00f3n es &#8216;Repite&#8217; debes presentar matr\u00edcula en el mismo curso. &nbsp; Alumnado de &hellip; <\/p>\n<p><a class=\"more-link btn\" href=\"https:\/\/blogsaverroes.juntadeandalucia.es\/iesvegadeatarfe\/e-informacion-general\/\">Seguir leyendo<\/a><\/p>\n","protected":false},"author":7647,"featured_media":0,"parent":0,"menu_order":0,"comment_status":"closed","ping_status":"closed","template":"","meta":{"ngg_post_thumbnail":0,"footnotes":""},"aioseo_notices":[],"_links":{"self":[{"href":"https:\/\/blogsaverroes.juntadeandalucia.es\/iesvegadeatarfe\/wp-json\/wp\/v2\/pages\/689"}],"collection":[{"href":"https:\/\/blogsaverroes.juntadeandalucia.es\/iesvegadeatarfe\/wp-json\/wp\/v2\/pages"}],"about":[{"href":"https:\/\/blogsaverroes.juntadeandalucia.es\/iesvegadeatarfe\/wp-json\/wp\/v2\/types\/page"}],"author":[{"embeddable":true,"href":"https:\/\/blogsaverroes.juntadeandalucia.es\/iesvegadeatarfe\/wp-json\/wp\/v2\/users\/7647"}],"replies":[{"embeddable":true,"href":"https:\/\/blogsaverroes.juntadeandalucia.es\/iesvegadeatarfe\/wp-json\/wp\/v2\/comments?post=689"}],"version-history":[{"count":113,"href":"https:\/\/blogsaverroes.juntadeandalucia.es\/iesvegadeatarfe\/wp-json\/wp\/v2\/pages\/689\/revisions"}],"predecessor-version":[{"id":3776,"href":"https:\/\/blogsaverroes.juntadeandalucia.es\/iesvegadeatarfe\/wp-json\/wp\/v2\/pages\/689\/revisions\/3776"}],"wp:attachment":[{"href":"https:\/\/blogsaverroes.juntadeandalucia.es\/iesvegadeatarfe\/wp-json\/wp\/v2\/media?parent=689"}],"curies":[{"name":"wp","href":"https:\/\/api.w.org\/{rel}","templated":true}]}}