{"id":737,"date":"2020-02-23T12:08:35","date_gmt":"2020-02-23T11:08:35","guid":{"rendered":"https:\/\/blogsaverroes.juntadeandalucia.es\/iesvegadeatarfe\/?page_id=737"},"modified":"2024-06-07T22:34:16","modified_gmt":"2024-06-07T20:34:16","slug":"proyecto-proa","status":"publish","type":"page","link":"https:\/\/blogsaverroes.juntadeandalucia.es\/iesvegadeatarfe\/proyecto-proa\/","title":{"rendered":"Plan PROA"},"content":{"rendered":"<p><img loading=\"lazy\" decoding=\"async\" class=\"alignleft wp-image-586 size-medium\" src=\"https:\/\/blogsaverroes.juntadeandalucia.es\/iesvegadeatarfe\/files\/2020\/02\/Cartel-PROA-215x300.jpg\" alt=\"\" width=\"215\" height=\"300\" srcset=\"https:\/\/blogsaverroes.juntadeandalucia.es\/iesvegadeatarfe\/files\/2020\/02\/Cartel-PROA-215x300.jpg 215w, https:\/\/blogsaverroes.juntadeandalucia.es\/iesvegadeatarfe\/files\/2020\/02\/Cartel-PROA-17x24.jpg 17w, https:\/\/blogsaverroes.juntadeandalucia.es\/iesvegadeatarfe\/files\/2020\/02\/Cartel-PROA-26x36.jpg 26w, https:\/\/blogsaverroes.juntadeandalucia.es\/iesvegadeatarfe\/files\/2020\/02\/Cartel-PROA-34x48.jpg 34w, https:\/\/blogsaverroes.juntadeandalucia.es\/iesvegadeatarfe\/files\/2020\/02\/Cartel-PROA.jpg 681w\" sizes=\"(max-width: 215px) 100vw, 215px\" \/><span style=\"font-size: 14pt\">El Programa de Refuerzo, Orientaci\u00f3n y Apoyo en los centros docentes p\u00fablicos dependientes de la Consejer\u00eda de Educaci\u00f3n de la Junta de Andaluc\u00eda (PROA) se concibe como un conjunto de actuaciones dirigidas a mejorar el grado de adquisici\u00f3n de las competencias clave por parte del alumnado y complementar las acciones encaminadas a la mejora del \u00e9xito escolar que se desarrollan en centros docentes p\u00fablicos dependientes de la Consejer\u00eda de Educaci\u00f3n de la Junta de Andaluc\u00eda.<\/span><\/p>\n<p><span style=\"font-size: 14pt\">Tiene lugar en el instituto los <span style=\"color: #bd0404;font-size: 18pt\">martes y los jueves de 16:00 a 18:00<\/span>. Y consta de dos clases de apoyo, una que cubre el \u00e1mbito cient\u00edfico\/ matem\u00e1tico y otra el \u00e1mbito de Comunicaci\u00f3n (Lengua e Ingl\u00e9s).<\/span><\/p>\n<p><span style=\"font-size: 14pt\">Est\u00e1 financiado por el Fondo Social Europeo.<\/span><br \/>\n&nbsp;<\/p>\n<p style=\"text-align: center\"><span style=\"font-size: 18pt\">Si est\u00e1is interesados poneos en contacto con el departamento de Orientaci\u00f3n del Centro.<\/span><\/p>\n","protected":false},"excerpt":{"rendered":"<p>El Programa de Refuerzo, Orientaci\u00f3n y Apoyo en los centros docentes p\u00fablicos dependientes de la Consejer\u00eda de Educaci\u00f3n de la Junta de Andaluc\u00eda (PROA) se concibe como un conjunto de actuaciones dirigidas a mejorar el grado de adquisici\u00f3n de las competencias clave por parte del alumnado y complementar las acciones encaminadas a la mejora del &hellip; <\/p>\n<p><a class=\"more-link btn\" href=\"https:\/\/blogsaverroes.juntadeandalucia.es\/iesvegadeatarfe\/proyecto-proa\/\">Seguir leyendo<\/a><\/p>\n","protected":false},"author":7647,"featured_media":0,"parent":0,"menu_order":0,"comment_status":"closed","ping_status":"closed","template":"","meta":{"ngg_post_thumbnail":0,"footnotes":""},"aioseo_notices":[],"_links":{"self":[{"href":"https:\/\/blogsaverroes.juntadeandalucia.es\/iesvegadeatarfe\/wp-json\/wp\/v2\/pages\/737"}],"collection":[{"href":"https:\/\/blogsaverroes.juntadeandalucia.es\/iesvegadeatarfe\/wp-json\/wp\/v2\/pages"}],"about":[{"href":"https:\/\/blogsaverroes.juntadeandalucia.es\/iesvegadeatarfe\/wp-json\/wp\/v2\/types\/page"}],"author":[{"embeddable":true,"href":"https:\/\/blogsaverroes.juntadeandalucia.es\/iesvegadeatarfe\/wp-json\/wp\/v2\/users\/7647"}],"replies":[{"embeddable":true,"href":"https:\/\/blogsaverroes.juntadeandalucia.es\/iesvegadeatarfe\/wp-json\/wp\/v2\/comments?post=737"}],"version-history":[{"count":7,"href":"https:\/\/blogsaverroes.juntadeandalucia.es\/iesvegadeatarfe\/wp-json\/wp\/v2\/pages\/737\/revisions"}],"predecessor-version":[{"id":3330,"href":"https:\/\/blogsaverroes.juntadeandalucia.es\/iesvegadeatarfe\/wp-json\/wp\/v2\/pages\/737\/revisions\/3330"}],"wp:attachment":[{"href":"https:\/\/blogsaverroes.juntadeandalucia.es\/iesvegadeatarfe\/wp-json\/wp\/v2\/media?parent=737"}],"curies":[{"name":"wp","href":"https:\/\/api.w.org\/{rel}","templated":true}]}}