{"id":782,"date":"2020-02-23T20:15:41","date_gmt":"2020-02-23T19:15:41","guid":{"rendered":"https:\/\/blogsaverroes.juntadeandalucia.es\/iesvegadeatarfe\/?page_id=782"},"modified":"2025-05-08T08:36:43","modified_gmt":"2025-05-08T06:36:43","slug":"documentos-de-familia","status":"publish","type":"page","link":"https:\/\/blogsaverroes.juntadeandalucia.es\/iesvegadeatarfe\/documentos-de-familia\/","title":{"rendered":"Documentos para uso de las familias"},"content":{"rendered":"<p><span style=\"font-size: 24pt\"><a href=\"https:\/\/blogsaverroes.juntadeandalucia.es\/iesvegadeatarfe\/files\/2024\/11\/Doc-Centro-ROF-noviembre-2024.pdf\" target=\"_blank\" rel=\"noopener\"><span style=\"color: #af0000\">1.- Normas de Convivencia<\/span><\/a><\/span><\/p>\n<p><span style=\"color: #4fad00;font-size: 24pt\"> <span style=\"color: #af0000\"><a style=\"color: #af0000\" href=\"https:\/\/blogsaverroes.juntadeandalucia.es\/iesvegadeatarfe\/files\/2023\/09\/Doc-Familias-Justificante-faltas-alumnado.pdf\" target=\"_blank\" rel=\"noopener noreferrer\">2.- Autorizaci\u00f3n de Justificaci\u00f3n de Faltas<\/a><\/span><\/span><\/p>\n<p><span style=\"color: #4fad00;font-size: 24pt\"> <span style=\"color: #af0000\"><a style=\"color: #af0000\" href=\"https:\/\/blogsaverroes.juntadeandalucia.es\/iesvegadeatarfe\/files\/2025\/05\/Doc-Familias-Autorizacion-salida-individual-prevista-2025-2.pdf\" target=\"_blank\" rel=\"noopener\">3.- Autorizaci\u00f3n de Salida Prevista<\/a><\/span><\/span><\/p>\n<p><span style=\"color: #4fad00;font-size: 24pt\"> <span style=\"color: #af0000\"><a style=\"color: #af0000\" href=\"https:\/\/blogsaverroes.juntadeandalucia.es\/iesvegadeatarfe\/files\/2023\/09\/Doc-Familias-Instancia-Cambio-de-Grupo-Asignatura.pdf\" target=\"_blank\" rel=\"noopener noreferrer\">4.- Instancia para solicitar Cambio de Grupo\/Asignatura<\/a><\/span><\/span><br \/>\n&nbsp;<br \/>\n<a href=\"https:\/\/www.juntadeandalucia.es\/educacion\/secretariavirtual\/accesoTramite\/462\/\" target=\"_blank\" rel=\"noopener noreferrer\"><img loading=\"lazy\" decoding=\"async\" class=\"wp-image-4226 size-large aligncenter\" src=\"https:\/\/blogsaverroes.juntadeandalucia.es\/iesvegadeatarfe\/files\/2025\/04\/Secretaria-virtual.png\" alt=\"\" width=\"660\" height=\"304\"><\/a><\/p>\n","protected":false},"excerpt":{"rendered":"<p>1.- Normas de Convivencia 2.- Autorizaci\u00f3n de Justificaci\u00f3n de Faltas 3.- Autorizaci\u00f3n de Salida Prevista 4.- Instancia para solicitar Cambio de Grupo\/Asignatura &nbsp;<\/p>\n","protected":false},"author":7647,"featured_media":0,"parent":0,"menu_order":0,"comment_status":"closed","ping_status":"closed","template":"","meta":{"ngg_post_thumbnail":0,"footnotes":""},"aioseo_notices":[],"_links":{"self":[{"href":"https:\/\/blogsaverroes.juntadeandalucia.es\/iesvegadeatarfe\/wp-json\/wp\/v2\/pages\/782"}],"collection":[{"href":"https:\/\/blogsaverroes.juntadeandalucia.es\/iesvegadeatarfe\/wp-json\/wp\/v2\/pages"}],"about":[{"href":"https:\/\/blogsaverroes.juntadeandalucia.es\/iesvegadeatarfe\/wp-json\/wp\/v2\/types\/page"}],"author":[{"embeddable":true,"href":"https:\/\/blogsaverroes.juntadeandalucia.es\/iesvegadeatarfe\/wp-json\/wp\/v2\/users\/7647"}],"replies":[{"embeddable":true,"href":"https:\/\/blogsaverroes.juntadeandalucia.es\/iesvegadeatarfe\/wp-json\/wp\/v2\/comments?post=782"}],"version-history":[{"count":28,"href":"https:\/\/blogsaverroes.juntadeandalucia.es\/iesvegadeatarfe\/wp-json\/wp\/v2\/pages\/782\/revisions"}],"predecessor-version":[{"id":6284,"href":"https:\/\/blogsaverroes.juntadeandalucia.es\/iesvegadeatarfe\/wp-json\/wp\/v2\/pages\/782\/revisions\/6284"}],"wp:attachment":[{"href":"https:\/\/blogsaverroes.juntadeandalucia.es\/iesvegadeatarfe\/wp-json\/wp\/v2\/media?parent=782"}],"curies":[{"name":"wp","href":"https:\/\/api.w.org\/{rel}","templated":true}]}}