{"id":882,"date":"2020-02-28T06:42:16","date_gmt":"2020-02-28T05:42:16","guid":{"rendered":"https:\/\/blogsaverroes.juntadeandalucia.es\/iesvegadeatarfe\/?page_id=882"},"modified":"2024-06-07T21:36:22","modified_gmt":"2024-06-07T19:36:22","slug":"fei-formacion-del-profesorado","status":"publish","type":"page","link":"https:\/\/blogsaverroes.juntadeandalucia.es\/iesvegadeatarfe\/fei-formacion-del-profesorado\/","title":{"rendered":"FEIE &#8211; Formaci\u00f3n del profesorado"},"content":{"rendered":"<p><a href=\"https:\/\/blogsaverroes.juntadeandalucia.es\/iesvegadeatarfe\/feie-formacion-en-el-centro\/\"><span style=\"font-size: 24pt\">Formaci\u00f3n en el Centro<\/span><\/a><\/p>\n<p><a href=\"https:\/\/blogsaverroes.juntadeandalucia.es\/iesvegadeatarfe\/feie-cep\/\"><span style=\"font-size: 24pt\">CEP &#8211; Buscador de Actividades Formativas<\/span><\/a><\/p>\n<p><a href=\"https:\/\/blogsaverroes.juntadeandalucia.es\/iesvegadeatarfe\/feie-consejeria-de-educacion-y-deportes\/\"><span style=\"font-size: 24pt\">Consejer\u00eda de Educaci\u00f3n y Deporte<\/span><\/a><\/p>\n<p><a href=\"https:\/\/blogsaverroes.juntadeandalucia.es\/iesvegadeatarfe\/feie-intef\/\"><span style=\"font-size: 24pt\">Intef<\/span><\/a><\/p>\n","protected":false},"excerpt":{"rendered":"<p>Formaci\u00f3n en el Centro CEP &#8211; Buscador de Actividades Formativas Consejer\u00eda de Educaci\u00f3n y Deporte Intef<\/p>\n","protected":false},"author":7647,"featured_media":0,"parent":0,"menu_order":0,"comment_status":"closed","ping_status":"closed","template":"","meta":{"ngg_post_thumbnail":0,"footnotes":""},"aioseo_notices":[],"_links":{"self":[{"href":"https:\/\/blogsaverroes.juntadeandalucia.es\/iesvegadeatarfe\/wp-json\/wp\/v2\/pages\/882"}],"collection":[{"href":"https:\/\/blogsaverroes.juntadeandalucia.es\/iesvegadeatarfe\/wp-json\/wp\/v2\/pages"}],"about":[{"href":"https:\/\/blogsaverroes.juntadeandalucia.es\/iesvegadeatarfe\/wp-json\/wp\/v2\/types\/page"}],"author":[{"embeddable":true,"href":"https:\/\/blogsaverroes.juntadeandalucia.es\/iesvegadeatarfe\/wp-json\/wp\/v2\/users\/7647"}],"replies":[{"embeddable":true,"href":"https:\/\/blogsaverroes.juntadeandalucia.es\/iesvegadeatarfe\/wp-json\/wp\/v2\/comments?post=882"}],"version-history":[{"count":11,"href":"https:\/\/blogsaverroes.juntadeandalucia.es\/iesvegadeatarfe\/wp-json\/wp\/v2\/pages\/882\/revisions"}],"predecessor-version":[{"id":5739,"href":"https:\/\/blogsaverroes.juntadeandalucia.es\/iesvegadeatarfe\/wp-json\/wp\/v2\/pages\/882\/revisions\/5739"}],"wp:attachment":[{"href":"https:\/\/blogsaverroes.juntadeandalucia.es\/iesvegadeatarfe\/wp-json\/wp\/v2\/media?parent=882"}],"curies":[{"name":"wp","href":"https:\/\/api.w.org\/{rel}","templated":true}]}}