{"id":942,"date":"2020-02-29T07:28:13","date_gmt":"2020-02-29T06:28:13","guid":{"rendered":"https:\/\/blogsaverroes.juntadeandalucia.es\/iesvegadeatarfe\/?page_id=942"},"modified":"2024-06-07T20:27:44","modified_gmt":"2024-06-07T18:27:44","slug":"tasas-y-titulos","status":"publish","type":"page","link":"https:\/\/blogsaverroes.juntadeandalucia.es\/iesvegadeatarfe\/tasas-y-titulos\/","title":{"rendered":"Tasas y T\u00edtulos"},"content":{"rendered":"<p style=\"text-align: center\"><span style=\"font-size: 36pt;color: #339966\">PAGO DE TASAS Y SOLICITUD DEL T\u00cdTULO<\/span><\/p>\n<p>&nbsp;<\/p>\n<p>A.- El T\u00edtulo de &#8216;<strong><span style=\"font-size: 14pt\">Secundaria<\/span><\/strong>&#8216; no es necesario solicitarlo, es <strong>gratuito<\/strong> y se expide <strong>autom\u00e1ticamente<\/strong>. Tarda aproximadamente <strong>dos a\u00f1os<\/strong> en llegar.<\/p>\n<p>&nbsp;<\/p>\n<p>B.- Los <strong>otros T\u00edtulos<\/strong> <span style=\"font-size: 14pt\"><strong>S\u00cd<\/strong> <\/span>deben solicitarse. Adem\u00e1s, hay que pagar las &#8216;<strong>Tasas<\/strong>&#8216; establecidas por la Administraci\u00f3n y presentar la &#8216;<strong>Documentaci\u00f3n<\/strong>&#8216; correspondiente en la Secretar\u00eda del Centro. Todos los T\u00edtulos tardan alrededor de<strong> dos a\u00f1os<\/strong> en ser emitidos.<\/p>\n<ul>\n<li style=\"list-style-type: none\">\n<ul>\n<li><span style=\"color: #4fad00\"><a style=\"color: #4fad00\" href=\"https:\/\/blogsaverroes.juntadeandalucia.es\/iesvegadeatarfe\/solicitud-titulo-de-bachillerato\/\">T\u00edtulo de Bachillerato<\/a><\/span><\/li>\n<li><span style=\"color: #4fad00\"><a style=\"color: #4fad00\" href=\"https:\/\/blogsaverroes.juntadeandalucia.es\/iesvegadeatarfe\/solicitud-titulo-de-ciclos-formativos\/\">T\u00edtulo de Ciclo Formativo de Grado Superior de Administraci\u00f3n y Finanzas<\/a><\/span><\/li>\n<li><span style=\"color: #4fad00\"><a style=\"color: #4fad00\" href=\"https:\/\/blogsaverroes.juntadeandalucia.es\/iesvegadeatarfe\/solicitud-titulo-de-ciclos-formativos\/\">T\u00edtulo de Ciclo Formativo de Grado Medio de Gesti\u00f3n Administrativa<\/a><\/span><\/li>\n<li><span style=\"color: #4fad00\"><a style=\"color: #4fad00\" href=\"https:\/\/blogsaverroes.juntadeandalucia.es\/iesvegadeatarfe\/tasas-y-titulos-fp1-y-fp2\/\">T\u00edtulos antiguos de FP1 y FP2<\/a><\/span><\/li>\n<\/ul>\n<\/li>\n<\/ul>\n<p>&nbsp;<\/p>\n<p>C.- <span style=\"font-size: 14pt\"><strong>Reducci\u00f3n<\/strong><\/span> de tasas<\/p>\n<ul>\n<li>Los beneficiarios de familia numerosa de categor\u00eda general abonar\u00e1n el&nbsp;<strong>50 por ciento de la tasa<\/strong>.<\/li>\n<\/ul>\n<p>&nbsp;<\/p>\n<p>D.- Est\u00e1n <span style=\"font-size: 14pt\"><strong>Exentos<\/strong><\/span> del pago de tasas:<\/p>\n<ul>\n<li>Las v\u00edctimas de actos terroristas y sus hijos.<\/li>\n<li>Beneficiarios de familia numerosa de categor\u00eda especial.<\/li>\n<li>La expedici\u00f3n de t\u00edtulos duplicados por causas de la administraci\u00f3n.<\/li>\n<\/ul>\n<p>&nbsp;<\/p>\n<p>E.- Para <span style=\"font-size: 14pt\"><strong>recoger<\/strong> <\/span>el T\u00edtulo es necesario presentar el<strong> DNI<\/strong> y firmar el correspondiente &#8216;<strong>Recib\u00ed<\/strong>&#8216; para dejar constancia de la retirada del mismo. En caso de no poder recogerlo en persona, ser\u00e1 necesario presentar una autorizaci\u00f3n firmada por el interesado junto a una fotocopia de su DNI y otra fotocopia de la persona que retira el T\u00edtulo.<\/p>\n<p>&nbsp;<\/p>\n<p>&nbsp;<\/p>\n<p>&nbsp;<\/p>\n","protected":false},"excerpt":{"rendered":"<p>PAGO DE TASAS Y SOLICITUD DEL T\u00cdTULO &nbsp; A.- El T\u00edtulo de &#8216;Secundaria&#8216; no es necesario solicitarlo, es gratuito y se expide autom\u00e1ticamente. Tarda aproximadamente dos a\u00f1os en llegar. &nbsp; B.- Los otros T\u00edtulos S\u00cd deben solicitarse. Adem\u00e1s, hay que pagar las &#8216;Tasas&#8216; establecidas por la Administraci\u00f3n y presentar la &#8216;Documentaci\u00f3n&#8216; correspondiente en la Secretar\u00eda &hellip; <\/p>\n<p><a class=\"more-link btn\" href=\"https:\/\/blogsaverroes.juntadeandalucia.es\/iesvegadeatarfe\/tasas-y-titulos\/\">Seguir leyendo<\/a><\/p>\n","protected":false},"author":7647,"featured_media":0,"parent":0,"menu_order":0,"comment_status":"closed","ping_status":"closed","template":"","meta":{"ngg_post_thumbnail":0,"footnotes":""},"aioseo_notices":[],"_links":{"self":[{"href":"https:\/\/blogsaverroes.juntadeandalucia.es\/iesvegadeatarfe\/wp-json\/wp\/v2\/pages\/942"}],"collection":[{"href":"https:\/\/blogsaverroes.juntadeandalucia.es\/iesvegadeatarfe\/wp-json\/wp\/v2\/pages"}],"about":[{"href":"https:\/\/blogsaverroes.juntadeandalucia.es\/iesvegadeatarfe\/wp-json\/wp\/v2\/types\/page"}],"author":[{"embeddable":true,"href":"https:\/\/blogsaverroes.juntadeandalucia.es\/iesvegadeatarfe\/wp-json\/wp\/v2\/users\/7647"}],"replies":[{"embeddable":true,"href":"https:\/\/blogsaverroes.juntadeandalucia.es\/iesvegadeatarfe\/wp-json\/wp\/v2\/comments?post=942"}],"version-history":[{"count":3,"href":"https:\/\/blogsaverroes.juntadeandalucia.es\/iesvegadeatarfe\/wp-json\/wp\/v2\/pages\/942\/revisions"}],"predecessor-version":[{"id":946,"href":"https:\/\/blogsaverroes.juntadeandalucia.es\/iesvegadeatarfe\/wp-json\/wp\/v2\/pages\/942\/revisions\/946"}],"wp:attachment":[{"href":"https:\/\/blogsaverroes.juntadeandalucia.es\/iesvegadeatarfe\/wp-json\/wp\/v2\/media?parent=942"}],"curies":[{"name":"wp","href":"https:\/\/api.w.org\/{rel}","templated":true}]}}