{"id":71,"date":"2023-04-19T16:35:41","date_gmt":"2023-04-19T15:35:41","guid":{"rendered":"https:\/\/blogsaverroes.juntadeandalucia.es\/iesvegademijastecnologia\/?page_id=71"},"modified":"2025-05-15T13:36:15","modified_gmt":"2025-05-15T13:36:15","slug":"planes-y-programas","status":"publish","type":"page","link":"https:\/\/blogsaverroes.juntadeandalucia.es\/iesvegademijasepv\/planes-y-programas\/","title":{"rendered":"Planes y Programas"},"content":{"rendered":"<p><span style=\"color: #000000\">Nuestro departamento participa en diversos planes y programas del Centro ya que cada miembro se adhiere a varios de ellos.<br \/>\n<\/span><\/p>\n<p><span style=\"color: #000000\">A su vez nuestro departamento siempre est\u00e1 abierto a participar con el resto de departamentos en cualquier propuesta que nos propongan debido a nuestra gran capacidad interdisciplinar.<\/span><\/p>\n<p><span style=\"color: #000000\">Adem\u00e1s de contribuir al plan de lectura y al razonamiento matem\u00e1tico el departamento participar\u00e1 de los planes y programas. La materia explorar\u00e1 muchos de esos temas mediante diversos proyectos donde el tema pueda versar, por ejemplo, sobre la igualdad entre hombres y mujeres o el respeto al medio ambiente. Sin embargo, de manera especifica, se centrar\u00e1 en el \u00e1rea de arte, cultura y creatividad y en las l\u00edneas de actuaci\u00f3n del cine, las artes pl\u00e1sticas y el dise\u00f1o gr\u00e1fico y el patrimonio andaluz. Dada la similitud entre estas l\u00edneas de actuaci\u00f3n y los bloques de contenidos de los diferentes saberes b\u00e1sicos las diferentes materias del departamento podr\u00e1n trabajar este \u00e1mbito mediante diversas actividades como la creaci\u00f3n de una animaci\u00f3n, el estudio de planos y pel\u00edculas, el desarrollo de carteler\u00eda o la identidad corporativa de una empresa mediante el dise\u00f1o gr\u00e1fico o el acercamiento al patrimonio andaluz mediante el estudio del trazado geom\u00e9trico nazar\u00ed creando un mosaico.<\/span><\/p>\n","protected":false},"excerpt":{"rendered":"<p>Nuestro departamento participa en diversos planes y programas del Centro ya que cada miembro se adhiere a varios de ellos. A su vez nuestro departamento siempre est\u00e1 abierto a participar con el resto de departamentos en cualquier propuesta que nos propongan debido a nuestra gran capacidad interdisciplinar. Adem\u00e1s de contribuir al plan de lectura y [&hellip;]<\/p>\n","protected":false},"author":16445,"featured_media":0,"parent":0,"menu_order":0,"comment_status":"closed","ping_status":"closed","template":"","meta":{"ngg_post_thumbnail":0,"footnotes":""},"aioseo_notices":[],"_links":{"self":[{"href":"https:\/\/blogsaverroes.juntadeandalucia.es\/iesvegademijasepv\/wp-json\/wp\/v2\/pages\/71"}],"collection":[{"href":"https:\/\/blogsaverroes.juntadeandalucia.es\/iesvegademijasepv\/wp-json\/wp\/v2\/pages"}],"about":[{"href":"https:\/\/blogsaverroes.juntadeandalucia.es\/iesvegademijasepv\/wp-json\/wp\/v2\/types\/page"}],"author":[{"embeddable":true,"href":"https:\/\/blogsaverroes.juntadeandalucia.es\/iesvegademijasepv\/wp-json\/wp\/v2\/users\/16445"}],"replies":[{"embeddable":true,"href":"https:\/\/blogsaverroes.juntadeandalucia.es\/iesvegademijasepv\/wp-json\/wp\/v2\/comments?post=71"}],"version-history":[{"count":4,"href":"https:\/\/blogsaverroes.juntadeandalucia.es\/iesvegademijasepv\/wp-json\/wp\/v2\/pages\/71\/revisions"}],"predecessor-version":[{"id":116,"href":"https:\/\/blogsaverroes.juntadeandalucia.es\/iesvegademijasepv\/wp-json\/wp\/v2\/pages\/71\/revisions\/116"}],"wp:attachment":[{"href":"https:\/\/blogsaverroes.juntadeandalucia.es\/iesvegademijasepv\/wp-json\/wp\/v2\/media?parent=71"}],"curies":[{"name":"wp","href":"https:\/\/api.w.org\/{rel}","templated":true}]}}