{"id":23,"date":"2023-05-02T11:07:43","date_gmt":"2023-05-02T11:07:43","guid":{"rendered":"https:\/\/blogsaverroes.juntadeandalucia.es\/iesvegademijaserasmusplus\/?page_id=23"},"modified":"2023-05-02T11:36:53","modified_gmt":"2023-05-02T11:36:53","slug":"objetivos","status":"publish","type":"page","link":"https:\/\/blogsaverroes.juntadeandalucia.es\/iesvegademijaserasmusplus\/educacion-escolar\/objetivos\/","title":{"rendered":"Objetivos Educaci\u00f3n Escolar"},"content":{"rendered":"<p>El objetivo general del Programa es apoyar, a trav\u00e9s del aprendizaje permanente, el desarrollo educativo, profesional y personal de las personas en los \u00e1mbitos de la educaci\u00f3n, la formaci\u00f3n, la juventud y el deporte, dentro de Europa y fuera de su territorio, contribuyendo as\u00ed al crecimiento sostenible, al empleo de calidad y a la cohesi\u00f3n social, adem\u00e1s de a impulsar la innovaci\u00f3n y a fortalecer la identidad europea y la ciudadan\u00eda activa. Por consiguiente, el Programa ser\u00e1 un instrumento clave para desarrollar un Espacio Europeo de Educaci\u00f3n y respaldar la cooperaci\u00f3n estrat\u00e9gica europea en el campo de la educaci\u00f3n y la formaci\u00f3n, con sus correspondientes agendas sectoriales. A su vez, resulta fundamental para impulsar la cooperaci\u00f3n en materia de pol\u00edticas de juventud en el marco de la Estrategia de la UE para la Juventud del per\u00edodo 2019-2027 y desarrollar la dimensi\u00f3n europea en el deporte.<\/p>\n","protected":false},"excerpt":{"rendered":"<p>El objetivo general del Programa es apoyar, a trav\u00e9s del aprendizaje permanente, el desarrollo educativo, profesional y personal de las personas en los \u00e1mbitos de la educaci\u00f3n, la formaci\u00f3n, la juventud y el deporte, dentro de Europa y fuera de su territorio, contribuyendo as\u00ed al crecimiento sostenible, al empleo de calidad y a la cohesi\u00f3n [&hellip;]<\/p>\n","protected":false},"author":16445,"featured_media":0,"parent":21,"menu_order":0,"comment_status":"closed","ping_status":"closed","template":"","meta":{"ngg_post_thumbnail":0,"footnotes":""},"aioseo_notices":[],"_links":{"self":[{"href":"https:\/\/blogsaverroes.juntadeandalucia.es\/iesvegademijaserasmusplus\/wp-json\/wp\/v2\/pages\/23"}],"collection":[{"href":"https:\/\/blogsaverroes.juntadeandalucia.es\/iesvegademijaserasmusplus\/wp-json\/wp\/v2\/pages"}],"about":[{"href":"https:\/\/blogsaverroes.juntadeandalucia.es\/iesvegademijaserasmusplus\/wp-json\/wp\/v2\/types\/page"}],"author":[{"embeddable":true,"href":"https:\/\/blogsaverroes.juntadeandalucia.es\/iesvegademijaserasmusplus\/wp-json\/wp\/v2\/users\/16445"}],"replies":[{"embeddable":true,"href":"https:\/\/blogsaverroes.juntadeandalucia.es\/iesvegademijaserasmusplus\/wp-json\/wp\/v2\/comments?post=23"}],"version-history":[{"count":2,"href":"https:\/\/blogsaverroes.juntadeandalucia.es\/iesvegademijaserasmusplus\/wp-json\/wp\/v2\/pages\/23\/revisions"}],"predecessor-version":[{"id":64,"href":"https:\/\/blogsaverroes.juntadeandalucia.es\/iesvegademijaserasmusplus\/wp-json\/wp\/v2\/pages\/23\/revisions\/64"}],"up":[{"embeddable":true,"href":"https:\/\/blogsaverroes.juntadeandalucia.es\/iesvegademijaserasmusplus\/wp-json\/wp\/v2\/pages\/21"}],"wp:attachment":[{"href":"https:\/\/blogsaverroes.juntadeandalucia.es\/iesvegademijaserasmusplus\/wp-json\/wp\/v2\/media?parent=23"}],"curies":[{"name":"wp","href":"https:\/\/api.w.org\/{rel}","templated":true}]}}