{"id":275,"date":"2023-05-11T12:32:22","date_gmt":"2023-05-11T10:32:22","guid":{"rendered":"https:\/\/blogsaverroes.juntadeandalucia.es\/iesvegademijaserasmusplus\/?page_id=275"},"modified":"2023-06-08T13:28:01","modified_gmt":"2023-06-08T11:28:01","slug":"conocenos","status":"publish","type":"page","link":"https:\/\/blogsaverroes.juntadeandalucia.es\/iesvegademijaserasmusplus\/presentacion\/conocenos\/","title":{"rendered":"Con\u00f3cenos"},"content":{"rendered":"<p>Desde el curso 2008-09 el centro viene solicitando financiaci\u00f3n para la realizaci\u00f3n de las pr\u00e1cticas profesionales (FCT) del alumnado de ciclos formativos de grado superior en pa\u00edses de la Uni\u00f3n Europea. Desde la apertura de nuestro centro se han realizado movilidades a trav\u00e9s del programa comenius. En 2019, El IES Vega de Mijas fue seleccionado para llevar a cabo varios proyectos de movilidad KA101 y se uni\u00f3 al consorcio de formaci\u00f3n profesional con los centros IES C\u00e1novas del Castillo, IES Campanillas e IES Picasso. De esta forma, se ampliaron las l\u00edneas de actuaci\u00f3n, con presencia en tres de los cuatro sectores que oferta el SEPIE (Servicio Espa\u00f1ol Para la Internacionalizaci\u00f3n de la Educaci\u00f3n). Hasta ahora hemos establecido relaciones con los siguientes pa\u00edses:&nbsp; Finlandia, Alemania, Holanda, Rep\u00fablica Checa, Austria, Reino Unido, Irlanda y Letonia.<\/p>\n<p><strong>EDUCACI\u00d3N ESCOLAR<br \/>\n<\/strong><\/p>\n<p><strong>(KA101):<\/strong> Durante los curso 2019-2020 y 2020-2021, un total de catorce miembros del claustro del centro participaron en actividades de formaci\u00f3n, y de observaci\u00f3n de los distintos sistemas educativos en pa\u00edses de la Uni\u00f3n Europea como Irlanda, Portugal, Grecia, Italia y Alemania.<\/p>\n<p><strong>(KA229):<\/strong> Hemos participado como socio en el proyecto AQUAMARIS orientado a la movilidad del alumnado y profesorado. El IES Vega de Mijas ha trabajado sobre el cambio clim\u00e1tico con centros de Alemania, Letonia, Portugal e Italia . Para ello se han realizado visitas a los diferentes pa\u00edses asociados tanto del profesorado como del alumnado.<\/p>\n<p><strong>Acreditaci\u00f3n Erasmus: <\/strong>Nuestro centro ha conseguido&nbsp; la ACREDITACI\u00d3N ERASMUS en la convocatoria 2022 lo que nos permitir\u00e1 realizar movilidades tanto de alumnado como profesorado hasta el curso 2027. El proyecto <strong>KA121<\/strong> ha sido aprobado por lo que se est\u00e1n planificando movilidades para el curso que viene.<\/p>\n<p><strong>EDUCACI\u00d3N SUPERIOR<br \/>\n<\/strong><\/p>\n<p><strong>Carta ECHE: <\/strong>Desde el curso 2014 disponemos de Carta ECHE que fue renovada y est\u00e1 vigente hasta 2027.<\/p>\n<p><strong> KA103: <\/strong>A trav\u00e9s de este proyecto se realizaron 3 movilidades de profesorado para <em>job shadowing<\/em> a Finlandia en abril de 2022 visitando dos centros educativos de Formaci\u00f3n Profesional SamiEdu y Tavastia&nbsp; y 3 movilidades de alumnado para la realizaci\u00f3n de sus pr\u00e1cticas profesionales.<strong><br \/>\n<\/strong><\/p>\n<p><strong>KA 131: <\/strong>Hasta el momento se han realizado 9 movilidades de pr\u00e1cticas de alumnado y 2 de profesorado de <em>job shadowing<\/em> en Holanda visitando el centro de Formaci\u00f3n Profesional ROC Van Twente.<\/p>\n<p>En la actualidad a\u00fan disponemos de movilidades en este proyecto y adem\u00e1s, tenemos aprobado un nuevo proyecto KA 131 para los dos pr\u00f3ximos cursos acad\u00e9micos.<\/p>\n<p><strong>FORMACI\u00d3N PROFESIONAL<\/strong><\/p>\n<p><strong> (KA102)<\/strong>: Desde este curso, nuestro centro desarrolla el proyecto KA-102 \u201cNetworking Europe\u201d, junto a otros centros educativos de M\u00e1laga y Granada. La finalidad del proyecto es promover la movilidad del alumnado y del profesorado del ciclo formativo de grado medio. No se realizaron las movilidades hasta dos curso despu\u00e9s debido a la problem\u00e1tica del COVID. En el curso 2021\/2022 se realizaron las primeras movilidades de FCT, con un alumno en Praga y dos en Italia, y de un profesor a Florencia. En el curso 2022\/23 se han realizado dos movilidades de alumnado (A Praga e Italia) y dos de profesorado a Holanda.<\/p>\n<p>Los proyectos Erasmus+ inciden positivamente en toda la comunidad educativa de nuestro centro formando al profesorado y ayudando a mejorar los resultados acad\u00e9micos, a atender a la diversidad, a aumentar la motivaci\u00f3n del alumnado y a mejorar sus perspectivas de inserci\u00f3n en el mercado laboral<\/p>\n","protected":false},"excerpt":{"rendered":"<p>Desde el curso 2008-09 el centro viene solicitando financiaci\u00f3n para la realizaci\u00f3n de las pr\u00e1cticas profesionales (FCT) del alumnado de ciclos formativos de grado superior en pa\u00edses de la Uni\u00f3n Europea. Desde la apertura de nuestro centro se han realizado movilidades a trav\u00e9s del programa comenius. En 2019, El IES Vega de Mijas fue seleccionado [&hellip;]<\/p>\n","protected":false},"author":17970,"featured_media":0,"parent":31,"menu_order":0,"comment_status":"closed","ping_status":"closed","template":"","meta":{"ngg_post_thumbnail":0,"footnotes":""},"aioseo_notices":[],"_links":{"self":[{"href":"https:\/\/blogsaverroes.juntadeandalucia.es\/iesvegademijaserasmusplus\/wp-json\/wp\/v2\/pages\/275"}],"collection":[{"href":"https:\/\/blogsaverroes.juntadeandalucia.es\/iesvegademijaserasmusplus\/wp-json\/wp\/v2\/pages"}],"about":[{"href":"https:\/\/blogsaverroes.juntadeandalucia.es\/iesvegademijaserasmusplus\/wp-json\/wp\/v2\/types\/page"}],"author":[{"embeddable":true,"href":"https:\/\/blogsaverroes.juntadeandalucia.es\/iesvegademijaserasmusplus\/wp-json\/wp\/v2\/users\/17970"}],"replies":[{"embeddable":true,"href":"https:\/\/blogsaverroes.juntadeandalucia.es\/iesvegademijaserasmusplus\/wp-json\/wp\/v2\/comments?post=275"}],"version-history":[{"count":10,"href":"https:\/\/blogsaverroes.juntadeandalucia.es\/iesvegademijaserasmusplus\/wp-json\/wp\/v2\/pages\/275\/revisions"}],"predecessor-version":[{"id":330,"href":"https:\/\/blogsaverroes.juntadeandalucia.es\/iesvegademijaserasmusplus\/wp-json\/wp\/v2\/pages\/275\/revisions\/330"}],"up":[{"embeddable":true,"href":"https:\/\/blogsaverroes.juntadeandalucia.es\/iesvegademijaserasmusplus\/wp-json\/wp\/v2\/pages\/31"}],"wp:attachment":[{"href":"https:\/\/blogsaverroes.juntadeandalucia.es\/iesvegademijaserasmusplus\/wp-json\/wp\/v2\/media?parent=275"}],"curies":[{"name":"wp","href":"https:\/\/api.w.org\/{rel}","templated":true}]}}