{"id":135,"date":"2023-05-11T12:17:17","date_gmt":"2023-05-11T12:17:17","guid":{"rendered":"https:\/\/blogsaverroes.juntadeandalucia.es\/iesvegademijasinformatica\/?page_id=135"},"modified":"2024-05-21T09:07:42","modified_gmt":"2024-05-21T09:07:42","slug":"oferta-formativa","status":"publish","type":"page","link":"https:\/\/blogsaverroes.juntadeandalucia.es\/iesvegademijasinformatica\/oferta-formativa\/","title":{"rendered":"Oferta formativa"},"content":{"rendered":"<p>Todas las ense\u00f1anzas de la familia profesional de <b>Inform\u00e1tica y Comunicaciones<\/b> se imparten en modalidad <b><a href=\"https:\/\/www.juntadeandalucia.es\/educacion\/portals\/web\/formacion-profesional-andaluza\/docente\/aulas-bilingues\">aula bil\u00edng\u00fce<\/a>.<\/b><\/p>\n<ul>\n<li><span style=\"font-size: 12pt\"><strong><a href=\"https:\/\/www.juntadeandalucia.es\/educacion\/portals\/web\/formacion-profesional-andaluza\/fp-grado-medio\/detalle-titulo?idTitulo=17\" target=\"_blank\" rel=\"noopener noreferrer\">Ciclo Formativo de Grado Medio de Sistemas Microinform\u00e1ticos y Redes<\/a><\/strong><\/span><\/li>\n<li><span style=\"font-size: 12pt\"><strong><a href=\"https:\/\/www.juntadeandalucia.es\/educacion\/portals\/web\/formacion-profesional-andaluza\/fp-grado-superior\/detalle-titulo?idTitulo=56\" target=\"_blank\" rel=\"noopener noreferrer\">Ciclo Formativo de Grado Superior de Desarrollo de Aplicaciones Web<\/a><\/strong><\/span><\/li>\n<li><span style=\"font-size: 12pt\"><strong><a href=\"https:\/\/www.juntadeandalucia.es\/educacion\/portals\/web\/formacion-profesional-andaluza\/fp-grado-superior\/detalle-titulo?idTitulo=51\" target=\"_blank\" rel=\"noopener noreferrer\">Ciclo Formativo de Grado Superior de Desarrollo de Aplicaciones Multiplataforma<\/a><\/strong><\/span><\/li>\n<\/ul>\n","protected":false},"excerpt":{"rendered":"<p>Todas las ense\u00f1anzas de la familia profesional de Inform\u00e1tica y Comunicaciones se imparten en modalidad aula bil\u00edng\u00fce. Ciclo Formativo de Grado Medio de Sistemas Microinform\u00e1ticos y Redes Ciclo Formativo de Grado Superior de Desarrollo de Aplicaciones Web Ciclo Formativo de Grado Superior de Desarrollo de Aplicaciones Multiplataforma<\/p>\n","protected":false},"author":17970,"featured_media":0,"parent":0,"menu_order":0,"comment_status":"closed","ping_status":"closed","template":"","meta":{"ngg_post_thumbnail":0,"footnotes":""},"aioseo_notices":[],"_links":{"self":[{"href":"https:\/\/blogsaverroes.juntadeandalucia.es\/iesvegademijasinformatica\/wp-json\/wp\/v2\/pages\/135"}],"collection":[{"href":"https:\/\/blogsaverroes.juntadeandalucia.es\/iesvegademijasinformatica\/wp-json\/wp\/v2\/pages"}],"about":[{"href":"https:\/\/blogsaverroes.juntadeandalucia.es\/iesvegademijasinformatica\/wp-json\/wp\/v2\/types\/page"}],"author":[{"embeddable":true,"href":"https:\/\/blogsaverroes.juntadeandalucia.es\/iesvegademijasinformatica\/wp-json\/wp\/v2\/users\/17970"}],"replies":[{"embeddable":true,"href":"https:\/\/blogsaverroes.juntadeandalucia.es\/iesvegademijasinformatica\/wp-json\/wp\/v2\/comments?post=135"}],"version-history":[{"count":7,"href":"https:\/\/blogsaverroes.juntadeandalucia.es\/iesvegademijasinformatica\/wp-json\/wp\/v2\/pages\/135\/revisions"}],"predecessor-version":[{"id":380,"href":"https:\/\/blogsaverroes.juntadeandalucia.es\/iesvegademijasinformatica\/wp-json\/wp\/v2\/pages\/135\/revisions\/380"}],"wp:attachment":[{"href":"https:\/\/blogsaverroes.juntadeandalucia.es\/iesvegademijasinformatica\/wp-json\/wp\/v2\/media?parent=135"}],"curies":[{"name":"wp","href":"https:\/\/api.w.org\/{rel}","templated":true}]}}