{"id":49,"date":"2023-04-28T12:14:41","date_gmt":"2023-04-28T12:14:41","guid":{"rendered":"https:\/\/blogsaverroes.juntadeandalucia.es\/iesvegademijasinformatica\/?page_id=49"},"modified":"2025-05-09T07:13:53","modified_gmt":"2025-05-09T07:13:53","slug":"inicio","status":"publish","type":"page","link":"https:\/\/blogsaverroes.juntadeandalucia.es\/iesvegademijasinformatica\/inicio\/","title":{"rendered":"Profesorado"},"content":{"rendered":"<h2>Profesorado curso 2024\/2025<\/h2>\n<ul>\n<li>Manuel Aragon\u00e9s Morales (maramor940@g.educaand.es)<\/li>\n<li>Leticia Badillo Prieto (lbadpri769@g.educaand.es)<\/li>\n<li>Francisco Javier Bueno Santana (fbuesan592@g.educaand.es)<\/li>\n<li>Jos\u00e9 Manuel Mart\u00edn Tejero (jmartej204@g.educaand.es)<\/li>\n<li>Jos\u00e9 Antonio Navarro Gallardo (jnavgal709@g.educaand.es)<\/li>\n<li>L\u00e1zaro Ram\u00edrez Valderrama (lramval523@g.educaand.es)<\/li>\n<li>Abrah\u00e1m Ramos C\u00f3zar (aramcoz276@g.educaand.es)<\/li>\n<li>Miguel \u00c1ngel S\u00e1ez Soubrier (msaesou260@g.educaand.es)<\/li>\n<li>Juan Carlos S\u00e1nchez Leon (jsanleon236@g.educaand.es)<\/li>\n<li>Carlos Javier Vela L\u00f3pez (cvellop071@g.educaand.es)<\/li>\n<\/ul>\n","protected":false},"excerpt":{"rendered":"<p>Profesorado curso 2024\/2025 Manuel Aragon\u00e9s Morales (maramor940@g.educaand.es) Leticia Badillo Prieto (lbadpri769@g.educaand.es) Francisco Javier Bueno Santana (fbuesan592@g.educaand.es) Jos\u00e9 Manuel Mart\u00edn Tejero (jmartej204@g.educaand.es) Jos\u00e9 Antonio Navarro Gallardo (jnavgal709@g.educaand.es) L\u00e1zaro Ram\u00edrez Valderrama (lramval523@g.educaand.es) Abrah\u00e1m Ramos C\u00f3zar (aramcoz276@g.educaand.es) Miguel \u00c1ngel S\u00e1ez Soubrier (msaesou260@g.educaand.es) Juan Carlos S\u00e1nchez Leon (jsanleon236@g.educaand.es) Carlos Javier Vela L\u00f3pez (cvellop071@g.educaand.es)<\/p>\n","protected":false},"author":16496,"featured_media":0,"parent":0,"menu_order":0,"comment_status":"closed","ping_status":"closed","template":"","meta":{"ngg_post_thumbnail":0,"footnotes":""},"aioseo_notices":[],"_links":{"self":[{"href":"https:\/\/blogsaverroes.juntadeandalucia.es\/iesvegademijasinformatica\/wp-json\/wp\/v2\/pages\/49"}],"collection":[{"href":"https:\/\/blogsaverroes.juntadeandalucia.es\/iesvegademijasinformatica\/wp-json\/wp\/v2\/pages"}],"about":[{"href":"https:\/\/blogsaverroes.juntadeandalucia.es\/iesvegademijasinformatica\/wp-json\/wp\/v2\/types\/page"}],"author":[{"embeddable":true,"href":"https:\/\/blogsaverroes.juntadeandalucia.es\/iesvegademijasinformatica\/wp-json\/wp\/v2\/users\/16496"}],"replies":[{"embeddable":true,"href":"https:\/\/blogsaverroes.juntadeandalucia.es\/iesvegademijasinformatica\/wp-json\/wp\/v2\/comments?post=49"}],"version-history":[{"count":13,"href":"https:\/\/blogsaverroes.juntadeandalucia.es\/iesvegademijasinformatica\/wp-json\/wp\/v2\/pages\/49\/revisions"}],"predecessor-version":[{"id":383,"href":"https:\/\/blogsaverroes.juntadeandalucia.es\/iesvegademijasinformatica\/wp-json\/wp\/v2\/pages\/49\/revisions\/383"}],"wp:attachment":[{"href":"https:\/\/blogsaverroes.juntadeandalucia.es\/iesvegademijasinformatica\/wp-json\/wp\/v2\/media?parent=49"}],"curies":[{"name":"wp","href":"https:\/\/api.w.org\/{rel}","templated":true}]}}