{"id":71,"date":"2023-04-19T16:35:41","date_gmt":"2023-04-19T15:35:41","guid":{"rendered":"https:\/\/blogsaverroes.juntadeandalucia.es\/iesvegademijastecnologia\/?page_id=71"},"modified":"2026-02-02T16:56:34","modified_gmt":"2026-02-02T16:56:34","slug":"planes-y-programas","status":"publish","type":"page","link":"https:\/\/blogsaverroes.juntadeandalucia.es\/iesvegademijasingles\/planes-y-programas\/","title":{"rendered":"Planes y Programas"},"content":{"rendered":"<p><span style=\"font-family: georgia, palatino, serif;font-size: 12pt\"><strong><span style=\"color: #000000\">Nuestro departamento participa en los siguientes planes y programas 2025\/2026:<\/span><\/strong><\/span><\/p>\n<ul>\n<li style=\"list-style-type: none\">\n<ol>\n<li><span style=\"color: #000000\"><strong>Erasmus + Escolar<\/strong>.\u00a0<\/span><\/li>\n<li><span style=\"color: #000000\"><strong>Erasmus + FP<\/strong>.\u00a0<\/span><\/li>\n<li><span style=\"color: #000000\"><strong>Bibliotecas Escolares<\/strong>.\u00a0<\/span><\/li>\n<li><span style=\"color: #000000\"><strong>Plan de apertura de centros docentes<\/strong>.\u00a0<\/span><\/li>\n<li><span style=\"color: #000000\"><strong>Plan de igualdad de g\u00e9nero en educaci\u00f3n de Andaluc\u00eda<\/strong>.\u00a0<\/span><\/li>\n<li><span style=\"color: #000000\"><strong>TDE (Plan de Actuaci\u00f3n Digital &#8211; C\u00f3digo Escuela 4.0)<\/strong>.\u00a0<\/span><\/li>\n<li><span style=\"color: #000000\"><strong>Red Andaluza: \u201cEscuela Espacio de Paz\u201d<\/strong>.<\/span><\/li>\n<li><span style=\"color: #000000\"><strong>ALDEA<\/strong><\/span><\/li>\n<li><span style=\"color: #000000\"><strong>Aula de Jaque.\u00a0<\/strong><\/span><\/li>\n<li><span style=\"color: #000000\"><strong>ConRed Andaluc\u00eda.\u00a0<\/strong><\/span><\/li>\n<li><span style=\"color: #000000\"><strong>H\u00e1bitos de vida saludable.\u00a0<\/strong><\/span><\/li>\n<li><span style=\"color: #000000\"><strong>Pr\u00e1cticum M\u00e1ster Secundaria.<\/strong><\/span><\/li>\n<li><span style=\"color: #000000\"><strong>STEM<\/strong><\/span><\/li>\n<li><span style=\"color: #000000\"><strong>Programas Culturales.<\/strong>\u00a0<\/span><\/li>\n<li><span style=\"color: #000000\"><strong>Proyecto Aulas Verdes Abiertas<\/strong><\/span><\/li>\n<li><span style=\"color: #000000\"><strong>Pacto de Estado: Prevenci\u00f3n de Violencia de G\u00e9nero<\/strong><\/span><\/li>\n<li><span style=\"color: #000000\"><strong>M\u00e1s Equidad<\/strong><\/span><\/li>\n<\/ol>\n<\/li>\n<\/ul>\n","protected":false},"excerpt":{"rendered":"<p>Nuestro departamento participa en los siguientes planes y programas 2025\/2026: Erasmus + Escolar.\u00a0 Erasmus + FP.\u00a0 Bibliotecas Escolares.\u00a0 Plan de apertura de centros docentes.\u00a0 Plan de igualdad de g\u00e9nero en educaci\u00f3n de Andaluc\u00eda.\u00a0 TDE (Plan de Actuaci\u00f3n Digital &#8211; C\u00f3digo Escuela 4.0).\u00a0 Red Andaluza: \u201cEscuela Espacio de Paz\u201d. ALDEA Aula de Jaque.\u00a0 ConRed Andaluc\u00eda.\u00a0 H\u00e1bitos [&hellip;]<\/p>\n","protected":false},"author":16445,"featured_media":0,"parent":0,"menu_order":0,"comment_status":"closed","ping_status":"closed","template":"","meta":{"ngg_post_thumbnail":0,"footnotes":""},"aioseo_notices":[],"_links":{"self":[{"href":"https:\/\/blogsaverroes.juntadeandalucia.es\/iesvegademijasingles\/wp-json\/wp\/v2\/pages\/71"}],"collection":[{"href":"https:\/\/blogsaverroes.juntadeandalucia.es\/iesvegademijasingles\/wp-json\/wp\/v2\/pages"}],"about":[{"href":"https:\/\/blogsaverroes.juntadeandalucia.es\/iesvegademijasingles\/wp-json\/wp\/v2\/types\/page"}],"author":[{"embeddable":true,"href":"https:\/\/blogsaverroes.juntadeandalucia.es\/iesvegademijasingles\/wp-json\/wp\/v2\/users\/16445"}],"replies":[{"embeddable":true,"href":"https:\/\/blogsaverroes.juntadeandalucia.es\/iesvegademijasingles\/wp-json\/wp\/v2\/comments?post=71"}],"version-history":[{"count":3,"href":"https:\/\/blogsaverroes.juntadeandalucia.es\/iesvegademijasingles\/wp-json\/wp\/v2\/pages\/71\/revisions"}],"predecessor-version":[{"id":158,"href":"https:\/\/blogsaverroes.juntadeandalucia.es\/iesvegademijasingles\/wp-json\/wp\/v2\/pages\/71\/revisions\/158"}],"wp:attachment":[{"href":"https:\/\/blogsaverroes.juntadeandalucia.es\/iesvegademijasingles\/wp-json\/wp\/v2\/media?parent=71"}],"curies":[{"name":"wp","href":"https:\/\/api.w.org\/{rel}","templated":true}]}}