{"id":113,"date":"2015-03-16T08:06:00","date_gmt":"2015-03-16T08:06:00","guid":{"rendered":"http:\/\/blogsaverroes.juntadeandalucia.es\/pre\/ceip\/?page_id=113"},"modified":"2025-01-14T18:57:13","modified_gmt":"2025-01-14T18:57:13","slug":"biblioteca","status":"publish","type":"page","link":"https:\/\/blogsaverroes.juntadeandalucia.es\/iesveladalhamar\/biblioteca\/","title":{"rendered":"Biblioteca"},"content":{"rendered":"<p><a href=\"https:\/\/blogsaverroes.juntadeandalucia.es\/iesveladalhamar\/files\/2021\/09\/logobiblio4.jpg\"><img loading=\"lazy\" decoding=\"async\" class=\"aligncenter wp-image-4272 \" src=\"https:\/\/blogsaverroes.juntadeandalucia.es\/iesveladalhamar\/files\/2021\/09\/logobiblio4.jpg\" alt=\"\" width=\"334\" height=\"334\" srcset=\"https:\/\/blogsaverroes.juntadeandalucia.es\/iesveladalhamar\/files\/2021\/09\/logobiblio4.jpg 640w, https:\/\/blogsaverroes.juntadeandalucia.es\/iesveladalhamar\/files\/2021\/09\/logobiblio4-300x300.jpg 300w, https:\/\/blogsaverroes.juntadeandalucia.es\/iesveladalhamar\/files\/2021\/09\/logobiblio4-150x150.jpg 150w, https:\/\/blogsaverroes.juntadeandalucia.es\/iesveladalhamar\/files\/2021\/09\/logobiblio4-80x80.jpg 80w, https:\/\/blogsaverroes.juntadeandalucia.es\/iesveladalhamar\/files\/2021\/09\/logobiblio4-320x320.jpg 320w\" sizes=\"(max-width: 334px) 100vw, 334px\" \/><\/a><\/p>\n<p style=\"text-align: justify\"><span style=\"color: #000000\">La BEVAH (Biblioteca Escolar Velad al Hamar) tiene el cat\u00e1logo en l\u00ednea y est\u00e1 presente en la redes sociales. Tanto desde el blog como desde la biblioteca virtual se puede acceder a todo el contenido publicado por la<\/span> <a href=\"https:\/\/senecav2.ced.junta-andalucia.es\/seneca\/biblioweb\/portal\/04700491\"><span style=\"color: #000000\">BEVAH.<\/span><\/a><\/p>\n","protected":false},"excerpt":{"rendered":"<p>La BEVAH (Biblioteca Escolar Velad al Hamar) tiene el cat\u00e1logo en l\u00ednea y est\u00e1 presente en la redes sociales. Tanto desde el blog como desde la biblioteca virtual se puede acceder a todo el contenido publicado por la BEVAH.<\/p>\n","protected":false},"author":1,"featured_media":0,"parent":0,"menu_order":0,"comment_status":"open","ping_status":"open","template":"","meta":{"_et_pb_use_builder":"","_et_pb_old_content":"","_et_gb_content_width":"","ngg_post_thumbnail":0,"footnotes":"","_mc_calendar":[]},"aioseo_notices":[],"_links":{"self":[{"href":"https:\/\/blogsaverroes.juntadeandalucia.es\/iesveladalhamar\/wp-json\/wp\/v2\/pages\/113"}],"collection":[{"href":"https:\/\/blogsaverroes.juntadeandalucia.es\/iesveladalhamar\/wp-json\/wp\/v2\/pages"}],"about":[{"href":"https:\/\/blogsaverroes.juntadeandalucia.es\/iesveladalhamar\/wp-json\/wp\/v2\/types\/page"}],"author":[{"embeddable":true,"href":"https:\/\/blogsaverroes.juntadeandalucia.es\/iesveladalhamar\/wp-json\/wp\/v2\/users\/1"}],"replies":[{"embeddable":true,"href":"https:\/\/blogsaverroes.juntadeandalucia.es\/iesveladalhamar\/wp-json\/wp\/v2\/comments?post=113"}],"version-history":[{"count":22,"href":"https:\/\/blogsaverroes.juntadeandalucia.es\/iesveladalhamar\/wp-json\/wp\/v2\/pages\/113\/revisions"}],"predecessor-version":[{"id":4958,"href":"https:\/\/blogsaverroes.juntadeandalucia.es\/iesveladalhamar\/wp-json\/wp\/v2\/pages\/113\/revisions\/4958"}],"wp:attachment":[{"href":"https:\/\/blogsaverroes.juntadeandalucia.es\/iesveladalhamar\/wp-json\/wp\/v2\/media?parent=113"}],"curies":[{"name":"wp","href":"https:\/\/api.w.org\/{rel}","templated":true}]}}