{"id":155,"date":"2015-03-17T07:49:21","date_gmt":"2015-03-17T07:49:21","guid":{"rendered":"http:\/\/blogsaverroes.juntadeandalucia.es\/pre\/ceip\/?page_id=155"},"modified":"2022-12-27T22:04:41","modified_gmt":"2022-12-27T22:04:41","slug":"lengua","status":"publish","type":"page","link":"https:\/\/blogsaverroes.juntadeandalucia.es\/iesveladalhamar\/lengua\/","title":{"rendered":"Lengua Castellana y Literatura"},"content":{"rendered":"<p><img loading=\"lazy\" decoding=\"async\" class=\"aligncenter size-medium wp-image-2126\" src=\"http:\/\/blogsaverroes.juntadeandalucia.es\/temahuemanies\/files\/2015\/03\/lengua-300x200.jpg\" alt=\"lengua\" width=\"300\" height=\"200\" srcset=\"https:\/\/blogsaverroes.juntadeandalucia.es\/iesveladalhamar\/files\/2015\/03\/lengua-300x200.jpg 300w, https:\/\/blogsaverroes.juntadeandalucia.es\/iesveladalhamar\/files\/2015\/03\/lengua.jpg 640w\" sizes=\"(max-width: 300px) 100vw, 300px\" \/><\/p>\n<p>&nbsp; &nbsp; &nbsp; &nbsp;<\/p>\n<p style=\"text-align: justify\">&nbsp; &nbsp; &nbsp; La materia Lengua Castellana y Literatura tiene como objetivo el desarrollo de la competencia comunicativa del alumnado, entendida en todas sus vertientes: pragm\u00e1tica, ling\u00fc\u00edstica, socioling\u00fc\u00edstica y literaria. Debe tambi\u00e9n aportar las herramientas y los conocimientos necesarios para desenvolverse satisfactoriamente en cualquier situaci\u00f3n comunicativa de la vida familiar, social y profesional. Esos conocimientos son los que articulan los procesos de comprensi\u00f3n y expresi\u00f3n oral, por un lado, y de comprensi\u00f3n y expresi\u00f3n escrita, por otro. La estructuraci\u00f3n del pensamiento del ser humano se hace a trav\u00e9s del lenguaje, de ah\u00ed que esa capacidad de comprender y de expresarse sea el mejor y el m\u00e1s eficaz instrumento de aprendizaje, de ah\u00ed que la educaci\u00f3n ling\u00fc\u00edstica sea un componente fundamental para el desarrollo del alumnado como persona y como ciudadanos y ciudadanas en una sociedad multicultural y pluriling\u00fce donde la comunicaci\u00f3n tiene cada vez mayor relevancia en todos los \u00e1mbitos.<\/p>\n<p style=\"text-align: justify\">&nbsp; &nbsp; &nbsp; &nbsp; El profesorado del Departamento de Lengua Castellana y Literatura imparte tambi\u00e9n las asignaturas de \u00c1rea ling\u00fc\u00edstica de car\u00e1cter transversal, Oratoria y Debate, Refuerzo de Materias Troncales, Lat\u00edn, Proyecto Interdisciplinar y M\u00fasica.<\/p>\n<p style=\"text-align: left;padding-left: 40px\">La configuraci\u00f3n del Departamento con las materias y cargos correspondientes a cada profesora se recoge en el siguiente documento:<\/p>\n<p><a href=\"https:\/\/blogsaverroes.juntadeandalucia.es\/iesveladalhamar\/files\/2022\/12\/MIEMBROS-DEPARTAMENTO-22_23.pdf\">MIEMBROS DEL DEPARTAMENTO<\/a><\/p>\n","protected":false},"excerpt":{"rendered":"<p>&nbsp; &nbsp; &nbsp; &nbsp; &nbsp; &nbsp; &nbsp; La materia Lengua Castellana y Literatura tiene como objetivo el desarrollo de la competencia comunicativa del alumnado, entendida en todas sus vertientes: pragm\u00e1tica, ling\u00fc\u00edstica, socioling\u00fc\u00edstica y literaria. Debe tambi\u00e9n aportar las herramientas y los conocimientos necesarios para desenvolverse satisfactoriamente en cualquier situaci\u00f3n comunicativa de la vida familiar, social [&hellip;]<\/p>\n","protected":false},"author":1,"featured_media":0,"parent":0,"menu_order":0,"comment_status":"open","ping_status":"open","template":"page-templates\/child-menu.php","meta":{"_et_pb_use_builder":"","_et_pb_old_content":"","_et_gb_content_width":"","ngg_post_thumbnail":0,"footnotes":"","_mc_calendar":[]},"aioseo_notices":[],"_links":{"self":[{"href":"https:\/\/blogsaverroes.juntadeandalucia.es\/iesveladalhamar\/wp-json\/wp\/v2\/pages\/155"}],"collection":[{"href":"https:\/\/blogsaverroes.juntadeandalucia.es\/iesveladalhamar\/wp-json\/wp\/v2\/pages"}],"about":[{"href":"https:\/\/blogsaverroes.juntadeandalucia.es\/iesveladalhamar\/wp-json\/wp\/v2\/types\/page"}],"author":[{"embeddable":true,"href":"https:\/\/blogsaverroes.juntadeandalucia.es\/iesveladalhamar\/wp-json\/wp\/v2\/users\/1"}],"replies":[{"embeddable":true,"href":"https:\/\/blogsaverroes.juntadeandalucia.es\/iesveladalhamar\/wp-json\/wp\/v2\/comments?post=155"}],"version-history":[{"count":17,"href":"https:\/\/blogsaverroes.juntadeandalucia.es\/iesveladalhamar\/wp-json\/wp\/v2\/pages\/155\/revisions"}],"predecessor-version":[{"id":4736,"href":"https:\/\/blogsaverroes.juntadeandalucia.es\/iesveladalhamar\/wp-json\/wp\/v2\/pages\/155\/revisions\/4736"}],"wp:attachment":[{"href":"https:\/\/blogsaverroes.juntadeandalucia.es\/iesveladalhamar\/wp-json\/wp\/v2\/media?parent=155"}],"curies":[{"name":"wp","href":"https:\/\/api.w.org\/{rel}","templated":true}]}}