{"id":168,"date":"2015-03-17T07:54:01","date_gmt":"2015-03-17T07:54:01","guid":{"rendered":"http:\/\/blogsaverroes.juntadeandalucia.es\/pre\/ceip\/?page_id=168"},"modified":"2018-11-30T12:17:32","modified_gmt":"2018-11-30T12:17:32","slug":"filosofia-2","status":"publish","type":"page","link":"https:\/\/blogsaverroes.juntadeandalucia.es\/iesveladalhamar\/filosofia-2\/","title":{"rendered":"FEIE"},"content":{"rendered":"<h1 style=\"text-align: center\"><strong>Formaci\u00f3n, Evaluaci\u00f3n e Innovaci\u00f3n Educativa<\/strong><\/h1>\n<p>El Departamento de Formaci\u00f3n, Evaluaci\u00f3n e Innovaci\u00f3n Educativa es un departamento de nueva<br \/>\ncreaci\u00f3n al amparo del Decreto 327\/2010, de 13 de julio, por el que se aprueba el Reglamento Org\u00e1nico de los<br \/>\nInstitutos de Educaci\u00f3n Secundaria.<\/p>\n<h2><strong>Funciones:<\/strong><\/h2>\n<p>FORMACI\u00d3N<br \/>\na) Realizar el diagn\u00f3stico de las necesidades formativas del profesorado como consecuencia de los resultados<br \/>\nde la autoevaluaci\u00f3n o de las evaluaciones internas o externas que se realicen.<br \/>\nb) Proponer al equipo directivo las actividades formativas que constituir\u00e1n, cada curso escolar, el plan de<br \/>\nformaci\u00f3n del profesorado, para su inclusi\u00f3n en el proyecto educativo.<br \/>\nc) Elaborar, en colaboraci\u00f3n con el correspondiente centro del profesorado, los proyectos de formaci\u00f3n en<br \/>\ncentros.<br \/>\nd) Coordinar la realizaci\u00f3n de las actividades de perfeccionamiento del profesorado.<br \/>\ne) Colaborar con el centro del profesorado que corresponda en cualquier otro aspecto relativo a la oferta de<br \/>\nactividades formativas e informar al Claustro de Profesorado de las mismas.<\/p>\n<p>INNOVACI\u00d3N EDUCATIVA<br \/>\nf) Investigar sobre el uso de las buenas pr\u00e1cticas docentes existentes y trasladarlas a los departamentos del<br \/>\ninstituto para su conocimiento y aplicaci\u00f3n.<br \/>\ng) Fomentar el trabajo cooperativo de los equipos docentes y velar para que estos contribuyan al desarrollo de<br \/>\nlas competencias b\u00e1sicas en la educaci\u00f3n secundaria obligatoria.<br \/>\nh) Informar al profesorado sobre l\u00edneas de investigaci\u00f3n did\u00e1ctica innovadoras que se est\u00e9n llevando a cabo<br \/>\ncon respecto al curr\u00edculo.<br \/>\ni) Fomentar iniciativas entre los departamentos de coordinaci\u00f3n did\u00e1ctica que favorezcan la elaboraci\u00f3n de<br \/>\nmateriales curriculares.<br \/>\nj) Promover que las materias optativas de configuraci\u00f3n propia y el proyecto integrado est\u00e9n basados en<br \/>\ntrabajos de investigaci\u00f3n y sigan una metodolog\u00eda activa y participativa entre el alumnado.<br \/>\nk) Establecer indicadores de calidad que permitan valorar la eficacia de las actividades desarrolladas por el<br \/>\ncentro y realizar su seguimiento.<\/p>\n<p>EVALUACI\u00d3N<br \/>\nl) Elevar al Claustro de Profesorado el plan para evaluar los aspectos educativos del Plan de Centro, la<br \/>\nevoluci\u00f3n del aprendizaje y el proceso de ense\u00f1anza.<br \/>\nm) Colaborar con la Agencia Andaluza de Evaluaci\u00f3n Educativa en la aplicaci\u00f3n y el seguimiento de las<br \/>\npruebas de evaluaci\u00f3n de diagn\u00f3stico y en aquellas otras actuaciones relacionadas con la evaluaci\u00f3n que se<br \/>\nlleven a cabo en el instituto.<br \/>\nn) Proponer, al equipo directivo y al Claustro de Profesorado, planes de mejora como resultado de las<br \/>\nevaluaciones llevadas a cabo en el instituto.<\/p>\n<p>&nbsp;<\/p>\n","protected":false},"excerpt":{"rendered":"<p>Formaci\u00f3n, Evaluaci\u00f3n e Innovaci\u00f3n Educativa El Departamento de Formaci\u00f3n, Evaluaci\u00f3n e Innovaci\u00f3n Educativa es un departamento de nueva creaci\u00f3n al amparo del Decreto 327\/2010, de 13 de julio, por el que se aprueba el Reglamento Org\u00e1nico de los Institutos de Educaci\u00f3n Secundaria. Funciones: FORMACI\u00d3N a) Realizar el diagn\u00f3stico de las necesidades formativas del profesorado como [&hellip;]<\/p>\n","protected":false},"author":1,"featured_media":0,"parent":0,"menu_order":0,"comment_status":"open","ping_status":"open","template":"page-templates\/child-menu.php","meta":{"_et_pb_use_builder":"","_et_pb_old_content":"","_et_gb_content_width":"","ngg_post_thumbnail":0,"footnotes":"","_mc_calendar":[]},"aioseo_notices":[],"_links":{"self":[{"href":"https:\/\/blogsaverroes.juntadeandalucia.es\/iesveladalhamar\/wp-json\/wp\/v2\/pages\/168"}],"collection":[{"href":"https:\/\/blogsaverroes.juntadeandalucia.es\/iesveladalhamar\/wp-json\/wp\/v2\/pages"}],"about":[{"href":"https:\/\/blogsaverroes.juntadeandalucia.es\/iesveladalhamar\/wp-json\/wp\/v2\/types\/page"}],"author":[{"embeddable":true,"href":"https:\/\/blogsaverroes.juntadeandalucia.es\/iesveladalhamar\/wp-json\/wp\/v2\/users\/1"}],"replies":[{"embeddable":true,"href":"https:\/\/blogsaverroes.juntadeandalucia.es\/iesveladalhamar\/wp-json\/wp\/v2\/comments?post=168"}],"version-history":[{"count":11,"href":"https:\/\/blogsaverroes.juntadeandalucia.es\/iesveladalhamar\/wp-json\/wp\/v2\/pages\/168\/revisions"}],"predecessor-version":[{"id":2639,"href":"https:\/\/blogsaverroes.juntadeandalucia.es\/iesveladalhamar\/wp-json\/wp\/v2\/pages\/168\/revisions\/2639"}],"wp:attachment":[{"href":"https:\/\/blogsaverroes.juntadeandalucia.es\/iesveladalhamar\/wp-json\/wp\/v2\/media?parent=168"}],"curies":[{"name":"wp","href":"https:\/\/api.w.org\/{rel}","templated":true}]}}