{"id":198,"date":"2015-03-17T09:55:36","date_gmt":"2015-03-17T09:55:36","guid":{"rendered":"http:\/\/blogsaverroes.juntadeandalucia.es\/pre\/ceip\/?page_id=198"},"modified":"2025-01-14T18:59:36","modified_gmt":"2025-01-14T18:59:36","slug":"que-es-el-ampa","status":"publish","type":"page","link":"https:\/\/blogsaverroes.juntadeandalucia.es\/iesveladalhamar\/que-es-el-ampa\/","title":{"rendered":"\u00bfQu\u00e9 es el AMPA?"},"content":{"rendered":"<p style=\"text-align: justify\"><span style=\"color: #000000\">El <strong>AMPA<\/strong> es una asociaci\u00f3n sin \u00e1nimo de lucro formada por los padres y madres de todo el alumnado del Instituto. <\/span><span style=\"color: #000000\">Es un punto de encuentro y de trabajo independiente, abierto y plural. <\/span><span style=\"color: #000000\">Desde el AMPA podemos contribuir a la mejora de la calidad de la educaci\u00f3n, la convivencia del centro y de las instalaciones.<\/span><\/p>\n<h4 style=\"text-align: justify\"><span style=\"color: #000000\">\u00bfPor qu\u00e9 es importante vuestra participaci\u00f3n?<\/span><\/h4>\n<p style=\"text-align: justify\"><span style=\"color: #000000\">En el instituto existen espacios de participaci\u00f3n, siendo el AMPA &nbsp;el \u00fanico espacio de participaci\u00f3n aut\u00f3nomo de padres y madres. El AMPA es importante porque:<\/span><\/p>\n<ul style=\"text-align: justify\">\n<li><span style=\"color: #000000\">Somos corresponsables de la educaci\u00f3n que nuestros hijos\/as reciben en el instituto.<\/span><\/li>\n<li><span style=\"color: #000000\">Es un espacio para aportar iniciativas y trabajar con la direcci\u00f3n del Centro, sin depender de esta.<\/span><\/li>\n<\/ul>\n<h4 style=\"text-align: justify\"><span style=\"color: #000000\">\u00bfC\u00f3mo puedes participar?<\/span><\/h4>\n<p style=\"text-align: justify\"><span style=\"color: #000000\">Participar en el AMPA es muy f\u00e1cil y cada uno decide el nivel de implicaci\u00f3n.<\/span><\/p>\n<ul style=\"text-align: justify\">\n<li><span style=\"color: #000000\">Podemos asociarnos realizando el pago de la cuota antes de finales de a\u00f1o. Para ello aunque se entrega a las familias una ficha de inscripci\u00f3n con la matr\u00edcula en la que se indica la cuota anual por cada familia (la cuota es por familia no por ni\u00f1o\/a), se puede hacer directamente el tr\u00e1mite realizando el pago a trav\u00e9s de transferencia bancaria en el siguiente n\u00famero de cuenta: <strong>ES97 0049 2632 76 2994032148<\/strong>&nbsp;(Banco Santander).<\/span><\/li>\n<li><span style=\"color: #000000\">Podemos tambi\u00e9n participar a trav\u00e9s de las asambleas, incorpor\u00e1ndote a las reuniones&nbsp;abiertas que se convoquen.<\/span><\/li>\n<li><span style=\"color: #000000\">Podemos colaborar en los diferentes grupos de trabajo o&nbsp;en actividades puntuales que se organizan desde el AMPA a lo largo del curso.<\/span><\/li>\n<li><span style=\"color: #000000\">Podemos proponer iniciativas, plantear temas de debate, organizar actividades, etc., &nbsp;dirigi\u00e9ndote a cualquier miembro de la junta directiva.<\/span><\/li>\n<\/ul>\n<p style=\"text-align: justify\"><span style=\"color: #000000\">Como ves, hay muchas formas de participar y es muy importante que m\u00e1s padres y madres pasemos a la participa-ACCI\u00d3N,&nbsp;&nbsp;de forma activa y colectiva.<\/span><\/p>\n<h4 style=\"text-align: justify\"><span style=\"color: #000000\">\u00bfPara qu\u00e9 sirve?<\/span><\/h4>\n<ul style=\"text-align: justify\">\n<li><span style=\"color: #000000\">Para defender y velar por el derecho a una educaci\u00f3n de calidad, democr\u00e1tica, atendiendo a las necesidades de todos los ni\u00f1os\/as &nbsp;y cr\u00edtica.<\/span><\/li>\n<li><span style=\"color: #000000\">Para promover la participaci\u00f3n de padres y madres en la vida del centro, defendiendo los intereses del alumnado y de toda la comunidad educativa.<\/span><\/li>\n<li><span style=\"color: #000000\">Para buscar soluciones de forma colectiva a temas relacionados con la ense\u00f1anza y educaci\u00f3n de nuestros hijos\/as.<\/span><\/li>\n<li><span style=\"color: #000000\">Para crear espacios de encuentro y trabajo en el resto de la comunidad educativa y con el entorno.<\/span><\/li>\n<li><span style=\"color: #000000\">Para crear espacios de reflexi\u00f3n y participaci\u00f3n compartida sobre la educaci\u00f3n de nuestros hijos\/as.<\/span><\/li>\n<li><span style=\"color: #000000\">Para participar en la gesti\u00f3n del instituto.<\/span><\/li>\n<\/ul>\n<h4 style=\"text-align: justify\"><span style=\"color: #000000\">\u00bfC\u00f3mo se financia?<\/span><\/h4>\n<p style=\"text-align: justify\"><span style=\"color: #000000\">El AMPA &nbsp;se financia a trav\u00e9s de las cuotas de socios\/as.<\/span><br \/>\n<span style=\"color: #000000\">La cuota de socios\/as es el \u00fanico pago que realizan las familias y que gestiona el AMPA para el beneficio exclusivo de la comunidad educativa y en definitiva de la educaci\u00f3n que reciben&nbsp; nuestros hijos\/as en el centro.<\/span><\/p>\n","protected":false},"excerpt":{"rendered":"<p>El AMPA es una asociaci\u00f3n sin \u00e1nimo de lucro formada por los padres y madres de todo el alumnado del Instituto. Es un punto de encuentro y de trabajo independiente, abierto y plural. Desde el AMPA podemos contribuir a la mejora de la calidad de la educaci\u00f3n, la convivencia del centro y de las instalaciones. [&hellip;]<\/p>\n","protected":false},"author":1,"featured_media":0,"parent":0,"menu_order":0,"comment_status":"open","ping_status":"open","template":"","meta":{"_et_pb_use_builder":"","_et_pb_old_content":"","_et_gb_content_width":"","ngg_post_thumbnail":0,"footnotes":"","_mc_calendar":[]},"aioseo_notices":[],"_links":{"self":[{"href":"https:\/\/blogsaverroes.juntadeandalucia.es\/iesveladalhamar\/wp-json\/wp\/v2\/pages\/198"}],"collection":[{"href":"https:\/\/blogsaverroes.juntadeandalucia.es\/iesveladalhamar\/wp-json\/wp\/v2\/pages"}],"about":[{"href":"https:\/\/blogsaverroes.juntadeandalucia.es\/iesveladalhamar\/wp-json\/wp\/v2\/types\/page"}],"author":[{"embeddable":true,"href":"https:\/\/blogsaverroes.juntadeandalucia.es\/iesveladalhamar\/wp-json\/wp\/v2\/users\/1"}],"replies":[{"embeddable":true,"href":"https:\/\/blogsaverroes.juntadeandalucia.es\/iesveladalhamar\/wp-json\/wp\/v2\/comments?post=198"}],"version-history":[{"count":10,"href":"https:\/\/blogsaverroes.juntadeandalucia.es\/iesveladalhamar\/wp-json\/wp\/v2\/pages\/198\/revisions"}],"predecessor-version":[{"id":4959,"href":"https:\/\/blogsaverroes.juntadeandalucia.es\/iesveladalhamar\/wp-json\/wp\/v2\/pages\/198\/revisions\/4959"}],"wp:attachment":[{"href":"https:\/\/blogsaverroes.juntadeandalucia.es\/iesveladalhamar\/wp-json\/wp\/v2\/media?parent=198"}],"curies":[{"name":"wp","href":"https:\/\/api.w.org\/{rel}","templated":true}]}}