{"id":200,"date":"2015-03-17T10:04:24","date_gmt":"2015-03-17T10:04:24","guid":{"rendered":"http:\/\/blogsaverroes.juntadeandalucia.es\/pre\/ceip\/?page_id=200"},"modified":"2025-05-31T08:52:11","modified_gmt":"2025-05-31T08:52:11","slug":"quienes-formamos-el-ampa","status":"publish","type":"page","link":"https:\/\/blogsaverroes.juntadeandalucia.es\/iesveladalhamar\/quienes-formamos-el-ampa\/","title":{"rendered":"\u00bfQui\u00e9nes formamos el AMPA?"},"content":{"rendered":"<p style=\"text-align: justify\"><span style=\"color: #000000\">La Asociaci\u00f3n de Madres y Padres Cabecico, del IES Velad al Hamar, est\u00e1 gestionada por una &nbsp;Junta Directiva.<\/span><br \/>\n<span style=\"color: #000000\">Puedes ponerte en contacto con el Ampa a trav\u00e9s de su <a style=\"color: #000000\" href=\"https:\/\/www.facebook.com\/ampacabecico\/\">p\u00e1gina de Facebook<\/a> o por correo electr\u00f3nico: ampaelcabecico@gmail.com<\/span><br \/>\n<span style=\"color: #000000\">Relaci\u00f3n de las personas que forman parte de la Junta Directiva:<\/span><\/p>\n<p style=\"text-align: justify\"><span style=\"color: #000000\">\u2022 PRESIDENTA: Maite Frade Garc\u00eda<\/span><br \/>\n<span style=\"color: #000000\">\u2022 VICEPRESIDENTA: Raquel O\u00f1a Molina<\/span><br \/>\n<span style=\"color: #000000\">\u2022 SECRETARIO: Rub\u00e9n Cela P\u00e9rez Rodr\u00edguez<\/span><br \/>\n<span style=\"color: #000000\">\u2022 TESORERA: M\u00aa de los \u00c1ngeles Caro Garc\u00eda<\/span><br \/>\n<span style=\"color: #000000\">\u2022 VOCAL: M\u00aa Jos\u00e9 Mart\u00ednez Galera<br \/>\n<\/span><\/p>\n","protected":false},"excerpt":{"rendered":"<p>La Asociaci\u00f3n de Madres y Padres Cabecico, del IES Velad al Hamar, est\u00e1 gestionada por una &nbsp;Junta Directiva. Puedes ponerte en contacto con el Ampa a trav\u00e9s de su p\u00e1gina de Facebook o por correo electr\u00f3nico: ampaelcabecico@gmail.com Relaci\u00f3n de las personas que forman parte de la Junta Directiva: \u2022 PRESIDENTA: Maite Frade Garc\u00eda \u2022 VICEPRESIDENTA: [&hellip;]<\/p>\n","protected":false},"author":1,"featured_media":0,"parent":0,"menu_order":0,"comment_status":"open","ping_status":"open","template":"","meta":{"_et_pb_use_builder":"","_et_pb_old_content":"","_et_gb_content_width":"","ngg_post_thumbnail":0,"footnotes":"","_mc_calendar":[]},"aioseo_notices":[],"_links":{"self":[{"href":"https:\/\/blogsaverroes.juntadeandalucia.es\/iesveladalhamar\/wp-json\/wp\/v2\/pages\/200"}],"collection":[{"href":"https:\/\/blogsaverroes.juntadeandalucia.es\/iesveladalhamar\/wp-json\/wp\/v2\/pages"}],"about":[{"href":"https:\/\/blogsaverroes.juntadeandalucia.es\/iesveladalhamar\/wp-json\/wp\/v2\/types\/page"}],"author":[{"embeddable":true,"href":"https:\/\/blogsaverroes.juntadeandalucia.es\/iesveladalhamar\/wp-json\/wp\/v2\/users\/1"}],"replies":[{"embeddable":true,"href":"https:\/\/blogsaverroes.juntadeandalucia.es\/iesveladalhamar\/wp-json\/wp\/v2\/comments?post=200"}],"version-history":[{"count":10,"href":"https:\/\/blogsaverroes.juntadeandalucia.es\/iesveladalhamar\/wp-json\/wp\/v2\/pages\/200\/revisions"}],"predecessor-version":[{"id":5149,"href":"https:\/\/blogsaverroes.juntadeandalucia.es\/iesveladalhamar\/wp-json\/wp\/v2\/pages\/200\/revisions\/5149"}],"wp:attachment":[{"href":"https:\/\/blogsaverroes.juntadeandalucia.es\/iesveladalhamar\/wp-json\/wp\/v2\/media?parent=200"}],"curies":[{"name":"wp","href":"https:\/\/api.w.org\/{rel}","templated":true}]}}