{"id":2491,"date":"2018-11-19T13:40:40","date_gmt":"2018-11-19T13:40:40","guid":{"rendered":"https:\/\/blogsaverroes.juntadeandalucia.es\/iesveladalhamar\/?page_id=2491"},"modified":"2026-01-26T20:49:08","modified_gmt":"2026-01-26T20:49:08","slug":"profesorado","status":"publish","type":"page","link":"https:\/\/blogsaverroes.juntadeandalucia.es\/iesveladalhamar\/profesorado\/","title":{"rendered":"\u00c1mbitos de conocimiento y profesorado"},"content":{"rendered":"<p><span style=\"color: #000000\">\n\t\t\t<div class='et-tabs-container et_sliderfx_fade et_sliderauto_false et_sliderauto_speed_5000 et_slidertype_top_tabs'>\n\t\t\t\t<ul class='et-tabs-control'>\n\t\t\t<li><a href='#'>\n\t\t\tHorarios\n\t\t<\/a><\/li> \n\t\t<li><a href='#'>\n\t\t\tProfesorado\n\t\t<\/a><\/li> \n\t\t<li><a href='#'>\n\t\t\t\u00c1mbitos de conocimiento\n\t\t<\/a><\/li>\n\t\t<\/ul> \n\t\t<div class='et-tabs-content'>\n\t\t\t<div class='et-tabs-content-main-wrap'>\n\t\t\t\t<div class='et-tabs-content-wrapper'>\n\t\t\t\t\t<div class='et_slidecontent'>\n\t\t\t<\/span><\/p>\n<p>Este curso escolar 2025-2026 en la modalidad semipresencial, la cual se desarrolla en el <a href=\"https:\/\/educacionadistancia.juntadeandalucia.es\/adultos\/login\/index.php\">Aula Virtual<\/a>&nbsp;donde se encuentran todos los elementos necesarios para el seguimiento del curso, el horario para asistir a las clases presenciales es el siguiente:<\/p>\n<p><strong>\u00c1MBITO CIENT\u00cdFICO-TECNOL\u00d3GICO<\/strong><\/p>\n<ul>\n<li>Martes: 17:00-18:00<\/li>\n<li>Jueves: 17:00-19:00<\/li>\n<\/ul>\n<p><strong>\u00c1MBITO SOCIAL<\/strong><\/p>\n<ul>\n<li>Martes: 18:00-19:00<\/li>\n<li>Jueves: 19:00-20:00<\/li>\n<\/ul>\n<p><strong>\u00c1MBITO DE COMUNICACI\u00d3N<\/strong><\/p>\n<ul>\n<li>Martes: 19:00-21:00<\/li>\n<li>Jueves: 20:00-21:00<span style=\"color: #000000\">\n\t\t<\/div> \n\t\t<div class='et_slidecontent'>\n\t\t\t<\/span><\/li>\n<\/ul>\n<p>El profesorado de los \u00e1mbitos es el siguiente:<\/p>\n<ul>\n<li><strong>Torrente Larios, Sonia<\/strong> &#8211; \u00c1mbito de Comunicaci\u00f3n<\/li>\n<li><strong>Rodr\u00edguez Garc\u00eda, V\u00edctor Adri\u00e1n<\/strong>&nbsp;&#8211; \u00c1mbito Social<\/li>\n<li><strong>Santos Lasheras, Juana Mar\u00eda &#8211; <\/strong>\u00c1mbito Cient\u00edfico Tecnol\u00f3gico<span style=\"color: #000000\">\n\t\t<\/div> \n\t\t<div class='et_slidecontent'>\n\t\t\t<\/span><\/li>\n<\/ul>\n<table width=\"71%\">\n<thead>\n<tr>\n<td width=\"233\"><span style=\"color: #000000\"><strong>\u00c1mbito<\/strong><\/span><\/td>\n<td width=\"167\"><span style=\"color: #000000\"><strong>Programaci\u00f3n did\u00e1ctica<\/strong><\/span><\/td>\n<\/tr>\n<\/thead>\n<tbody>\n<tr>\n<td width=\"233\"><span style=\"color: #000000\">\u00c1mbito cient\u00edfico-tecnol\u00f3gico<\/span><\/td>\n<td width=\"167\"><span style=\"color: #000000\"><a style=\"color: #000000\" href=\"https:\/\/drive.google.com\/file\/d\/1bu-m_kBNU4m3m5KOFq_pqTFKMsElymp3\/view?usp=sharing\">ACTCO<\/a><\/span><\/td>\n<\/tr>\n<tr>\n<td width=\"233\"><span style=\"color: #000000\">\u00c1mbito de comunicaci\u00f3n<\/span><\/td>\n<td width=\"167\"><span style=\"color: #000000\"><a style=\"color: #000000\" href=\"https:\/\/drive.google.com\/file\/d\/1L8rMtbsPGjH0GVJBv18B9Qfgx1u2JFSj\/view?usp=sharing\">ACOM<\/a><\/span><\/td>\n<\/tr>\n<tr>\n<td width=\"233\"><span style=\"color: #000000\">\u00c1mbito social<\/span><\/td>\n<td width=\"167\"><span style=\"color: #000000\"><a style=\"color: #000000\" href=\"https:\/\/drive.google.com\/file\/d\/1drtVFfB_w3pYHcxWIQ5DRYn9UduuomQF\/view?usp=sharing\">AS<\/a><\/span><\/td>\n<\/tr>\n<\/tbody>\n<\/table>\n<p><span style=\"color: #000000\">\n\t\t<\/div>\n\t\t\t\t<\/div>\n\t\t\t<\/div>\n\t\t<\/div>\n\t\t\t<\/div><\/span><\/p>\n<p>&nbsp;<\/p>\n","protected":false},"excerpt":{"rendered":"<p>&nbsp;<\/p>\n","protected":false},"author":6686,"featured_media":0,"parent":0,"menu_order":0,"comment_status":"closed","ping_status":"closed","template":"","meta":{"_et_pb_use_builder":"","_et_pb_old_content":"","_et_gb_content_width":"","ngg_post_thumbnail":0,"footnotes":"","_mc_calendar":[]},"aioseo_notices":[],"_links":{"self":[{"href":"https:\/\/blogsaverroes.juntadeandalucia.es\/iesveladalhamar\/wp-json\/wp\/v2\/pages\/2491"}],"collection":[{"href":"https:\/\/blogsaverroes.juntadeandalucia.es\/iesveladalhamar\/wp-json\/wp\/v2\/pages"}],"about":[{"href":"https:\/\/blogsaverroes.juntadeandalucia.es\/iesveladalhamar\/wp-json\/wp\/v2\/types\/page"}],"author":[{"embeddable":true,"href":"https:\/\/blogsaverroes.juntadeandalucia.es\/iesveladalhamar\/wp-json\/wp\/v2\/users\/6686"}],"replies":[{"embeddable":true,"href":"https:\/\/blogsaverroes.juntadeandalucia.es\/iesveladalhamar\/wp-json\/wp\/v2\/comments?post=2491"}],"version-history":[{"count":30,"href":"https:\/\/blogsaverroes.juntadeandalucia.es\/iesveladalhamar\/wp-json\/wp\/v2\/pages\/2491\/revisions"}],"predecessor-version":[{"id":5410,"href":"https:\/\/blogsaverroes.juntadeandalucia.es\/iesveladalhamar\/wp-json\/wp\/v2\/pages\/2491\/revisions\/5410"}],"wp:attachment":[{"href":"https:\/\/blogsaverroes.juntadeandalucia.es\/iesveladalhamar\/wp-json\/wp\/v2\/media?parent=2491"}],"curies":[{"name":"wp","href":"https:\/\/api.w.org\/{rel}","templated":true}]}}