{"id":2601,"date":"2018-11-27T18:12:23","date_gmt":"2018-11-27T18:12:23","guid":{"rendered":"https:\/\/blogsaverroes.juntadeandalucia.es\/iesveladalhamar\/?page_id=2601"},"modified":"2025-09-29T07:23:18","modified_gmt":"2025-09-29T07:23:18","slug":"profesorado-2","status":"publish","type":"page","link":"https:\/\/blogsaverroes.juntadeandalucia.es\/iesveladalhamar\/profesorado-2\/","title":{"rendered":"Profesorado"},"content":{"rendered":"<div align=\"center\">\n<p>&nbsp;<\/p>\n<table style=\"width: 82.9524%;height: 1697px\">\n<thead>\n<tr style=\"height: 32px\">\n<td style=\"height: 32px;text-align: center;width: 27.957%\" width=\"159\"><strong>DEPARTAMENTO<\/strong><\/td>\n<td style=\"height: 32px;text-align: center;width: 37.1736%\" width=\"213\"><strong>PROFESORADO<\/strong><\/td>\n<td style=\"height: 32px;text-align: center;width: 33.3334%\" width=\"190\"><strong>CARGO<\/strong><\/td>\n<\/tr>\n<\/thead>\n<tbody>\n<tr style=\"height: 51px\">\n<td style=\"height: 51px;width: 27.957%\" width=\"159\"><strong>Matem\u00e1ticas<\/strong><\/td>\n<td style=\"height: 51px;width: 37.1736%\" width=\"213\"><span style=\"font-weight: 400\">Caballero Pintado, V\u00edctor<\/span><\/td>\n<td style=\"height: 51px;width: 33.3334%\" width=\"190\">Tutor 2\u00ba B<\/td>\n<\/tr>\n<tr style=\"height: 51px\">\n<td style=\"height: 51px;width: 27.957%\" width=\"159\">&nbsp;<\/td>\n<td style=\"height: 51px;width: 37.1736%\" width=\"213\">Mart\u00ednez Iglesias, Iv\u00e1n<\/td>\n<td style=\"height: 51px;width: 33.3334%\" width=\"190\">Jefe de Estudios<\/td>\n<\/tr>\n<tr style=\"height: 51px\">\n<td style=\"height: 51px;width: 27.957%\" width=\"159\">&nbsp;<\/td>\n<td style=\"height: 51px;width: 37.1736%\" width=\"213\">Molina Teruel, Juana M\u00aa&nbsp;<\/td>\n<td style=\"height: 51px;width: 33.3334%\" width=\"190\">Jefa de Departamento<\/td>\n<\/tr>\n<tr style=\"height: 75px\">\n<td style=\"height: 75px;width: 27.957%\" width=\"159\">&nbsp;<\/td>\n<td style=\"height: 75px;width: 37.1736%\" width=\"213\">P\u00e9rez Bernal, Daniel<\/td>\n<td style=\"height: 75px;width: 33.3334%\" width=\"190\">Secretario<br \/>\nCoordinador TDE<\/td>\n<\/tr>\n<tr style=\"height: 75px\">\n<td style=\"height: 75px;width: 27.957%\" width=\"159\"><strong>Lengua Castellana y Literatura<\/strong><\/td>\n<td style=\"height: 75px;width: 37.1736%\" width=\"213\">Jim\u00e9nez Romero, Juana Mar\u00eda<\/td>\n<td style=\"height: 75px;width: 33.3334%\" width=\"190\">Jefa de Departamento<br \/>\nC. Biblioteca<br \/>\nJefa de \u00c1rea Socio-Ling\u00fc\u00edstica<\/td>\n<\/tr>\n<tr style=\"height: 99px\">\n<td style=\"height: 99px;width: 27.957%\" width=\"159\">&nbsp;<\/td>\n<td style=\"height: 99px;width: 37.1736%\" width=\"213\">Rubio Mart\u00ednez Abarca, Helena<\/td>\n<td style=\"height: 99px;width: 33.3334%\" width=\"190\">Tutora 4\u00ba A<\/td>\n<\/tr>\n<tr style=\"height: 51px\">\n<td style=\"height: 51px;width: 27.957%\" width=\"159\"><strong>Ingl\u00e9s<\/strong><\/td>\n<td style=\"height: 51px;width: 37.1736%\" width=\"213\">Navarro Pay, Nuria<\/td>\n<td style=\"height: 51px;width: 33.3334%\" width=\"190\">Jefa de Departamento<\/td>\n<\/tr>\n<tr style=\"height: 51px\">\n<td style=\"height: 51px;width: 27.957%\" width=\"159\">&nbsp;<\/td>\n<td style=\"height: 51px;width: 37.1736%\" width=\"213\">Torrente Larios, Sonia<\/td>\n<td style=\"height: 51px;width: 33.3334%\" width=\"190\">Jefa de Estudios de Adultos<br \/>\nTutora ESPA<\/td>\n<\/tr>\n<tr style=\"height: 51px\">\n<td style=\"height: 51px;width: 27.957%\" width=\"159\">&nbsp;<\/td>\n<td style=\"height: 51px;width: 37.1736%\" width=\"213\">Campos Guevara,&nbsp;Francisca<\/td>\n<td style=\"height: 51px;width: 33.3334%\" width=\"190\">Tutora 1\u00ba B<\/td>\n<\/tr>\n<tr style=\"height: 51px\">\n<td style=\"height: 51px;width: 27.957%\" width=\"159\">&nbsp;<\/td>\n<td style=\"height: 51px;width: 37.1736%\" width=\"213\">Garc\u00eda Rodr\u00edguez, Magdalena<\/td>\n<td style=\"height: 51px;width: 33.3334%\" width=\"190\">Tutora 3\u00ba A<\/td>\n<\/tr>\n<tr style=\"height: 75px\">\n<td style=\"height: 75px;width: 27.957%\" width=\"159\"><strong>Ingl\u00e9s\/Franc\u00e9s<\/strong><\/td>\n<td style=\"height: 75px;width: 37.1736%\" width=\"213\">Molina S\u00e1nchez, Mar\u00eda Luz<\/td>\n<td style=\"height: 75px;width: 33.3334%\" width=\"190\">Jefa de FEIE<\/td>\n<\/tr>\n<tr style=\"height: 51px\">\n<td style=\"height: 51px;width: 27.957%\" width=\"159\"><strong>Franc\u00e9s<\/strong><\/td>\n<td style=\"height: 51px;width: 37.1736%\" width=\"213\">&nbsp;Mart\u00ednez Carricondo, Mar\u00eda Andrea<\/td>\n<td style=\"height: 51px;width: 33.3334%\" width=\"190\">Directora<\/td>\n<\/tr>\n<tr style=\"height: 75px\">\n<td style=\"height: 75px;width: 27.957%\" width=\"159\"><strong>Ciencias Naturales<\/strong><\/td>\n<td style=\"height: 75px;width: 37.1736%\" width=\"213\">Mart\u00edn V\u00e1zquez, Jos\u00e9 Luis<\/td>\n<td style=\"height: 75px;width: 33.3334%\" width=\"190\">Tutor 3\u00ba B<\/td>\n<\/tr>\n<tr style=\"height: 51px\">\n<td style=\"height: 51px;width: 27.957%\" width=\"159\">&nbsp;<\/td>\n<td style=\"height: 51px;width: 37.1736%\" width=\"213\">Ros Tapia, F\u00e1tima<\/td>\n<td style=\"height: 51px;width: 33.3334%\" width=\"190\">Jefa de Departamento<br \/>\nJefa \u00c1rea Cient\u00edfico-Tecnol\u00f3gica<\/td>\n<\/tr>\n<tr style=\"height: 75px\">\n<td style=\"height: 75px;width: 27.957%\" width=\"159\"><strong>Ciencias Sociales<\/strong><\/td>\n<td style=\"height: 75px;width: 37.1736%\" width=\"213\">Escriv\u00e1 Navarro, Mar\u00eda Josefa<\/td>\n<td style=\"height: 75px;width: 33.3334%\" width=\"190\">Jefa de Departamento<\/td>\n<\/tr>\n<tr style=\"height: 51px\">\n<td style=\"height: 51px;width: 27.957%\" width=\"159\">&nbsp;<\/td>\n<td style=\"height: 51px;width: 37.1736%\" width=\"213\">Rodr\u00edguez Garc\u00eda, V\u00edctor Adri\u00e1n<\/td>\n<td style=\"height: 51px;width: 33.3334%\" width=\"190\">Tutor 4\u00ba B<\/td>\n<\/tr>\n<tr style=\"height: 51px\">\n<td style=\"height: 51px;width: 27.957%\" width=\"159\"><strong>Tecnolog\u00eda<\/strong><\/td>\n<td style=\"height: 51px;width: 37.1736%\" width=\"213\">&nbsp;S\u00e1nchez Ram\u00edrez, Juan Antonio<\/td>\n<td style=\"height: 51px;width: 33.3334%\" width=\"190\">Jefe de Departamento<\/td>\n<\/tr>\n<tr style=\"height: 51px\">\n<td style=\"height: 51px;width: 27.957%\" width=\"159\">&nbsp;<\/td>\n<td style=\"height: 51px;width: 37.1736%\" width=\"213\">Santos Lasheras, Juana Mar\u00eda<\/td>\n<td style=\"height: 51px;width: 33.3334%\" width=\"190\">&nbsp;<\/td>\n<\/tr>\n<tr style=\"height: 75px\">\n<td style=\"height: 75px;width: 27.957%\" width=\"159\"><strong>E. Pl\u00e1stica y Visual<\/strong><\/td>\n<td style=\"height: 75px;width: 37.1736%\" width=\"213\">Nicol\u00e1s Cuevas, Juan Antonio<\/td>\n<td style=\"height: 75px;width: 33.3334%\" width=\"190\">Jefe de Departamento<\/td>\n<\/tr>\n<tr style=\"height: 99px\">\n<td style=\"height: 99px;width: 27.957%\" width=\"159\"><strong>M\u00fasica<\/strong><\/td>\n<td style=\"height: 99px;width: 37.1736%\" width=\"213\"><span style=\"font-weight: 400\">Garc\u00eda R\u00edos, <\/span>Francisco Javier&nbsp;<\/td>\n<td style=\"height: 99px;width: 33.3334%\" width=\"190\">Tutor 1\u00ba A<br \/>\nJefe de Departamento<br \/>\nJ. \u00c1rea Art\u00edstica<\/td>\n<\/tr>\n<tr style=\"height: 51px\">\n<td style=\"height: 51px;width: 27.957%\" width=\"159\"><strong>&nbsp;<\/strong><\/td>\n<td style=\"height: 51px;width: 37.1736%\" width=\"213\"><span style=\"font-weight: 400\">Ruiz G\u00f3mez, <\/span>Fernando<\/td>\n<td style=\"height: 51px;width: 33.3334%\" width=\"190\">Tutor 2\u00ba A<\/p>\n<p>Jefe Activ. Comp y Extraescolares<\/td>\n<\/tr>\n<tr style=\"height: 75px\">\n<td style=\"height: 75px;width: 27.957%\" width=\"159\"><strong>Educaci\u00f3n F\u00edsica<\/strong><\/td>\n<td style=\"height: 75px;width: 37.1736%\" width=\"213\">Guirao Ramal, Antonia<\/td>\n<td style=\"height: 75px;width: 33.3334%\" width=\"190\">&nbsp;Jefa de Departamento<br \/>\n&nbsp;Coord. Plan de Autoprotecci\u00f3n<\/td>\n<\/tr>\n<tr style=\"height: 75px\">\n<td style=\"height: 75px;width: 27.957%\" width=\"159\"><strong>Religi\u00f3n<\/strong><\/td>\n<td style=\"height: 75px;width: 37.1736%\" width=\"213\">L\u00e1zaro Francisco Mart\u00ednez G\u00e1zquez<\/td>\n<td style=\"height: 75px;width: 33.3334%\" width=\"190\">&nbsp;<\/td>\n<\/tr>\n<tr style=\"height: 27px\">\n<td style=\"height: 27px;width: 27.957%\" width=\"159\"><strong>Orientaci\u00f3n<\/strong><\/td>\n<td style=\"height: 27px;width: 37.1736%\" width=\"213\">Guill\u00e9n S\u00e1nchez, Antonia&nbsp;<\/td>\n<td style=\"height: 27px;width: 33.3334%\" width=\"190\">Tutora PDC<\/td>\n<\/tr>\n<tr style=\"height: 75px\">\n<td style=\"height: 75px;width: 27.957%\" width=\"159\">&nbsp;<\/td>\n<td style=\"height: 75px;width: 37.1736%\" width=\"213\">Mar\u00edn Torres, Mar\u00eda Macarena<\/td>\n<td style=\"height: 75px;width: 33.3334%\" width=\"190\">Interculturalidad<\/td>\n<\/tr>\n<tr style=\"height: 51px\">\n<td style=\"height: 51px;width: 27.957%\" width=\"159\">&nbsp;<\/td>\n<td style=\"height: 51px;width: 37.1736%\" width=\"213\"><span style=\"font-weight: 400\">Moreno Lorca, <\/span>Mar\u00eda Dolores<\/td>\n<td style=\"height: 51px;width: 33.3334%\" width=\"190\">Tutora de Educ. Especial<\/td>\n<\/tr>\n<tr style=\"height: 51px\">\n<td style=\"height: 51px;width: 27.957%\" width=\"159\">&nbsp;<\/td>\n<td style=\"height: 51px;width: 37.1736%\" width=\"213\">Alonso Torres, Francisco Javier<\/td>\n<td style=\"height: 51px;width: 33.3334%\" width=\"190\">PT<\/td>\n<\/tr>\n<tr>\n<td style=\"width: 27.957%\">&nbsp;<\/td>\n<td style=\"width: 37.1736%\">De la Rosa Ram\u00edrez, \u00c1ngela<\/td>\n<td style=\"width: 33.3334%\">PT<\/td>\n<\/tr>\n<\/tbody>\n<\/table>\n<\/div>\n","protected":false},"excerpt":{"rendered":"<p>&nbsp; DEPARTAMENTO PROFESORADO CARGO Matem\u00e1ticas Caballero Pintado, V\u00edctor Tutor 2\u00ba B &nbsp; Mart\u00ednez Iglesias, Iv\u00e1n Jefe de Estudios &nbsp; Molina Teruel, Juana M\u00aa&nbsp; Jefa de Departamento &nbsp; P\u00e9rez Bernal, Daniel Secretario Coordinador TDE Lengua Castellana y Literatura Jim\u00e9nez Romero, Juana Mar\u00eda Jefa de Departamento C. Biblioteca Jefa de \u00c1rea Socio-Ling\u00fc\u00edstica &nbsp; Rubio Mart\u00ednez Abarca, Helena [&hellip;]<\/p>\n","protected":false},"author":6686,"featured_media":0,"parent":0,"menu_order":0,"comment_status":"closed","ping_status":"closed","template":"","meta":{"_et_pb_use_builder":"","_et_pb_old_content":"","_et_gb_content_width":"","ngg_post_thumbnail":0,"footnotes":"","_mc_calendar":[]},"aioseo_notices":[],"_links":{"self":[{"href":"https:\/\/blogsaverroes.juntadeandalucia.es\/iesveladalhamar\/wp-json\/wp\/v2\/pages\/2601"}],"collection":[{"href":"https:\/\/blogsaverroes.juntadeandalucia.es\/iesveladalhamar\/wp-json\/wp\/v2\/pages"}],"about":[{"href":"https:\/\/blogsaverroes.juntadeandalucia.es\/iesveladalhamar\/wp-json\/wp\/v2\/types\/page"}],"author":[{"embeddable":true,"href":"https:\/\/blogsaverroes.juntadeandalucia.es\/iesveladalhamar\/wp-json\/wp\/v2\/users\/6686"}],"replies":[{"embeddable":true,"href":"https:\/\/blogsaverroes.juntadeandalucia.es\/iesveladalhamar\/wp-json\/wp\/v2\/comments?post=2601"}],"version-history":[{"count":27,"href":"https:\/\/blogsaverroes.juntadeandalucia.es\/iesveladalhamar\/wp-json\/wp\/v2\/pages\/2601\/revisions"}],"predecessor-version":[{"id":5308,"href":"https:\/\/blogsaverroes.juntadeandalucia.es\/iesveladalhamar\/wp-json\/wp\/v2\/pages\/2601\/revisions\/5308"}],"wp:attachment":[{"href":"https:\/\/blogsaverroes.juntadeandalucia.es\/iesveladalhamar\/wp-json\/wp\/v2\/media?parent=2601"}],"curies":[{"name":"wp","href":"https:\/\/api.w.org\/{rel}","templated":true}]}}