{"id":2974,"date":"2019-10-08T18:14:07","date_gmt":"2019-10-08T18:14:07","guid":{"rendered":"https:\/\/blogsaverroes.juntadeandalucia.es\/iesveladalhamar\/?page_id=2974"},"modified":"2025-04-30T07:08:11","modified_gmt":"2025-04-30T07:08:11","slug":"bienvenida-ampa","status":"publish","type":"page","link":"https:\/\/blogsaverroes.juntadeandalucia.es\/iesveladalhamar\/bienvenida-ampa\/","title":{"rendered":"Bienvenida AMPA"},"content":{"rendered":"<p><a href=\"https:\/\/blogsaverroes.juntadeandalucia.es\/iesveladalhamar\/files\/2022\/11\/estrella-ultimo-scaled.jpg\"><img loading=\"lazy\" decoding=\"async\" class=\"aligncenter wp-image-4682\" src=\"https:\/\/blogsaverroes.juntadeandalucia.es\/iesveladalhamar\/files\/2022\/11\/estrella-ultimo-1024x1024.jpg\" alt=\"\" width=\"193\" height=\"193\" srcset=\"https:\/\/blogsaverroes.juntadeandalucia.es\/iesveladalhamar\/files\/2022\/11\/estrella-ultimo-1024x1024.jpg 1024w, https:\/\/blogsaverroes.juntadeandalucia.es\/iesveladalhamar\/files\/2022\/11\/estrella-ultimo-300x300.jpg 300w, https:\/\/blogsaverroes.juntadeandalucia.es\/iesveladalhamar\/files\/2022\/11\/estrella-ultimo-150x150.jpg 150w, https:\/\/blogsaverroes.juntadeandalucia.es\/iesveladalhamar\/files\/2022\/11\/estrella-ultimo-768x768.jpg 768w, https:\/\/blogsaverroes.juntadeandalucia.es\/iesveladalhamar\/files\/2022\/11\/estrella-ultimo-1536x1536.jpg 1536w, https:\/\/blogsaverroes.juntadeandalucia.es\/iesveladalhamar\/files\/2022\/11\/estrella-ultimo-2048x2048.jpg 2048w, https:\/\/blogsaverroes.juntadeandalucia.es\/iesveladalhamar\/files\/2022\/11\/estrella-ultimo-80x80.jpg 80w, https:\/\/blogsaverroes.juntadeandalucia.es\/iesveladalhamar\/files\/2022\/11\/estrella-ultimo-320x320.jpg 320w, https:\/\/blogsaverroes.juntadeandalucia.es\/iesveladalhamar\/files\/2022\/11\/estrella-ultimo-scaled.jpg 1600w\" sizes=\"(max-width: 193px) 100vw, 193px\" \/><\/a><\/p>\n<p style=\"text-align: justify\"><span style=\"color: #000000\">\u00a1Bienvenidas familias! &nbsp;Y muy especialmente a todas&nbsp;las que os hab\u00e9is incorporado a este centro por primera vez.<\/span><\/p>\n<p style=\"text-align: justify\"><span style=\"color: #000000\">La nueva junta directiva del AMPA Cabecico comienza&nbsp; este curso con entusiasmo frente a todos los retos que ir\u00e1n surgiendo a lo largo del a\u00f1o. Abrimos&nbsp; los brazos a todo aquel o aquella que quiera unirse a esta asociaci\u00f3n sin \u00e1nimo de lucro que lucha codo con codo junto a toda la comunidad educativa para mejorar la calidad de la educaci\u00f3n y de la vida de las personas m\u00e1s importantes de nuestro presente: la generaci\u00f3n futura.<\/span><\/p>\n<p style=\"text-align: justify\">\n<span style=\"color: #000000\">Nuestra asociaci\u00f3n tiene por principal finalidad participar en la gesti\u00f3n del centro para mejorar la calidad educativa y asegurar el clima saludable y de buena convivencia, imprescindibles para un \u00f3ptimo proceso de aprendizaje.<\/span><br \/>\n<span style=\"color: #000000\">Si t\u00fa tambi\u00e9n quieres colaborar tienes varias opciones:<\/span><br \/>\n<span style=\"color: #000000\">1. Aportando la cuota de&nbsp;10 euros por familia&nbsp;(independientemente del n\u00famero de hij@s&nbsp;matriculad@s) que se puede pagar en mano en la primera reuni\u00f3n del curso escolar o bien hacer el ingreso en el siguiente n\u00famero de cuenta del banco Santander: ES97 0049 2632 76 2994032148<\/span><br \/>\n<span style=\"color: #000000\">2. Participando de las diversas tareas que ata\u00f1en a la asociaci\u00f3n y que est\u00e1n agrupadas por tem\u00e1ticas y grupos de trabajo.<\/span><br \/>\n<span style=\"color: #000000\">3. Prestando tu ayuda en las distintas actividades que organizamos a lo largo del a\u00f1o.<\/span><br \/>\n<span style=\"color: #000000\">Los soci@s del ampa dispondr\u00e9is de varios descuentos a lo largo del curso en todas las actividades que realizamos con el &nbsp;Centro (camisetas 25N, excursiones, comida en el Pinar del Rey, curso de t\u00e9cnicas de estudio, etc.) as\u00ed como el regalo de una foto grupal de cada clase.<\/span><\/p>\n<p>&nbsp;<\/p>\n","protected":false},"excerpt":{"rendered":"<p>\u00a1Bienvenidas familias! &nbsp;Y muy especialmente a todas&nbsp;las que os hab\u00e9is incorporado a este centro por primera vez. La nueva junta directiva del AMPA Cabecico comienza&nbsp; este curso con entusiasmo frente a todos los retos que ir\u00e1n surgiendo a lo largo del a\u00f1o. Abrimos&nbsp; los brazos a todo aquel o aquella que quiera unirse a esta [&hellip;]<\/p>\n","protected":false},"author":6686,"featured_media":0,"parent":0,"menu_order":0,"comment_status":"closed","ping_status":"closed","template":"","meta":{"_et_pb_use_builder":"","_et_pb_old_content":"","_et_gb_content_width":"","ngg_post_thumbnail":0,"footnotes":"","_mc_calendar":[]},"aioseo_notices":[],"_links":{"self":[{"href":"https:\/\/blogsaverroes.juntadeandalucia.es\/iesveladalhamar\/wp-json\/wp\/v2\/pages\/2974"}],"collection":[{"href":"https:\/\/blogsaverroes.juntadeandalucia.es\/iesveladalhamar\/wp-json\/wp\/v2\/pages"}],"about":[{"href":"https:\/\/blogsaverroes.juntadeandalucia.es\/iesveladalhamar\/wp-json\/wp\/v2\/types\/page"}],"author":[{"embeddable":true,"href":"https:\/\/blogsaverroes.juntadeandalucia.es\/iesveladalhamar\/wp-json\/wp\/v2\/users\/6686"}],"replies":[{"embeddable":true,"href":"https:\/\/blogsaverroes.juntadeandalucia.es\/iesveladalhamar\/wp-json\/wp\/v2\/comments?post=2974"}],"version-history":[{"count":6,"href":"https:\/\/blogsaverroes.juntadeandalucia.es\/iesveladalhamar\/wp-json\/wp\/v2\/pages\/2974\/revisions"}],"predecessor-version":[{"id":5078,"href":"https:\/\/blogsaverroes.juntadeandalucia.es\/iesveladalhamar\/wp-json\/wp\/v2\/pages\/2974\/revisions\/5078"}],"wp:attachment":[{"href":"https:\/\/blogsaverroes.juntadeandalucia.es\/iesveladalhamar\/wp-json\/wp\/v2\/media?parent=2974"}],"curies":[{"name":"wp","href":"https:\/\/api.w.org\/{rel}","templated":true}]}}