{"id":3402,"date":"2020-11-30T16:40:18","date_gmt":"2020-11-30T16:40:18","guid":{"rendered":"https:\/\/blogsaverroes.juntadeandalucia.es\/iesveladalhamar\/?page_id=3402"},"modified":"2026-01-21T09:02:49","modified_gmt":"2026-01-21T09:02:49","slug":"ipasen","status":"publish","type":"page","link":"https:\/\/blogsaverroes.juntadeandalucia.es\/iesveladalhamar\/ipasen\/","title":{"rendered":"Enlaces de inter\u00e9s"},"content":{"rendered":"<p><span style=\"color: #000000\"><strong>Resultados acad\u00e9micos del Curso 2025\/2026:<\/strong><\/span><\/p>\n<ul>\n<li><a href=\"https:\/\/blogsaverroes.juntadeandalucia.es\/iesveladalhamar\/files\/2026\/01\/Analisis_-1a-evaluacion-2025-2026.pdf\" target=\"_blank\" rel=\"noopener\"><span style=\"color: #000000\">Result<\/span><span style=\"color: #000000\">ados de la 1\u00aa evaluaci\u00f3n<\/span><\/a><span style=\"color: #000000\">.<\/span><\/li>\n<li><span style=\"color: #000000\">Resultados de la 2\u00aa evaluaci\u00f3n.<\/span><\/li>\n<li><span style=\"color: #000000\">Resultados de la 3\u00aa evaluaci\u00f3n.<\/span><\/li>\n<\/ul>\n<p><strong><span style=\"color: #000000;font-size: 14px\">Enlaces de inter\u00e9s para las familias:<\/span><\/strong><\/p>\n<div class=\"entry-content\">\n<ol>\n<li style=\"list-style-type: none\">\n<ol>\n<li><span style=\"color: #000000\"><a style=\"color: #000000\" href=\"https:\/\/www.ceiplashuertas.com\/wp-content\/uploads\/2024\/06\/MANUAL-DEL-BUEN-USO-DE-LOS-MEDIOS-INFORMATICOS.pdf\" target=\"_blank\" rel=\"noopener\">Enlace a un manual del buen uso de los medios inform\u00e1ticos (CEIP Las Huertas).<\/a><\/span><\/li>\n<li><span style=\"color: #000000\"><a style=\"color: #000000\" href=\"https:\/\/view.genially.com\/6282495bc0f30f00118c2005\/interactive-content-guia-sobre-el-uso-responsable-de-equipos-y-dispositivos\" target=\"_blank\" rel=\"noopener\">Gu\u00eda sobre el uso responsable de recursos TDE del centro.<\/a><\/span><\/li>\n<li><a href=\"https:\/\/www.incibe.es\/menores\" target=\"_blank\" rel=\"noopener\"><span style=\"color: #000000\">Instituto Nacional de Ciberseguridad (MENORES).<\/span><\/a><\/li>\n<\/ol>\n<\/li>\n<\/ol>\n<\/div>\n<p><strong><span style=\"color: #000000\">iPasen<\/span><\/strong><\/p>\n<ul style=\"list-style-type: square\">\n<li><span style=\"color: #000000\">Gu\u00eda iPasen para Familias<\/span><\/li>\n<\/ul>\n<div style=\"width: 100%\">\n<div style=\"position: relative;padding-bottom: 56.25%;padding-top: 0;height: 0\"><iframe loading=\"lazy\" src=\"https:\/\/view.genially.com\/636c0a0f24380700171845c2\" width=\"1200px\" height=\"675px\" frameborder=\"0\" scrolling=\"yes\"><\/iframe><\/div>\n<\/div>\n<p>&nbsp;<\/p>\n<ul style=\"list-style-type: square\">\n<li><span style=\"color: #000000\"><a style=\"color: #000000\" href=\"https:\/\/www.youtube.com\/playlist?list=PLQUwUJU9roNOMAlMD5cB982D_mbsPSGUQ\">Videotutoriales de iPasen<\/a><\/span><\/li>\n<\/ul>\n<p>&nbsp;<\/p>\n<p>&nbsp;<\/p>\n<p>&nbsp;<\/p>\n<p>&nbsp;<\/p>\n<p>&nbsp;<\/p>\n<p>&nbsp;<\/p>\n<p style=\"text-align: center\">&nbsp;<\/p>\n","protected":false},"excerpt":{"rendered":"<p>Resultados acad\u00e9micos del Curso 2025\/2026: Resultados de la 1\u00aa evaluaci\u00f3n. Resultados de la 2\u00aa evaluaci\u00f3n. Resultados de la 3\u00aa evaluaci\u00f3n. Enlaces de inter\u00e9s para las familias: Enlace a un manual del buen uso de los medios inform\u00e1ticos (CEIP Las Huertas). Gu\u00eda sobre el uso responsable de recursos TDE del centro. Instituto Nacional de Ciberseguridad (MENORES). [&hellip;]<\/p>\n","protected":false},"author":6686,"featured_media":0,"parent":0,"menu_order":0,"comment_status":"closed","ping_status":"closed","template":"","meta":{"_et_pb_use_builder":"","_et_pb_old_content":"","_et_gb_content_width":"","ngg_post_thumbnail":0,"footnotes":"","_mc_calendar":[]},"aioseo_notices":[],"_links":{"self":[{"href":"https:\/\/blogsaverroes.juntadeandalucia.es\/iesveladalhamar\/wp-json\/wp\/v2\/pages\/3402"}],"collection":[{"href":"https:\/\/blogsaverroes.juntadeandalucia.es\/iesveladalhamar\/wp-json\/wp\/v2\/pages"}],"about":[{"href":"https:\/\/blogsaverroes.juntadeandalucia.es\/iesveladalhamar\/wp-json\/wp\/v2\/types\/page"}],"author":[{"embeddable":true,"href":"https:\/\/blogsaverroes.juntadeandalucia.es\/iesveladalhamar\/wp-json\/wp\/v2\/users\/6686"}],"replies":[{"embeddable":true,"href":"https:\/\/blogsaverroes.juntadeandalucia.es\/iesveladalhamar\/wp-json\/wp\/v2\/comments?post=3402"}],"version-history":[{"count":19,"href":"https:\/\/blogsaverroes.juntadeandalucia.es\/iesveladalhamar\/wp-json\/wp\/v2\/pages\/3402\/revisions"}],"predecessor-version":[{"id":5387,"href":"https:\/\/blogsaverroes.juntadeandalucia.es\/iesveladalhamar\/wp-json\/wp\/v2\/pages\/3402\/revisions\/5387"}],"wp:attachment":[{"href":"https:\/\/blogsaverroes.juntadeandalucia.es\/iesveladalhamar\/wp-json\/wp\/v2\/media?parent=3402"}],"curies":[{"name":"wp","href":"https:\/\/api.w.org\/{rel}","templated":true}]}}