{"id":3429,"date":"2020-12-05T20:00:31","date_gmt":"2020-12-05T20:00:31","guid":{"rendered":"https:\/\/blogsaverroes.juntadeandalucia.es\/iesveladalhamar\/?page_id=3429"},"modified":"2025-10-03T07:31:32","modified_gmt":"2025-10-03T07:31:32","slug":"programacion-general-anual","status":"publish","type":"page","link":"https:\/\/blogsaverroes.juntadeandalucia.es\/iesveladalhamar\/programacion-general-anual\/","title":{"rendered":"Jefatura de Estudios"},"content":{"rendered":"<p><span style=\"color: #000000\"><div class='et-learn-more clearfix'>\n\t\t\t\t\t<h3 class='heading-more'>Calendario escolar<span class='et_learnmore_arrow'><span><\/span><\/span><\/h3>\n\t\t\t\t\t<div class='learn-more-content'>Pincha en el siguiente <strong><a style=\"color: #000000\" href=\"https:\/\/drive.google.com\/file\/d\/1Rc5RdzzgDvXsJLS3D-h1Bx5KRF8yhSb6\/view?usp=sharing\" target=\"_blank\" rel=\"noopener\">enlace <\/a><\/strong>para visualizar el calendario.<\/div>\n\t\t\t\t<\/div> <\/span><span style=\"color: #000000\"><div class='et-learn-more clearfix'>\n\t\t\t\t\t<h3 class='heading-more'>Horarios<span class='et_learnmore_arrow'><span><\/span><\/span><\/h3>\n\t\t\t\t\t<div class='learn-more-content'>&nbsp;<\/span><\/p>\n<table style=\"border-collapse: collapse;width: 100%\">\n<tbody>\n<tr>\n<td style=\"width: 12.2475%\"><a href=\"https:\/\/blogsaverroes.juntadeandalucia.es\/iesveladalhamar\/files\/2025\/09\/1A.pdf\" target=\"_blank\" rel=\"noopener\">1\u00ba.ESO A<\/a><\/td>\n<td style=\"width: 11.4831%\"><a href=\"https:\/\/blogsaverroes.juntadeandalucia.es\/iesveladalhamar\/files\/2025\/09\/2A.pdf\" target=\"_blank\" rel=\"noopener\">2\u00ba.ESO A<\/a><\/td>\n<td style=\"width: 11.7379%\"><a href=\"https:\/\/blogsaverroes.juntadeandalucia.es\/iesveladalhamar\/files\/2025\/09\/3A.pdf\" target=\"_blank\" rel=\"noopener\">3\u00ba.ESO A<\/a><\/td>\n<td style=\"width: 18.3622%\"><a href=\"https:\/\/blogsaverroes.juntadeandalucia.es\/iesveladalhamar\/files\/2025\/09\/3A-DIVER.pdf\" target=\"_blank\" rel=\"noopener\">3\u00ba.ESO A DIVER<\/a><\/td>\n<td style=\"width: 12.6297%\"><a href=\"https:\/\/blogsaverroes.juntadeandalucia.es\/iesveladalhamar\/files\/2025\/09\/4A.pdf\" target=\"_blank\" rel=\"noopener\">4\u00ba.ESO A<\/a><\/td>\n<td style=\"width: 19.2538%\"><a href=\"https:\/\/blogsaverroes.juntadeandalucia.es\/iesveladalhamar\/files\/2025\/09\/4A-DIVER.pdf\" target=\"_blank\" rel=\"noopener\">4\u00ba.ESO A DIVER<\/a><\/td>\n<td style=\"width: 14.2857%\">ED. ESPECIAL<\/td>\n<\/tr>\n<tr>\n<td style=\"width: 12.2475%\"><a href=\"https:\/\/blogsaverroes.juntadeandalucia.es\/iesveladalhamar\/files\/2025\/09\/1B.pdf\" target=\"_blank\" rel=\"noopener\">1\u00ba.ESO B<\/a><\/td>\n<td style=\"width: 11.4831%\"><a href=\"https:\/\/blogsaverroes.juntadeandalucia.es\/iesveladalhamar\/files\/2025\/09\/2B.pdf\" target=\"_blank\" rel=\"noopener\">2\u00ba.ESO B<\/a><\/td>\n<td style=\"width: 11.7379%\"><a href=\"https:\/\/blogsaverroes.juntadeandalucia.es\/iesveladalhamar\/files\/2025\/09\/3B.pdf\" target=\"_blank\" rel=\"noopener\">3\u00ba.ESO B<\/a><\/td>\n<td style=\"width: 18.3622%\"><a href=\"https:\/\/blogsaverroes.juntadeandalucia.es\/iesveladalhamar\/files\/2025\/09\/3B-DIVER.pdf\" target=\"_blank\" rel=\"noopener\">3\u00ba.ESO B DIVER<\/a><\/td>\n<td style=\"width: 12.6297%\"><a href=\"https:\/\/blogsaverroes.juntadeandalucia.es\/iesveladalhamar\/files\/2025\/09\/4B.pdf\" target=\"_blank\" rel=\"noopener\">4\u00ba.ESO B<\/a><\/td>\n<td style=\"width: 19.2538%\"><a href=\"https:\/\/blogsaverroes.juntadeandalucia.es\/iesveladalhamar\/files\/2025\/09\/4B-DIVER.pdf\" target=\"_blank\" rel=\"noopener\">4\u00ba.ESO B DIVER<\/a><\/td>\n<td style=\"width: 14.2857%\">ESPA<\/td>\n<\/tr>\n<\/tbody>\n<\/table>\n<p><span style=\"color: #000000\">Pincha en el siguiente&nbsp;<\/span><a href=\"https:\/\/drive.google.com\/file\/d\/14e1frMvF4FD8KrCN1VjxyjeKU-3UVqTT\/view?usp=sharing\" target=\"_blank\" rel=\"noopener\"><strong>enlace<\/strong><\/a><span style=\"color: #000000\"> para visualizar la carga horaria de cada materia.<\/span><\/p>\n<p>&nbsp;<\/p>\n<p><span style=\"color: #000000\"><div class='et-learn-more clearfix'>\n\t\t\t\t\t<h3 class='heading-more'>Tutor\u00edas<span class='et_learnmore_arrow'><span><\/span><\/span><\/h3>\n\t\t\t\t\t<div class='learn-more-content'><\/div>\n\t\t\t\t<\/div><\/span><\/p>\n<ul style=\"list-style-type: circle\">\n<li><span style=\"color: #000000\">1\u00ba ESO A: <span style=\"font-weight: 400\">Francisco Javier Garc\u00eda R\u00edos <\/span><\/span><\/li>\n<li><span style=\"color: #000000\">1\u00ba ESO B: <span style=\"font-weight: 400\">Francisca Campos Guevara<\/span><\/span><\/li>\n<li><span style=\"color: #000000\">2\u00ba ESO A: <span style=\"font-weight: 400\">Fernando Ruiz G\u00f3mez<\/span><\/span><\/li>\n<li><span style=\"color: #000000\">2\u00ba ESO B: <span style=\"font-weight: 400\">V\u00edctor Caballero Pintado<\/span><\/span><\/li>\n<li><span style=\"color: #000000\">3\u00ba ESO A: Magdalena Garc\u00eda Rodr\u00edguez<\/span><\/li>\n<li><span style=\"color: #000000\">3\u00ba ESO B: Jos\u00e9 Luis Mart\u00edn V\u00e1zquez<\/span><\/li>\n<li><span style=\"color: #000000\">4\u00ba ESO A: <span style=\"font-weight: 400\">Helena Rubio Mart\u00ednez Abarca<\/span><\/span><\/li>\n<li><span style=\"color: #000000\">4\u00ba ESO B: V\u00edctor Adri\u00e1n Garc\u00eda Rodr\u00edguez<\/span><\/li>\n<li><span style=\"color: #000000\">PDC: Antonia Guill\u00e9n S\u00e1nchez<\/span><\/li>\n<li><span style=\"color: #000000\">Aula Espec\u00edfica: M\u00aa Dolores Moreno Lorca<\/span><\/li>\n<li><span style=\"color: #000000\">ESPA: Sonia Torrente Larios<\/span><\/li>\n<\/ul>\n<p><span style=\"color: #000000\"><\/div>\n\t\t\t\t<\/div><\/span><\/p>\n<p>&nbsp;<\/p>\n<p>&nbsp;<\/p>\n<p>&nbsp;<\/p>\n<p>&nbsp;<\/p>\n<p>&nbsp; &nbsp; &nbsp; &nbsp; &nbsp; &nbsp;<b><\/b><\/p>\n<p>&nbsp;<\/p>\n<p>&nbsp; &nbsp; &nbsp;<\/p>\n<p>&nbsp;<\/p>\n<p>&nbsp;<\/p>\n","protected":false},"excerpt":{"rendered":"<p>&nbsp; &nbsp; &nbsp; &nbsp; &nbsp; &nbsp; &nbsp; &nbsp; &nbsp; &nbsp; &nbsp; &nbsp; &nbsp; &nbsp; &nbsp; &nbsp;<\/p>\n","protected":false},"author":6686,"featured_media":0,"parent":0,"menu_order":0,"comment_status":"closed","ping_status":"closed","template":"","meta":{"_et_pb_use_builder":"","_et_pb_old_content":"","_et_gb_content_width":"","ngg_post_thumbnail":0,"footnotes":"","_mc_calendar":[]},"aioseo_notices":[],"_links":{"self":[{"href":"https:\/\/blogsaverroes.juntadeandalucia.es\/iesveladalhamar\/wp-json\/wp\/v2\/pages\/3429"}],"collection":[{"href":"https:\/\/blogsaverroes.juntadeandalucia.es\/iesveladalhamar\/wp-json\/wp\/v2\/pages"}],"about":[{"href":"https:\/\/blogsaverroes.juntadeandalucia.es\/iesveladalhamar\/wp-json\/wp\/v2\/types\/page"}],"author":[{"embeddable":true,"href":"https:\/\/blogsaverroes.juntadeandalucia.es\/iesveladalhamar\/wp-json\/wp\/v2\/users\/6686"}],"replies":[{"embeddable":true,"href":"https:\/\/blogsaverroes.juntadeandalucia.es\/iesveladalhamar\/wp-json\/wp\/v2\/comments?post=3429"}],"version-history":[{"count":44,"href":"https:\/\/blogsaverroes.juntadeandalucia.es\/iesveladalhamar\/wp-json\/wp\/v2\/pages\/3429\/revisions"}],"predecessor-version":[{"id":5327,"href":"https:\/\/blogsaverroes.juntadeandalucia.es\/iesveladalhamar\/wp-json\/wp\/v2\/pages\/3429\/revisions\/5327"}],"wp:attachment":[{"href":"https:\/\/blogsaverroes.juntadeandalucia.es\/iesveladalhamar\/wp-json\/wp\/v2\/media?parent=3429"}],"curies":[{"name":"wp","href":"https:\/\/api.w.org\/{rel}","templated":true}]}}