{"id":369,"date":"2015-03-18T10:25:18","date_gmt":"2015-03-18T10:25:18","guid":{"rendered":"http:\/\/blogsaverroes.juntadeandalucia.es\/pre\/ceip\/?page_id=369"},"modified":"2021-05-20T18:30:12","modified_gmt":"2021-05-20T18:30:12","slug":"materiales-recursos","status":"publish","type":"page","link":"https:\/\/blogsaverroes.juntadeandalucia.es\/iesveladalhamar\/biologia-y-geologia\/materiales-recursos\/","title":{"rendered":"Materiales, recursos&#8230;"},"content":{"rendered":"<h3 style=\"text-align: center\"><strong>CONCURSO DE ENIGMAS MATEM\u00c1TICOS<\/strong><\/h3>\n<h4><strong>Curso 2020-2021<\/strong><\/h4>\n<ul>\n<li><a href=\"https:\/\/blogsaverroes.juntadeandalucia.es\/iesveladalhamar\/files\/2020\/11\/Bases-concurso.pdf\" target=\"_blank\" rel=\"noopener noreferrer\">BASES<\/a><\/li>\n<li><a href=\"https:\/\/blogsaverroes.juntadeandalucia.es\/iesveladalhamar\/files\/2020\/11\/Enigma-1-1ernivel.pdf\" target=\"_blank\" rel=\"noopener noreferrer\">ENIGMA 1 &#8211; PRIMER NIVEL<\/a>\n<ul>\n<li><a href=\"https:\/\/blogsaverroes.juntadeandalucia.es\/iesveladalhamar\/files\/2020\/11\/Enigma-1-1ernivel-soluci\u00f3n.pdf\" target=\"_blank\" rel=\"noopener noreferrer\">Soluci\u00f3n al Enigma 1 del primer nivel<\/a><\/li>\n<\/ul>\n<\/li>\n<li><a href=\"https:\/\/blogsaverroes.juntadeandalucia.es\/iesveladalhamar\/files\/2020\/11\/Enigma-1-2-nivel.pdf\" target=\"_blank\" rel=\"noopener noreferrer\">ENIGMA 1 &#8211; SEGUNDO NIVEL<\/a>\n<ul>\n<li><a href=\"https:\/\/blogsaverroes.juntadeandalucia.es\/iesveladalhamar\/files\/2020\/11\/Enigma-1-2-nivel-soluci\u00f3n.pdf\" target=\"_blank\" rel=\"noopener noreferrer\">Soluci\u00f3n al Enigma 1 del segundo nivel<\/a><\/li>\n<\/ul>\n<\/li>\n<li><a href=\"https:\/\/blogsaverroes.juntadeandalucia.es\/iesveladalhamar\/files\/2020\/11\/Enigma-2-1ernivel-.pdf\" target=\"_blank\" rel=\"noopener noreferrer\">ENIGMA 2 &#8211; PRIMER NIVEL<\/a>\n<ul>\n<li><a href=\"https:\/\/blogsaverroes.juntadeandalucia.es\/iesveladalhamar\/files\/2020\/12\/Enigma-2-1ernivel-soluci\u00f3n.pdf\" target=\"_blank\" rel=\"noopener noreferrer\">Soluci\u00f3n al Enigma 2 del primer nivel<\/a><\/li>\n<\/ul>\n<\/li>\n<li><a href=\"https:\/\/blogsaverroes.juntadeandalucia.es\/iesveladalhamar\/files\/2020\/11\/Enigma-2-2-nivel.pdf\" target=\"_blank\" rel=\"noopener noreferrer\">ENIGMA 2 &#8211; SEGUNDO NIVEL<\/a>\n<ul>\n<li><a href=\"https:\/\/blogsaverroes.juntadeandalucia.es\/iesveladalhamar\/files\/2020\/12\/Enigma-2-2-nivel-soluci\u00f3n.pdf\" target=\"_blank\" rel=\"noopener noreferrer\">Soluci\u00f3n al Enigma 2 del segundo nivel<\/a><\/li>\n<\/ul>\n<\/li>\n<li><a href=\"https:\/\/blogsaverroes.juntadeandalucia.es\/iesveladalhamar\/files\/2020\/12\/Enigma-3-1-nivel.pdf\" target=\"_blank\" rel=\"noopener noreferrer\">ENIGMA 3 &#8211; PRIMER NIVEL<\/a>\n<ul>\n<li><a href=\"https:\/\/blogsaverroes.juntadeandalucia.es\/iesveladalhamar\/files\/2021\/01\/Enigma-3-1-nivel-Soluci\u00f3n.pdf\" target=\"_blank\" rel=\"noopener noreferrer\">Soluci\u00f3n al Enigma 3 del primer nivel<\/a><\/li>\n<\/ul>\n<\/li>\n<li><a href=\"https:\/\/blogsaverroes.juntadeandalucia.es\/iesveladalhamar\/files\/2020\/12\/Enigma-3-2-nivel.pdf\" target=\"_blank\" rel=\"noopener noreferrer\">ENIGMA 3 &#8211; SEGUNDO NIVEL<\/a>\n<ul>\n<li><a href=\"https:\/\/blogsaverroes.juntadeandalucia.es\/iesveladalhamar\/files\/2021\/01\/Enigma-3-2-nivel-soluci\u00f3n.pdf\" target=\"_blank\" rel=\"noopener noreferrer\">Soluci\u00f3n al Enigma 3 del segundo nivel<\/a><\/li>\n<\/ul>\n<\/li>\n<li><a href=\"https:\/\/blogsaverroes.juntadeandalucia.es\/iesveladalhamar\/files\/2021\/01\/Enigma-4-1-nivel.pdf\" target=\"_blank\" rel=\"noopener noreferrer\">ENIGMA 4 &#8211; PRIMER NIVEL<\/a>\n<ul>\n<li><a href=\"https:\/\/blogsaverroes.juntadeandalucia.es\/iesveladalhamar\/files\/2021\/01\/Enigma-4-1-nivel-soluci\u00f3n.pdf\" target=\"_blank\" rel=\"noopener noreferrer\">Soluci\u00f3n al Enigma 4 del primer nivel<\/a><\/li>\n<\/ul>\n<\/li>\n<li><a href=\"https:\/\/blogsaverroes.juntadeandalucia.es\/iesveladalhamar\/files\/2021\/01\/Enigma-4-2-nivel.pdf\" target=\"_blank\" rel=\"noopener noreferrer\">ENIGMA 4 &#8211; SEGUNDO NIVEL<\/a>\n<ul>\n<li><a href=\"https:\/\/blogsaverroes.juntadeandalucia.es\/iesveladalhamar\/files\/2021\/01\/Enigma-4-2-nivel-soluci\u00f3n.pdf\" target=\"_blank\" rel=\"noopener noreferrer\">Soluci\u00f3n al Enigma 4 del segundo nivel<\/a><\/li>\n<\/ul>\n<\/li>\n<li><a href=\"https:\/\/blogsaverroes.juntadeandalucia.es\/iesveladalhamar\/files\/2021\/01\/Enigma-5-1-nivel.pdf\" target=\"_blank\" rel=\"noopener noreferrer\">ENIGMA 5 &#8211; PRIMER NIVEL<\/a>\n<ul>\n<li><a href=\"https:\/\/blogsaverroes.juntadeandalucia.es\/iesveladalhamar\/files\/2021\/02\/Enigma-5-1-nivel-soluci\u00f3n.pdf\" target=\"_blank\" rel=\"noopener noreferrer\">Soluci\u00f3n al Enigma 5 del primer nivel<\/a><\/li>\n<\/ul>\n<\/li>\n<li><a href=\"https:\/\/blogsaverroes.juntadeandalucia.es\/iesveladalhamar\/files\/2021\/01\/Enigma-5-2-nivel.pdf\" target=\"_blank\" rel=\"noopener noreferrer\">ENIGMA 5 &#8211; SEGUNDO NIVEL<\/a>\n<ul>\n<li><a href=\"https:\/\/blogsaverroes.juntadeandalucia.es\/iesveladalhamar\/files\/2021\/02\/Enigma-5-2-nivel-soluci\u00f3n.pdf\" target=\"_blank\" rel=\"noopener noreferrer\">Soluci\u00f3n al Enigma 5 del segundo nivel<\/a><\/li>\n<\/ul>\n<\/li>\n<li><a href=\"https:\/\/blogsaverroes.juntadeandalucia.es\/iesveladalhamar\/files\/2021\/02\/Enigma-6-1-nivel.pdf\" target=\"_blank\" rel=\"noopener noreferrer\">ENIGMA 6 &#8211; PRIMER NIVEL<\/a>\n<ul>\n<li><a href=\"https:\/\/blogsaverroes.juntadeandalucia.es\/iesveladalhamar\/files\/2021\/02\/Enigma-6-1-nivel-soluci\u00f3n.pdf\" target=\"_blank\" rel=\"noopener noreferrer\">Soluci\u00f3n al Enigma 6 del primer nivel<\/a><\/li>\n<\/ul>\n<\/li>\n<li><a href=\"https:\/\/blogsaverroes.juntadeandalucia.es\/iesveladalhamar\/files\/2021\/02\/Enigma-6-2-nivel.pdf\" target=\"_blank\" rel=\"noopener noreferrer\">ENIGMA 6 &#8211; SEGUNDO NIVEL<\/a>\n<ul>\n<li><a href=\"https:\/\/blogsaverroes.juntadeandalucia.es\/iesveladalhamar\/files\/2021\/02\/Enigma-6-2-nivel-soluci\u00f3n.pdf\" target=\"_blank\" rel=\"noopener noreferrer\">Soluci\u00f3n al Enigma 6 del segundo nivel<\/a><\/li>\n<\/ul>\n<\/li>\n<li><a href=\"https:\/\/blogsaverroes.juntadeandalucia.es\/iesveladalhamar\/files\/2021\/02\/Enigma-7-1-nivel.pdf\" target=\"_blank\" rel=\"noopener noreferrer\">ENIGMA 7 &#8211; PRIMER NIVEL<\/a>\n<ul>\n<li><a href=\"https:\/\/blogsaverroes.juntadeandalucia.es\/iesveladalhamar\/files\/2021\/03\/Enigma-7-1-nivel-soluci\u00f3n.pdf\" target=\"_blank\" rel=\"noopener noreferrer\">Soluci\u00f3n al Enigma 7 del primer nivel<\/a><\/li>\n<\/ul>\n<\/li>\n<li><a href=\"https:\/\/blogsaverroes.juntadeandalucia.es\/iesveladalhamar\/files\/2021\/02\/Enigma-7-2-nivel.pdf\" target=\"_blank\" rel=\"noopener noreferrer\">ENIGMA 7 &#8211; SEGUNDO NIVEL<\/a>\n<ul>\n<li><a href=\"https:\/\/blogsaverroes.juntadeandalucia.es\/iesveladalhamar\/files\/2021\/03\/Enigma-7-2-nivel-soluci\u00f3n.pdf\" target=\"_blank\" rel=\"noopener noreferrer\">Soluci\u00f3n al Enigma 7 del segundo nivel<\/a><\/li>\n<\/ul>\n<\/li>\n<li><a href=\"https:\/\/blogsaverroes.juntadeandalucia.es\/iesveladalhamar\/files\/2021\/03\/Enigma-8-1-nivel.pdf\" target=\"_blank\" rel=\"noopener noreferrer\">ENIGMA 8 &#8211; PRIMER NIVEL<\/a>\n<ul>\n<li><a href=\"https:\/\/blogsaverroes.juntadeandalucia.es\/iesveladalhamar\/files\/2021\/04\/Enigma-8-1-nivel-soluci\u00f3n.pdf\" target=\"_blank\" rel=\"noopener noreferrer\">Soluci\u00f3n al Enigma 8 del primer nivel<\/a><\/li>\n<\/ul>\n<\/li>\n<li><a href=\"https:\/\/blogsaverroes.juntadeandalucia.es\/iesveladalhamar\/files\/2021\/03\/Enigma-8-2-nivel.pdf\" target=\"_blank\" rel=\"noopener noreferrer\">ENIGMA 8 &#8211; SEGUNDO NIVEL<\/a>\n<ul>\n<li><a href=\"https:\/\/blogsaverroes.juntadeandalucia.es\/iesveladalhamar\/files\/2021\/04\/Enigma-8-2-nivel-soluci\u00f3n.pdf\" target=\"_blank\" rel=\"noopener noreferrer\">Soluci\u00f3n al Enigma 8 del segundo nivel<\/a><\/li>\n<\/ul>\n<\/li>\n<li><a href=\"https:\/\/blogsaverroes.juntadeandalucia.es\/iesveladalhamar\/files\/2021\/04\/Enigma-9-1-nivel.pdf\" target=\"_blank\" rel=\"noopener noreferrer\">ENIGMA 9 &#8211; PRIMER NIVEL<\/a>\n<ul>\n<li><a href=\"https:\/\/blogsaverroes.juntadeandalucia.es\/iesveladalhamar\/files\/2021\/04\/Enigma-9-1-nivel-soluci\u00f3n.pdf\" target=\"_blank\" rel=\"noopener noreferrer\">Soluci\u00f3n al Enigma 9 del primer nivel<\/a><\/li>\n<\/ul>\n<\/li>\n<li><a href=\"https:\/\/blogsaverroes.juntadeandalucia.es\/iesveladalhamar\/files\/2021\/04\/Enigma-9-2-nivel.pdf\" target=\"_blank\" rel=\"noopener noreferrer\">ENIGMA 9 &#8211; SEGUNDO NIVEL<\/a>\n<ul>\n<li><a href=\"https:\/\/blogsaverroes.juntadeandalucia.es\/iesveladalhamar\/files\/2021\/04\/Enigma-9-2-nivel-soluci\u00f3n.pdf\" target=\"_blank\" rel=\"noopener noreferrer\">Soluci\u00f3n al Enigma 9 del segundo nivel<\/a><\/li>\n<\/ul>\n<\/li>\n<li><a href=\"https:\/\/blogsaverroes.juntadeandalucia.es\/iesveladalhamar\/files\/2021\/04\/Enigma-10-1-nivel.pdf\" target=\"_blank\" rel=\"noopener noreferrer\">ENIGMA 10 &#8211; PRIMER NIVEL<\/a>\n<ul>\n<li><a href=\"https:\/\/blogsaverroes.juntadeandalucia.es\/iesveladalhamar\/files\/2021\/05\/Enigma-10-1-nivel-Soluci\u00f3n.pdf\" target=\"_blank\" rel=\"noopener noreferrer\">Soluci\u00f3n al Enigma 10 del primer nivel<\/a><\/li>\n<\/ul>\n<\/li>\n<li><a href=\"https:\/\/blogsaverroes.juntadeandalucia.es\/iesveladalhamar\/files\/2021\/04\/Enigma-10-2-nivel.pdf\" target=\"_blank\" rel=\"noopener noreferrer\">ENIGMA 10 &#8211; SEGUNDO NIVEL<\/a>\n<ul>\n<li><a href=\"https:\/\/blogsaverroes.juntadeandalucia.es\/iesveladalhamar\/files\/2021\/05\/Enigma-10-2-nivel-Soluci\u00f3n.pdf\" target=\"_blank\" rel=\"noopener noreferrer\">Soluci\u00f3n al Enigma 10 del segundo nivel<\/a><\/li>\n<\/ul>\n<\/li>\n<\/ul>\n<p>&nbsp;<\/p>\n<p>&nbsp;<\/p>\n<p>&nbsp;<\/p>\n<p>&nbsp;<\/p>\n<p><strong>Curso 2019-2020<\/strong><\/p>\n<ul>\n<li><a href=\"https:\/\/blogsaverroes.juntadeandalucia.es\/iesveladalhamar\/files\/2019\/11\/Bases-concurso.pdf\" target=\"_blank\" rel=\"noopener noreferrer\">BASES<\/a><\/li>\n<li><a href=\"https:\/\/blogsaverroes.juntadeandalucia.es\/iesveladalhamar\/files\/2019\/11\/Enigma-1-1\u00ba-nivel.pdf\" target=\"_blank\" rel=\"noopener noreferrer\">ENIGMA 1 &#8211; PRIMER NIVEL<\/a>\n<ul>\n<li><a href=\"https:\/\/blogsaverroes.juntadeandalucia.es\/iesveladalhamar\/files\/2019\/12\/Soluci\u00f3n-enigma-1-1-nivel.pdf\" target=\"_blank\" rel=\"noopener noreferrer\">Soluci\u00f3n al Enigma 1 del primer nivel<\/a><\/li>\n<\/ul>\n<\/li>\n<li><a href=\"https:\/\/blogsaverroes.juntadeandalucia.es\/iesveladalhamar\/files\/2019\/11\/Enigma-1-2\u00ba-nivel.pdf\" target=\"_blank\" rel=\"noopener noreferrer\">ENIGMA 1 &#8211; SEGUNDO NIVEL<\/a>\n<ul>\n<li><a href=\"https:\/\/blogsaverroes.juntadeandalucia.es\/iesveladalhamar\/files\/2019\/12\/Soluci\u00f3n-enigma-1-2-nivel.pdf\" target=\"_blank\" rel=\"noopener noreferrer\">Soluci\u00f3n al Enigma 1 del segundo nivel<\/a><\/li>\n<\/ul>\n<\/li>\n<li><a href=\"https:\/\/blogsaverroes.juntadeandalucia.es\/iesveladalhamar\/files\/2019\/12\/Enigma-2-nivel-1.pdf\" target=\"_blank\" rel=\"noopener noreferrer\">ENIGMA 2 &#8211; PRIMER NIVEL<\/a>\n<ul>\n<li><a href=\"https:\/\/blogsaverroes.juntadeandalucia.es\/iesveladalhamar\/files\/2019\/12\/Soluci\u00f3n-Enigma-2-nivel-1.pdf\" target=\"_blank\" rel=\"noopener noreferrer\">Soluci\u00f3n al Enigma 2 del primer nivel<\/a><\/li>\n<\/ul>\n<\/li>\n<li><a href=\"https:\/\/blogsaverroes.juntadeandalucia.es\/iesveladalhamar\/files\/2019\/12\/Enigma-2-nivel-2.pdf\" target=\"_blank\" rel=\"noopener noreferrer\">ENIGMA 2 &#8211; SEGUNDO NIVEL<\/a>\n<ul>\n<li><a href=\"https:\/\/blogsaverroes.juntadeandalucia.es\/iesveladalhamar\/files\/2019\/12\/Soluci\u00f3n-Enigma-2-nivel-2.pdf\" target=\"_blank\" rel=\"noopener noreferrer\">Soluci\u00f3n al Enigma 2 del segundo nivel<\/a><\/li>\n<\/ul>\n<\/li>\n<li><a href=\"https:\/\/blogsaverroes.juntadeandalucia.es\/iesveladalhamar\/files\/2019\/12\/Enigma-3-nivel-1.pdf\" target=\"_blank\" rel=\"noopener noreferrer\">ENIGMA 3 &#8211; PRIMER NIVEL<\/a>\n<ul>\n<li><a href=\"https:\/\/blogsaverroes.juntadeandalucia.es\/iesveladalhamar\/files\/2020\/01\/Enigma-3-nivel-1-Soluci\u00f3n.pdf\" target=\"_blank\" rel=\"noopener noreferrer\">Soluci\u00f3n al Enigma 3 del primer nivel<\/a><\/li>\n<\/ul>\n<\/li>\n<li><a href=\"https:\/\/blogsaverroes.juntadeandalucia.es\/iesveladalhamar\/files\/2019\/12\/Enigma-3-nivel-2.pdf\" target=\"_blank\" rel=\"noopener noreferrer\">ENIGMA 3 &#8211; SEGUNDO NIVEL<\/a>\n<ul>\n<li><a href=\"https:\/\/blogsaverroes.juntadeandalucia.es\/iesveladalhamar\/files\/2020\/01\/Enigma-3-nivel-2-Soluci\u00f3n.pdf\" target=\"_blank\" rel=\"noopener noreferrer\">Soluci\u00f3n al Enigma 3 del segundo nivel<\/a><\/li>\n<\/ul>\n<\/li>\n<\/ul>\n<ul>\n<li><a href=\"https:\/\/blogsaverroes.juntadeandalucia.es\/iesveladalhamar\/files\/2020\/02\/Enigma-4-nivel-1.pdf\" target=\"_blank\" rel=\"noopener noreferrer\">ENIGMA 4 &#8211; PRIMER NIVEL<\/a>\n<ul>\n<li><a href=\"https:\/\/blogsaverroes.juntadeandalucia.es\/iesveladalhamar\/files\/2020\/02\/Enigma-4-nivel-1-Soluci\u00f3n.pdf\" target=\"_blank\" rel=\"noopener noreferrer\">Soluci\u00f3n al Enigma 4 del primer nivel<\/a><\/li>\n<\/ul>\n<\/li>\n<li><a href=\"https:\/\/blogsaverroes.juntadeandalucia.es\/iesveladalhamar\/files\/2020\/02\/Enigma-4-nivel-2.pdf\" target=\"_blank\" rel=\"noopener noreferrer\">ENIGMA 4 &#8211; SEGUNDO NIVEL<\/a>\n<ul>\n<li><a href=\"https:\/\/blogsaverroes.juntadeandalucia.es\/iesveladalhamar\/files\/2020\/02\/Enigma-4-nivel-2-Soluci\u00f3n.pdf\" target=\"_blank\" rel=\"noopener noreferrer\">Soluci\u00f3n al Enigma 4 del segundo nivel<\/a><\/li>\n<\/ul>\n<\/li>\n<li><a href=\"https:\/\/blogsaverroes.juntadeandalucia.es\/iesveladalhamar\/files\/2020\/02\/Enigma-5-nivel-1.pdf\" target=\"_blank\" rel=\"noopener noreferrer\">ENIGMA 5 &#8211; PRIMER NIVEL<\/a>\n<ul>\n<li><a href=\"https:\/\/blogsaverroes.juntadeandalucia.es\/iesveladalhamar\/files\/2020\/12\/Enigma-5-nivel-1-Soluci\u00f3n.pdf\" target=\"_blank\" rel=\"noopener noreferrer\">Soluci\u00f3n al Enigma 5 del primer nivel<\/a><\/li>\n<\/ul>\n<\/li>\n<li><a href=\"https:\/\/blogsaverroes.juntadeandalucia.es\/iesveladalhamar\/files\/2020\/02\/Enigma-5-nivel-2.pdf\" target=\"_blank\" rel=\"noopener noreferrer\">ENIGMA 5 &#8211; SEGUNDO NIVEL<\/a>\n<ul>\n<li><a href=\"https:\/\/blogsaverroes.juntadeandalucia.es\/iesveladalhamar\/files\/2020\/12\/Enigma-5-nivel-2-Soluci\u00f3n.pdf\" target=\"_blank\" rel=\"noopener noreferrer\">Soluci\u00f3n al Enigma 5 del segundo nivel<\/a><\/li>\n<\/ul>\n<\/li>\n<\/ul>\n<p>&nbsp;<\/p>\n<p>&nbsp;<\/p>\n<p>&nbsp;<\/p>\n<h4><a href=\"http:\/\/agrega.juntadeandalucia.es\/visualizar\/es\/es-an_2010110313_9101154\/true\" target=\"_blank\" rel=\"noopener noreferrer\">Sociedad y medio ambiente. Un espacio compartido: Estudio estad\u00edstico<\/a><\/h4>\n<p><a href=\"http:\/\/agrega.juntadeandalucia.es\/visualizar\/es\/es-an_2010110313_9101154\/true\" target=\"_blank\" rel=\"noopener noreferrer\"><img loading=\"lazy\" decoding=\"async\" width=\"300\" height=\"211\" class=\" size-medium wp-image-2137 alignleft\" alt=\"matematicas01\" src=\"http:\/\/blogsaverroes.juntadeandalucia.es\/temahuemanies\/files\/2015\/03\/matematicas01-300x211.png\" srcset=\"https:\/\/blogsaverroes.juntadeandalucia.es\/iesveladalhamar\/files\/2015\/03\/matematicas01-300x211.png 300w, https:\/\/blogsaverroes.juntadeandalucia.es\/iesveladalhamar\/files\/2015\/03\/matematicas01.png 525w\" sizes=\"(max-width: 300px) 100vw, 300px\" \/><\/a><\/p>\n<p>Cuando vemos en televisi\u00f3n <b>noticias relacionadas con el medio ambiente<\/b>, o cuando las leemos en los peri\u00f3dicos o en las revistas, casi siempre vienen acompa\u00f1adas de <b>gr\u00e1ficos <\/b>extra\u00f1os&#8230;<strong> De cifras<\/strong><\/p>\n<p>&nbsp;<\/p>\n<p>&nbsp;<\/p>\n<p>&nbsp;<\/p>\n<h4><a href=\"http:\/\/agrega.juntadeandalucia.es\/visualizar\/es\/es-an_2010070613_9112123\/true\" target=\"_blank\" rel=\"noopener noreferrer\">Cifras y letras: H\u00e1gase el n\u00famero<\/a><\/h4>\n<p><a href=\"http:\/\/agrega.juntadeandalucia.es\/visualizar\/es\/es-an_2010070613_9112123\/true\" target=\"_blank\" rel=\"noopener noreferrer\"><img loading=\"lazy\" decoding=\"async\" width=\"241\" height=\"300\" class=\" size-medium wp-image-2140 alignleft\" alt=\"matematicas02\" src=\"http:\/\/blogsaverroes.juntadeandalucia.es\/temahuemanies\/files\/2015\/03\/matematicas02-241x300.jpg\" srcset=\"https:\/\/blogsaverroes.juntadeandalucia.es\/iesveladalhamar\/files\/2015\/03\/matematicas02-241x300.jpg 241w, https:\/\/blogsaverroes.juntadeandalucia.es\/iesveladalhamar\/files\/2015\/03\/matematicas02.jpg 361w\" sizes=\"(max-width: 241px) 100vw, 241px\" \/><\/a><\/p>\n<p>La realidad en la que vivimos est\u00e1 regida por n\u00fameros: nos despiertan, nos marcan l\u00edmites, nos indican d\u00f3nde ir, cu\u00e1ndo marcharnos, c\u00f3mo cocinar, nos comparan y valoran,&#8230;<\/p>\n<p>Aunque hoy en d\u00eda esta afirmaci\u00f3n la asumamos sin problemas, la situaci\u00f3n era muy diferente en el mundo antiguo. La noci\u00f3n de n\u00famero nace como una idea casi metaf\u00edsica, y a medida que el hombre va evolucionando los n\u00fameros se van desarrollando para ayudar a responder a los retos de cada momento.<\/p>\n<p>Pit\u00e1goras fue el primer matem\u00e1tico en explorar el mundo de los n\u00fameros. Para \u00e9l, <em>\u00abtodo es n\u00famero\u00bb<\/em>, ya que consideraba que filosof\u00eda, naturaleza y matem\u00e1ticas estaban muy entrelazadas.<\/p>\n<p>Con el transcurso del tiempo, los n\u00fameros naturales se ampliaron con los negativos, con el cero, con los n\u00fameros racionales, los irracionales&#8230; hasta constituir una estructura b\u00e1sica s\u00f3lida en la que se basa la matem\u00e1tica actual.<\/p>\n","protected":false},"excerpt":{"rendered":"<p>CONCURSO DE ENIGMAS MATEM\u00c1TICOS Curso 2020-2021 BASES ENIGMA 1 &#8211; PRIMER NIVEL Soluci\u00f3n al Enigma 1 del primer nivel ENIGMA 1 &#8211; SEGUNDO NIVEL Soluci\u00f3n al Enigma 1 del segundo nivel ENIGMA 2 &#8211; PRIMER NIVEL Soluci\u00f3n al Enigma 2 del primer nivel ENIGMA 2 &#8211; SEGUNDO NIVEL Soluci\u00f3n al Enigma 2 del segundo nivel [&hellip;]<\/p>\n","protected":false},"author":1,"featured_media":0,"parent":158,"menu_order":0,"comment_status":"open","ping_status":"open","template":"page-templates\/child-menu.php","meta":{"_et_pb_use_builder":"","_et_pb_old_content":"","_et_gb_content_width":"","ngg_post_thumbnail":0,"footnotes":"","_mc_calendar":[]},"aioseo_notices":[],"_links":{"self":[{"href":"https:\/\/blogsaverroes.juntadeandalucia.es\/iesveladalhamar\/wp-json\/wp\/v2\/pages\/369"}],"collection":[{"href":"https:\/\/blogsaverroes.juntadeandalucia.es\/iesveladalhamar\/wp-json\/wp\/v2\/pages"}],"about":[{"href":"https:\/\/blogsaverroes.juntadeandalucia.es\/iesveladalhamar\/wp-json\/wp\/v2\/types\/page"}],"author":[{"embeddable":true,"href":"https:\/\/blogsaverroes.juntadeandalucia.es\/iesveladalhamar\/wp-json\/wp\/v2\/users\/1"}],"replies":[{"embeddable":true,"href":"https:\/\/blogsaverroes.juntadeandalucia.es\/iesveladalhamar\/wp-json\/wp\/v2\/comments?post=369"}],"version-history":[{"count":45,"href":"https:\/\/blogsaverroes.juntadeandalucia.es\/iesveladalhamar\/wp-json\/wp\/v2\/pages\/369\/revisions"}],"predecessor-version":[{"id":3883,"href":"https:\/\/blogsaverroes.juntadeandalucia.es\/iesveladalhamar\/wp-json\/wp\/v2\/pages\/369\/revisions\/3883"}],"up":[{"embeddable":true,"href":"https:\/\/blogsaverroes.juntadeandalucia.es\/iesveladalhamar\/wp-json\/wp\/v2\/pages\/158"}],"wp:attachment":[{"href":"https:\/\/blogsaverroes.juntadeandalucia.es\/iesveladalhamar\/wp-json\/wp\/v2\/media?parent=369"}],"curies":[{"name":"wp","href":"https:\/\/api.w.org\/{rel}","templated":true}]}}