{"id":42,"date":"2015-03-13T08:40:47","date_gmt":"2015-03-13T08:40:47","guid":{"rendered":"http:\/\/blogsaverroes.juntadeandalucia.es\/pre\/ceip\/?page_id=42"},"modified":"2025-09-08T15:26:59","modified_gmt":"2025-09-08T15:26:59","slug":"equipo-directivo","status":"publish","type":"page","link":"https:\/\/blogsaverroes.juntadeandalucia.es\/iesveladalhamar\/equipo-directivo\/","title":{"rendered":"Equipo directivo"},"content":{"rendered":"<p><b>Direcci\u00f3n:<\/b><\/p>\n<ul>\n<li>Mar\u00eda Andrea Mart\u00ednez Carricondo<\/li>\n<\/ul>\n<p><b>Jefatura de estudios:<\/b><\/p>\n<ul>\n<li>Iv\u00e1n Mart\u00ednez Iglesias<\/li>\n<\/ul>\n<p><b>Jefatura de estudios (adultos):<\/b><\/p>\n<ul>\n<li>Sonia Torrente Larios<\/li>\n<\/ul>\n<p><b>Secretar\u00eda:<\/b><\/p>\n<ul>\n<li>Manuel Daniel P\u00e9rez Bernal<\/li>\n<\/ul>\n<p>&nbsp;<\/p>\n","protected":false},"excerpt":{"rendered":"<p>Direcci\u00f3n: Mar\u00eda Andrea Mart\u00ednez Carricondo Jefatura de estudios: Iv\u00e1n Mart\u00ednez Iglesias Jefatura de estudios (adultos): Sonia Torrente Larios Secretar\u00eda: Manuel Daniel P\u00e9rez Bernal &nbsp;<\/p>\n","protected":false},"author":1,"featured_media":0,"parent":0,"menu_order":0,"comment_status":"open","ping_status":"open","template":"","meta":{"_et_pb_use_builder":"","_et_pb_old_content":"","_et_gb_content_width":"","ngg_post_thumbnail":0,"footnotes":"","_mc_calendar":[]},"aioseo_notices":[],"_links":{"self":[{"href":"https:\/\/blogsaverroes.juntadeandalucia.es\/iesveladalhamar\/wp-json\/wp\/v2\/pages\/42"}],"collection":[{"href":"https:\/\/blogsaverroes.juntadeandalucia.es\/iesveladalhamar\/wp-json\/wp\/v2\/pages"}],"about":[{"href":"https:\/\/blogsaverroes.juntadeandalucia.es\/iesveladalhamar\/wp-json\/wp\/v2\/types\/page"}],"author":[{"embeddable":true,"href":"https:\/\/blogsaverroes.juntadeandalucia.es\/iesveladalhamar\/wp-json\/wp\/v2\/users\/1"}],"replies":[{"embeddable":true,"href":"https:\/\/blogsaverroes.juntadeandalucia.es\/iesveladalhamar\/wp-json\/wp\/v2\/comments?post=42"}],"version-history":[{"count":10,"href":"https:\/\/blogsaverroes.juntadeandalucia.es\/iesveladalhamar\/wp-json\/wp\/v2\/pages\/42\/revisions"}],"predecessor-version":[{"id":5285,"href":"https:\/\/blogsaverroes.juntadeandalucia.es\/iesveladalhamar\/wp-json\/wp\/v2\/pages\/42\/revisions\/5285"}],"wp:attachment":[{"href":"https:\/\/blogsaverroes.juntadeandalucia.es\/iesveladalhamar\/wp-json\/wp\/v2\/media?parent=42"}],"curies":[{"name":"wp","href":"https:\/\/api.w.org\/{rel}","templated":true}]}}