{"id":4918,"date":"2024-11-23T15:29:43","date_gmt":"2024-11-23T15:29:43","guid":{"rendered":"https:\/\/blogsaverroes.juntadeandalucia.es\/iesveladalhamar\/?page_id=4918"},"modified":"2025-05-14T07:49:58","modified_gmt":"2025-05-14T07:49:58","slug":"erasmus","status":"publish","type":"page","link":"https:\/\/blogsaverroes.juntadeandalucia.es\/iesveladalhamar\/erasmus\/","title":{"rendered":"Erasmus +"},"content":{"rendered":"<p><a href=\"https:\/\/blogsaverroes.juntadeandalucia.es\/iesveladalhamar\/files\/2025\/05\/Diseno-sin-titulo.jpg\"><img loading=\"lazy\" decoding=\"async\" class=\"aligncenter size-full wp-image-5096\" src=\"https:\/\/blogsaverroes.juntadeandalucia.es\/iesveladalhamar\/files\/2025\/05\/Diseno-sin-titulo.jpg\" alt=\"\" width=\"1708\" height=\"728\" srcset=\"https:\/\/blogsaverroes.juntadeandalucia.es\/iesveladalhamar\/files\/2025\/05\/Diseno-sin-titulo.jpg 1708w, https:\/\/blogsaverroes.juntadeandalucia.es\/iesveladalhamar\/files\/2025\/05\/Diseno-sin-titulo-1280x546.jpg 1280w, https:\/\/blogsaverroes.juntadeandalucia.es\/iesveladalhamar\/files\/2025\/05\/Diseno-sin-titulo-980x418.jpg 980w, https:\/\/blogsaverroes.juntadeandalucia.es\/iesveladalhamar\/files\/2025\/05\/Diseno-sin-titulo-480x205.jpg 480w\" sizes=\"(min-width: 0px) and (max-width: 480px) 480px, (min-width: 481px) and (max-width: 980px) 980px, (min-width: 981px) and (max-width: 1280px) 1280px, (min-width: 1281px) 1708px, 100vw\" \/><\/a><\/p>\n<p><span style=\"color: #000000\">Desde el IES Velad Al Hamar de V\u00e9lez Rubio, se ha planteado la elaboraci\u00f3n de un Plan de Internacionalizaci\u00f3n en el que se integran el Equipo Directivo y el equipo Erasmus formado en el curso 2022\/2023 a fin de ofrecer al alumnado y al profesorado participante una experiencia educativa enriquecedora y de la que pueda favorecerse toda comunidad educativa.<\/span><\/p>\n<p><span style=\"color: #000000\">Descubre los proyectos realizados hasta la fecha, haciendo clic en el siguiente <a href=\"https:\/\/sites.google.com\/g.educaand.es\/velad-al-hamar-internacional\/inicio?authuser=0\">enlace<\/a>.<\/span><\/p>\n","protected":false},"excerpt":{"rendered":"<p>Desde el IES Velad Al Hamar de V\u00e9lez Rubio, se ha planteado la elaboraci\u00f3n de un Plan de Internacionalizaci\u00f3n en el que se integran el Equipo Directivo y el equipo Erasmus formado en el curso 2022\/2023 a fin de ofrecer al alumnado y al profesorado participante una experiencia educativa enriquecedora y de la que pueda [&hellip;]<\/p>\n","protected":false},"author":6686,"featured_media":0,"parent":0,"menu_order":0,"comment_status":"closed","ping_status":"closed","template":"","meta":{"_et_pb_use_builder":"","_et_pb_old_content":"","_et_gb_content_width":"","ngg_post_thumbnail":0,"footnotes":"","_mc_calendar":[]},"aioseo_notices":[],"_links":{"self":[{"href":"https:\/\/blogsaverroes.juntadeandalucia.es\/iesveladalhamar\/wp-json\/wp\/v2\/pages\/4918"}],"collection":[{"href":"https:\/\/blogsaverroes.juntadeandalucia.es\/iesveladalhamar\/wp-json\/wp\/v2\/pages"}],"about":[{"href":"https:\/\/blogsaverroes.juntadeandalucia.es\/iesveladalhamar\/wp-json\/wp\/v2\/types\/page"}],"author":[{"embeddable":true,"href":"https:\/\/blogsaverroes.juntadeandalucia.es\/iesveladalhamar\/wp-json\/wp\/v2\/users\/6686"}],"replies":[{"embeddable":true,"href":"https:\/\/blogsaverroes.juntadeandalucia.es\/iesveladalhamar\/wp-json\/wp\/v2\/comments?post=4918"}],"version-history":[{"count":6,"href":"https:\/\/blogsaverroes.juntadeandalucia.es\/iesveladalhamar\/wp-json\/wp\/v2\/pages\/4918\/revisions"}],"predecessor-version":[{"id":5097,"href":"https:\/\/blogsaverroes.juntadeandalucia.es\/iesveladalhamar\/wp-json\/wp\/v2\/pages\/4918\/revisions\/5097"}],"wp:attachment":[{"href":"https:\/\/blogsaverroes.juntadeandalucia.es\/iesveladalhamar\/wp-json\/wp\/v2\/media?parent=4918"}],"curies":[{"name":"wp","href":"https:\/\/api.w.org\/{rel}","templated":true}]}}