{"id":5012,"date":"2025-02-06T12:42:01","date_gmt":"2025-02-06T12:42:01","guid":{"rendered":"https:\/\/blogsaverroes.juntadeandalucia.es\/iesveladalhamar\/?page_id=5012"},"modified":"2025-04-08T06:59:26","modified_gmt":"2025-04-08T06:59:26","slug":"educacion-especial-unidad-especifica","status":"publish","type":"page","link":"https:\/\/blogsaverroes.juntadeandalucia.es\/iesveladalhamar\/educacion-especial-unidad-especifica\/","title":{"rendered":"Educaci\u00f3n Especial: unidad espec\u00edfica"},"content":{"rendered":"<table>\n<tbody>\n<tr>\n<td>&nbsp;<\/td>\n<td><strong>Lunes<\/strong><\/td>\n<td><strong>Martes<\/strong><\/td>\n<td><strong>Mi\u00e9rcoles<\/strong><\/td>\n<td><strong>Jueves<\/strong><\/td>\n<td><strong>Viernes<\/strong><\/td>\n<\/tr>\n<tr>\n<td><strong>8.45h-9.15h<\/strong><\/td>\n<td style=\"text-align: center\">Asamblea<\/td>\n<td style=\"text-align: center\">Asamblea<\/td>\n<td style=\"text-align: center\">Asamblea<\/td>\n<td style=\"text-align: center\">Asamblea<\/td>\n<td style=\"text-align: center\">Asamblea<\/td>\n<\/tr>\n<tr>\n<td><strong>9.15h-10.15h<\/strong><\/td>\n<td style=\"text-align: center\">\u00c1mbito Comunicaci\u00f3n y lenguaje<\/td>\n<td style=\"text-align: center\">\u00c1mbito Comunicaci\u00f3n y lenguaje<\/td>\n<td style=\"text-align: center\">\u00c1mbito Comunicaci\u00f3n y lenguaje<\/td>\n<td style=\"text-align: center\">\u00c1mbito Comunicaci\u00f3n y lenguaje<\/td>\n<td style=\"text-align: center\">\u00c1mbito Comunicaci\u00f3n y lenguaje<\/td>\n<\/tr>\n<tr>\n<td><strong>10.15h-10.35h<\/strong><\/td>\n<td style=\"text-align: center\">R<\/td>\n<td style=\"text-align: center\">E<\/td>\n<td style=\"text-align: center\">CR<\/td>\n<td style=\"text-align: center\">E<\/td>\n<td style=\"text-align: center\">O<\/td>\n<\/tr>\n<tr>\n<td><strong>10.35h-11.35h<\/strong><\/td>\n<td style=\"text-align: center\">Desayuno + Autonom\u00eda<\/td>\n<td style=\"text-align: center\">Desayuno + Autonom\u00eda<\/td>\n<td style=\"text-align: center\">Desayuno + Autonom\u00eda<\/td>\n<td style=\"text-align: center\">Desayuno + Autonom\u00eda<\/td>\n<td style=\"text-align: center\">Desayuno + Autonom\u00eda<\/td>\n<\/tr>\n<tr>\n<td><strong>11.35h-12.35h<\/strong><\/td>\n<td style=\"text-align: center\">Conocimiento y participaci\u00f3n en el medio f\u00edsico y social<\/td>\n<td style=\"text-align: center\">Conocimiento corporal y construcci\u00f3n de la identidad<\/td>\n<td style=\"text-align: center\">Conocimiento corporal y construcci\u00f3n de la identidad<\/td>\n<td style=\"text-align: center\">Conocimiento y participaci\u00f3n en el medio f\u00edsico y social<\/td>\n<td style=\"text-align: center\">Conocimiento corporal y construcci\u00f3n de la identidad<\/td>\n<\/tr>\n<tr>\n<td><strong>12.35h-12.45h<\/strong><\/td>\n<td style=\"text-align: center\">R<\/td>\n<td style=\"text-align: center\">E<\/td>\n<td style=\"text-align: center\">CR<\/td>\n<td style=\"text-align: center\">E<\/td>\n<td style=\"text-align: center\">O<\/td>\n<\/tr>\n<tr>\n<td><strong>12.45h-13.45h<\/strong><\/td>\n<td style=\"text-align: center\">Conocimiento y participaci\u00f3n en el medio f\u00edsico y social<\/td>\n<td style=\"text-align: center\">Comunicaci\u00f3n y lenguaje<\/td>\n<td style=\"text-align: center\">Conocimiento y participaci\u00f3n en el medio f\u00edsico y social<\/td>\n<td style=\"text-align: center\">Comunicaci\u00f3n y lenguaje<\/td>\n<td style=\"text-align: center\">Conocimiento y participaci\u00f3n en el medio f\u00edsico y social<\/td>\n<\/tr>\n<\/tbody>\n<\/table>\n","protected":false},"excerpt":{"rendered":"<p>&nbsp; Lunes Martes Mi\u00e9rcoles Jueves Viernes 8.45h-9.15h Asamblea Asamblea Asamblea Asamblea Asamblea 9.15h-10.15h \u00c1mbito Comunicaci\u00f3n y lenguaje \u00c1mbito Comunicaci\u00f3n y lenguaje \u00c1mbito Comunicaci\u00f3n y lenguaje \u00c1mbito Comunicaci\u00f3n y lenguaje \u00c1mbito Comunicaci\u00f3n y lenguaje 10.15h-10.35h R E CR E O 10.35h-11.35h Desayuno + Autonom\u00eda Desayuno + Autonom\u00eda Desayuno + Autonom\u00eda Desayuno + Autonom\u00eda Desayuno + Autonom\u00eda [&hellip;]<\/p>\n","protected":false},"author":6686,"featured_media":0,"parent":0,"menu_order":0,"comment_status":"closed","ping_status":"closed","template":"","meta":{"_et_pb_use_builder":"","_et_pb_old_content":"","_et_gb_content_width":"","ngg_post_thumbnail":0,"footnotes":"","_mc_calendar":[]},"aioseo_notices":[],"_links":{"self":[{"href":"https:\/\/blogsaverroes.juntadeandalucia.es\/iesveladalhamar\/wp-json\/wp\/v2\/pages\/5012"}],"collection":[{"href":"https:\/\/blogsaverroes.juntadeandalucia.es\/iesveladalhamar\/wp-json\/wp\/v2\/pages"}],"about":[{"href":"https:\/\/blogsaverroes.juntadeandalucia.es\/iesveladalhamar\/wp-json\/wp\/v2\/types\/page"}],"author":[{"embeddable":true,"href":"https:\/\/blogsaverroes.juntadeandalucia.es\/iesveladalhamar\/wp-json\/wp\/v2\/users\/6686"}],"replies":[{"embeddable":true,"href":"https:\/\/blogsaverroes.juntadeandalucia.es\/iesveladalhamar\/wp-json\/wp\/v2\/comments?post=5012"}],"version-history":[{"count":3,"href":"https:\/\/blogsaverroes.juntadeandalucia.es\/iesveladalhamar\/wp-json\/wp\/v2\/pages\/5012\/revisions"}],"predecessor-version":[{"id":5058,"href":"https:\/\/blogsaverroes.juntadeandalucia.es\/iesveladalhamar\/wp-json\/wp\/v2\/pages\/5012\/revisions\/5058"}],"wp:attachment":[{"href":"https:\/\/blogsaverroes.juntadeandalucia.es\/iesveladalhamar\/wp-json\/wp\/v2\/media?parent=5012"}],"curies":[{"name":"wp","href":"https:\/\/api.w.org\/{rel}","templated":true}]}}